{"id":6415,"date":"2022-02-23T18:41:32","date_gmt":"2022-02-23T18:41:32","guid":{"rendered":"https:\/\/mundo.seashell.pt\/?post_type=product&#038;p=6415"},"modified":"2022-02-23T18:41:34","modified_gmt":"2022-02-23T18:41:34","slug":"ajax-boost-cozinha-05l","status":"publish","type":"product","link":"https:\/\/mundo.seashell.pt\/?product=ajax-boost-cozinha-05l","title":{"rendered":"Ajax Boost Cozinha 500ml"},"content":{"rendered":"<h3>Benef\u00edcios:<\/h3>\n<p>&#8211; Desengordura em profundidade.<\/p>\n<h3>Conselhos de utiliza\u00e7\u00e3o:<\/h3>\n<p>Rode o pulverizador para a posi\u00e7\u00e3o \u00abon\u00bb. Pulverize diretamente as superf\u00edcies a limpar. Deixe o produto atuar alguns segundos, enxaguando de seguida com \u00e1gua limpa. No caso de gordura persistente, pulverize cuidadosamente, deixe atuar durante cinco minutos, enxaguando de seguida com \u00e1gua limpa. Repita a opera\u00e7\u00e3o se necess\u00e1rio.<\/p>\n<p><\/p>\n","protected":false},"excerpt":{"rendered":"<p>Benef\u00edcios:<br \/>\n&#8211; Desengordura em profundidade.<br \/>\nConselhos de utiliza\u00e7\u00e3o:<br \/>\nRode o pulverizador para a posi\u00e7\u00e3o \u00abon\u00bb. Pulverize diretamente as superf\u00edcies a limpar. Deixe o produto atuar alguns segundos, enxaguando de seguida com \u00e1gua limpa. No caso de gordura persistente, pulverize cuidadosamente, deixe atuar durante cinco m&#8230;<\/p>\n","protected":false},"featured_media":6416,"template":"","meta":{"spay_email":""},"product_cat":[15],"product_tag":[],"class_list":{"0":"post-6415","1":"product","2":"type-product","3":"status-publish","4":"has-post-thumbnail","6":"product_cat-sem-categoria","8":"first","9":"instock","10":"taxable","11":"shipping-taxable","12":"purchasable","13":"product-type-simple"},"acf":[],"jetpack-related-posts":[{"id":6391,"url":"https:\/\/mundo.seashell.pt\/?product=neoblanc-spray-universal-05l","url_meta":{"origin":6415,"position":0},"title":"Neoblanc Spray Universal 500ml","date":"Fevereiro 23, 2022","format":false,"excerpt":"Gra\u00e7as \u00e0 sua f\u00f3rmula desengordurante sem lix\u00edvia 100% eficaz na gordura incrustada, desengordura e limpa a fundo as superf\u00edcies da cozinha, \u00e9 f\u00e1cil de enxaguar e n\u00e3o deixa marcas. Al\u00e9m disso, espalha um perfume fresco e agrad\u00e1vel de lim\u00e3o e bergamota. Pulverize o produto na superf\u00edcie, enxag\u00fae com um pano\u2026","rel":"","context":"Similar post","img":{"alt_text":"","src":"https:\/\/i0.wp.com\/mundo.seashell.pt\/wp-content\/uploads\/2022\/02\/NEOBLANC_SPRAY_UNIVERSAL_500ml_8001480703193.png?resize=350%2C200&ssl=1","width":350,"height":200},"classes":[]},{"id":6387,"url":"https:\/\/mundo.seashell.pt\/?product=neoblanc-spray-mousse-floral-07l","url_meta":{"origin":6415,"position":1},"title":"Neoblanc Spray Mousse Floral 500ml","date":"Fevereiro 23, 2022","format":false,"excerpt":"Neoblanc, a lix\u00edvia que garante prote\u00e7\u00e3o da sua casa e da sua roupa. Gra\u00e7as \u00e0 sua f\u00f3rmula especial, higieniza todas as superf\u00edcies da sua casa e desengordura as bancadas da sua cozinha. Remove at\u00e9 as n\u00f3doas mais dif\u00edceis da sua roupa branca. Tipo de produto: Lix\u00edvia Gel Notas\/Frag\u00e2ncia: Floral Ben...","rel":"","context":"Similar post","img":{"alt_text":"","src":"https:\/\/i0.wp.com\/mundo.seashell.pt\/wp-content\/uploads\/2022\/02\/NEOBLANC_SPRAY_MOUSSE_FLORAL_10X700ML_8001480023277.png?resize=350%2C200&ssl=1","width":350,"height":200},"classes":[]},{"id":6389,"url":"https:\/\/mundo.seashell.pt\/?product=neoblanc-spray-mousse-07l","url_meta":{"origin":6415,"position":2},"title":"Neoblanc Spray Mousse 700ml","date":"Fevereiro 23, 2022","format":false,"excerpt":"Neoblanc, a lix\u00edvia que garante prote\u00e7\u00e3o da sua casa e da sua roupa. Gra\u00e7as \u00e0 sua f\u00f3rmula especial, higieniza todas as superf\u00edcies da sua casa e desengordura as bancadas da sua cozinha. Remove at\u00e9 as n\u00f3doas mais dif\u00edceis da sua roupa branca. Tipo de produto: Lix\u00edvia GelBenef\u00edcios: - Remo\u00e7\u00e3o da\u2026","rel":"","context":"Similar post","img":{"alt_text":"","src":"https:\/\/i0.wp.com\/mundo.seashell.pt\/wp-content\/uploads\/2022\/02\/NEOBLANC_SPRAY_MOUSSE_700MLx10_8001480021440.png?resize=350%2C200&ssl=1","width":350,"height":200},"classes":[]},{"id":6301,"url":"https:\/\/mundo.seashell.pt\/?product=cif-liquido-com-lixivia-700ml","url_meta":{"origin":6415,"position":3},"title":"CIF L\u00edquido com Lix\u00edvia 700ml","date":"Fevereiro 23, 2022","format":false,"excerpt":"Cif L\u00edquido Com Lix\u00edvia Cl\u00e1ssico 700ml Pulverize a superf\u00edcie a limpar e passe com um pano limpo e seco.","rel":"","context":"Similar post","img":{"alt_text":"","src":"https:\/\/i0.wp.com\/mundo.seashell.pt\/wp-content\/uploads\/2022\/02\/CIF_LI_QUIDO_ATIVO_C__LIXI_VIA_-_700ml_8717163606858.png?resize=350%2C200&ssl=1","width":350,"height":200},"classes":[]},{"id":6419,"url":"https:\/\/mundo.seashell.pt\/?product=sonasol-desengordurante-05l","url_meta":{"origin":6415,"position":4},"title":"Sonasol Desengordurante 500ml","date":"Fevereiro 23, 2022","format":false,"excerpt":"Sonasol brilhante desengordurante elimina eficazmente as manchas de gordura mais profundas e deixa a sua cozinha limpa e 100% mais brilhante. Benef\u00edcios: - 100% mais brilho e prote\u00e7\u00e3o. Conselhos de utiliza\u00e7\u00e3o: Pulverize diretamente na superf\u00edcie a limpar e passe um pano ou esponja h\u00famidos para retirar o produto...","rel":"","context":"Similar post","img":{"alt_text":"","src":"https:\/\/i0.wp.com\/mundo.seashell.pt\/wp-content\/uploads\/2022\/02\/SONASOL_BRILHANTE_DESENGORDURANTE_SPRAY_0L500_8410436343435.png?resize=350%2C200&ssl=1","width":350,"height":200},"classes":[]},{"id":6423,"url":"https:\/\/mundo.seashell.pt\/?product=cillit-bang-natural-cozinha-05l","url_meta":{"origin":6415,"position":5},"title":"Cillit Bang Natural Cozinha 500ml","date":"Fevereiro 23, 2022","format":false,"excerpt":"Benef\u00edcios: - Tira gorduras;- Elimina a gordura 3x melhor;- Superf\u00edcies brilhantes e sem riscos;- Elimina manchas de comida, sujidade e gordura resistente. Conselhos de utiliza\u00e7\u00e3o: Rode a ponta do pulverizador para a posi\u00e7\u00e3o on. Pulverize sobre a superf\u00edcie e deixe atuar durante uns segundos. Limpe e enxague.","rel":"","context":"Similar post","img":{"alt_text":"","src":"https:\/\/i0.wp.com\/mundo.seashell.pt\/wp-content\/uploads\/2022\/02\/CILLIT_BANG_NAT_T_GORDURAS_500ML_5601217134035_2.png?resize=350%2C200&ssl=1","width":350,"height":200},"classes":[]}],"_links":{"self":[{"href":"https:\/\/mundo.seashell.pt\/index.php?rest_route=\/wp\/v2\/product\/6415","targetHints":{"allow":["GET"]}}],"collection":[{"href":"https:\/\/mundo.seashell.pt\/index.php?rest_route=\/wp\/v2\/product"}],"about":[{"href":"https:\/\/mundo.seashell.pt\/index.php?rest_route=\/wp\/v2\/types\/product"}],"wp:featuredmedia":[{"embeddable":true,"href":"https:\/\/mundo.seashell.pt\/index.php?rest_route=\/wp\/v2\/media\/6416"}],"wp:attachment":[{"href":"https:\/\/mundo.seashell.pt\/index.php?rest_route=%2Fwp%2Fv2%2Fmedia&parent=6415"}],"wp:term":[{"taxonomy":"product_cat","embeddable":true,"href":"https:\/\/mundo.seashell.pt\/index.php?rest_route=%2Fwp%2Fv2%2Fproduct_cat&post=6415"},{"taxonomy":"product_tag","embeddable":true,"href":"https:\/\/mundo.seashell.pt\/index.php?rest_route=%2Fwp%2Fv2%2Fproduct_tag&post=6415"}],"curies":[{"name":"wp","href":"https:\/\/api.w.org\/{rel}","templated":true}]}}