{"id":6405,"date":"2022-02-23T12:00:01","date_gmt":"2022-02-23T12:00:01","guid":{"rendered":"https:\/\/mundo.seashell.pt\/?post_type=product&#038;p=6405"},"modified":"2022-02-23T12:00:11","modified_gmt":"2022-02-23T12:00:11","slug":"cif-spray-cozinhas-075l","status":"publish","type":"product","link":"https:\/\/mundo.seashell.pt\/?product=cif-spray-cozinhas-075l","title":{"rendered":"CIF Spray Cozinhas 750ml"},"content":{"rendered":"<p>Desde sempre que a preocupa\u00e7\u00e3o com o resultado final, tem sido a constante da marca Cif. Com conhecimento profundo da sujidade e das superf\u00edcies, desenvolve os melhores produtos de limpeza, para os consumidores mais exigentes.<\/p>\n<p>Dentro do universo dos detergentes, Cif apresenta uma gama bastante alargada e diversificada, capaz de responder \u00e0s mais variadas necessidades dos consumidores, estando por isso presente em v\u00e1rios segmentos.Por exemplo, o segmento de Sprays com o Cif Spray Casa de Banho, o Cif Spray Cozinha, o Cif Spray Limpa Vidros e o Cif Spray activo com Lix\u00edvia. Da gama Basic fazem parte os sprays Ultra desengordurante e Casa de Banho e para terminar temos os Cif Sprays Inox e Limpa Fornos.<\/p>\n<h3><strong>Descri\u00e7\u00e3o:<\/strong><\/h3>\n<p>As poderosas mol\u00e9culas do <strong>Spray Power &#038; Shine Cozinha Cif<\/strong> limpam instant\u00e2nea e profundamente, eliminando os diferentes tipos de sujidade. Deixa a sua cozinha brilhante e higienicamente limpa, sem manchas nem marcas de \u00e1gua. Remove at\u00e9 100% de remo\u00e7\u00e3o de manchas de bolor e gordura*.<\/p>\n<h3><strong>Benef\u00edcios:<\/strong><\/h3>\n<p>\u2013 100% remo\u00e7\u00e3o de sujidade entranhada*;<\/p>\n<p>\u2013 100% brilho sem manchas;<\/p>\n<p>* Testado em laborat\u00f3rio, com sujidades t\u00edpicas, em cer\u00e2mica, inox e superf\u00edcies laminadas.<\/p>\n<p><strong>Modo de utiliza\u00e7\u00e3o:<\/strong><\/p>\n<p>Para alcan\u00e7ar 100% de higiene e brilho sem manchas, aplique na superf\u00edcie. Deixe atuar durante alguns segundos. Passe de seguida com um pano h\u00famido<\/p>\n","protected":false},"excerpt":{"rendered":"<p>Desde sempre que a preocupa\u00e7\u00e3o com o resultado final, tem sido a constante da marca Cif. Com conhecimento profundo da sujidade e das superf\u00edcies, desenvolve os melhores produtos de limpeza, para os consumidores mais exigentes.<br \/>\nDentro do universo dos detergentes, Cif apresenta uma gama bastante alargada e diversificada, capaz de respond&#8230;<\/p>\n","protected":false},"featured_media":6406,"template":"","meta":{"spay_email":""},"product_cat":[15],"product_tag":[],"class_list":{"0":"post-6405","1":"product","2":"type-product","3":"status-publish","4":"has-post-thumbnail","6":"product_cat-sem-categoria","8":"first","9":"instock","10":"taxable","11":"shipping-taxable","12":"purchasable","13":"product-type-simple"},"acf":[],"jetpack-related-posts":[{"id":6377,"url":"https:\/\/mundo.seashell.pt\/?product=cif-multiusos-com-lixivia-075l","url_meta":{"origin":6405,"position":0},"title":"Cif Multiusos com L\u00edx\u00edvia 750ml","date":"Fevereiro 23, 2022","format":false,"excerpt":"As poderosas mol\u00e9culas do Cif spray Power & Shine multiusos com lix\u00edvia limpam instant\u00e2nea e profundamente, eliminando os diferentes tipos de sujidade da casa. Deixa a sua casa brilhante e higienicamente limpa, sem manchas nem marcas de \u00e1gua. Remove at\u00e9 100% das manchas de bolor e gordura.Benef\u00edcios: - 100% remo\u00e7\u00e3o\u2026","rel":"","context":"Similar post","img":{"alt_text":"","src":"https:\/\/i0.wp.com\/mundo.seashell.pt\/wp-content\/uploads\/2022\/02\/CIF_SPRAY_MULTI_C__LIXI_VIA_-_750ml_8710908859502.png?resize=350%2C200&ssl=1","width":350,"height":200},"classes":[]},{"id":6367,"url":"https:\/\/mundo.seashell.pt\/?product=cif-spary-nature-casa-de-banho-075l","url_meta":{"origin":6405,"position":1},"title":"Cif Spary Nature Casa de Banho 750ml","date":"Fevereiro 23, 2022","format":false,"excerpt":"Cif nature desengordurante cozinha ultra desengordurante cont\u00e9m extratos de lim\u00e3o natural. Remove gordura e sujidade da cozinha gra\u00e7as a ingredientes 100% naturalmente derivados. Benef\u00edcios: - Garrafa de pl\u00e1stico 100% reciclado;- Ingredientes 100% naturalmente derivados;- Dermatologicamente testado. Conselhos d...","rel":"","context":"Similar post","img":{"alt_text":"","src":"https:\/\/i0.wp.com\/mundo.seashell.pt\/wp-content\/uploads\/2022\/02\/CIF_SPRAY_NATURE_COZINHA_-_750ml_8000630727317.png?resize=350%2C200&ssl=1","width":350,"height":200},"classes":[]},{"id":6407,"url":"https:\/\/mundo.seashell.pt\/?product=cif-spray-cozinha-desengordurante-natural-075l","url_meta":{"origin":6405,"position":2},"title":"CIF Spray Cozinha Desengordurante Natural 750ml","date":"Fevereiro 23, 2022","format":false,"excerpt":"Cif nature desengordurante cozinha ultra desengordurante cont\u00e9m extratos de lim\u00e3o natural. Remove gordura e sujidade da cozinha gra\u00e7as a ingredientes 100% naturalmente derivados. Benef\u00edcios: - Garrafa de pl\u00e1stico 100% reciclado;- Ingredientes 100% naturalmente derivados;- Dermatologicamente testado. Conselhos d...","rel":"","context":"Similar post","img":{"alt_text":"","src":"https:\/\/i0.wp.com\/mundo.seashell.pt\/wp-content\/uploads\/2022\/02\/CIF_SPRAY_NATURE_COZINHA_-_750ml_8000630727317-1.png?resize=350%2C200&ssl=1","width":350,"height":200},"classes":[]},{"id":7038,"url":"https:\/\/mundo.seashell.pt\/?product=cif-spray-madeiras-435ml","url_meta":{"origin":6405,"position":3},"title":"Cif Spray Madeiras 435ml","date":"Fevereiro 23, 2022","format":false,"excerpt":"Cif Spray perfect finish madeiras foi desenvolvido cientificamente para limpar, cuidar e proteger a 100% as suas superf\u00edcies de madeira! Tipo de produto: Cuidado dos M\u00f3veisBenef\u00edcios: - 100% limpa, cuida e protege;- Com agentes de limpeza especiais;- Com \u00f3leo de cedro. Conselhos de utiliza\u00e7\u00e3o:","rel":"","context":"Similar post","img":{"alt_text":"","src":"https:\/\/i0.wp.com\/mundo.seashell.pt\/wp-content\/uploads\/2022\/02\/CIF_SPRAY_MADEIRAS_435ml_8717163831502.jpeg?resize=350%2C200&ssl=1","width":350,"height":200},"classes":[]},{"id":6303,"url":"https:\/\/mundo.seashell.pt\/?product=cif-gel-com-lixivia-750ml","url_meta":{"origin":6405,"position":4},"title":"CIF Gel com Lix\u00edvia 750ml","date":"Fevereiro 23, 2022","format":false,"excerpt":"Cif \u00e9 a certeza de uma limpeza perfeita e com muito brilho. Cif gel ativo com lix\u00edvia desengordura, elimina sem esfor\u00e7o a sujidade dif\u00edcil e limpa em profundidade, fazendo brilhar todas as superf\u00edcies.Benef\u00edcios: - Limpeza profunda;- Remo\u00e7\u00e3o da sujidade mais dif\u00edcil. Conselhos de utiliza\u00e7\u00e3o: Uso dil...","rel":"","context":"Similar post","img":{"alt_text":"","src":"https:\/\/i0.wp.com\/mundo.seashell.pt\/wp-content\/uploads\/2022\/02\/CIF_GEL_ATIVO_C__LIXI_VIA_-_750ml_5601068014494.png?resize=350%2C200&ssl=1","width":350,"height":200},"classes":[]},{"id":6305,"url":"https:\/\/mundo.seashell.pt\/?product=cif-gel-com-lixivia-14l","url_meta":{"origin":6405,"position":5},"title":"CIF Gel com Lix\u00edvia 1,4l","date":"Fevereiro 23, 2022","format":false,"excerpt":"Cif \u00e9 a certeza de uma limpeza perfeita e com muito brilho. Cif gel ativo com lix\u00edvia desengordura, elimina sem esfor\u00e7o a sujidade dif\u00edcil e limpa em profundidade, fazendo brilhar todas as superf\u00edcies.Benef\u00edcios: - Limpeza profunda;- Remo\u00e7\u00e3o da sujidade mais dif\u00edcil. Conselhos de utiliza\u00e7\u00e3o: Uso ...","rel":"","context":"Similar post","img":{"alt_text":"","src":"https:\/\/i0.wp.com\/mundo.seashell.pt\/wp-content\/uploads\/2022\/02\/CIF_GEL_ATIVO_C__LIXI_VIA_-_1_4L_8710908095375.png?resize=350%2C200&ssl=1","width":350,"height":200},"classes":[]}],"_links":{"self":[{"href":"https:\/\/mundo.seashell.pt\/index.php?rest_route=\/wp\/v2\/product\/6405","targetHints":{"allow":["GET"]}}],"collection":[{"href":"https:\/\/mundo.seashell.pt\/index.php?rest_route=\/wp\/v2\/product"}],"about":[{"href":"https:\/\/mundo.seashell.pt\/index.php?rest_route=\/wp\/v2\/types\/product"}],"wp:featuredmedia":[{"embeddable":true,"href":"https:\/\/mundo.seashell.pt\/index.php?rest_route=\/wp\/v2\/media\/6406"}],"wp:attachment":[{"href":"https:\/\/mundo.seashell.pt\/index.php?rest_route=%2Fwp%2Fv2%2Fmedia&parent=6405"}],"wp:term":[{"taxonomy":"product_cat","embeddable":true,"href":"https:\/\/mundo.seashell.pt\/index.php?rest_route=%2Fwp%2Fv2%2Fproduct_cat&post=6405"},{"taxonomy":"product_tag","embeddable":true,"href":"https:\/\/mundo.seashell.pt\/index.php?rest_route=%2Fwp%2Fv2%2Fproduct_tag&post=6405"}],"curies":[{"name":"wp","href":"https:\/\/api.w.org\/{rel}","templated":true}]}}