{"id":6403,"date":"2022-02-23T11:59:59","date_gmt":"2022-02-23T11:59:59","guid":{"rendered":"https:\/\/mundo.seashell.pt\/?post_type=product&#038;p=6403"},"modified":"2022-02-23T12:00:01","modified_gmt":"2022-02-23T12:00:01","slug":"mistolin-tira-gorduras-0545l","status":"publish","type":"product","link":"https:\/\/mundo.seashell.pt\/?product=mistolin-tira-gorduras-0545l","title":{"rendered":"Mistolin tira Gorduras 545ml"},"content":{"rendered":"<p>Mistolin \u00e9 uma marca portuguesa, pensada para simplificar e ajudar nas tarefas dif\u00edceis de limpeza da casa. A sua f\u00f3rmula \u00e9 \u00fanica e imbat\u00edvel na limpeza de gorduras e sujidades mais dif\u00edceis. Indicado para a limpeza de todo o tipo de pe\u00e7as e superf\u00edcies gordurosas, manchas dif\u00edceis, sujidades incrustadas e carbonizadas. Dispon\u00edvel em pistola e recarga para reutiliza\u00e7\u00e3o do produto.<\/p>\n<h3>Benef\u00edcios:<\/h3>\n<p>&#8211; Desengordurante de alto rendimento e efic\u00e1cia;<br \/>&#8211; Facilita a limpeza no dia a dia;<br \/>&#8211; Limpa gorduras e sujidades mais dif\u00edceis;<br \/>&#8211; Real\u00e7a o brilho do a\u00e7o inoxid\u00e1vel.<\/p>\n<h3>Conselhos de utiliza\u00e7\u00e3o:<\/h3>\n<p>Para a limpeza de utens\u00edlios dom\u00e9sticos, pulverize as superf\u00edcies a limpar com o Mistolin. Deixe atuar durante 2-3 minutos, enxaguando de seguida.<\/p>\n","protected":false},"excerpt":{"rendered":"<p>Mistolin \u00e9 uma marca portuguesa, pensada para simplificar e ajudar nas tarefas dif\u00edceis de limpeza da casa. A sua f\u00f3rmula \u00e9 \u00fanica e imbat\u00edvel na limpeza de gorduras e sujidades mais dif\u00edceis. Indicado para a limpeza de todo o tipo de pe\u00e7as e superf\u00edcies gordurosas, manchas dif\u00edceis, sujidades incrustadas e carbonizadas. Dispon\u00edvel em pistola &#8230;<\/p>\n","protected":false},"featured_media":6404,"template":"","meta":{"spay_email":""},"product_cat":[15],"product_tag":[],"class_list":{"0":"post-6403","1":"product","2":"type-product","3":"status-publish","4":"has-post-thumbnail","6":"product_cat-sem-categoria","8":"first","9":"instock","10":"taxable","11":"shipping-taxable","12":"purchasable","13":"product-type-simple"},"acf":[],"jetpack-related-posts":[{"id":6433,"url":"https:\/\/mundo.seashell.pt\/?product=mistolin-tira-gorduras-desinfetante-05l","url_meta":{"origin":6403,"position":0},"title":"Mistolin Tira gorduras Desinfetante 500ml","date":"Fevereiro 23, 2022","format":false,"excerpt":"Mistolin \u00e9 uma marca portuguesa, pensada para simplificar e ajudar nas tarefas dif\u00edceis de limpeza da casa. A sua f\u00f3rmula \u00e9 \u00fanica e imbat\u00edvel na limpeza de gorduras e sujidades mais dif\u00edceis. Indicado para a limpeza de todo o tipo de pe\u00e7as e superf\u00edcies gordurosas, manchas dif\u00edceis, sujidades incrustadas e\u2026","rel":"","context":"Similar post","img":{"alt_text":"","src":"https:\/\/i0.wp.com\/mundo.seashell.pt\/wp-content\/uploads\/2022\/02\/MISTOLIN_Tira_Gorduras_Desinfetante_545ml__5600258596628.png?resize=350%2C200&ssl=1","width":350,"height":200},"classes":[]},{"id":6437,"url":"https:\/\/mundo.seashell.pt\/?product=mistolin-vitroceramicas-05l","url_meta":{"origin":6403,"position":1},"title":"Mistolin Vitrocer\u00e2micas 500ml","date":"Fevereiro 23, 2022","format":false,"excerpt":"Mistolin Vitrocer\u00e2micas\u00a0\u00e9 o aliado perfeito para a limpeza di\u00e1ria da sua placa de vitrocer\u00e2mica. A sua f\u00f3rmula desincrusta as manchas e elimina a gordura da sua placa, deixando um brilho incr\u00edvel e duradouro. Com uma composi\u00e7\u00e3o reduzida em agentes ativos ani\u00f3nicos, Vitroclen spray proporciona uma limpeza eficaz dos res\u00edduos alimentares,\u2026","rel":"","context":"Similar post","img":{"alt_text":"","src":"https:\/\/i0.wp.com\/mundo.seashell.pt\/wp-content\/uploads\/2022\/02\/MISTOLIN_Advanced_Vitro_500ml__5600356070204.png?resize=350%2C200&ssl=1","width":350,"height":200},"classes":[]},{"id":6431,"url":"https:\/\/mundo.seashell.pt\/?product=mistolin-express-cozinha-075l","url_meta":{"origin":6403,"position":2},"title":"Mistolin Express Cozinha 750ml","date":"Fevereiro 23, 2022","format":false,"excerpt":"Mistolin dia a dia cozinha garante uma limpeza eficaz \u00e0 primeira passagem. \u00c9 um desengordurante eficaz na limpeza di\u00e1ria de toda a cozinha e remove totalmente a gordura e a sujidade do dia a dia. Ideal para utiliza\u00e7\u00e3o em fog\u00f5es, exaustores, bancadas, lava-loi\u00e7as, arm\u00e1rios e azulejos.Benef\u00edcios: - Limpeza di\u00e1ria de\u2026","rel":"","context":"Similar post","img":{"alt_text":"","src":"https:\/\/i0.wp.com\/mundo.seashell.pt\/wp-content\/uploads\/2022\/02\/MISTOLIN_Express_Cozinha_750ml__5600258596451.png?resize=350%2C200&ssl=1","width":350,"height":200},"classes":[]},{"id":5712,"url":"https:\/\/mundo.seashell.pt\/?product=spot-500ml","url_meta":{"origin":6403,"position":3},"title":"Removedor de Manchas Spot 500Ml","date":"Fevereiro 23, 2022","format":false,"excerpt":"Agente de limpeza r\u00e1pido de elevada efic\u00e1cia em manchas de tinta, marcadores e manchas de origem gordurosa.","rel":"","context":"Similar post","img":{"alt_text":"","src":"https:\/\/i0.wp.com\/mundo.seashell.pt\/wp-content\/uploads\/2022\/02\/spot.jpg?resize=350%2C200&ssl=1","width":350,"height":200},"classes":[]},{"id":6473,"url":"https:\/\/mundo.seashell.pt\/?product=cif-active-gel-06l","url_meta":{"origin":6403,"position":4},"title":"CIF Active Gel 600ml","date":"Fevereiro 23, 2022","format":false,"excerpt":"Descri\u00e7\u00e3o: O detergente de loi\u00e7a manual concentrado Cif remove as gorduras e sujidade mais dif\u00edceis, de forma f\u00e1cil e eficaz. Com extratos de lim\u00e3o e a sua f\u00f3rmula concentrada, deixa a sua loi\u00e7a limpa e brilhante. Tipo de produto: Detergente ManualBenef\u00edcios: '- F\u00f3rmula concentrada;- Excelente at\u00e9 ...","rel":"","context":"Similar post","img":{"alt_text":"","src":"https:\/\/i0.wp.com\/mundo.seashell.pt\/wp-content\/uploads\/2022\/02\/CIF_ACTIVE_GEL_LIMA_O_-_600ML_8720181142284.png?resize=350%2C200&ssl=1","width":350,"height":200},"classes":[]},{"id":6421,"url":"https:\/\/mundo.seashell.pt\/?product=cillit-bang-tira-gorduras-05l","url_meta":{"origin":6403,"position":5},"title":"Cillit Bang Tira Gorduras 500ml","date":"Fevereiro 23, 2022","format":false,"excerpt":"Cillit Bang spray limpeza tira gorduras tem uma f\u00f3rmula super eficaz, limpa sem precisar de esfregar. Elimina rapidamente as manchas de comida, sujidade e ainda a gordura mais resistente das superf\u00edcies comuns, dentro e fora de sua casa. Gra\u00e7as aos seus potentes tensoativos, a sua f\u00f3rmula \u00e9 3 vezes mais\u2026","rel":"","context":"Similar post","img":{"alt_text":"","src":"https:\/\/i0.wp.com\/mundo.seashell.pt\/wp-content\/uploads\/2022\/02\/CILLIT_BANG_Tira_Gorduras_500ML_x12__8_P__5601217132680.png?resize=350%2C200&ssl=1","width":350,"height":200},"classes":[]}],"_links":{"self":[{"href":"https:\/\/mundo.seashell.pt\/index.php?rest_route=\/wp\/v2\/product\/6403","targetHints":{"allow":["GET"]}}],"collection":[{"href":"https:\/\/mundo.seashell.pt\/index.php?rest_route=\/wp\/v2\/product"}],"about":[{"href":"https:\/\/mundo.seashell.pt\/index.php?rest_route=\/wp\/v2\/types\/product"}],"wp:featuredmedia":[{"embeddable":true,"href":"https:\/\/mundo.seashell.pt\/index.php?rest_route=\/wp\/v2\/media\/6404"}],"wp:attachment":[{"href":"https:\/\/mundo.seashell.pt\/index.php?rest_route=%2Fwp%2Fv2%2Fmedia&parent=6403"}],"wp:term":[{"taxonomy":"product_cat","embeddable":true,"href":"https:\/\/mundo.seashell.pt\/index.php?rest_route=%2Fwp%2Fv2%2Fproduct_cat&post=6403"},{"taxonomy":"product_tag","embeddable":true,"href":"https:\/\/mundo.seashell.pt\/index.php?rest_route=%2Fwp%2Fv2%2Fproduct_tag&post=6403"}],"curies":[{"name":"wp","href":"https:\/\/api.w.org\/{rel}","templated":true}]}}