{"id":6399,"date":"2022-02-23T11:59:51","date_gmt":"2022-02-23T11:59:51","guid":{"rendered":"https:\/\/mundo.seashell.pt\/?post_type=product&#038;p=6399"},"modified":"2022-02-23T11:59:54","modified_gmt":"2022-02-23T11:59:54","slug":"kh-7-tira-gorduras-075l","status":"publish","type":"product","link":"https:\/\/mundo.seashell.pt\/?product=kh-7-tira-gorduras-075l","title":{"rendered":"KH-7 Tira Gorduras 750ml"},"content":{"rendered":"<p>Se procura a m\u00e1xima efici\u00eancia, fa\u00e7a do KH-7 a estrela dos seus produtos de limpeza!<\/p>\n<p>Gra\u00e7as ao seu c\u00f3modo pulverizador, poder\u00e1 aplicar o produto facilmente em qualquer lugar, utilizando apenas a dose que necessita. Spray KH-7 tira gorduras concentrado, produto profissional. Produto de limpeza universal para cozinha, grelhador, forno, roupa e muito mais! O KH-7 \u00e9 uma poderosa f\u00f3rmula concentrada, que facilita a limpeza, incluindo a gordura e a sujidade mais resistente e incrustada. O KH-7 \u00e9 ideal para a limpeza de exaustor (filtros), fog\u00f5es, fornos, bancada de cozinha, paredes e azulejos, arm\u00e1rios, eletrodom\u00e9sticos e grelhador.<\/p>\n<h3>Benef\u00edcios:<\/h3>\n<p>&#8211; Efic\u00e1cia no dia a dia com sujidade mais incrustada;<br \/>&#8211; Limpeza de superf\u00edcies e tecidos;<br \/>&#8211; Concentrado;<br \/>&#8211; Sem esfor\u00e7o;<br \/>&#8211; F\u00e1cil de usar;<br \/>&#8211; Limpa diretamente a sujidade.<\/p>\n<h3>Conselhos de utiliza\u00e7\u00e3o:<\/h3>\n<p>Pulverize diretamente sobre as superf\u00edcies a tratar. Deixe atuar durante alguns segundos. Retire com um pano h\u00famido.<\/p>\n<p><\/p>\n","protected":false},"excerpt":{"rendered":"<p>Se procura a m\u00e1xima efici\u00eancia, fa\u00e7a do KH-7 a estrela dos seus produtos de limpeza!<br \/>\nGra\u00e7as ao seu c\u00f3modo pulverizador, poder\u00e1 aplicar o produto facilmente em qualquer lugar, utilizando apenas a dose que necessita. Spray KH-7 tira gorduras concentrado, produto profissional. Produto de limpeza universal para cozinha, grelhador, forno, r&#8230;<\/p>\n","protected":false},"featured_media":6400,"template":"","meta":{"spay_email":""},"product_cat":[15],"product_tag":[],"class_list":{"0":"post-6399","1":"product","2":"type-product","3":"status-publish","4":"has-post-thumbnail","6":"product_cat-sem-categoria","8":"first","9":"instock","10":"taxable","11":"shipping-taxable","12":"purchasable","13":"product-type-simple"},"acf":[],"jetpack-related-posts":[{"id":6401,"url":"https:\/\/mundo.seashell.pt\/?product=kh-7-tira-gorduras-recarda-075l","url_meta":{"origin":6399,"position":0},"title":"KH-7 Tira Gorduras Recarda 750ml","date":"Fevereiro 23, 2022","format":false,"excerpt":"Se procura a m\u00e1xima efici\u00eancia, fa\u00e7a do KH-7 a estrela dos seus produtos de limpeza! Gra\u00e7as ao seu c\u00f3modo pulverizador, poder\u00e1 aplicar o produto facilmente em qualquer lugar, utilizando apenas a dose que necessita. Spray KH-7 tira gorduras concentrado, produto profissional. Produto de limpeza universal para cozinha, grelhador, forno, r...","rel":"","context":"Similar post","img":{"alt_text":"","src":"https:\/\/i0.wp.com\/mundo.seashell.pt\/wp-content\/uploads\/2022\/02\/KH7_TIRA_GORDURAS_REC._750ml.png?resize=350%2C200&ssl=1","width":350,"height":200},"classes":[]},{"id":6429,"url":"https:\/\/mundo.seashell.pt\/?product=kh-7-vitroceramicas-075l","url_meta":{"origin":6399,"position":1},"title":"KH-7 Vitrocer\u00e2micas 750ml","date":"Fevereiro 23, 2022","format":false,"excerpt":"Elimina muito facilmente as incrusta\u00e7\u00f5es dif\u00edceis de gordura gra\u00e7as \u00e0 sua f\u00f3rmula de tecnologia avan\u00e7ada especialmente desenvolvida para placas de vitrocer\u00e2mica e indu\u00e7\u00e3o. O seu formato em pulverizador proporciona uma limpeza r\u00e1pida e confort\u00e1vel e a sua espuma desincrustante d\u00e1 um brilho reluzente que ir\u00e1 manter a sua cozinha como\u2026","rel":"","context":"Similar post","img":{"alt_text":"","src":"https:\/\/i0.wp.com\/mundo.seashell.pt\/wp-content\/uploads\/2022\/02\/KH7_VITROCERAMICA_750ml.png?resize=350%2C200&ssl=1","width":350,"height":200},"classes":[]},{"id":6617,"url":"https:\/\/mundo.seashell.pt\/?product=kh-7-tira-nodoas-075l","url_meta":{"origin":6399,"position":2},"title":"KH-7 Tira N\u00f3doas 750ml","date":"Fevereiro 23, 2022","format":false,"excerpt":"Gra\u00e7as ao seu c\u00f3modo pulverizador, poder\u00e1 aplicar o produto facilmente em qualquer lugar, utilizando apenas a dose que necessita. KH-7 tira-nod\u00f3as, efic\u00e1cia contra as manchas para toda a sua roupa. \u00c9 um tira n\u00f3doas de pr\u00e9-lavagem especialmente formulado para todo o tipo de manchas. Pulverize KH-7 tira-n\u00f3doas sobre a roupa\u2026","rel":"","context":"Similar post","img":{"alt_text":"","src":"https:\/\/i0.wp.com\/mundo.seashell.pt\/wp-content\/uploads\/2022\/02\/KH7_TIRA_NODOAS_750ml.png?resize=350%2C200&ssl=1","width":350,"height":200},"classes":[]},{"id":6403,"url":"https:\/\/mundo.seashell.pt\/?product=mistolin-tira-gorduras-0545l","url_meta":{"origin":6399,"position":3},"title":"Mistolin tira Gorduras 545ml","date":"Fevereiro 23, 2022","format":false,"excerpt":"Mistolin \u00e9 uma marca portuguesa, pensada para simplificar e ajudar nas tarefas dif\u00edceis de limpeza da casa. A sua f\u00f3rmula \u00e9 \u00fanica e imbat\u00edvel na limpeza de gorduras e sujidades mais dif\u00edceis. Indicado para a limpeza de todo o tipo de pe\u00e7as e superf\u00edcies gordurosas, manchas dif\u00edceis, sujidades incrustadas e\u2026","rel":"","context":"Similar post","img":{"alt_text":"","src":"https:\/\/i0.wp.com\/mundo.seashell.pt\/wp-content\/uploads\/2022\/02\/MISTOLIN_Tira_Gorduras_Cla_ssico_545ml__5603124023273.png?resize=350%2C200&ssl=1","width":350,"height":200},"classes":[]},{"id":6431,"url":"https:\/\/mundo.seashell.pt\/?product=mistolin-express-cozinha-075l","url_meta":{"origin":6399,"position":4},"title":"Mistolin Express Cozinha 750ml","date":"Fevereiro 23, 2022","format":false,"excerpt":"Mistolin dia a dia cozinha garante uma limpeza eficaz \u00e0 primeira passagem. \u00c9 um desengordurante eficaz na limpeza di\u00e1ria de toda a cozinha e remove totalmente a gordura e a sujidade do dia a dia. Ideal para utiliza\u00e7\u00e3o em fog\u00f5es, exaustores, bancadas, lava-loi\u00e7as, arm\u00e1rios e azulejos.Benef\u00edcios: - Limpeza di\u00e1ria de\u2026","rel":"","context":"Similar post","img":{"alt_text":"","src":"https:\/\/i0.wp.com\/mundo.seashell.pt\/wp-content\/uploads\/2022\/02\/MISTOLIN_Express_Cozinha_750ml__5600258596451.png?resize=350%2C200&ssl=1","width":350,"height":200},"classes":[]},{"id":6433,"url":"https:\/\/mundo.seashell.pt\/?product=mistolin-tira-gorduras-desinfetante-05l","url_meta":{"origin":6399,"position":5},"title":"Mistolin Tira gorduras Desinfetante 500ml","date":"Fevereiro 23, 2022","format":false,"excerpt":"Mistolin \u00e9 uma marca portuguesa, pensada para simplificar e ajudar nas tarefas dif\u00edceis de limpeza da casa. A sua f\u00f3rmula \u00e9 \u00fanica e imbat\u00edvel na limpeza de gorduras e sujidades mais dif\u00edceis. Indicado para a limpeza de todo o tipo de pe\u00e7as e superf\u00edcies gordurosas, manchas dif\u00edceis, sujidades incrustadas e\u2026","rel":"","context":"Similar post","img":{"alt_text":"","src":"https:\/\/i0.wp.com\/mundo.seashell.pt\/wp-content\/uploads\/2022\/02\/MISTOLIN_Tira_Gorduras_Desinfetante_545ml__5600258596628.png?resize=350%2C200&ssl=1","width":350,"height":200},"classes":[]}],"_links":{"self":[{"href":"https:\/\/mundo.seashell.pt\/index.php?rest_route=\/wp\/v2\/product\/6399","targetHints":{"allow":["GET"]}}],"collection":[{"href":"https:\/\/mundo.seashell.pt\/index.php?rest_route=\/wp\/v2\/product"}],"about":[{"href":"https:\/\/mundo.seashell.pt\/index.php?rest_route=\/wp\/v2\/types\/product"}],"wp:featuredmedia":[{"embeddable":true,"href":"https:\/\/mundo.seashell.pt\/index.php?rest_route=\/wp\/v2\/media\/6400"}],"wp:attachment":[{"href":"https:\/\/mundo.seashell.pt\/index.php?rest_route=%2Fwp%2Fv2%2Fmedia&parent=6399"}],"wp:term":[{"taxonomy":"product_cat","embeddable":true,"href":"https:\/\/mundo.seashell.pt\/index.php?rest_route=%2Fwp%2Fv2%2Fproduct_cat&post=6399"},{"taxonomy":"product_tag","embeddable":true,"href":"https:\/\/mundo.seashell.pt\/index.php?rest_route=%2Fwp%2Fv2%2Fproduct_tag&post=6399"}],"curies":[{"name":"wp","href":"https:\/\/api.w.org\/{rel}","templated":true}]}}