{"id":6393,"date":"2022-02-23T11:59:44","date_gmt":"2022-02-23T11:59:44","guid":{"rendered":"https:\/\/mundo.seashell.pt\/?post_type=product&#038;p=6393"},"modified":"2022-02-23T11:59:46","modified_gmt":"2022-02-23T11:59:46","slug":"neoblanc-spray-banho-05l","status":"publish","type":"product","link":"https:\/\/mundo.seashell.pt\/?product=neoblanc-spray-banho-05l","title":{"rendered":"Neoblanc Spray Banho 500ml"},"content":{"rendered":"<p>Gra\u00e7as \u00e0 sua f\u00f3rmula especial com Barreira Antigotas, remove o calc\u00e1rio e previne a sua forma\u00e7\u00e3o, deixando as superf\u00edcies brilhantes por muito tempo. Al\u00e9m disso, a sua utiliza\u00e7\u00e3o \u00e9 segura em elementos cromados e espalha na casa de banho um perfume fresco com notas de eucalipto e menta.<\/p>\n<h3><strong>Conselhos de Utiliza\u00e7\u00e3o<\/strong><\/h3>\n<p><strong><\/strong>Pequenas superf\u00edcies: Pulverize o produto na superf\u00edcie, deixe atuar alguns segundos e enxag\u00fae abundantemente com \u00e1gua. Para as incrusta\u00e7\u00f5es mais dif\u00edceis, deixe atuar, no m\u00e1ximo 5 minutos, antes de enxaguar.<\/p>\n","protected":false},"excerpt":{"rendered":"<p>Gra\u00e7as \u00e0 sua f\u00f3rmula especial com Barreira Antigotas, remove o calc\u00e1rio e previne a sua forma\u00e7\u00e3o, deixando as superf\u00edcies brilhantes por muito tempo. Al\u00e9m disso, a sua utiliza\u00e7\u00e3o \u00e9 segura em elementos cromados e espalha na casa de banho um perfume fresco com notas de eucalipto e menta.<br \/>\nConselhos de Utiliza\u00e7\u00e3o<br \/>\n&#8230;<\/p>\n","protected":false},"featured_media":6394,"template":"","meta":{"spay_email":""},"product_cat":[15],"product_tag":[],"class_list":{"0":"post-6393","1":"product","2":"type-product","3":"status-publish","4":"has-post-thumbnail","6":"product_cat-sem-categoria","8":"first","9":"instock","10":"taxable","11":"shipping-taxable","12":"purchasable","13":"product-type-simple"},"acf":[],"jetpack-related-posts":[{"id":6255,"url":"https:\/\/mundo.seashell.pt\/?product=sanytol-banhos-750ml","url_meta":{"origin":6393,"position":0},"title":"Sanytol Banhos 750ml","date":"Fevereiro 23, 2022","format":false,"excerpt":"Limpador Desinfetante Banhos A humidade promove o desenvolvimento de bact\u00e9rias, fungos e v\u00edrus. O uso de um desinfetante associado a um poderoso anti-calc\u00e1rio \u00e9 a \u00fanica forma de prevenir eficazmente a prolifera\u00e7\u00e3o de microrganismos indesej\u00e1veis, a forma\u00e7\u00e3o de mofo e calc\u00e1rio. Sanytol Desinfetante Banhos, sem lix\u00edvia, garante u...","rel":"","context":"Similar post","img":{"alt_text":"","src":"https:\/\/i0.wp.com\/mundo.seashell.pt\/wp-content\/uploads\/2022\/02\/SANYTOL_DESINFETANTE_BANHOS_750_ML_8411660670229.png?resize=350%2C200&ssl=1","width":350,"height":200},"classes":[]},{"id":6621,"url":"https:\/\/mundo.seashell.pt\/?product=neoblanc-gerntil-tira-nodoas-07l","url_meta":{"origin":6393,"position":1},"title":"Neoblanc Gerntil Tira N\u00f3doas 700ml","date":"Fevereiro 23, 2022","format":false,"excerpt":"Um \u00fanico spray para roupa, cozinha e quarto de banho. Gra\u00e7as \u00e0 sua f\u00f3rmula especial, combinando desengordurante e Neoblanc Gentil, Neoblanc Spray multiusos higieniza limpando a fundo as superf\u00edcies da casa. Desengordura a sujidade mais incrustada e \u00e9 eficaz na remo\u00e7\u00e3o do calc\u00e1rio. Para al\u00e9m disso, tamb\u00e9m remove as manchas\u2026","rel":"","context":"Similar post","img":{"alt_text":"","src":"https:\/\/i0.wp.com\/mundo.seashell.pt\/wp-content\/uploads\/2022\/02\/NEOBLANC_GENTIL_SPRAY_TIRA-NODOAS_700ML_8001480703001.png?resize=350%2C200&ssl=1","width":350,"height":200},"classes":[]},{"id":6365,"url":"https:\/\/mundo.seashell.pt\/?product=cif-spary-casa-de-banho-07l","url_meta":{"origin":6393,"position":2},"title":"Cif Spary Power &#038; Shine Casa de Banho 750ml","date":"Fevereiro 23, 2022","format":false,"excerpt":"Cif Power & Shine casa de banho \u00e9 a garantia de remo\u00e7\u00e3o total de restos de sab\u00e3o e calc\u00e1rio, com um brilho perfeito. Previne que a \u00e1gua, o sab\u00e3o e o calc\u00e1rio n\u00e3o adiram aos azulejos e \u00e0s superf\u00edcies, tornando-as resistentes \u00e0 sujidade. Benef\u00edcios: - 100% remo\u00e7\u00e3o de calc\u00e1rio e\u2026","rel":"","context":"Similar post","img":{"alt_text":"","src":"https:\/\/i0.wp.com\/mundo.seashell.pt\/wp-content\/uploads\/2022\/02\/CIF_SPRAY_CASA_DE_BANHO_-_750ml_8712561142373.png?resize=350%2C200&ssl=1","width":350,"height":200},"classes":[]},{"id":6359,"url":"https:\/\/mundo.seashell.pt\/?product=cillit-bang-wc-super-limpeza-05l","url_meta":{"origin":6393,"position":3},"title":"Cillit Bang WC Super Limpeza 500ml","date":"Fevereiro 23, 2022","format":false,"excerpt":"Cillit Bang Spray casa de banho super limpeza \u00e9 ideal para remover, sem esfor\u00e7o, todas as manchas de sujidade da sua casa de banho. A f\u00f3rmula concentrada de Cillit Bang \u00e9 eficaz na remo\u00e7\u00e3o do calc\u00e1rio, manchas de sab\u00e3o e sujidade. A tecnologia \"anti-redeposition\" previne que a sujidade volte. A\u2026","rel":"","context":"Similar post","img":{"alt_text":"","src":"https:\/\/i0.wp.com\/mundo.seashell.pt\/wp-content\/uploads\/2022\/02\/CILLIT_BANG_WC_500ML_X12__8_P__5601217132697.png?resize=350%2C200&ssl=1","width":350,"height":200},"classes":[]},{"id":6353,"url":"https:\/\/mundo.seashell.pt\/?product=viakal-anti-calcario-05l","url_meta":{"origin":6393,"position":4},"title":"Viakal Anti Calc\u00e1rio 500ml","date":"Fevereiro 23, 2022","format":false,"excerpt":"Viakal cl\u00e1ssico \u00e9 ideal para remover at\u00e9 o calc\u00e1rio mais incrustado e limpar restos de sab\u00e3o e marcas de \u00e1gua na casa de banho e cozinha. Se utilizado regularmente, Viakal mant\u00e9m as superf\u00edcies limpas e brilhantes diariamente. A sua f\u00f3rmula especial preserva as superf\u00edcies e ajuda a impedir o reaparecimento\u2026","rel":"","context":"Similar post","img":{"alt_text":"","src":"https:\/\/i0.wp.com\/mundo.seashell.pt\/wp-content\/uploads\/2022\/02\/VIAKAL_500ML_5413149912212.png?resize=350%2C200&ssl=1","width":350,"height":200},"classes":[]},{"id":6361,"url":"https:\/\/mundo.seashell.pt\/?product=sonasol-spray-brilhante-anti-calcario-05l","url_meta":{"origin":6393,"position":5},"title":"Sonasol Spray Brilhante Anti-Calc\u00e1rio 500ml","date":"Fevereiro 23, 2022","format":false,"excerpt":"Sonasol brilhante anticalc\u00e1rio elimina eficazmente at\u00e9 as sujidades mais profundas de todas as superf\u00edcies de casa de banho, deixando-a 100% brilhante. Benef\u00edcios: - 100% mais brilho e prote\u00e7\u00e3o. Conselhos de utiliza\u00e7\u00e3o: Pulverize diretamente na superf\u00edcie a limpar e passe um pano ou esponja h\u00famidos para retirar...","rel":"","context":"Similar post","img":{"alt_text":"","src":"https:\/\/i0.wp.com\/mundo.seashell.pt\/wp-content\/uploads\/2022\/02\/SONASOL_BRILHANTE_BANHO_SPRAY_0L500_8410436343404.png?resize=350%2C200&ssl=1","width":350,"height":200},"classes":[]}],"_links":{"self":[{"href":"https:\/\/mundo.seashell.pt\/index.php?rest_route=\/wp\/v2\/product\/6393","targetHints":{"allow":["GET"]}}],"collection":[{"href":"https:\/\/mundo.seashell.pt\/index.php?rest_route=\/wp\/v2\/product"}],"about":[{"href":"https:\/\/mundo.seashell.pt\/index.php?rest_route=\/wp\/v2\/types\/product"}],"wp:featuredmedia":[{"embeddable":true,"href":"https:\/\/mundo.seashell.pt\/index.php?rest_route=\/wp\/v2\/media\/6394"}],"wp:attachment":[{"href":"https:\/\/mundo.seashell.pt\/index.php?rest_route=%2Fwp%2Fv2%2Fmedia&parent=6393"}],"wp:term":[{"taxonomy":"product_cat","embeddable":true,"href":"https:\/\/mundo.seashell.pt\/index.php?rest_route=%2Fwp%2Fv2%2Fproduct_cat&post=6393"},{"taxonomy":"product_tag","embeddable":true,"href":"https:\/\/mundo.seashell.pt\/index.php?rest_route=%2Fwp%2Fv2%2Fproduct_tag&post=6393"}],"curies":[{"name":"wp","href":"https:\/\/api.w.org\/{rel}","templated":true}]}}