{"id":6391,"date":"2022-02-23T11:59:41","date_gmt":"2022-02-23T11:59:41","guid":{"rendered":"https:\/\/mundo.seashell.pt\/?post_type=product&#038;p=6391"},"modified":"2022-02-23T11:59:43","modified_gmt":"2022-02-23T11:59:43","slug":"neoblanc-spray-universal-05l","status":"publish","type":"product","link":"https:\/\/mundo.seashell.pt\/?product=neoblanc-spray-universal-05l","title":{"rendered":"Neoblanc Spray Universal 500ml"},"content":{"rendered":"<p>Gra\u00e7as \u00e0 sua f\u00f3rmula desengordurante sem lix\u00edvia 100% eficaz na gordura incrustada, desengordura e limpa a fundo as superf\u00edcies da cozinha, \u00e9 f\u00e1cil de enxaguar e n\u00e3o deixa marcas. Al\u00e9m disso, espalha um perfume fresco e agrad\u00e1vel de lim\u00e3o e bergamota. Pulverize o produto na superf\u00edcie, enxag\u00fae com um pano ou uma esponja. Para a sujidade dif\u00edcil de remover, deixe atuar alguns minutos.<\/p>\n<h3>Pequenas Superf\u00edcies<\/h3>\n<p>Pulverize o produto na superf\u00edcie, deixe atuar alguns segundos e enxag\u00fae abundantemente com \u00e1gua. Para as incrusta\u00e7\u00f5es mais dif\u00edceis, deixe atuar, no m\u00e1ximo 5 minutos, antes de enxaguar.<\/p>\n","protected":false},"excerpt":{"rendered":"<p>Gra\u00e7as \u00e0 sua f\u00f3rmula desengordurante sem lix\u00edvia 100% eficaz na gordura incrustada, desengordura e limpa a fundo as superf\u00edcies da cozinha, \u00e9 f\u00e1cil de enxaguar e n\u00e3o deixa marcas. Al\u00e9m disso, espalha um perfume fresco e agrad\u00e1vel de lim\u00e3o e bergamota. Pulverize o produto na superf\u00edcie, enxag\u00fae com um pano ou uma esponja. Para a sujidade dif\u00edc&#8230;<\/p>\n","protected":false},"featured_media":6392,"template":"","meta":{"spay_email":""},"product_cat":[15],"product_tag":[],"class_list":{"0":"post-6391","1":"product","2":"type-product","3":"status-publish","4":"has-post-thumbnail","6":"product_cat-sem-categoria","8":"first","9":"instock","10":"taxable","11":"shipping-taxable","12":"purchasable","13":"product-type-simple"},"acf":[],"jetpack-related-posts":[{"id":6425,"url":"https:\/\/mundo.seashell.pt\/?product=neoblanc-spray-cozinha-05l","url_meta":{"origin":6391,"position":0},"title":"Neoblanc Spray Cozinha 500ml","date":"Fevereiro 23, 2022","format":false,"excerpt":"Gra\u00e7as \u00e0 sua f\u00f3rmula desengordurante sem lix\u00edvia 100% eficaz na gordura incrustada, desengordura e limpa a fundo as superf\u00edcies da cozinha, \u00e9 f\u00e1cil de enxaguar e n\u00e3o deixa marcas.","rel":"","context":"Similar post","img":{"alt_text":"","src":"https:\/\/i0.wp.com\/mundo.seashell.pt\/wp-content\/uploads\/2022\/02\/NEOBLANC_SPRAY_COZINHA_500ml_8001480703186.png?resize=350%2C200&ssl=1","width":350,"height":200},"classes":[]},{"id":6253,"url":"https:\/\/mundo.seashell.pt\/?product=sanytol-cozinhas-750ml","url_meta":{"origin":6391,"position":1},"title":"Sanytol Cozinhas 750ml","date":"Fevereiro 23, 2022","format":false,"excerpt":"Limpador Desinfetante Cozinhas Sanytol desinfetante cozinhas com a\u00e7\u00e3o desengordurante. A cozinha \u00e9 um local favor\u00e1vel ao desenvolvimento de bact\u00e9rias. O uso de um limpador desinfetante \u00e9 a \u00fanica forma de prevenir eficazmente a prolifera\u00e7\u00e3o de micr\u00f3bios. Com a sua f\u00f3rmula de tripla a\u00e7\u00e3o sem lix\u00edvia, elimina 99,9% dos microrganismos. R...","rel":"","context":"Similar post","img":{"alt_text":"","src":"https:\/\/i0.wp.com\/mundo.seashell.pt\/wp-content\/uploads\/2022\/02\/SANYTOL_DESINFETANTE_COZINHAS_750_ML_8411660670212.png?resize=350%2C200&ssl=1","width":350,"height":200},"classes":[]},{"id":6431,"url":"https:\/\/mundo.seashell.pt\/?product=mistolin-express-cozinha-075l","url_meta":{"origin":6391,"position":2},"title":"Mistolin Express Cozinha 750ml","date":"Fevereiro 23, 2022","format":false,"excerpt":"Mistolin dia a dia cozinha garante uma limpeza eficaz \u00e0 primeira passagem. \u00c9 um desengordurante eficaz na limpeza di\u00e1ria de toda a cozinha e remove totalmente a gordura e a sujidade do dia a dia. Ideal para utiliza\u00e7\u00e3o em fog\u00f5es, exaustores, bancadas, lava-loi\u00e7as, arm\u00e1rios e azulejos.Benef\u00edcios: - Limpeza di\u00e1ria de\u2026","rel":"","context":"Similar post","img":{"alt_text":"","src":"https:\/\/i0.wp.com\/mundo.seashell.pt\/wp-content\/uploads\/2022\/02\/MISTOLIN_Express_Cozinha_750ml__5600258596451.png?resize=350%2C200&ssl=1","width":350,"height":200},"classes":[]},{"id":6621,"url":"https:\/\/mundo.seashell.pt\/?product=neoblanc-gerntil-tira-nodoas-07l","url_meta":{"origin":6391,"position":3},"title":"Neoblanc Gerntil Tira N\u00f3doas 700ml","date":"Fevereiro 23, 2022","format":false,"excerpt":"Um \u00fanico spray para roupa, cozinha e quarto de banho. Gra\u00e7as \u00e0 sua f\u00f3rmula especial, combinando desengordurante e Neoblanc Gentil, Neoblanc Spray multiusos higieniza limpando a fundo as superf\u00edcies da casa. Desengordura a sujidade mais incrustada e \u00e9 eficaz na remo\u00e7\u00e3o do calc\u00e1rio. Para al\u00e9m disso, tamb\u00e9m remove as manchas\u2026","rel":"","context":"Similar post","img":{"alt_text":"","src":"https:\/\/i0.wp.com\/mundo.seashell.pt\/wp-content\/uploads\/2022\/02\/NEOBLANC_GENTIL_SPRAY_TIRA-NODOAS_700ML_8001480703001.png?resize=350%2C200&ssl=1","width":350,"height":200},"classes":[]},{"id":6387,"url":"https:\/\/mundo.seashell.pt\/?product=neoblanc-spray-mousse-floral-07l","url_meta":{"origin":6391,"position":4},"title":"Neoblanc Spray Mousse Floral 500ml","date":"Fevereiro 23, 2022","format":false,"excerpt":"Neoblanc, a lix\u00edvia que garante prote\u00e7\u00e3o da sua casa e da sua roupa. Gra\u00e7as \u00e0 sua f\u00f3rmula especial, higieniza todas as superf\u00edcies da sua casa e desengordura as bancadas da sua cozinha. Remove at\u00e9 as n\u00f3doas mais dif\u00edceis da sua roupa branca. Tipo de produto: Lix\u00edvia Gel Notas\/Frag\u00e2ncia: Floral Ben...","rel":"","context":"Similar post","img":{"alt_text":"","src":"https:\/\/i0.wp.com\/mundo.seashell.pt\/wp-content\/uploads\/2022\/02\/NEOBLANC_SPRAY_MOUSSE_FLORAL_10X700ML_8001480023277.png?resize=350%2C200&ssl=1","width":350,"height":200},"classes":[]},{"id":6389,"url":"https:\/\/mundo.seashell.pt\/?product=neoblanc-spray-mousse-07l","url_meta":{"origin":6391,"position":5},"title":"Neoblanc Spray Mousse 700ml","date":"Fevereiro 23, 2022","format":false,"excerpt":"Neoblanc, a lix\u00edvia que garante prote\u00e7\u00e3o da sua casa e da sua roupa. Gra\u00e7as \u00e0 sua f\u00f3rmula especial, higieniza todas as superf\u00edcies da sua casa e desengordura as bancadas da sua cozinha. Remove at\u00e9 as n\u00f3doas mais dif\u00edceis da sua roupa branca. Tipo de produto: Lix\u00edvia GelBenef\u00edcios: - Remo\u00e7\u00e3o da\u2026","rel":"","context":"Similar post","img":{"alt_text":"","src":"https:\/\/i0.wp.com\/mundo.seashell.pt\/wp-content\/uploads\/2022\/02\/NEOBLANC_SPRAY_MOUSSE_700MLx10_8001480021440.png?resize=350%2C200&ssl=1","width":350,"height":200},"classes":[]}],"_links":{"self":[{"href":"https:\/\/mundo.seashell.pt\/index.php?rest_route=\/wp\/v2\/product\/6391","targetHints":{"allow":["GET"]}}],"collection":[{"href":"https:\/\/mundo.seashell.pt\/index.php?rest_route=\/wp\/v2\/product"}],"about":[{"href":"https:\/\/mundo.seashell.pt\/index.php?rest_route=\/wp\/v2\/types\/product"}],"wp:featuredmedia":[{"embeddable":true,"href":"https:\/\/mundo.seashell.pt\/index.php?rest_route=\/wp\/v2\/media\/6392"}],"wp:attachment":[{"href":"https:\/\/mundo.seashell.pt\/index.php?rest_route=%2Fwp%2Fv2%2Fmedia&parent=6391"}],"wp:term":[{"taxonomy":"product_cat","embeddable":true,"href":"https:\/\/mundo.seashell.pt\/index.php?rest_route=%2Fwp%2Fv2%2Fproduct_cat&post=6391"},{"taxonomy":"product_tag","embeddable":true,"href":"https:\/\/mundo.seashell.pt\/index.php?rest_route=%2Fwp%2Fv2%2Fproduct_tag&post=6391"}],"curies":[{"name":"wp","href":"https:\/\/api.w.org\/{rel}","templated":true}]}}