{"id":6385,"date":"2022-02-23T11:59:22","date_gmt":"2022-02-23T11:59:22","guid":{"rendered":"https:\/\/mundo.seashell.pt\/?post_type=product&#038;p=6385"},"modified":"2022-02-23T11:59:24","modified_gmt":"2022-02-23T11:59:24","slug":"ajax-casa-de-banho-anticalcario-05l","status":"publish","type":"product","link":"https:\/\/mundo.seashell.pt\/?product=ajax-casa-de-banho-anticalcario-05l","title":{"rendered":"Ajax Casa de Banho Anticalc\u00e1rio 500ml"},"content":{"rendered":"<p><span style=\"font-family: inherit; font-size: inherit;\"><\/span><span style=\"font-family: inherit; font-size: inherit;\">G<\/span><span style=\"font-family: inherit; font-size: inherit;\">arante uma limpeza poderosa que remove a 100% o calc\u00e1rio incrustrado nas torneiras, duche, lavat\u00f3rios, azulejos e outras \u00e1reas.<\/span><\/p>\n<h3>Benef\u00edcios:<\/h3>\n<p>&#8211; Remo\u00e7\u00e3o a 100% de calc\u00e1rio.<\/p>\n<h3>Conselhos de utiliza\u00e7\u00e3o:<\/h3>\n<p>Pressione o fecho de seguran\u00e7a enquanto gira o bocal do spray para a posi\u00e7\u00e3o de utiliza\u00e7\u00e3o. Para atingir 100% de remo\u00e7\u00e3o de calc\u00e1rio e sab\u00e3o e obter um brilho sem manchas, aplique o spray na superf\u00edcie, deixe atuar durante alguns segundos, limpe e enxague. Para resultados mais brilhantes, passe com um pano seco. Em sujidade mais dif\u00edcil, deixe o produto atuar durante alguns minutos antes de enxaguar. Ap\u00f3s utiliza\u00e7\u00e3o, volte a colocar na posi\u00e7\u00e3o de seguran\u00e7a stop.<\/p>\n<p><span style=\"font-family: inherit; font-size: inherit;\"><br \/><\/span><\/p>\n","protected":false},"excerpt":{"rendered":"<p>Garante uma limpeza poderosa que remove a 100% o calc\u00e1rio incrustrado nas torneiras, duche, lavat\u00f3rios, azulejos e outras \u00e1reas.Benef\u00edcios:<\/p>\n","protected":false},"featured_media":6386,"template":"","meta":{"spay_email":""},"product_cat":[15],"product_tag":[],"class_list":{"0":"post-6385","1":"product","2":"type-product","3":"status-publish","4":"has-post-thumbnail","6":"product_cat-sem-categoria","8":"first","9":"instock","10":"taxable","11":"shipping-taxable","12":"purchasable","13":"product-type-simple"},"acf":[],"jetpack-related-posts":[{"id":6255,"url":"https:\/\/mundo.seashell.pt\/?product=sanytol-banhos-750ml","url_meta":{"origin":6385,"position":0},"title":"Sanytol Banhos 750ml","date":"Fevereiro 23, 2022","format":false,"excerpt":"Limpador Desinfetante Banhos A humidade promove o desenvolvimento de bact\u00e9rias, fungos e v\u00edrus. O uso de um desinfetante associado a um poderoso anti-calc\u00e1rio \u00e9 a \u00fanica forma de prevenir eficazmente a prolifera\u00e7\u00e3o de microrganismos indesej\u00e1veis, a forma\u00e7\u00e3o de mofo e calc\u00e1rio. Sanytol Desinfetante Banhos, sem lix\u00edvia, garante u...","rel":"","context":"Similar post","img":{"alt_text":"","src":"https:\/\/i0.wp.com\/mundo.seashell.pt\/wp-content\/uploads\/2022\/02\/SANYTOL_DESINFETANTE_BANHOS_750_ML_8411660670229.png?resize=350%2C200&ssl=1","width":350,"height":200},"classes":[]},{"id":6359,"url":"https:\/\/mundo.seashell.pt\/?product=cillit-bang-wc-super-limpeza-05l","url_meta":{"origin":6385,"position":1},"title":"Cillit Bang WC Super Limpeza 500ml","date":"Fevereiro 23, 2022","format":false,"excerpt":"Cillit Bang Spray casa de banho super limpeza \u00e9 ideal para remover, sem esfor\u00e7o, todas as manchas de sujidade da sua casa de banho. A f\u00f3rmula concentrada de Cillit Bang \u00e9 eficaz na remo\u00e7\u00e3o do calc\u00e1rio, manchas de sab\u00e3o e sujidade. A tecnologia \"anti-redeposition\" previne que a sujidade volte. A\u2026","rel":"","context":"Similar post","img":{"alt_text":"","src":"https:\/\/i0.wp.com\/mundo.seashell.pt\/wp-content\/uploads\/2022\/02\/CILLIT_BANG_WC_500ML_X12__8_P__5601217132697.png?resize=350%2C200&ssl=1","width":350,"height":200},"classes":[]},{"id":6365,"url":"https:\/\/mundo.seashell.pt\/?product=cif-spary-casa-de-banho-07l","url_meta":{"origin":6385,"position":2},"title":"Cif Spary Power &#038; Shine Casa de Banho 750ml","date":"Fevereiro 23, 2022","format":false,"excerpt":"Cif Power & Shine casa de banho \u00e9 a garantia de remo\u00e7\u00e3o total de restos de sab\u00e3o e calc\u00e1rio, com um brilho perfeito. Previne que a \u00e1gua, o sab\u00e3o e o calc\u00e1rio n\u00e3o adiram aos azulejos e \u00e0s superf\u00edcies, tornando-as resistentes \u00e0 sujidade. Benef\u00edcios: - 100% remo\u00e7\u00e3o de calc\u00e1rio e\u2026","rel":"","context":"Similar post","img":{"alt_text":"","src":"https:\/\/i0.wp.com\/mundo.seashell.pt\/wp-content\/uploads\/2022\/02\/CIF_SPRAY_CASA_DE_BANHO_-_750ml_8712561142373.png?resize=350%2C200&ssl=1","width":350,"height":200},"classes":[]},{"id":6357,"url":"https:\/\/mundo.seashell.pt\/?product=anti-calcario-e-sujidade-spray-05l","url_meta":{"origin":6385,"position":3},"title":"Anti-Calc\u00e1rio e Sujidade Spray 500ml","date":"Fevereiro 23, 2022","format":false,"excerpt":"Cillit Bang spray limpeza calc\u00e1rio e sujidade tem uma f\u00f3rmula super eficaz que elimina rapidamente o calc\u00e1rio, os res\u00edduos de sab\u00e3o e a sujidade na maioria das superf\u00edcies, dentro e fora da sua casa. A sua nova f\u00f3rmula anti-reaparecimento de sujidade forma uma pel\u00edcula protetora sobre as superf\u00edcies, evitando que\u2026","rel":"","context":"Similar post","img":{"alt_text":"","src":"https:\/\/i0.wp.com\/mundo.seashell.pt\/wp-content\/uploads\/2022\/02\/CILLIT_BANG_CAL_BRI_500ML_x12__8_P__5601217132666.png?resize=350%2C200&ssl=1","width":350,"height":200},"classes":[]},{"id":6621,"url":"https:\/\/mundo.seashell.pt\/?product=neoblanc-gerntil-tira-nodoas-07l","url_meta":{"origin":6385,"position":4},"title":"Neoblanc Gerntil Tira N\u00f3doas 700ml","date":"Fevereiro 23, 2022","format":false,"excerpt":"Um \u00fanico spray para roupa, cozinha e quarto de banho. Gra\u00e7as \u00e0 sua f\u00f3rmula especial, combinando desengordurante e Neoblanc Gentil, Neoblanc Spray multiusos higieniza limpando a fundo as superf\u00edcies da casa. Desengordura a sujidade mais incrustada e \u00e9 eficaz na remo\u00e7\u00e3o do calc\u00e1rio. Para al\u00e9m disso, tamb\u00e9m remove as manchas\u2026","rel":"","context":"Similar post","img":{"alt_text":"","src":"https:\/\/i0.wp.com\/mundo.seashell.pt\/wp-content\/uploads\/2022\/02\/NEOBLANC_GENTIL_SPRAY_TIRA-NODOAS_700ML_8001480703001.png?resize=350%2C200&ssl=1","width":350,"height":200},"classes":[]},{"id":6363,"url":"https:\/\/mundo.seashell.pt\/?product=sonasol-gel-casa-de-banho-125l","url_meta":{"origin":6385,"position":5},"title":"Sonasol Gel Casa de Banho 1,25L","date":"Fevereiro 23, 2022","format":false,"excerpt":"sol gel para casa de banho assegura-lhe uma limpeza perfeita, poder anticalc\u00e1rio e mais brilho nas superf\u00edcies de casa de banho, pois adere eficazmente \u00e0s paredes dos lavat\u00f3rios, banheira ou qualquer outra superf\u00edcie que possa ter calc\u00e1rio, garantindo higiene desde a primeria passagem.Benef\u00edcios: - Detergente para limpeza ...","rel":"","context":"Similar post","img":{"alt_text":"","src":"https:\/\/i0.wp.com\/mundo.seashell.pt\/wp-content\/uploads\/2022\/02\/SONASOL_CASA_DE_BANHO_1L250_8410436339551.png?resize=350%2C200&ssl=1","width":350,"height":200},"classes":[]}],"_links":{"self":[{"href":"https:\/\/mundo.seashell.pt\/index.php?rest_route=\/wp\/v2\/product\/6385","targetHints":{"allow":["GET"]}}],"collection":[{"href":"https:\/\/mundo.seashell.pt\/index.php?rest_route=\/wp\/v2\/product"}],"about":[{"href":"https:\/\/mundo.seashell.pt\/index.php?rest_route=\/wp\/v2\/types\/product"}],"wp:featuredmedia":[{"embeddable":true,"href":"https:\/\/mundo.seashell.pt\/index.php?rest_route=\/wp\/v2\/media\/6386"}],"wp:attachment":[{"href":"https:\/\/mundo.seashell.pt\/index.php?rest_route=%2Fwp%2Fv2%2Fmedia&parent=6385"}],"wp:term":[{"taxonomy":"product_cat","embeddable":true,"href":"https:\/\/mundo.seashell.pt\/index.php?rest_route=%2Fwp%2Fv2%2Fproduct_cat&post=6385"},{"taxonomy":"product_tag","embeddable":true,"href":"https:\/\/mundo.seashell.pt\/index.php?rest_route=%2Fwp%2Fv2%2Fproduct_tag&post=6385"}],"curies":[{"name":"wp","href":"https:\/\/api.w.org\/{rel}","templated":true}]}}