{"id":6383,"date":"2022-02-23T11:59:19","date_gmt":"2022-02-23T11:59:19","guid":{"rendered":"https:\/\/mundo.seashell.pt\/?post_type=product&#038;p=6383"},"modified":"2022-02-23T11:59:22","modified_gmt":"2022-02-23T11:59:22","slug":"ajax-multiusos-com-lixivia-05l","status":"publish","type":"product","link":"https:\/\/mundo.seashell.pt\/?product=ajax-multiusos-com-lixivia-05l","title":{"rendered":"Ajax Multiusos com Lix\u00edvia 500ml"},"content":{"rendered":"<p>Ajax ajuda na limpeza da casa. Deixa as suas superf\u00edcies limpas e brilhantes facilmente!<\/p>\n<p>Elimina 100% das bact\u00e9rias;<\/p>\n<p>Limpeza imediata e profunda.<\/p><\/p>\n","protected":false},"excerpt":{"rendered":"<p>Ajax ajuda na limpeza da casa. Deixa as suas superf\u00edcies limpas e brilhantes facilmente!<br \/>\nElimina 100% das bact\u00e9rias;<br \/>\nLimpeza imediata e profunda.<\/p>\n","protected":false},"featured_media":6384,"template":"","meta":{"spay_email":""},"product_cat":[15],"product_tag":[],"class_list":{"0":"post-6383","1":"product","2":"type-product","3":"status-publish","4":"has-post-thumbnail","6":"product_cat-sem-categoria","8":"first","9":"instock","10":"taxable","11":"shipping-taxable","12":"purchasable","13":"product-type-simple"},"acf":[],"jetpack-related-posts":[{"id":6259,"url":"https:\/\/mundo.seashell.pt\/?product=ajax-multiusos-desinfetante-500ml","url_meta":{"origin":6383,"position":0},"title":"Ajax Multiusos Desinfetante 500ml","date":"Fevereiro 23, 2022","format":false,"excerpt":"Ajax ajuda na limpeza da casa. Deixa as suas superf\u00edcies limpas e brilhantes facilmente!Benef\u00edcios: - Elimina 100% das bact\u00e9rias;- Limpeza imediata e profunda.","rel":"","context":"Similar post","img":{"alt_text":"","src":"https:\/\/i0.wp.com\/mundo.seashell.pt\/wp-content\/uploads\/2022\/02\/Ajax_DESINFECTANTE_SPRAY_500ml_8718951384514.jpeg?resize=350%2C200&ssl=1","width":350,"height":200},"classes":[]},{"id":6263,"url":"https:\/\/mundo.seashell.pt\/?product=ajax-lava-tudo-desinfetante-1l","url_meta":{"origin":6383,"position":1},"title":"Ajax Lava-Tudo Desinfetante 1l","date":"Fevereiro 23, 2022","format":false,"excerpt":"Ajax ajuda na limpeza da casa. Deixa as suas superf\u00edcies limpas e brilhantes facilmente!Benef\u00edcios: - Elimina 100% das bact\u00e9rias;- Limpeza imediata e profunda.","rel":"","context":"Similar post","img":{"alt_text":"","src":"https:\/\/i0.wp.com\/mundo.seashell.pt\/wp-content\/uploads\/2022\/02\/Ajax_Lava_Tudo_DESINFECTANTE_1lt_8718951381599.jpeg?resize=350%2C200&ssl=1","width":350,"height":200},"classes":[]},{"id":6381,"url":"https:\/\/mundo.seashell.pt\/?product=ajax-multiusos-spray-boost-vinagre-e-maca-05l","url_meta":{"origin":6383,"position":2},"title":"Ajax Multiusos Spray Boost Vinagre e Ma\u00e7\u00e3 500ml","date":"Fevereiro 23, 2022","format":false,"excerpt":"Ajax ajuda na limpeza da casa. Deixa as suas superf\u00edcies limpas e brilhantes facilmente! Com ingredientes naturais, Ajax Boost multiusos proporciona uma limpeza profunda deixando as superf\u00edcies brilhantes e com a agrad\u00e1vel fragr\u00e2ncia a ma\u00e7\u00e3 verde. Notas\/Frag\u00e2ncia: Vinagre e Ma\u00e7\u00e3Benef\u00edcios: - Elimina manc...","rel":"","context":"Similar post","img":{"alt_text":"","src":"https:\/\/i0.wp.com\/mundo.seashell.pt\/wp-content\/uploads\/2022\/02\/Ajax_BOOST_Spray_Multiusos_500ml_8718951189881.png?resize=350%2C200&ssl=1","width":350,"height":200},"classes":[]},{"id":6299,"url":"https:\/\/mundo.seashell.pt\/?product=ajax-lava-tudo-festa-das-flores-1l","url_meta":{"origin":6383,"position":3},"title":"Ajax Lava-Tudo Festa das Flores 1l","date":"Fevereiro 23, 2022","format":false,"excerpt":"Ajax ajuda na limpeza da casa. Deixa as suas superf\u00edcies limpas e brilhantes facilmente! Ajax lava tudo multisuperf\u00edcies para uso dom\u00e9stico, com uma nova f\u00f3rmula mais eficaz e a pensar no nosso planeta. Adicione agrad\u00e1veis aromas florais a todas as superf\u00edcies brilhantes com o lava tudo multisuperf\u00edcies Ajax festa de\u2026","rel":"","context":"Similar post","img":{"alt_text":"","src":"https:\/\/i0.wp.com\/mundo.seashell.pt\/wp-content\/uploads\/2022\/02\/Ajax_Festa_Flores_Floral_1_litro_8718951337688.png?resize=350%2C200&ssl=1","width":350,"height":200},"classes":[]},{"id":6385,"url":"https:\/\/mundo.seashell.pt\/?product=ajax-casa-de-banho-anticalcario-05l","url_meta":{"origin":6383,"position":4},"title":"Ajax Casa de Banho Anticalc\u00e1rio 500ml","date":"Fevereiro 23, 2022","format":false,"excerpt":"Garante uma limpeza poderosa que remove a 100% o calc\u00e1rio incrustrado nas torneiras, duche, lavat\u00f3rios, azulejos e outras \u00e1reas.Benef\u00edcios:","rel":"","context":"Similar post","img":{"alt_text":"","src":"https:\/\/i0.wp.com\/mundo.seashell.pt\/wp-content\/uploads\/2022\/02\/Ajax_WC_Anti_Calca_rio_SPRAY_500ml_8718951282728.png?resize=350%2C200&ssl=1","width":350,"height":200},"classes":[]},{"id":6175,"url":"https:\/\/mundo.seashell.pt\/?product=pano-micronquick-5-panos","url_meta":{"origin":6383,"position":5},"title":"Pano MicronQuick (5 panos)","date":"Fevereiro 23, 2022","format":false,"excerpt":"MicronQuick Um rendimento de limpeza superior todos os dias Com o pano MicronQuick, que pode ser lavado na m\u00e1quina, pode economizar tempo na limpeza di\u00e1ria. O nosso pano MicronQuick est\u00e1 feito de microfibras patenteadas, alcan\u00e7ando um desempenho de limpeza superior mesmo em estruturas microsc\u00f3picas. ...","rel":"","context":"Similar post","img":{"alt_text":"","src":"https:\/\/i0.wp.com\/mundo.seashell.pt\/wp-content\/uploads\/2022\/02\/01-wiping-01-microfibre-cloths-12-micron-quick-micronquick-portrait-580x550_PhotoRoom_20210418_123240.jpg?resize=350%2C200&ssl=1","width":350,"height":200},"classes":[]}],"_links":{"self":[{"href":"https:\/\/mundo.seashell.pt\/index.php?rest_route=\/wp\/v2\/product\/6383","targetHints":{"allow":["GET"]}}],"collection":[{"href":"https:\/\/mundo.seashell.pt\/index.php?rest_route=\/wp\/v2\/product"}],"about":[{"href":"https:\/\/mundo.seashell.pt\/index.php?rest_route=\/wp\/v2\/types\/product"}],"wp:featuredmedia":[{"embeddable":true,"href":"https:\/\/mundo.seashell.pt\/index.php?rest_route=\/wp\/v2\/media\/6384"}],"wp:attachment":[{"href":"https:\/\/mundo.seashell.pt\/index.php?rest_route=%2Fwp%2Fv2%2Fmedia&parent=6383"}],"wp:term":[{"taxonomy":"product_cat","embeddable":true,"href":"https:\/\/mundo.seashell.pt\/index.php?rest_route=%2Fwp%2Fv2%2Fproduct_cat&post=6383"},{"taxonomy":"product_tag","embeddable":true,"href":"https:\/\/mundo.seashell.pt\/index.php?rest_route=%2Fwp%2Fv2%2Fproduct_tag&post=6383"}],"curies":[{"name":"wp","href":"https:\/\/api.w.org\/{rel}","templated":true}]}}