{"id":6379,"date":"2022-02-23T11:59:15","date_gmt":"2022-02-23T11:59:15","guid":{"rendered":"https:\/\/mundo.seashell.pt\/?post_type=product&#038;p=6379"},"modified":"2022-02-23T11:59:17","modified_gmt":"2022-02-23T11:59:17","slug":"cif-anticalcario-spray-043l","status":"publish","type":"product","link":"https:\/\/mundo.seashell.pt\/?product=cif-anticalcario-spray-043l","title":{"rendered":"Cif Anticalc\u00e1rio Spray 430ml"},"content":{"rendered":"<p>Cif Perfect Finish remove bolores foi desenvolvido cientificamente para remover manchas de bolor, podendo ser utilizado em diferentes superf\u00edcies tais como banheiras, sanitas, azuleijos e argamassa, deixando as superf\u00edcies no seu melhor.<\/p>\n<h3>Benef\u00edcios:<\/h3>\n<p>&#8211; 100% remo\u00e7\u00e3o de manchas de bolor.<\/p>\n<h3>Conselhos de utiliza\u00e7\u00e3o:<\/h3>\n<p>Pressione o fecho de seguran\u00e7a enquanto gira o bocal do spray para a posi\u00e7\u00e3o de utiliza\u00e7\u00e3o. Pulverize uniformemente a uma dist\u00e2ncia de 10 a 15cm da superf\u00edcie. Deixe atuar entre 15 a 20 minutos, enxuaguando de seguida a \u00e1rea abrangida com \u00e1gua. N\u00e3o remover o bolor antes de pulverizar a superf\u00edcie, de forma a prevenir a dispers\u00e3o de esporos. As superf\u00edcies n\u00e3o dever\u00e3o ser excessivamente molhadas, mas levemente pulverizadas. A pulveriza\u00e7\u00e3o excessiva do produto deve ser evitada. Ap\u00f3s utiliza\u00e7\u00e3o, volte a colocar na posi\u00e7\u00e3o de seguran\u00e7a &#8220;stop&#8221;.<\/p>\n<p><\/p>\n","protected":false},"excerpt":{"rendered":"<p>Cif Perfect Finish remove bolores foi desenvolvido cientificamente para remover manchas de bolor, podendo ser utilizado em diferentes superf\u00edcies tais como banheiras, sanitas, azuleijos e argamassa, deixando as superf\u00edcies no seu melhor.Benef\u00edcios:<\/p>\n<p>&#8211; 100% remo\u00e7\u00e3o de manchas de bolor.<br \/>\nConselhos de utiliza\u00e7\u00e3o:<br \/>\nP&#8230;<\/p>\n","protected":false},"featured_media":6380,"template":"","meta":{"spay_email":""},"product_cat":[15],"product_tag":[],"class_list":{"0":"post-6379","1":"product","2":"type-product","3":"status-publish","4":"has-post-thumbnail","6":"product_cat-sem-categoria","8":"first","9":"instock","10":"taxable","11":"shipping-taxable","12":"purchasable","13":"product-type-simple"},"acf":[],"jetpack-related-posts":[{"id":6441,"url":"https:\/\/mundo.seashell.pt\/?product=cif-spray-anti-bolores-0435l","url_meta":{"origin":6379,"position":0},"title":"CIF Spray Anti-Bolores 435ml","date":"Fevereiro 23, 2022","format":false,"excerpt":"Cif Perfect Finish remove bolores foi desenvolvido cientificamente para remover manchas de bolor, podendo ser utilizado em diferentes superf\u00edcies tais como banheiras, sanitas, azuleijos e argamassa, deixando as superf\u00edcies no seu melhor. Benef\u00edcios: - 100% remo\u00e7\u00e3o de manchas de bolor. Conselhos de utiliza\u00e7\u00e3o: P...","rel":"","context":"Similar post","img":{"alt_text":"","src":"https:\/\/i0.wp.com\/mundo.seashell.pt\/wp-content\/uploads\/2022\/02\/CIF_SPRAY_ANTI_BOLORES_-_435ml_8710447376201-1.png?resize=350%2C200&ssl=1","width":350,"height":200},"classes":[]},{"id":6443,"url":"https:\/\/mundo.seashell.pt\/?product=cillit-bang-bolores-e-sujidade-05l","url_meta":{"origin":6379,"position":1},"title":"Cillit Bang Bolores e Sujidade 500ml","date":"Fevereiro 23, 2022","format":false,"excerpt":"A poderosa f\u00f3rmula de Cillit Bang spray limpeza bolor e sujidade elimina rapidamente as manchas de bolor e a sujidade mais incrustada sem necessidade de esfregar, sendo o seu aliado para as zonas com humidade e onde o bolor prevalece. Come\u00e7a a limpeza em 20 segundos e desinfeta em 15\u2026","rel":"","context":"Similar post","img":{"alt_text":"","src":"https:\/\/i0.wp.com\/mundo.seashell.pt\/wp-content\/uploads\/2022\/02\/CILLIT_BANG_Bolor___Suj_500ML_x12__8_P__5601217132659.png?resize=350%2C200&ssl=1","width":350,"height":200},"classes":[]},{"id":6405,"url":"https:\/\/mundo.seashell.pt\/?product=cif-spray-cozinhas-075l","url_meta":{"origin":6379,"position":2},"title":"CIF Spray Cozinhas 750ml","date":"Fevereiro 23, 2022","format":false,"excerpt":"Desde sempre que a preocupa\u00e7\u00e3o com o resultado final, tem sido a constante da marca Cif. Com conhecimento profundo da sujidade e das superf\u00edcies, desenvolve os melhores produtos de limpeza, para os consumidores mais exigentes. Dentro do universo dos detergentes, Cif apresenta uma gama bastante alargada e diversificada, capaz de\u2026","rel":"","context":"Similar post","img":{"alt_text":"","src":"https:\/\/i0.wp.com\/mundo.seashell.pt\/wp-content\/uploads\/2022\/02\/CIF_SPRAY_COZINHA_-_750ml_8712561142342.png?resize=350%2C200&ssl=1","width":350,"height":200},"classes":[]},{"id":6377,"url":"https:\/\/mundo.seashell.pt\/?product=cif-multiusos-com-lixivia-075l","url_meta":{"origin":6379,"position":3},"title":"Cif Multiusos com L\u00edx\u00edvia 750ml","date":"Fevereiro 23, 2022","format":false,"excerpt":"As poderosas mol\u00e9culas do Cif spray Power & Shine multiusos com lix\u00edvia limpam instant\u00e2nea e profundamente, eliminando os diferentes tipos de sujidade da casa. Deixa a sua casa brilhante e higienicamente limpa, sem manchas nem marcas de \u00e1gua. Remove at\u00e9 100% das manchas de bolor e gordura.Benef\u00edcios: - 100% remo\u00e7\u00e3o\u2026","rel":"","context":"Similar post","img":{"alt_text":"","src":"https:\/\/i0.wp.com\/mundo.seashell.pt\/wp-content\/uploads\/2022\/02\/CIF_SPRAY_MULTI_C__LIXI_VIA_-_750ml_8710908859502.png?resize=350%2C200&ssl=1","width":350,"height":200},"classes":[]},{"id":6413,"url":"https:\/\/mundo.seashell.pt\/?product=cif-spray-inox-043l","url_meta":{"origin":6379,"position":4},"title":"CIF Spray Inox 430ml","date":"Fevereiro 23, 2022","format":false,"excerpt":"Cif Perfect Finish inox foi desenvolvido cientificamente para remover manchas dif\u00edceis como dedadas, marcas de \u00e1gua e gordura. Garante 100% brilho sem manchas em superf\u00edcies de inox. Benef\u00edcios: - 100% de brilho sem manchas. Conselhos de utiliza\u00e7\u00e3o: Pressione o fecho de seguran\u00e7a enquanto gira o bocal do spray ...","rel":"","context":"Similar post","img":{"alt_text":"","src":"https:\/\/i0.wp.com\/mundo.seashell.pt\/wp-content\/uploads\/2022\/02\/CIF_SPRAY_INOX_-_435ml_8710447376324.png?resize=350%2C200&ssl=1","width":350,"height":200},"classes":[]},{"id":6409,"url":"https:\/\/mundo.seashell.pt\/?product=cif-ultra-desengordurante-05l","url_meta":{"origin":6379,"position":5},"title":"CIF Ultra Desengordurante 500ml","date":"Fevereiro 23, 2022","format":false,"excerpt":"ra\u00e7as \u00e0 sua f\u00f3rmula exclusiva multi active system, Cif ultra desengordurante, com agentes de limpeza, garante uma a\u00e7\u00e3o poderosa a desengordurar mesmo sobre as gorduras mais dif\u00edceis. Conta ainda com uma agrad\u00e1vel frag\u00e2ncia de sab\u00e3o de Marselha.Benef\u00edcios: - Ultra poderoso a remover a gordura;- Indicado para uso dentro e fo...","rel":"","context":"Similar post","img":{"alt_text":"","src":"https:\/\/i0.wp.com\/mundo.seashell.pt\/wp-content\/uploads\/2022\/02\/CIF_SPRAY_ULTRA_DESENGORDURANTE_-_500ml_8710908796128.png?resize=350%2C200&ssl=1","width":350,"height":200},"classes":[]}],"_links":{"self":[{"href":"https:\/\/mundo.seashell.pt\/index.php?rest_route=\/wp\/v2\/product\/6379","targetHints":{"allow":["GET"]}}],"collection":[{"href":"https:\/\/mundo.seashell.pt\/index.php?rest_route=\/wp\/v2\/product"}],"about":[{"href":"https:\/\/mundo.seashell.pt\/index.php?rest_route=\/wp\/v2\/types\/product"}],"wp:featuredmedia":[{"embeddable":true,"href":"https:\/\/mundo.seashell.pt\/index.php?rest_route=\/wp\/v2\/media\/6380"}],"wp:attachment":[{"href":"https:\/\/mundo.seashell.pt\/index.php?rest_route=%2Fwp%2Fv2%2Fmedia&parent=6379"}],"wp:term":[{"taxonomy":"product_cat","embeddable":true,"href":"https:\/\/mundo.seashell.pt\/index.php?rest_route=%2Fwp%2Fv2%2Fproduct_cat&post=6379"},{"taxonomy":"product_tag","embeddable":true,"href":"https:\/\/mundo.seashell.pt\/index.php?rest_route=%2Fwp%2Fv2%2Fproduct_tag&post=6379"}],"curies":[{"name":"wp","href":"https:\/\/api.w.org\/{rel}","templated":true}]}}