{"id":6377,"date":"2022-02-23T11:59:12","date_gmt":"2022-02-23T11:59:12","guid":{"rendered":"https:\/\/mundo.seashell.pt\/?post_type=product&#038;p=6377"},"modified":"2022-02-23T11:59:14","modified_gmt":"2022-02-23T11:59:14","slug":"cif-multiusos-com-lixivia-075l","status":"publish","type":"product","link":"https:\/\/mundo.seashell.pt\/?product=cif-multiusos-com-lixivia-075l","title":{"rendered":"Cif Multiusos com L\u00edx\u00edvia 750ml"},"content":{"rendered":"<p>As poderosas mol\u00e9culas do Cif spray Power &#038; Shine multiusos com lix\u00edvia limpam instant\u00e2nea e profundamente, eliminando os diferentes tipos de sujidade da casa. Deixa a sua casa brilhante e higienicamente limpa, sem manchas nem marcas de \u00e1gua. Remove at\u00e9 100% das manchas de bolor e gordura.<\/p>\n<h3>Benef\u00edcios:<\/h3>\n<p>&#8211; 100% remo\u00e7\u00e3o de sujidade entranhada;<br \/>&#8211; 100% brilho sem manchas;<br \/>&#8211; Com o poder da lix\u00edvia.<\/p>\n<h3>Conselhos de utiliza\u00e7\u00e3o:<\/h3>\n<p>Para alcan\u00e7ar 100% de higiene e brilho sem manchas, aplique na superf\u00edcie. Deixe atuar durante alguns segundos. Passe de seguida com um pano h\u00famido.<\/p>\n<p><\/p>\n","protected":false},"excerpt":{"rendered":"<p>As poderosas mol\u00e9culas do Cif spray Power &#038; Shine multiusos com lix\u00edvia limpam instant\u00e2nea e profundamente, eliminando os diferentes tipos de sujidade da casa. Deixa a sua casa brilhante e higienicamente limpa, sem manchas nem marcas de \u00e1gua. Remove at\u00e9 100% das manchas de bolor e gordura.Benef\u00edcios:<br \/>\n&#8211; 100% remo\u00e7\u00e3o de sujidade&#8230;<\/p>\n","protected":false},"featured_media":6378,"template":"","meta":{"spay_email":""},"product_cat":[15],"product_tag":[],"class_list":{"0":"post-6377","1":"product","2":"type-product","3":"status-publish","4":"has-post-thumbnail","6":"product_cat-sem-categoria","8":"first","9":"instock","10":"taxable","11":"shipping-taxable","12":"purchasable","13":"product-type-simple"},"acf":[],"jetpack-related-posts":[{"id":6405,"url":"https:\/\/mundo.seashell.pt\/?product=cif-spray-cozinhas-075l","url_meta":{"origin":6377,"position":0},"title":"CIF Spray Cozinhas 750ml","date":"Fevereiro 23, 2022","format":false,"excerpt":"Desde sempre que a preocupa\u00e7\u00e3o com o resultado final, tem sido a constante da marca Cif. Com conhecimento profundo da sujidade e das superf\u00edcies, desenvolve os melhores produtos de limpeza, para os consumidores mais exigentes. Dentro do universo dos detergentes, Cif apresenta uma gama bastante alargada e diversificada, capaz de\u2026","rel":"","context":"Similar post","img":{"alt_text":"","src":"https:\/\/i0.wp.com\/mundo.seashell.pt\/wp-content\/uploads\/2022\/02\/CIF_SPRAY_COZINHA_-_750ml_8712561142342.png?resize=350%2C200&ssl=1","width":350,"height":200},"classes":[]},{"id":6343,"url":"https:\/\/mundo.seashell.pt\/?product=cif-limpa-vidros-power-shine-075l","url_meta":{"origin":6377,"position":1},"title":"Cif Limpa Vidros Power &#038; Shine  750ml","date":"Fevereiro 23, 2022","format":false,"excerpt":"Cif Power & Shine vidros remove facilmente marcas de \u00e1gua e manchas das janelas e superf\u00edcies vidradas, assim como as torna repelentes \u00e0 \u00e1gua. Isto previne que as gotas de \u00e1gua adiram \u00e0s superf\u00edcies, para poder desfrutar as suas superf\u00edcies brilhantes por mais tempo.Benef\u00edcios: - Brilho sem manchas;- Remove dedadas\u2026","rel":"","context":"Similar post","img":{"alt_text":"","src":"https:\/\/i0.wp.com\/mundo.seashell.pt\/wp-content\/uploads\/2022\/02\/CIF_SPRAY_LIMPA_VIDROS_-_750ml_8714100508022.png?resize=350%2C200&ssl=1","width":350,"height":200},"classes":[]},{"id":7086,"url":"https:\/\/mundo.seashell.pt\/?product=cillit-bang-multisuperficies-spray-lixivia-e-higiene-750ml","url_meta":{"origin":6377,"position":2},"title":"Cillit Bang Multisuperf\u00edcies Spray Lix\u00edvia e Higiene 750ml","date":"Fevereiro 23, 2022","format":false,"excerpt":"Cillit Bang, uma solu\u00e7\u00e3o eficaz para todo o tipo de sujidade!Descri\u00e7\u00e3o: Cillit Bang spray limpeza lix\u00edvia e higiene tem uma poderosa f\u00f3rmula que combina hipoclorito de s\u00f3dio com agentes de limpeza para obter resultados imbat\u00edveis. Higieniza todas as superf\u00edcies enquanto os agentes de limpeza removem as manchas mais incrust...","rel":"","context":"Similar post","img":{"alt_text":"","src":"https:\/\/i0.wp.com\/mundo.seashell.pt\/wp-content\/uploads\/2022\/02\/6984295-frente.jpeg?resize=350%2C200&ssl=1","width":350,"height":200},"classes":[]},{"id":6365,"url":"https:\/\/mundo.seashell.pt\/?product=cif-spary-casa-de-banho-07l","url_meta":{"origin":6377,"position":3},"title":"Cif Spary Power &#038; Shine Casa de Banho 750ml","date":"Fevereiro 23, 2022","format":false,"excerpt":"Cif Power & Shine casa de banho \u00e9 a garantia de remo\u00e7\u00e3o total de restos de sab\u00e3o e calc\u00e1rio, com um brilho perfeito. Previne que a \u00e1gua, o sab\u00e3o e o calc\u00e1rio n\u00e3o adiram aos azulejos e \u00e0s superf\u00edcies, tornando-as resistentes \u00e0 sujidade. Benef\u00edcios: - 100% remo\u00e7\u00e3o de calc\u00e1rio e\u2026","rel":"","context":"Similar post","img":{"alt_text":"","src":"https:\/\/i0.wp.com\/mundo.seashell.pt\/wp-content\/uploads\/2022\/02\/CIF_SPRAY_CASA_DE_BANHO_-_750ml_8712561142373.png?resize=350%2C200&ssl=1","width":350,"height":200},"classes":[]},{"id":6303,"url":"https:\/\/mundo.seashell.pt\/?product=cif-gel-com-lixivia-750ml","url_meta":{"origin":6377,"position":4},"title":"CIF Gel com Lix\u00edvia 750ml","date":"Fevereiro 23, 2022","format":false,"excerpt":"Cif \u00e9 a certeza de uma limpeza perfeita e com muito brilho. Cif gel ativo com lix\u00edvia desengordura, elimina sem esfor\u00e7o a sujidade dif\u00edcil e limpa em profundidade, fazendo brilhar todas as superf\u00edcies.Benef\u00edcios: - Limpeza profunda;- Remo\u00e7\u00e3o da sujidade mais dif\u00edcil. Conselhos de utiliza\u00e7\u00e3o: Uso dil...","rel":"","context":"Similar post","img":{"alt_text":"","src":"https:\/\/i0.wp.com\/mundo.seashell.pt\/wp-content\/uploads\/2022\/02\/CIF_GEL_ATIVO_C__LIXI_VIA_-_750ml_5601068014494.png?resize=350%2C200&ssl=1","width":350,"height":200},"classes":[]},{"id":6305,"url":"https:\/\/mundo.seashell.pt\/?product=cif-gel-com-lixivia-14l","url_meta":{"origin":6377,"position":5},"title":"CIF Gel com Lix\u00edvia 1,4l","date":"Fevereiro 23, 2022","format":false,"excerpt":"Cif \u00e9 a certeza de uma limpeza perfeita e com muito brilho. Cif gel ativo com lix\u00edvia desengordura, elimina sem esfor\u00e7o a sujidade dif\u00edcil e limpa em profundidade, fazendo brilhar todas as superf\u00edcies.Benef\u00edcios: - Limpeza profunda;- Remo\u00e7\u00e3o da sujidade mais dif\u00edcil. Conselhos de utiliza\u00e7\u00e3o: Uso ...","rel":"","context":"Similar post","img":{"alt_text":"","src":"https:\/\/i0.wp.com\/mundo.seashell.pt\/wp-content\/uploads\/2022\/02\/CIF_GEL_ATIVO_C__LIXI_VIA_-_1_4L_8710908095375.png?resize=350%2C200&ssl=1","width":350,"height":200},"classes":[]}],"_links":{"self":[{"href":"https:\/\/mundo.seashell.pt\/index.php?rest_route=\/wp\/v2\/product\/6377","targetHints":{"allow":["GET"]}}],"collection":[{"href":"https:\/\/mundo.seashell.pt\/index.php?rest_route=\/wp\/v2\/product"}],"about":[{"href":"https:\/\/mundo.seashell.pt\/index.php?rest_route=\/wp\/v2\/types\/product"}],"wp:featuredmedia":[{"embeddable":true,"href":"https:\/\/mundo.seashell.pt\/index.php?rest_route=\/wp\/v2\/media\/6378"}],"wp:attachment":[{"href":"https:\/\/mundo.seashell.pt\/index.php?rest_route=%2Fwp%2Fv2%2Fmedia&parent=6377"}],"wp:term":[{"taxonomy":"product_cat","embeddable":true,"href":"https:\/\/mundo.seashell.pt\/index.php?rest_route=%2Fwp%2Fv2%2Fproduct_cat&post=6377"},{"taxonomy":"product_tag","embeddable":true,"href":"https:\/\/mundo.seashell.pt\/index.php?rest_route=%2Fwp%2Fv2%2Fproduct_tag&post=6377"}],"curies":[{"name":"wp","href":"https:\/\/api.w.org\/{rel}","templated":true}]}}