{"id":6373,"date":"2022-02-23T11:59:08","date_gmt":"2022-02-23T11:59:08","guid":{"rendered":"https:\/\/mundo.seashell.pt\/?post_type=product&#038;p=6373"},"modified":"2022-02-23T11:59:10","modified_gmt":"2022-02-23T11:59:10","slug":"cif-creme-limao-05l","status":"publish","type":"product","link":"https:\/\/mundo.seashell.pt\/?product=cif-creme-limao-05l","title":{"rendered":"Cif Creme Lim\u00e3o 500ml"},"content":{"rendered":"<p>Deixa as superf\u00edcies brilhantes, removendo a sujidade incrustada.<\/p>\n<p>Cif creme de lim\u00e3o com microcristais remove a sujidade a 100% e garante uma limpeza brilhante e um inconfund\u00edvel aroma a lim\u00e3o. Os milh\u00f5es de micropart\u00edculas contidas em cada gota limpam cozinhas, casas de banho e muito mais.<\/p>\n<h3>Notas\/Frag\u00e2ncia:<\/h3>\n<p>Lim\u00e3o<\/p>\n<h3>Benef\u00edcios:<\/h3>\n<p>&#8211; Aroma a lim\u00e3o;<br \/>&#8211; Remove restos de comida queimada;<br \/>&#8211; Remove sujidade incrustada e gordura dif\u00edcil.<\/p>\n<h3>Conselhos de utiliza\u00e7\u00e3o:<\/h3>\n<p>Aplique na superf\u00edcie, utilizando um pano h\u00famido. Em seguida, enxag\u00fae o excesso e limpe suavemente.<\/p>\n<p>Dicas:<\/p>\n<p>Experimente tamb\u00e9m os restantes produtos da gama Cif cremes: lim\u00e3o, pink flowers, ativo com lix\u00edvia e original.<\/p><\/p>\n","protected":false},"excerpt":{"rendered":"<p>Deixa as superf\u00edcies brilhantes, removendo a sujidade incrustada.<br \/>\nCif creme de lim\u00e3o com microcristais remove a sujidade a 100% e garante uma limpeza brilhante e um inconfund\u00edvel aroma a lim\u00e3o. Os milh\u00f5es de micropart\u00edculas contidas em cada gota limpam cozinhas, casas de banho e muito mais.<br \/>\nNotas\/Frag\u00e2ncia:<br \/>\nLim\u00e3o<\/p>\n","protected":false},"featured_media":6374,"template":"","meta":{"spay_email":""},"product_cat":[15],"product_tag":[],"class_list":{"0":"post-6373","1":"product","2":"type-product","3":"status-publish","4":"has-post-thumbnail","6":"product_cat-sem-categoria","8":"first","9":"instock","10":"taxable","11":"shipping-taxable","12":"purchasable","13":"product-type-simple"},"acf":[],"jetpack-related-posts":[{"id":6375,"url":"https:\/\/mundo.seashell.pt\/?product=cif-creme-branco-05l","url_meta":{"origin":6373,"position":0},"title":"Cif Creme Branco 500ml","date":"Fevereiro 23, 2022","format":false,"excerpt":"Deixa as superf\u00edcies brilhantes, removendo a sujidade incrustada. Cif creme original com microcristais remove a sujidade a 100% e garante uma limpeza brilhante e um inconfund\u00edvel aroma a lim\u00e3o. Os milh\u00f5es de micropart\u00edculas contidas em cada gota limpam cozinhas, casas de banho e muito mais.Benef\u00edcios: - Remove restos de...","rel":"","context":"Similar post","img":{"alt_text":"","src":"https:\/\/i0.wp.com\/mundo.seashell.pt\/wp-content\/uploads\/2022\/02\/CIF_CREME_BRANCO_-_500ml_8717163617632.png?resize=350%2C200&ssl=1","width":350,"height":200},"classes":[]},{"id":6371,"url":"https:\/\/mundo.seashell.pt\/?product=cif-creme-ativo-com-lixivia-05l","url_meta":{"origin":6373,"position":1},"title":"Cif Creme Ativo com Lix\u00edvia 500ml","date":"Fevereiro 23, 2022","format":false,"excerpt":"Cif creme com l\u00edxivia desengordura, elimina sem esfor\u00e7o a sujidade dif\u00edcil e limpa em profundidade, fazendo brilhar todas as superf\u00edcies. Gra\u00e7as \u00e0 sua formula com microcristais, remove a sujidade a 100%.Benef\u00edcios: - Remove restos de comida queimada;- Remove sujidade incrustada e gordura dif\u00edcil. Conselhos de utili...","rel":"","context":"Similar post","img":{"alt_text":"","src":"https:\/\/i0.wp.com\/mundo.seashell.pt\/wp-content\/uploads\/2022\/02\/CIF_CREME_ATIVO_C__LIXI_VIA_-_500ml_8717163617656.png?resize=350%2C200&ssl=1","width":350,"height":200},"classes":[]},{"id":6473,"url":"https:\/\/mundo.seashell.pt\/?product=cif-active-gel-06l","url_meta":{"origin":6373,"position":2},"title":"CIF Active Gel 600ml","date":"Fevereiro 23, 2022","format":false,"excerpt":"Descri\u00e7\u00e3o: O detergente de loi\u00e7a manual concentrado Cif remove as gorduras e sujidade mais dif\u00edceis, de forma f\u00e1cil e eficaz. Com extratos de lim\u00e3o e a sua f\u00f3rmula concentrada, deixa a sua loi\u00e7a limpa e brilhante. Tipo de produto: Detergente ManualBenef\u00edcios: '- F\u00f3rmula concentrada;- Excelente at\u00e9 ...","rel":"","context":"Similar post","img":{"alt_text":"","src":"https:\/\/i0.wp.com\/mundo.seashell.pt\/wp-content\/uploads\/2022\/02\/CIF_ACTIVE_GEL_LIMA_O_-_600ML_8720181142284.png?resize=350%2C200&ssl=1","width":350,"height":200},"classes":[]},{"id":6405,"url":"https:\/\/mundo.seashell.pt\/?product=cif-spray-cozinhas-075l","url_meta":{"origin":6373,"position":3},"title":"CIF Spray Cozinhas 750ml","date":"Fevereiro 23, 2022","format":false,"excerpt":"Desde sempre que a preocupa\u00e7\u00e3o com o resultado final, tem sido a constante da marca Cif. Com conhecimento profundo da sujidade e das superf\u00edcies, desenvolve os melhores produtos de limpeza, para os consumidores mais exigentes. Dentro do universo dos detergentes, Cif apresenta uma gama bastante alargada e diversificada, capaz de\u2026","rel":"","context":"Similar post","img":{"alt_text":"","src":"https:\/\/i0.wp.com\/mundo.seashell.pt\/wp-content\/uploads\/2022\/02\/CIF_SPRAY_COZINHA_-_750ml_8712561142342.png?resize=350%2C200&ssl=1","width":350,"height":200},"classes":[]},{"id":6367,"url":"https:\/\/mundo.seashell.pt\/?product=cif-spary-nature-casa-de-banho-075l","url_meta":{"origin":6373,"position":4},"title":"Cif Spary Nature Casa de Banho 750ml","date":"Fevereiro 23, 2022","format":false,"excerpt":"Cif nature desengordurante cozinha ultra desengordurante cont\u00e9m extratos de lim\u00e3o natural. Remove gordura e sujidade da cozinha gra\u00e7as a ingredientes 100% naturalmente derivados. Benef\u00edcios: - Garrafa de pl\u00e1stico 100% reciclado;- Ingredientes 100% naturalmente derivados;- Dermatologicamente testado. Conselhos d...","rel":"","context":"Similar post","img":{"alt_text":"","src":"https:\/\/i0.wp.com\/mundo.seashell.pt\/wp-content\/uploads\/2022\/02\/CIF_SPRAY_NATURE_COZINHA_-_750ml_8000630727317.png?resize=350%2C200&ssl=1","width":350,"height":200},"classes":[]},{"id":6407,"url":"https:\/\/mundo.seashell.pt\/?product=cif-spray-cozinha-desengordurante-natural-075l","url_meta":{"origin":6373,"position":5},"title":"CIF Spray Cozinha Desengordurante Natural 750ml","date":"Fevereiro 23, 2022","format":false,"excerpt":"Cif nature desengordurante cozinha ultra desengordurante cont\u00e9m extratos de lim\u00e3o natural. Remove gordura e sujidade da cozinha gra\u00e7as a ingredientes 100% naturalmente derivados. Benef\u00edcios: - Garrafa de pl\u00e1stico 100% reciclado;- Ingredientes 100% naturalmente derivados;- Dermatologicamente testado. Conselhos d...","rel":"","context":"Similar post","img":{"alt_text":"","src":"https:\/\/i0.wp.com\/mundo.seashell.pt\/wp-content\/uploads\/2022\/02\/CIF_SPRAY_NATURE_COZINHA_-_750ml_8000630727317-1.png?resize=350%2C200&ssl=1","width":350,"height":200},"classes":[]}],"_links":{"self":[{"href":"https:\/\/mundo.seashell.pt\/index.php?rest_route=\/wp\/v2\/product\/6373","targetHints":{"allow":["GET"]}}],"collection":[{"href":"https:\/\/mundo.seashell.pt\/index.php?rest_route=\/wp\/v2\/product"}],"about":[{"href":"https:\/\/mundo.seashell.pt\/index.php?rest_route=\/wp\/v2\/types\/product"}],"wp:featuredmedia":[{"embeddable":true,"href":"https:\/\/mundo.seashell.pt\/index.php?rest_route=\/wp\/v2\/media\/6374"}],"wp:attachment":[{"href":"https:\/\/mundo.seashell.pt\/index.php?rest_route=%2Fwp%2Fv2%2Fmedia&parent=6373"}],"wp:term":[{"taxonomy":"product_cat","embeddable":true,"href":"https:\/\/mundo.seashell.pt\/index.php?rest_route=%2Fwp%2Fv2%2Fproduct_cat&post=6373"},{"taxonomy":"product_tag","embeddable":true,"href":"https:\/\/mundo.seashell.pt\/index.php?rest_route=%2Fwp%2Fv2%2Fproduct_tag&post=6373"}],"curies":[{"name":"wp","href":"https:\/\/api.w.org\/{rel}","templated":true}]}}