{"id":6371,"date":"2022-02-23T11:59:06","date_gmt":"2022-02-23T11:59:06","guid":{"rendered":"https:\/\/mundo.seashell.pt\/?post_type=product&#038;p=6371"},"modified":"2022-02-23T11:59:08","modified_gmt":"2022-02-23T11:59:08","slug":"cif-creme-ativo-com-lixivia-05l","status":"publish","type":"product","link":"https:\/\/mundo.seashell.pt\/?product=cif-creme-ativo-com-lixivia-05l","title":{"rendered":"Cif Creme Ativo com Lix\u00edvia 500ml"},"content":{"rendered":"<p>Cif creme com l\u00edxivia desengordura, elimina sem esfor\u00e7o a sujidade dif\u00edcil e limpa em profundidade, fazendo brilhar todas as superf\u00edcies. Gra\u00e7as \u00e0 sua formula com microcristais, remove a sujidade a 100%.<\/p>\n<h3>Benef\u00edcios:<\/h3>\n<p>&#8211; Remove restos de comida queimada;<br \/>&#8211; Remove sujidade incrustada e gordura dif\u00edcil.<\/p>\n<h3>Conselhos de utiliza\u00e7\u00e3o:<\/h3>\n<p>Aplique nas superf\u00edcies, usando uma esponja ou pano h\u00famido. Depois, basta enxaguar com uma simples passagem.<\/p>\n<p>Dicas:<\/p>\n<p>Experimente tamb\u00e9m os restantes produtos da gama Cif cremes: lim\u00e3o, pink flowers, ativo com lix\u00edvia e original.<\/p>\n","protected":false},"excerpt":{"rendered":"<p>Cif creme com l\u00edxivia desengordura, elimina sem esfor\u00e7o a sujidade dif\u00edcil e limpa em profundidade, fazendo brilhar todas as superf\u00edcies. Gra\u00e7as \u00e0 sua formula com microcristais, remove a sujidade a 100%.Benef\u00edcios:<br \/>\n&#8211; Remove restos de comida queimada;- Remove sujidade incrustada e gordura dif\u00edcil.<br \/>\nConselhos de utili&#8230;<\/p>\n","protected":false},"featured_media":6372,"template":"","meta":{"spay_email":""},"product_cat":[15],"product_tag":[],"class_list":{"0":"post-6371","1":"product","2":"type-product","3":"status-publish","4":"has-post-thumbnail","6":"product_cat-sem-categoria","8":"first","9":"instock","10":"taxable","11":"shipping-taxable","12":"purchasable","13":"product-type-simple"},"acf":[],"jetpack-related-posts":[{"id":6375,"url":"https:\/\/mundo.seashell.pt\/?product=cif-creme-branco-05l","url_meta":{"origin":6371,"position":0},"title":"Cif Creme Branco 500ml","date":"Fevereiro 23, 2022","format":false,"excerpt":"Deixa as superf\u00edcies brilhantes, removendo a sujidade incrustada. Cif creme original com microcristais remove a sujidade a 100% e garante uma limpeza brilhante e um inconfund\u00edvel aroma a lim\u00e3o. Os milh\u00f5es de micropart\u00edculas contidas em cada gota limpam cozinhas, casas de banho e muito mais.Benef\u00edcios: - Remove restos de...","rel":"","context":"Similar post","img":{"alt_text":"","src":"https:\/\/i0.wp.com\/mundo.seashell.pt\/wp-content\/uploads\/2022\/02\/CIF_CREME_BRANCO_-_500ml_8717163617632.png?resize=350%2C200&ssl=1","width":350,"height":200},"classes":[]},{"id":6373,"url":"https:\/\/mundo.seashell.pt\/?product=cif-creme-limao-05l","url_meta":{"origin":6371,"position":1},"title":"Cif Creme Lim\u00e3o 500ml","date":"Fevereiro 23, 2022","format":false,"excerpt":"Deixa as superf\u00edcies brilhantes, removendo a sujidade incrustada. Cif creme de lim\u00e3o com microcristais remove a sujidade a 100% e garante uma limpeza brilhante e um inconfund\u00edvel aroma a lim\u00e3o. Os milh\u00f5es de micropart\u00edculas contidas em cada gota limpam cozinhas, casas de banho e muito mais. Notas\/Frag\u00e2ncia: Lim\u00e3o","rel":"","context":"Similar post","img":{"alt_text":"","src":"https:\/\/i0.wp.com\/mundo.seashell.pt\/wp-content\/uploads\/2022\/02\/CIF_CREME_LIMA_O_-_500ml_8717163617618.png?resize=350%2C200&ssl=1","width":350,"height":200},"classes":[]},{"id":6303,"url":"https:\/\/mundo.seashell.pt\/?product=cif-gel-com-lixivia-750ml","url_meta":{"origin":6371,"position":2},"title":"CIF Gel com Lix\u00edvia 750ml","date":"Fevereiro 23, 2022","format":false,"excerpt":"Cif \u00e9 a certeza de uma limpeza perfeita e com muito brilho. Cif gel ativo com lix\u00edvia desengordura, elimina sem esfor\u00e7o a sujidade dif\u00edcil e limpa em profundidade, fazendo brilhar todas as superf\u00edcies.Benef\u00edcios: - Limpeza profunda;- Remo\u00e7\u00e3o da sujidade mais dif\u00edcil. Conselhos de utiliza\u00e7\u00e3o: Uso dil...","rel":"","context":"Similar post","img":{"alt_text":"","src":"https:\/\/i0.wp.com\/mundo.seashell.pt\/wp-content\/uploads\/2022\/02\/CIF_GEL_ATIVO_C__LIXI_VIA_-_750ml_5601068014494.png?resize=350%2C200&ssl=1","width":350,"height":200},"classes":[]},{"id":6305,"url":"https:\/\/mundo.seashell.pt\/?product=cif-gel-com-lixivia-14l","url_meta":{"origin":6371,"position":3},"title":"CIF Gel com Lix\u00edvia 1,4l","date":"Fevereiro 23, 2022","format":false,"excerpt":"Cif \u00e9 a certeza de uma limpeza perfeita e com muito brilho. Cif gel ativo com lix\u00edvia desengordura, elimina sem esfor\u00e7o a sujidade dif\u00edcil e limpa em profundidade, fazendo brilhar todas as superf\u00edcies.Benef\u00edcios: - Limpeza profunda;- Remo\u00e7\u00e3o da sujidade mais dif\u00edcil. Conselhos de utiliza\u00e7\u00e3o: Uso ...","rel":"","context":"Similar post","img":{"alt_text":"","src":"https:\/\/i0.wp.com\/mundo.seashell.pt\/wp-content\/uploads\/2022\/02\/CIF_GEL_ATIVO_C__LIXI_VIA_-_1_4L_8710908095375.png?resize=350%2C200&ssl=1","width":350,"height":200},"classes":[]},{"id":6301,"url":"https:\/\/mundo.seashell.pt\/?product=cif-liquido-com-lixivia-700ml","url_meta":{"origin":6371,"position":4},"title":"CIF L\u00edquido com Lix\u00edvia 700ml","date":"Fevereiro 23, 2022","format":false,"excerpt":"Cif L\u00edquido Com Lix\u00edvia Cl\u00e1ssico 700ml Pulverize a superf\u00edcie a limpar e passe com um pano limpo e seco.","rel":"","context":"Similar post","img":{"alt_text":"","src":"https:\/\/i0.wp.com\/mundo.seashell.pt\/wp-content\/uploads\/2022\/02\/CIF_LI_QUIDO_ATIVO_C__LIXI_VIA_-_700ml_8717163606858.png?resize=350%2C200&ssl=1","width":350,"height":200},"classes":[]},{"id":6377,"url":"https:\/\/mundo.seashell.pt\/?product=cif-multiusos-com-lixivia-075l","url_meta":{"origin":6371,"position":5},"title":"Cif Multiusos com L\u00edx\u00edvia 750ml","date":"Fevereiro 23, 2022","format":false,"excerpt":"As poderosas mol\u00e9culas do Cif spray Power & Shine multiusos com lix\u00edvia limpam instant\u00e2nea e profundamente, eliminando os diferentes tipos de sujidade da casa. Deixa a sua casa brilhante e higienicamente limpa, sem manchas nem marcas de \u00e1gua. Remove at\u00e9 100% das manchas de bolor e gordura.Benef\u00edcios: - 100% remo\u00e7\u00e3o\u2026","rel":"","context":"Similar post","img":{"alt_text":"","src":"https:\/\/i0.wp.com\/mundo.seashell.pt\/wp-content\/uploads\/2022\/02\/CIF_SPRAY_MULTI_C__LIXI_VIA_-_750ml_8710908859502.png?resize=350%2C200&ssl=1","width":350,"height":200},"classes":[]}],"_links":{"self":[{"href":"https:\/\/mundo.seashell.pt\/index.php?rest_route=\/wp\/v2\/product\/6371","targetHints":{"allow":["GET"]}}],"collection":[{"href":"https:\/\/mundo.seashell.pt\/index.php?rest_route=\/wp\/v2\/product"}],"about":[{"href":"https:\/\/mundo.seashell.pt\/index.php?rest_route=\/wp\/v2\/types\/product"}],"wp:featuredmedia":[{"embeddable":true,"href":"https:\/\/mundo.seashell.pt\/index.php?rest_route=\/wp\/v2\/media\/6372"}],"wp:attachment":[{"href":"https:\/\/mundo.seashell.pt\/index.php?rest_route=%2Fwp%2Fv2%2Fmedia&parent=6371"}],"wp:term":[{"taxonomy":"product_cat","embeddable":true,"href":"https:\/\/mundo.seashell.pt\/index.php?rest_route=%2Fwp%2Fv2%2Fproduct_cat&post=6371"},{"taxonomy":"product_tag","embeddable":true,"href":"https:\/\/mundo.seashell.pt\/index.php?rest_route=%2Fwp%2Fv2%2Fproduct_tag&post=6371"}],"curies":[{"name":"wp","href":"https:\/\/api.w.org\/{rel}","templated":true}]}}