{"id":6369,"date":"2022-02-23T11:58:49","date_gmt":"2022-02-23T11:58:49","guid":{"rendered":"https:\/\/mundo.seashell.pt\/?post_type=product&#038;p=6369"},"modified":"2022-02-23T11:58:52","modified_gmt":"2022-02-23T11:58:52","slug":"cif-gel-casa-de-banho-075l","status":"publish","type":"product","link":"https:\/\/mundo.seashell.pt\/?product=cif-gel-casa-de-banho-075l","title":{"rendered":"Cif Gel Casa de Banho 750ml"},"content":{"rendered":"<p>Cif lava tudo em gel para a casa de banho \u00e9 a certeza de uma limpeza brilhante em toda a casa de banho, atrav\u00e9s da sua a\u00e7\u00e3o anti-calc\u00e1rio.<\/p>\n<h3>Benef\u00edcios:<\/h3>\n<p>&#8211; Limpeza e prote\u00e7\u00e3o.<\/p>\n<h3>Conselhos de utiliza\u00e7\u00e3o:<\/h3>\n<p>Deite duas tampas de produto em meio balde de \u00e1gua. N\u00e3o necessita enxaguar. Para usar puro, deite o produto sobre uma esponja e enxag\u00fae ap\u00f3s utiliza\u00e7\u00e3o<\/p>\n","protected":false},"excerpt":{"rendered":"<p>Cif lava tudo em gel para a casa de banho \u00e9 a certeza de uma limpeza brilhante em toda a casa de banho, atrav\u00e9s da sua a\u00e7\u00e3o anti-calc\u00e1rio.<br \/>\nBenef\u00edcios:<br \/>\n&#8211; Limpeza e prote\u00e7\u00e3o.<br \/>\nConselhos de utiliza\u00e7\u00e3o:<br \/>\nDeite duas tampas de produto em meio balde de \u00e1gua. N\u00e3o necessita enxaguar. Para usar puro, deite o produto sobre &#8230;<\/p>\n","protected":false},"featured_media":6370,"template":"","meta":{"spay_email":""},"product_cat":[15],"product_tag":[],"class_list":{"0":"post-6369","1":"product","2":"type-product","3":"status-publish","4":"has-post-thumbnail","6":"product_cat-sem-categoria","8":"first","9":"instock","10":"taxable","11":"shipping-taxable","12":"purchasable","13":"product-type-simple"},"acf":[],"jetpack-related-posts":[{"id":6303,"url":"https:\/\/mundo.seashell.pt\/?product=cif-gel-com-lixivia-750ml","url_meta":{"origin":6369,"position":0},"title":"CIF Gel com Lix\u00edvia 750ml","date":"Fevereiro 23, 2022","format":false,"excerpt":"Cif \u00e9 a certeza de uma limpeza perfeita e com muito brilho. Cif gel ativo com lix\u00edvia desengordura, elimina sem esfor\u00e7o a sujidade dif\u00edcil e limpa em profundidade, fazendo brilhar todas as superf\u00edcies.Benef\u00edcios: - Limpeza profunda;- Remo\u00e7\u00e3o da sujidade mais dif\u00edcil. Conselhos de utiliza\u00e7\u00e3o: Uso dil...","rel":"","context":"Similar post","img":{"alt_text":"","src":"https:\/\/i0.wp.com\/mundo.seashell.pt\/wp-content\/uploads\/2022\/02\/CIF_GEL_ATIVO_C__LIXI_VIA_-_750ml_5601068014494.png?resize=350%2C200&ssl=1","width":350,"height":200},"classes":[]},{"id":6305,"url":"https:\/\/mundo.seashell.pt\/?product=cif-gel-com-lixivia-14l","url_meta":{"origin":6369,"position":1},"title":"CIF Gel com Lix\u00edvia 1,4l","date":"Fevereiro 23, 2022","format":false,"excerpt":"Cif \u00e9 a certeza de uma limpeza perfeita e com muito brilho. Cif gel ativo com lix\u00edvia desengordura, elimina sem esfor\u00e7o a sujidade dif\u00edcil e limpa em profundidade, fazendo brilhar todas as superf\u00edcies.Benef\u00edcios: - Limpeza profunda;- Remo\u00e7\u00e3o da sujidade mais dif\u00edcil. Conselhos de utiliza\u00e7\u00e3o: Uso ...","rel":"","context":"Similar post","img":{"alt_text":"","src":"https:\/\/i0.wp.com\/mundo.seashell.pt\/wp-content\/uploads\/2022\/02\/CIF_GEL_ATIVO_C__LIXI_VIA_-_1_4L_8710908095375.png?resize=350%2C200&ssl=1","width":350,"height":200},"classes":[]},{"id":6301,"url":"https:\/\/mundo.seashell.pt\/?product=cif-liquido-com-lixivia-700ml","url_meta":{"origin":6369,"position":2},"title":"CIF L\u00edquido com Lix\u00edvia 700ml","date":"Fevereiro 23, 2022","format":false,"excerpt":"Cif L\u00edquido Com Lix\u00edvia Cl\u00e1ssico 700ml Pulverize a superf\u00edcie a limpar e passe com um pano limpo e seco.","rel":"","context":"Similar post","img":{"alt_text":"","src":"https:\/\/i0.wp.com\/mundo.seashell.pt\/wp-content\/uploads\/2022\/02\/CIF_LI_QUIDO_ATIVO_C__LIXI_VIA_-_700ml_8717163606858.png?resize=350%2C200&ssl=1","width":350,"height":200},"classes":[]},{"id":6363,"url":"https:\/\/mundo.seashell.pt\/?product=sonasol-gel-casa-de-banho-125l","url_meta":{"origin":6369,"position":3},"title":"Sonasol Gel Casa de Banho 1,25L","date":"Fevereiro 23, 2022","format":false,"excerpt":"sol gel para casa de banho assegura-lhe uma limpeza perfeita, poder anticalc\u00e1rio e mais brilho nas superf\u00edcies de casa de banho, pois adere eficazmente \u00e0s paredes dos lavat\u00f3rios, banheira ou qualquer outra superf\u00edcie que possa ter calc\u00e1rio, garantindo higiene desde a primeria passagem.Benef\u00edcios: - Detergente para limpeza ...","rel":"","context":"Similar post","img":{"alt_text":"","src":"https:\/\/i0.wp.com\/mundo.seashell.pt\/wp-content\/uploads\/2022\/02\/SONASOL_CASA_DE_BANHO_1L250_8410436339551.png?resize=350%2C200&ssl=1","width":350,"height":200},"classes":[]},{"id":6319,"url":"https:\/\/mundo.seashell.pt\/?product=domestos-lixivia-espessa-075l","url_meta":{"origin":6369,"position":4},"title":"Domestos Lix\u00edvia Espessa 750ml","date":"Fevereiro 23, 2022","format":false,"excerpt":"Domestos lix\u00edvia espessa foi desenvolvida para garantir um prote\u00e7\u00e3o mais duradoura contra os germes, juntamente com um a\u00e7\u00e3o de limpeza profunda. Tipo de produto: Lix\u00edvia Gel Benef\u00edcios: - Desinfecta, limpa e d\u00e1 frescura;- Prote\u00e7\u00e3o e elimina\u00e7\u00e3o mais duradoura de germes;- Remo\u00e7\u00e3o de manchas. Conse...","rel":"","context":"Similar post","img":{"alt_text":"","src":"https:\/\/i0.wp.com\/mundo.seashell.pt\/wp-content\/uploads\/2022\/02\/DOMESTOS_LIXI_VIA_ESPESSA_-_750ml_8410437001082.png?resize=350%2C200&ssl=1","width":350,"height":200},"classes":[]},{"id":6297,"url":"https:\/\/mundo.seashell.pt\/?product=cif-lava-tudo-14l","url_meta":{"origin":6369,"position":5},"title":"CIF Lava-Tudo 1,4l","date":"Fevereiro 23, 2022","format":false,"excerpt":"Cif \u00e9 a certeza de uma limpeza perfeita e com muito brilho. Cif lava tudo marinho n\u00e3o possui apenas uma f\u00f3rmula \u00fanica que combate a sujidade mais dif\u00edcil, mas oferece resultados brilhantes numa variedade de pisos, deixando um aroma revigorante e um brilho \u00fanico. Limpa profundamente pisos laminados, vinil, lin\u00f3leo,\u2026","rel":"","context":"Similar post","img":{"alt_text":"","src":"https:\/\/i0.wp.com\/mundo.seashell.pt\/wp-content\/uploads\/2022\/02\/CIF_LI_QUIDO_LIMA_O_VERDE_-_1_4L_8710908095467.png?resize=350%2C200&ssl=1","width":350,"height":200},"classes":[]}],"_links":{"self":[{"href":"https:\/\/mundo.seashell.pt\/index.php?rest_route=\/wp\/v2\/product\/6369","targetHints":{"allow":["GET"]}}],"collection":[{"href":"https:\/\/mundo.seashell.pt\/index.php?rest_route=\/wp\/v2\/product"}],"about":[{"href":"https:\/\/mundo.seashell.pt\/index.php?rest_route=\/wp\/v2\/types\/product"}],"wp:featuredmedia":[{"embeddable":true,"href":"https:\/\/mundo.seashell.pt\/index.php?rest_route=\/wp\/v2\/media\/6370"}],"wp:attachment":[{"href":"https:\/\/mundo.seashell.pt\/index.php?rest_route=%2Fwp%2Fv2%2Fmedia&parent=6369"}],"wp:term":[{"taxonomy":"product_cat","embeddable":true,"href":"https:\/\/mundo.seashell.pt\/index.php?rest_route=%2Fwp%2Fv2%2Fproduct_cat&post=6369"},{"taxonomy":"product_tag","embeddable":true,"href":"https:\/\/mundo.seashell.pt\/index.php?rest_route=%2Fwp%2Fv2%2Fproduct_tag&post=6369"}],"curies":[{"name":"wp","href":"https:\/\/api.w.org\/{rel}","templated":true}]}}