{"id":6365,"date":"2022-02-23T11:58:44","date_gmt":"2022-02-23T11:58:44","guid":{"rendered":"https:\/\/mundo.seashell.pt\/?post_type=product&#038;p=6365"},"modified":"2022-02-23T11:58:46","modified_gmt":"2022-02-23T11:58:46","slug":"cif-spary-casa-de-banho-07l","status":"publish","type":"product","link":"https:\/\/mundo.seashell.pt\/?product=cif-spary-casa-de-banho-07l","title":{"rendered":"Cif Spary Power &#038; Shine Casa de Banho 750ml"},"content":{"rendered":"<p>Cif Power &#038; Shine casa de banho \u00e9 a garantia de remo\u00e7\u00e3o total de restos de sab\u00e3o e calc\u00e1rio, com um brilho perfeito. Previne que a \u00e1gua, o sab\u00e3o e o calc\u00e1rio n\u00e3o adiram aos azulejos e \u00e0s superf\u00edcies, tornando-as resistentes \u00e0 sujidade.<\/p>\n<h3>Benef\u00edcios:<\/h3>\n<p>&#8211; 100% remo\u00e7\u00e3o de calc\u00e1rio e sab\u00e3o;<br \/>&#8211; 100% brilho sem manchas;<br \/>&#8211; Torna as suas superf\u00edcies resistentes \u00e0 \u00e1gua e sujidade.<\/p>\n<h3>Conselhos de utiliza\u00e7\u00e3o:<\/h3>\n<p>Borrife a superf\u00edcie, deixe atuar por alguns segundos, limpe e enxag\u00fae. Para resultados mais brilhantes, limpe com um pano seco. Para sujidade mais entranhada, deixe atuar por alguns minutos antes de enxaguar.<\/p>\n<p><\/p>\n","protected":false},"excerpt":{"rendered":"<p>Cif Power &#038; Shine casa de banho \u00e9 a garantia de remo\u00e7\u00e3o total de restos de sab\u00e3o e calc\u00e1rio, com um brilho perfeito. Previne que a \u00e1gua, o sab\u00e3o e o calc\u00e1rio n\u00e3o adiram aos azulejos e \u00e0s superf\u00edcies, tornando-as resistentes \u00e0 sujidade.<br \/>\nBenef\u00edcios:<br \/>\n&#8211; 100% remo\u00e7\u00e3o de calc\u00e1rio e sab\u00e3o;- 100% brilho sem manchas;- Torna as &#8230;<\/p>\n","protected":false},"featured_media":6366,"template":"","meta":{"spay_email":""},"product_cat":[15],"product_tag":[],"class_list":{"0":"post-6365","1":"product","2":"type-product","3":"status-publish","4":"has-post-thumbnail","6":"product_cat-sem-categoria","8":"first","9":"instock","10":"taxable","11":"shipping-taxable","12":"purchasable","13":"product-type-simple"},"acf":[],"jetpack-related-posts":[{"id":6359,"url":"https:\/\/mundo.seashell.pt\/?product=cillit-bang-wc-super-limpeza-05l","url_meta":{"origin":6365,"position":0},"title":"Cillit Bang WC Super Limpeza 500ml","date":"Fevereiro 23, 2022","format":false,"excerpt":"Cillit Bang Spray casa de banho super limpeza \u00e9 ideal para remover, sem esfor\u00e7o, todas as manchas de sujidade da sua casa de banho. A f\u00f3rmula concentrada de Cillit Bang \u00e9 eficaz na remo\u00e7\u00e3o do calc\u00e1rio, manchas de sab\u00e3o e sujidade. A tecnologia \"anti-redeposition\" previne que a sujidade volte. A\u2026","rel":"","context":"Similar post","img":{"alt_text":"","src":"https:\/\/i0.wp.com\/mundo.seashell.pt\/wp-content\/uploads\/2022\/02\/CILLIT_BANG_WC_500ML_X12__8_P__5601217132697.png?resize=350%2C200&ssl=1","width":350,"height":200},"classes":[]},{"id":6353,"url":"https:\/\/mundo.seashell.pt\/?product=viakal-anti-calcario-05l","url_meta":{"origin":6365,"position":1},"title":"Viakal Anti Calc\u00e1rio 500ml","date":"Fevereiro 23, 2022","format":false,"excerpt":"Viakal cl\u00e1ssico \u00e9 ideal para remover at\u00e9 o calc\u00e1rio mais incrustado e limpar restos de sab\u00e3o e marcas de \u00e1gua na casa de banho e cozinha. Se utilizado regularmente, Viakal mant\u00e9m as superf\u00edcies limpas e brilhantes diariamente. A sua f\u00f3rmula especial preserva as superf\u00edcies e ajuda a impedir o reaparecimento\u2026","rel":"","context":"Similar post","img":{"alt_text":"","src":"https:\/\/i0.wp.com\/mundo.seashell.pt\/wp-content\/uploads\/2022\/02\/VIAKAL_500ML_5413149912212.png?resize=350%2C200&ssl=1","width":350,"height":200},"classes":[]},{"id":6343,"url":"https:\/\/mundo.seashell.pt\/?product=cif-limpa-vidros-power-shine-075l","url_meta":{"origin":6365,"position":2},"title":"Cif Limpa Vidros Power &#038; Shine  750ml","date":"Fevereiro 23, 2022","format":false,"excerpt":"Cif Power & Shine vidros remove facilmente marcas de \u00e1gua e manchas das janelas e superf\u00edcies vidradas, assim como as torna repelentes \u00e0 \u00e1gua. Isto previne que as gotas de \u00e1gua adiram \u00e0s superf\u00edcies, para poder desfrutar as suas superf\u00edcies brilhantes por mais tempo.Benef\u00edcios: - Brilho sem manchas;- Remove dedadas\u2026","rel":"","context":"Similar post","img":{"alt_text":"","src":"https:\/\/i0.wp.com\/mundo.seashell.pt\/wp-content\/uploads\/2022\/02\/CIF_SPRAY_LIMPA_VIDROS_-_750ml_8714100508022.png?resize=350%2C200&ssl=1","width":350,"height":200},"classes":[]},{"id":6385,"url":"https:\/\/mundo.seashell.pt\/?product=ajax-casa-de-banho-anticalcario-05l","url_meta":{"origin":6365,"position":3},"title":"Ajax Casa de Banho Anticalc\u00e1rio 500ml","date":"Fevereiro 23, 2022","format":false,"excerpt":"Garante uma limpeza poderosa que remove a 100% o calc\u00e1rio incrustrado nas torneiras, duche, lavat\u00f3rios, azulejos e outras \u00e1reas.Benef\u00edcios:","rel":"","context":"Similar post","img":{"alt_text":"","src":"https:\/\/i0.wp.com\/mundo.seashell.pt\/wp-content\/uploads\/2022\/02\/Ajax_WC_Anti_Calca_rio_SPRAY_500ml_8718951282728.png?resize=350%2C200&ssl=1","width":350,"height":200},"classes":[]},{"id":6303,"url":"https:\/\/mundo.seashell.pt\/?product=cif-gel-com-lixivia-750ml","url_meta":{"origin":6365,"position":4},"title":"CIF Gel com Lix\u00edvia 750ml","date":"Fevereiro 23, 2022","format":false,"excerpt":"Cif \u00e9 a certeza de uma limpeza perfeita e com muito brilho. Cif gel ativo com lix\u00edvia desengordura, elimina sem esfor\u00e7o a sujidade dif\u00edcil e limpa em profundidade, fazendo brilhar todas as superf\u00edcies.Benef\u00edcios: - Limpeza profunda;- Remo\u00e7\u00e3o da sujidade mais dif\u00edcil. Conselhos de utiliza\u00e7\u00e3o: Uso dil...","rel":"","context":"Similar post","img":{"alt_text":"","src":"https:\/\/i0.wp.com\/mundo.seashell.pt\/wp-content\/uploads\/2022\/02\/CIF_GEL_ATIVO_C__LIXI_VIA_-_750ml_5601068014494.png?resize=350%2C200&ssl=1","width":350,"height":200},"classes":[]},{"id":6305,"url":"https:\/\/mundo.seashell.pt\/?product=cif-gel-com-lixivia-14l","url_meta":{"origin":6365,"position":5},"title":"CIF Gel com Lix\u00edvia 1,4l","date":"Fevereiro 23, 2022","format":false,"excerpt":"Cif \u00e9 a certeza de uma limpeza perfeita e com muito brilho. Cif gel ativo com lix\u00edvia desengordura, elimina sem esfor\u00e7o a sujidade dif\u00edcil e limpa em profundidade, fazendo brilhar todas as superf\u00edcies.Benef\u00edcios: - Limpeza profunda;- Remo\u00e7\u00e3o da sujidade mais dif\u00edcil. Conselhos de utiliza\u00e7\u00e3o: Uso ...","rel":"","context":"Similar post","img":{"alt_text":"","src":"https:\/\/i0.wp.com\/mundo.seashell.pt\/wp-content\/uploads\/2022\/02\/CIF_GEL_ATIVO_C__LIXI_VIA_-_1_4L_8710908095375.png?resize=350%2C200&ssl=1","width":350,"height":200},"classes":[]}],"_links":{"self":[{"href":"https:\/\/mundo.seashell.pt\/index.php?rest_route=\/wp\/v2\/product\/6365","targetHints":{"allow":["GET"]}}],"collection":[{"href":"https:\/\/mundo.seashell.pt\/index.php?rest_route=\/wp\/v2\/product"}],"about":[{"href":"https:\/\/mundo.seashell.pt\/index.php?rest_route=\/wp\/v2\/types\/product"}],"wp:featuredmedia":[{"embeddable":true,"href":"https:\/\/mundo.seashell.pt\/index.php?rest_route=\/wp\/v2\/media\/6366"}],"wp:attachment":[{"href":"https:\/\/mundo.seashell.pt\/index.php?rest_route=%2Fwp%2Fv2%2Fmedia&parent=6365"}],"wp:term":[{"taxonomy":"product_cat","embeddable":true,"href":"https:\/\/mundo.seashell.pt\/index.php?rest_route=%2Fwp%2Fv2%2Fproduct_cat&post=6365"},{"taxonomy":"product_tag","embeddable":true,"href":"https:\/\/mundo.seashell.pt\/index.php?rest_route=%2Fwp%2Fv2%2Fproduct_tag&post=6365"}],"curies":[{"name":"wp","href":"https:\/\/api.w.org\/{rel}","templated":true}]}}