{"id":6357,"date":"2022-02-23T11:58:34","date_gmt":"2022-02-23T11:58:34","guid":{"rendered":"https:\/\/mundo.seashell.pt\/?post_type=product&#038;p=6357"},"modified":"2022-02-23T11:58:37","modified_gmt":"2022-02-23T11:58:37","slug":"anti-calcario-e-sujidade-spray-05l","status":"publish","type":"product","link":"https:\/\/mundo.seashell.pt\/?product=anti-calcario-e-sujidade-spray-05l","title":{"rendered":"Anti-Calc\u00e1rio e Sujidade Spray 500ml"},"content":{"rendered":"<p>Cillit Bang spray limpeza calc\u00e1rio e sujidade tem uma f\u00f3rmula super eficaz que elimina rapidamente o calc\u00e1rio, os res\u00edduos de sab\u00e3o e a sujidade na maioria das superf\u00edcies, dentro e fora da sua casa. A sua nova f\u00f3rmula anti-reaparecimento de sujidade forma uma pel\u00edcula protetora sobre as superf\u00edcies, evitando que as manchas voltem a aparecer. Mant\u00e9m-se limpo durante 4 vezes mais tempo.<\/p>\n<h3>Benef\u00edcios:<\/h3>\n<p>&#8211; Mant\u00e9m-se limpo 4x mais tempo;<br \/>&#8211; Evita aparecimento de novas manchas;<br \/>&#8211; Elimina calc\u00e1rio, res\u00edduos de sab\u00e3o e sujidade;<br \/>&#8211; Pel\u00edcula protetora de sujidade.<\/p>\n<h3>Conselhos de utiliza\u00e7\u00e3o:<\/h3>\n<p>Rode a ponta do pulverizador para a posi\u00e7\u00e3o &#8216;on&#8217;. Pulverize sobre a superf\u00edcie e deixe atuar durante uns segundos. Limpe, esfregue e enxag\u00fae.<\/p><\/p>\n","protected":false},"excerpt":{"rendered":"<p>Cillit Bang spray limpeza calc\u00e1rio e sujidade tem uma f\u00f3rmula super eficaz que elimina rapidamente o calc\u00e1rio, os res\u00edduos de sab\u00e3o e a sujidade na maioria das superf\u00edcies, dentro e fora da sua casa. A sua nova f\u00f3rmula anti-reaparecimento de sujidade forma uma pel\u00edcula protetora sobre as superf\u00edcies, evitando que as manchas voltem a aparecer&#8230;.<\/p>\n","protected":false},"featured_media":6358,"template":"","meta":{"spay_email":""},"product_cat":[15],"product_tag":[],"class_list":{"0":"post-6357","1":"product","2":"type-product","3":"status-publish","4":"has-post-thumbnail","6":"product_cat-sem-categoria","8":"first","9":"instock","10":"taxable","11":"shipping-taxable","12":"purchasable","13":"product-type-simple"},"acf":[],"jetpack-related-posts":[{"id":6359,"url":"https:\/\/mundo.seashell.pt\/?product=cillit-bang-wc-super-limpeza-05l","url_meta":{"origin":6357,"position":0},"title":"Cillit Bang WC Super Limpeza 500ml","date":"Fevereiro 23, 2022","format":false,"excerpt":"Cillit Bang Spray casa de banho super limpeza \u00e9 ideal para remover, sem esfor\u00e7o, todas as manchas de sujidade da sua casa de banho. A f\u00f3rmula concentrada de Cillit Bang \u00e9 eficaz na remo\u00e7\u00e3o do calc\u00e1rio, manchas de sab\u00e3o e sujidade. A tecnologia \"anti-redeposition\" previne que a sujidade volte. A\u2026","rel":"","context":"Similar post","img":{"alt_text":"","src":"https:\/\/i0.wp.com\/mundo.seashell.pt\/wp-content\/uploads\/2022\/02\/CILLIT_BANG_WC_500ML_X12__8_P__5601217132697.png?resize=350%2C200&ssl=1","width":350,"height":200},"classes":[]},{"id":6421,"url":"https:\/\/mundo.seashell.pt\/?product=cillit-bang-tira-gorduras-05l","url_meta":{"origin":6357,"position":1},"title":"Cillit Bang Tira Gorduras 500ml","date":"Fevereiro 23, 2022","format":false,"excerpt":"Cillit Bang spray limpeza tira gorduras tem uma f\u00f3rmula super eficaz, limpa sem precisar de esfregar. Elimina rapidamente as manchas de comida, sujidade e ainda a gordura mais resistente das superf\u00edcies comuns, dentro e fora de sua casa. Gra\u00e7as aos seus potentes tensoativos, a sua f\u00f3rmula \u00e9 3 vezes mais\u2026","rel":"","context":"Similar post","img":{"alt_text":"","src":"https:\/\/i0.wp.com\/mundo.seashell.pt\/wp-content\/uploads\/2022\/02\/CILLIT_BANG_Tira_Gorduras_500ML_x12__8_P__5601217132680.png?resize=350%2C200&ssl=1","width":350,"height":200},"classes":[]},{"id":6355,"url":"https:\/\/mundo.seashell.pt\/?product=cillit-bang-chao-e-gorduras-133l","url_meta":{"origin":6357,"position":2},"title":"Cillit Bang Ch\u00e3o e Gorduras 1,33L","date":"Fevereiro 23, 2022","format":false,"excerpt":"Cillit Bang spray limpeza tira gorduras tem uma f\u00f3rmula super eficaz, limpa sem precisar de esfregar. Elimina rapidamente as manchas de comida, sujidade e ainda a gordura mais resistente das superf\u00edcies comuns, dentro e fora de sua casa. Gra\u00e7as aos seus potentes tensoativos, a sua f\u00f3rmula \u00e9 3 vezes mais\u2026","rel":"","context":"Similar post","img":{"alt_text":"","src":"https:\/\/i0.wp.com\/mundo.seashell.pt\/wp-content\/uploads\/2022\/02\/CILLIT_BANG_Chao_MGord_1330x10_5601217123350.png?resize=350%2C200&ssl=1","width":350,"height":200},"classes":[]},{"id":6443,"url":"https:\/\/mundo.seashell.pt\/?product=cillit-bang-bolores-e-sujidade-05l","url_meta":{"origin":6357,"position":3},"title":"Cillit Bang Bolores e Sujidade 500ml","date":"Fevereiro 23, 2022","format":false,"excerpt":"A poderosa f\u00f3rmula de Cillit Bang spray limpeza bolor e sujidade elimina rapidamente as manchas de bolor e a sujidade mais incrustada sem necessidade de esfregar, sendo o seu aliado para as zonas com humidade e onde o bolor prevalece. Come\u00e7a a limpeza em 20 segundos e desinfeta em 15\u2026","rel":"","context":"Similar post","img":{"alt_text":"","src":"https:\/\/i0.wp.com\/mundo.seashell.pt\/wp-content\/uploads\/2022\/02\/CILLIT_BANG_Bolor___Suj_500ML_x12__8_P__5601217132659.png?resize=350%2C200&ssl=1","width":350,"height":200},"classes":[]},{"id":6361,"url":"https:\/\/mundo.seashell.pt\/?product=sonasol-spray-brilhante-anti-calcario-05l","url_meta":{"origin":6357,"position":4},"title":"Sonasol Spray Brilhante Anti-Calc\u00e1rio 500ml","date":"Fevereiro 23, 2022","format":false,"excerpt":"Sonasol brilhante anticalc\u00e1rio elimina eficazmente at\u00e9 as sujidades mais profundas de todas as superf\u00edcies de casa de banho, deixando-a 100% brilhante. Benef\u00edcios: - 100% mais brilho e prote\u00e7\u00e3o. Conselhos de utiliza\u00e7\u00e3o: Pulverize diretamente na superf\u00edcie a limpar e passe um pano ou esponja h\u00famidos para retirar...","rel":"","context":"Similar post","img":{"alt_text":"","src":"https:\/\/i0.wp.com\/mundo.seashell.pt\/wp-content\/uploads\/2022\/02\/SONASOL_BRILHANTE_BANHO_SPRAY_0L500_8410436343404.png?resize=350%2C200&ssl=1","width":350,"height":200},"classes":[]},{"id":6261,"url":"https:\/\/mundo.seashell.pt\/?product=sonasol-desinfetante-spray-500ml","url_meta":{"origin":6357,"position":5},"title":"Sonasol Desinfetante Spray 500ml","date":"Fevereiro 23, 2022","format":false,"excerpt":"Sonasol desinfetante elimina eficazmente a sujidade e o calc\u00e1rio das superf\u00edcies, garantindo a sua limpeza e desinfe\u00e7\u00e3o.Benef\u00edcios: - Elimina 99,9% das bat\u00e9rias das superf\u00edcies. Conselhos de utiliza\u00e7\u00e3o: Pulverize sempre o produto num pano e limpe a superf\u00edcie desejada. Nunca deixe o produto atuar mais do que 5 ...","rel":"","context":"Similar post","img":{"alt_text":"","src":"https:\/\/i0.wp.com\/mundo.seashell.pt\/wp-content\/uploads\/2022\/02\/SONASOL_DESINFETANTE_SPRAY_0L500_8410436343466.jpeg?resize=350%2C200&ssl=1","width":350,"height":200},"classes":[]}],"_links":{"self":[{"href":"https:\/\/mundo.seashell.pt\/index.php?rest_route=\/wp\/v2\/product\/6357","targetHints":{"allow":["GET"]}}],"collection":[{"href":"https:\/\/mundo.seashell.pt\/index.php?rest_route=\/wp\/v2\/product"}],"about":[{"href":"https:\/\/mundo.seashell.pt\/index.php?rest_route=\/wp\/v2\/types\/product"}],"wp:featuredmedia":[{"embeddable":true,"href":"https:\/\/mundo.seashell.pt\/index.php?rest_route=\/wp\/v2\/media\/6358"}],"wp:attachment":[{"href":"https:\/\/mundo.seashell.pt\/index.php?rest_route=%2Fwp%2Fv2%2Fmedia&parent=6357"}],"wp:term":[{"taxonomy":"product_cat","embeddable":true,"href":"https:\/\/mundo.seashell.pt\/index.php?rest_route=%2Fwp%2Fv2%2Fproduct_cat&post=6357"},{"taxonomy":"product_tag","embeddable":true,"href":"https:\/\/mundo.seashell.pt\/index.php?rest_route=%2Fwp%2Fv2%2Fproduct_tag&post=6357"}],"curies":[{"name":"wp","href":"https:\/\/api.w.org\/{rel}","templated":true}]}}