{"id":6355,"date":"2022-02-23T11:58:32","date_gmt":"2022-02-23T11:58:32","guid":{"rendered":"https:\/\/mundo.seashell.pt\/?post_type=product&#038;p=6355"},"modified":"2022-02-23T11:58:34","modified_gmt":"2022-02-23T11:58:34","slug":"cillit-bang-chao-e-gorduras-133l","status":"publish","type":"product","link":"https:\/\/mundo.seashell.pt\/?product=cillit-bang-chao-e-gorduras-133l","title":{"rendered":"Cillit Bang Ch\u00e3o e Gorduras 1,33L"},"content":{"rendered":"<p>Cillit Bang Ch\u00e3o e Manchas de Gordura&nbsp;tem uma f\u00f3rmula super eficaz, limpa sem precisar de esfregar. Elimina rapidamente as manchas de comida, sujidade e ainda a gordura mais resistente das superf\u00edcies comuns, dentro e fora de sua casa. Gra\u00e7as aos seus potentes tensoativos, a sua f\u00f3rmula \u00e9 3 vezes mais desengordurante, para manter o seu lar limpo, brilhante e sem riscos.<\/p>\n<h3>Benef\u00edcios:<\/h3>\n<p>&#8211; Tira gorduras;<br \/>&#8211; Elimina a gordura 3x melhor;<br \/>&#8211; Superf\u00edcies brilhantes e sem riscos;<br \/>&#8211; Elimina manchas de comida, sujidade e gordura resistente.<\/p>\n<h3><\/h3>\n","protected":false},"excerpt":{"rendered":"<p>Cillit Bang spray limpeza tira gorduras tem uma f\u00f3rmula super eficaz, limpa sem precisar de esfregar. Elimina rapidamente as manchas de comida, sujidade e ainda a gordura mais resistente das superf\u00edcies comuns, dentro e fora de sua casa. Gra\u00e7as aos seus potentes tensoativos, a sua f\u00f3rmula \u00e9 3 vezes mais desengordurante, para manter o seu lar &#8230;<\/p>\n","protected":false},"featured_media":6356,"template":"","meta":{"spay_email":""},"product_cat":[15],"product_tag":[],"class_list":{"0":"post-6355","1":"product","2":"type-product","3":"status-publish","4":"has-post-thumbnail","6":"product_cat-sem-categoria","8":"first","9":"instock","10":"taxable","11":"shipping-taxable","12":"purchasable","13":"product-type-simple"},"acf":[],"jetpack-related-posts":[{"id":6421,"url":"https:\/\/mundo.seashell.pt\/?product=cillit-bang-tira-gorduras-05l","url_meta":{"origin":6355,"position":0},"title":"Cillit Bang Tira Gorduras 500ml","date":"Fevereiro 23, 2022","format":false,"excerpt":"Cillit Bang spray limpeza tira gorduras tem uma f\u00f3rmula super eficaz, limpa sem precisar de esfregar. Elimina rapidamente as manchas de comida, sujidade e ainda a gordura mais resistente das superf\u00edcies comuns, dentro e fora de sua casa. Gra\u00e7as aos seus potentes tensoativos, a sua f\u00f3rmula \u00e9 3 vezes mais\u2026","rel":"","context":"Similar post","img":{"alt_text":"","src":"https:\/\/i0.wp.com\/mundo.seashell.pt\/wp-content\/uploads\/2022\/02\/CILLIT_BANG_Tira_Gorduras_500ML_x12__8_P__5601217132680.png?resize=350%2C200&ssl=1","width":350,"height":200},"classes":[]},{"id":6423,"url":"https:\/\/mundo.seashell.pt\/?product=cillit-bang-natural-cozinha-05l","url_meta":{"origin":6355,"position":1},"title":"Cillit Bang Natural Cozinha 500ml","date":"Fevereiro 23, 2022","format":false,"excerpt":"Benef\u00edcios: - Tira gorduras;- Elimina a gordura 3x melhor;- Superf\u00edcies brilhantes e sem riscos;- Elimina manchas de comida, sujidade e gordura resistente. Conselhos de utiliza\u00e7\u00e3o: Rode a ponta do pulverizador para a posi\u00e7\u00e3o on. Pulverize sobre a superf\u00edcie e deixe atuar durante uns segundos. Limpe e enxague.","rel":"","context":"Similar post","img":{"alt_text":"","src":"https:\/\/i0.wp.com\/mundo.seashell.pt\/wp-content\/uploads\/2022\/02\/CILLIT_BANG_NAT_T_GORDURAS_500ML_5601217134035_2.png?resize=350%2C200&ssl=1","width":350,"height":200},"classes":[]},{"id":6357,"url":"https:\/\/mundo.seashell.pt\/?product=anti-calcario-e-sujidade-spray-05l","url_meta":{"origin":6355,"position":2},"title":"Anti-Calc\u00e1rio e Sujidade Spray 500ml","date":"Fevereiro 23, 2022","format":false,"excerpt":"Cillit Bang spray limpeza calc\u00e1rio e sujidade tem uma f\u00f3rmula super eficaz que elimina rapidamente o calc\u00e1rio, os res\u00edduos de sab\u00e3o e a sujidade na maioria das superf\u00edcies, dentro e fora da sua casa. A sua nova f\u00f3rmula anti-reaparecimento de sujidade forma uma pel\u00edcula protetora sobre as superf\u00edcies, evitando que\u2026","rel":"","context":"Similar post","img":{"alt_text":"","src":"https:\/\/i0.wp.com\/mundo.seashell.pt\/wp-content\/uploads\/2022\/02\/CILLIT_BANG_CAL_BRI_500ML_x12__8_P__5601217132666.png?resize=350%2C200&ssl=1","width":350,"height":200},"classes":[]},{"id":6433,"url":"https:\/\/mundo.seashell.pt\/?product=mistolin-tira-gorduras-desinfetante-05l","url_meta":{"origin":6355,"position":3},"title":"Mistolin Tira gorduras Desinfetante 500ml","date":"Fevereiro 23, 2022","format":false,"excerpt":"Mistolin \u00e9 uma marca portuguesa, pensada para simplificar e ajudar nas tarefas dif\u00edceis de limpeza da casa. A sua f\u00f3rmula \u00e9 \u00fanica e imbat\u00edvel na limpeza de gorduras e sujidades mais dif\u00edceis. Indicado para a limpeza de todo o tipo de pe\u00e7as e superf\u00edcies gordurosas, manchas dif\u00edceis, sujidades incrustadas e\u2026","rel":"","context":"Similar post","img":{"alt_text":"","src":"https:\/\/i0.wp.com\/mundo.seashell.pt\/wp-content\/uploads\/2022\/02\/MISTOLIN_Tira_Gorduras_Desinfetante_545ml__5600258596628.png?resize=350%2C200&ssl=1","width":350,"height":200},"classes":[]},{"id":6359,"url":"https:\/\/mundo.seashell.pt\/?product=cillit-bang-wc-super-limpeza-05l","url_meta":{"origin":6355,"position":4},"title":"Cillit Bang WC Super Limpeza 500ml","date":"Fevereiro 23, 2022","format":false,"excerpt":"Cillit Bang Spray casa de banho super limpeza \u00e9 ideal para remover, sem esfor\u00e7o, todas as manchas de sujidade da sua casa de banho. A f\u00f3rmula concentrada de Cillit Bang \u00e9 eficaz na remo\u00e7\u00e3o do calc\u00e1rio, manchas de sab\u00e3o e sujidade. A tecnologia \"anti-redeposition\" previne que a sujidade volte. A\u2026","rel":"","context":"Similar post","img":{"alt_text":"","src":"https:\/\/i0.wp.com\/mundo.seashell.pt\/wp-content\/uploads\/2022\/02\/CILLIT_BANG_WC_500ML_X12__8_P__5601217132697.png?resize=350%2C200&ssl=1","width":350,"height":200},"classes":[]},{"id":6443,"url":"https:\/\/mundo.seashell.pt\/?product=cillit-bang-bolores-e-sujidade-05l","url_meta":{"origin":6355,"position":5},"title":"Cillit Bang Bolores e Sujidade 500ml","date":"Fevereiro 23, 2022","format":false,"excerpt":"A poderosa f\u00f3rmula de Cillit Bang spray limpeza bolor e sujidade elimina rapidamente as manchas de bolor e a sujidade mais incrustada sem necessidade de esfregar, sendo o seu aliado para as zonas com humidade e onde o bolor prevalece. Come\u00e7a a limpeza em 20 segundos e desinfeta em 15\u2026","rel":"","context":"Similar post","img":{"alt_text":"","src":"https:\/\/i0.wp.com\/mundo.seashell.pt\/wp-content\/uploads\/2022\/02\/CILLIT_BANG_Bolor___Suj_500ML_x12__8_P__5601217132659.png?resize=350%2C200&ssl=1","width":350,"height":200},"classes":[]}],"_links":{"self":[{"href":"https:\/\/mundo.seashell.pt\/index.php?rest_route=\/wp\/v2\/product\/6355","targetHints":{"allow":["GET"]}}],"collection":[{"href":"https:\/\/mundo.seashell.pt\/index.php?rest_route=\/wp\/v2\/product"}],"about":[{"href":"https:\/\/mundo.seashell.pt\/index.php?rest_route=\/wp\/v2\/types\/product"}],"wp:featuredmedia":[{"embeddable":true,"href":"https:\/\/mundo.seashell.pt\/index.php?rest_route=\/wp\/v2\/media\/6356"}],"wp:attachment":[{"href":"https:\/\/mundo.seashell.pt\/index.php?rest_route=%2Fwp%2Fv2%2Fmedia&parent=6355"}],"wp:term":[{"taxonomy":"product_cat","embeddable":true,"href":"https:\/\/mundo.seashell.pt\/index.php?rest_route=%2Fwp%2Fv2%2Fproduct_cat&post=6355"},{"taxonomy":"product_tag","embeddable":true,"href":"https:\/\/mundo.seashell.pt\/index.php?rest_route=%2Fwp%2Fv2%2Fproduct_tag&post=6355"}],"curies":[{"name":"wp","href":"https:\/\/api.w.org\/{rel}","templated":true}]}}