{"id":6347,"date":"2022-02-23T11:58:07","date_gmt":"2022-02-23T11:58:07","guid":{"rendered":"https:\/\/mundo.seashell.pt\/?post_type=product&#038;p=6347"},"modified":"2022-02-23T11:58:09","modified_gmt":"2022-02-23T11:58:09","slug":"ajax-limpa-vidros-squeeze-05l","status":"publish","type":"product","link":"https:\/\/mundo.seashell.pt\/?product=ajax-limpa-vidros-squeeze-05l","title":{"rendered":"Ajax Limpa Vidros Squeeze 500ml"},"content":{"rendered":"<p>Gra\u00e7as ao poder utra-efic\u00e1z da am\u00f3nia, a nova f\u00f3rmula de Ajax Vidros dissolve r\u00e1pida e facilmente toda a sujidade, n\u00e3o deixando res\u00edduos, para janelas e superf\u00edcies lav\u00e1veis totalmente trasnparentes e 100% sem riscos.<\/p><\/p>\n","protected":false},"excerpt":{"rendered":"<p>Gra\u00e7as ao poder utra-efic\u00e1z da am\u00f3nia, a nova f\u00f3rmula de Ajax Vidros dissolve r\u00e1pida e facilmente toda a sujidade, n\u00e3o deixando res\u00edduos, para janelas e superf\u00edcies lav\u00e1veis totalmente trasnparentes e 100% sem riscos.<\/p>\n","protected":false},"featured_media":6348,"template":"","meta":{"spay_email":""},"product_cat":[15],"product_tag":[],"class_list":{"0":"post-6347","1":"product","2":"type-product","3":"status-publish","4":"has-post-thumbnail","6":"product_cat-sem-categoria","8":"first","9":"instock","10":"taxable","11":"shipping-taxable","12":"purchasable","13":"product-type-simple"},"acf":[],"jetpack-related-posts":[{"id":6351,"url":"https:\/\/mundo.seashell.pt\/?product=ajax-limpa-vidros-crstal-05l","url_meta":{"origin":6347,"position":0},"title":"Ajax Limpa Vidros Crstal 500ml","date":"Fevereiro 23, 2022","format":false,"excerpt":"Descubra a efic\u00e1cia de Ajax limpa vidros! Para janelas 100% transparentes e sem riscos, Ajax Cristal limpa r\u00e1pida e facilmente toda a sujidade. Benef\u00edcios: - Janelas 100% transparentes;- Reduz o efeito de embaciamento;- Anti riscos. Conselhos de utiliza\u00e7\u00e3o: Pulverize a superf\u00edcie a limpar e passe com um...","rel":"","context":"Similar post","img":{"alt_text":"","src":"https:\/\/i0.wp.com\/mundo.seashell.pt\/wp-content\/uploads\/2022\/02\/Ajax_L.Vidros_Cristal_Rec._500_ml_8718951037878.png?resize=350%2C200&ssl=1","width":350,"height":200},"classes":[]},{"id":6349,"url":"https:\/\/mundo.seashell.pt\/?product=ajax-limpa-vidros-cristal-pistola-05l","url_meta":{"origin":6347,"position":1},"title":"Ajax Limpa Vidros Cristal (Pistola) 500ml","date":"Fevereiro 23, 2022","format":false,"excerpt":"Descubra a efic\u00e1cia de Ajax limpa vidros! Para janelas 100% transparentes e sem riscos, Ajax Cristal limpa r\u00e1pida e facilmente toda a sujidade. Benef\u00edcios: - Janelas 100% transparentes;- Reduz o efeito de embaciamento;- Anti riscos. Conselhos de utiliza\u00e7\u00e3o: Pulverize a superf\u00edcie a limpar e passe com um...","rel":"","context":"Similar post","img":{"alt_text":"","src":"https:\/\/i0.wp.com\/mundo.seashell.pt\/wp-content\/uploads\/2022\/02\/Ajax_L.Vidros_Cristal_Pistola_500_ml_8718951037939.png?resize=350%2C200&ssl=1","width":350,"height":200},"classes":[]},{"id":6299,"url":"https:\/\/mundo.seashell.pt\/?product=ajax-lava-tudo-festa-das-flores-1l","url_meta":{"origin":6347,"position":2},"title":"Ajax Lava-Tudo Festa das Flores 1l","date":"Fevereiro 23, 2022","format":false,"excerpt":"Ajax ajuda na limpeza da casa. Deixa as suas superf\u00edcies limpas e brilhantes facilmente! Ajax lava tudo multisuperf\u00edcies para uso dom\u00e9stico, com uma nova f\u00f3rmula mais eficaz e a pensar no nosso planeta. Adicione agrad\u00e1veis aromas florais a todas as superf\u00edcies brilhantes com o lava tudo multisuperf\u00edcies Ajax festa de\u2026","rel":"","context":"Similar post","img":{"alt_text":"","src":"https:\/\/i0.wp.com\/mundo.seashell.pt\/wp-content\/uploads\/2022\/02\/Ajax_Festa_Flores_Floral_1_litro_8718951337688.png?resize=350%2C200&ssl=1","width":350,"height":200},"classes":[]},{"id":6339,"url":"https:\/\/mundo.seashell.pt\/?product=ajax-lava-tudo-madeiras-1l","url_meta":{"origin":6347,"position":3},"title":"Ajax Lava tudo Madeiras 1L","date":"Fevereiro 23, 2022","format":false,"excerpt":"Ajax Lava tudo Madeiras 1L Ajax lava tudo multisuperf\u00edcies para uso dom\u00e9stico, com uma nova f\u00f3rmula mais eficaz e a pensar no nosso planeta. Mantenha a sua casa com as superf\u00edcies de madeira higienicamente limpas com Ajax am\u00eandoa multiusos. Tipo de produto: Cuidado do Ch\u00e3o Notas\/Frag\u00e2ncia: Am\u00eandoaB...","rel":"","context":"Similar post","img":{"alt_text":"","src":"https:\/\/i0.wp.com\/mundo.seashell.pt\/wp-content\/uploads\/2022\/02\/Ajax_Lava_Tudo_MADEIRAS_1lt_8718951332713.png?resize=350%2C200&ssl=1","width":350,"height":200},"classes":[]},{"id":6381,"url":"https:\/\/mundo.seashell.pt\/?product=ajax-multiusos-spray-boost-vinagre-e-maca-05l","url_meta":{"origin":6347,"position":4},"title":"Ajax Multiusos Spray Boost Vinagre e Ma\u00e7\u00e3 500ml","date":"Fevereiro 23, 2022","format":false,"excerpt":"Ajax ajuda na limpeza da casa. Deixa as suas superf\u00edcies limpas e brilhantes facilmente! Com ingredientes naturais, Ajax Boost multiusos proporciona uma limpeza profunda deixando as superf\u00edcies brilhantes e com a agrad\u00e1vel fragr\u00e2ncia a ma\u00e7\u00e3 verde. Notas\/Frag\u00e2ncia: Vinagre e Ma\u00e7\u00e3Benef\u00edcios: - Elimina manc...","rel":"","context":"Similar post","img":{"alt_text":"","src":"https:\/\/i0.wp.com\/mundo.seashell.pt\/wp-content\/uploads\/2022\/02\/Ajax_BOOST_Spray_Multiusos_500ml_8718951189881.png?resize=350%2C200&ssl=1","width":350,"height":200},"classes":[]},{"id":6263,"url":"https:\/\/mundo.seashell.pt\/?product=ajax-lava-tudo-desinfetante-1l","url_meta":{"origin":6347,"position":5},"title":"Ajax Lava-Tudo Desinfetante 1l","date":"Fevereiro 23, 2022","format":false,"excerpt":"Ajax ajuda na limpeza da casa. Deixa as suas superf\u00edcies limpas e brilhantes facilmente!Benef\u00edcios: - Elimina 100% das bact\u00e9rias;- Limpeza imediata e profunda.","rel":"","context":"Similar post","img":{"alt_text":"","src":"https:\/\/i0.wp.com\/mundo.seashell.pt\/wp-content\/uploads\/2022\/02\/Ajax_Lava_Tudo_DESINFECTANTE_1lt_8718951381599.jpeg?resize=350%2C200&ssl=1","width":350,"height":200},"classes":[]}],"_links":{"self":[{"href":"https:\/\/mundo.seashell.pt\/index.php?rest_route=\/wp\/v2\/product\/6347","targetHints":{"allow":["GET"]}}],"collection":[{"href":"https:\/\/mundo.seashell.pt\/index.php?rest_route=\/wp\/v2\/product"}],"about":[{"href":"https:\/\/mundo.seashell.pt\/index.php?rest_route=\/wp\/v2\/types\/product"}],"wp:featuredmedia":[{"embeddable":true,"href":"https:\/\/mundo.seashell.pt\/index.php?rest_route=\/wp\/v2\/media\/6348"}],"wp:attachment":[{"href":"https:\/\/mundo.seashell.pt\/index.php?rest_route=%2Fwp%2Fv2%2Fmedia&parent=6347"}],"wp:term":[{"taxonomy":"product_cat","embeddable":true,"href":"https:\/\/mundo.seashell.pt\/index.php?rest_route=%2Fwp%2Fv2%2Fproduct_cat&post=6347"},{"taxonomy":"product_tag","embeddable":true,"href":"https:\/\/mundo.seashell.pt\/index.php?rest_route=%2Fwp%2Fv2%2Fproduct_tag&post=6347"}],"curies":[{"name":"wp","href":"https:\/\/api.w.org\/{rel}","templated":true}]}}