{"id":6345,"date":"2022-02-23T11:58:03","date_gmt":"2022-02-23T11:58:03","guid":{"rendered":"https:\/\/mundo.seashell.pt\/?post_type=product&#038;p=6345"},"modified":"2022-02-23T11:58:07","modified_gmt":"2022-02-23T11:58:07","slug":"sonasol-vidros-05l","status":"publish","type":"product","link":"https:\/\/mundo.seashell.pt\/?product=sonasol-vidros-05l","title":{"rendered":"Sonasol Vidros 500ml"},"content":{"rendered":"<p>Sonasol brilhante vidros elimina eficazmente a sujidades e deixa os seus vidros limpos e 100% brilhantes.<\/p>\n<h3>Benef\u00edcios:<\/h3>\n<p>&#8211; 100% mais brilho e prote\u00e7\u00e3o.<\/p>\n<h3>Conselhos de utiliza\u00e7\u00e3o:<\/h3>\n<p>Pulverize sobre a superf\u00edcie que pretende limpar e passe um pano enxuto.<\/p>\n<p><\/p>\n","protected":false},"excerpt":{"rendered":"<p>Sonasol brilhante vidros elimina eficazmente a sujidades e deixa os seus vidros limpos e 100% brilhantes.<br \/>\nBenef\u00edcios:<br \/>\n&#8211; 100% mais brilho e prote\u00e7\u00e3o.<br \/>\nConselhos de utiliza\u00e7\u00e3o:<br \/>\nPulverize sobre a superf\u00edcie que pretende limpar e passe um pano enxuto.<\/p>\n","protected":false},"featured_media":6346,"template":"","meta":{"spay_email":""},"product_cat":[15],"product_tag":[],"class_list":{"0":"post-6345","1":"product","2":"type-product","3":"status-publish","4":"has-post-thumbnail","6":"product_cat-sem-categoria","8":"first","9":"instock","10":"taxable","11":"shipping-taxable","12":"purchasable","13":"product-type-simple"},"acf":[],"jetpack-related-posts":[{"id":6361,"url":"https:\/\/mundo.seashell.pt\/?product=sonasol-spray-brilhante-anti-calcario-05l","url_meta":{"origin":6345,"position":0},"title":"Sonasol Spray Brilhante Anti-Calc\u00e1rio 500ml","date":"Fevereiro 23, 2022","format":false,"excerpt":"Sonasol brilhante anticalc\u00e1rio elimina eficazmente at\u00e9 as sujidades mais profundas de todas as superf\u00edcies de casa de banho, deixando-a 100% brilhante. Benef\u00edcios: - 100% mais brilho e prote\u00e7\u00e3o. Conselhos de utiliza\u00e7\u00e3o: Pulverize diretamente na superf\u00edcie a limpar e passe um pano ou esponja h\u00famidos para retirar...","rel":"","context":"Similar post","img":{"alt_text":"","src":"https:\/\/i0.wp.com\/mundo.seashell.pt\/wp-content\/uploads\/2022\/02\/SONASOL_BRILHANTE_BANHO_SPRAY_0L500_8410436343404.png?resize=350%2C200&ssl=1","width":350,"height":200},"classes":[]},{"id":6419,"url":"https:\/\/mundo.seashell.pt\/?product=sonasol-desengordurante-05l","url_meta":{"origin":6345,"position":1},"title":"Sonasol Desengordurante 500ml","date":"Fevereiro 23, 2022","format":false,"excerpt":"Sonasol brilhante desengordurante elimina eficazmente as manchas de gordura mais profundas e deixa a sua cozinha limpa e 100% mais brilhante. Benef\u00edcios: - 100% mais brilho e prote\u00e7\u00e3o. Conselhos de utiliza\u00e7\u00e3o: Pulverize diretamente na superf\u00edcie a limpar e passe um pano ou esponja h\u00famidos para retirar o produto...","rel":"","context":"Similar post","img":{"alt_text":"","src":"https:\/\/i0.wp.com\/mundo.seashell.pt\/wp-content\/uploads\/2022\/02\/SONASOL_BRILHANTE_DESENGORDURANTE_SPRAY_0L500_8410436343435.png?resize=350%2C200&ssl=1","width":350,"height":200},"classes":[]},{"id":6261,"url":"https:\/\/mundo.seashell.pt\/?product=sonasol-desinfetante-spray-500ml","url_meta":{"origin":6345,"position":2},"title":"Sonasol Desinfetante Spray 500ml","date":"Fevereiro 23, 2022","format":false,"excerpt":"Sonasol desinfetante elimina eficazmente a sujidade e o calc\u00e1rio das superf\u00edcies, garantindo a sua limpeza e desinfe\u00e7\u00e3o.Benef\u00edcios: - Elimina 99,9% das bat\u00e9rias das superf\u00edcies. Conselhos de utiliza\u00e7\u00e3o: Pulverize sempre o produto num pano e limpe a superf\u00edcie desejada. Nunca deixe o produto atuar mais do que 5 ...","rel":"","context":"Similar post","img":{"alt_text":"","src":"https:\/\/i0.wp.com\/mundo.seashell.pt\/wp-content\/uploads\/2022\/02\/SONASOL_DESINFETANTE_SPRAY_0L500_8410436343466.jpeg?resize=350%2C200&ssl=1","width":350,"height":200},"classes":[]},{"id":6343,"url":"https:\/\/mundo.seashell.pt\/?product=cif-limpa-vidros-power-shine-075l","url_meta":{"origin":6345,"position":3},"title":"Cif Limpa Vidros Power &#038; Shine  750ml","date":"Fevereiro 23, 2022","format":false,"excerpt":"Cif Power & Shine vidros remove facilmente marcas de \u00e1gua e manchas das janelas e superf\u00edcies vidradas, assim como as torna repelentes \u00e0 \u00e1gua. Isto previne que as gotas de \u00e1gua adiram \u00e0s superf\u00edcies, para poder desfrutar as suas superf\u00edcies brilhantes por mais tempo.Benef\u00edcios: - Brilho sem manchas;- Remove dedadas\u2026","rel":"","context":"Similar post","img":{"alt_text":"","src":"https:\/\/i0.wp.com\/mundo.seashell.pt\/wp-content\/uploads\/2022\/02\/CIF_SPRAY_LIMPA_VIDROS_-_750ml_8714100508022.png?resize=350%2C200&ssl=1","width":350,"height":200},"classes":[]},{"id":6351,"url":"https:\/\/mundo.seashell.pt\/?product=ajax-limpa-vidros-crstal-05l","url_meta":{"origin":6345,"position":4},"title":"Ajax Limpa Vidros Crstal 500ml","date":"Fevereiro 23, 2022","format":false,"excerpt":"Descubra a efic\u00e1cia de Ajax limpa vidros! Para janelas 100% transparentes e sem riscos, Ajax Cristal limpa r\u00e1pida e facilmente toda a sujidade. Benef\u00edcios: - Janelas 100% transparentes;- Reduz o efeito de embaciamento;- Anti riscos. Conselhos de utiliza\u00e7\u00e3o: Pulverize a superf\u00edcie a limpar e passe com um...","rel":"","context":"Similar post","img":{"alt_text":"","src":"https:\/\/i0.wp.com\/mundo.seashell.pt\/wp-content\/uploads\/2022\/02\/Ajax_L.Vidros_Cristal_Rec._500_ml_8718951037878.png?resize=350%2C200&ssl=1","width":350,"height":200},"classes":[]},{"id":6349,"url":"https:\/\/mundo.seashell.pt\/?product=ajax-limpa-vidros-cristal-pistola-05l","url_meta":{"origin":6345,"position":5},"title":"Ajax Limpa Vidros Cristal (Pistola) 500ml","date":"Fevereiro 23, 2022","format":false,"excerpt":"Descubra a efic\u00e1cia de Ajax limpa vidros! Para janelas 100% transparentes e sem riscos, Ajax Cristal limpa r\u00e1pida e facilmente toda a sujidade. Benef\u00edcios: - Janelas 100% transparentes;- Reduz o efeito de embaciamento;- Anti riscos. Conselhos de utiliza\u00e7\u00e3o: Pulverize a superf\u00edcie a limpar e passe com um...","rel":"","context":"Similar post","img":{"alt_text":"","src":"https:\/\/i0.wp.com\/mundo.seashell.pt\/wp-content\/uploads\/2022\/02\/Ajax_L.Vidros_Cristal_Pistola_500_ml_8718951037939.png?resize=350%2C200&ssl=1","width":350,"height":200},"classes":[]}],"_links":{"self":[{"href":"https:\/\/mundo.seashell.pt\/index.php?rest_route=\/wp\/v2\/product\/6345","targetHints":{"allow":["GET"]}}],"collection":[{"href":"https:\/\/mundo.seashell.pt\/index.php?rest_route=\/wp\/v2\/product"}],"about":[{"href":"https:\/\/mundo.seashell.pt\/index.php?rest_route=\/wp\/v2\/types\/product"}],"wp:featuredmedia":[{"embeddable":true,"href":"https:\/\/mundo.seashell.pt\/index.php?rest_route=\/wp\/v2\/media\/6346"}],"wp:attachment":[{"href":"https:\/\/mundo.seashell.pt\/index.php?rest_route=%2Fwp%2Fv2%2Fmedia&parent=6345"}],"wp:term":[{"taxonomy":"product_cat","embeddable":true,"href":"https:\/\/mundo.seashell.pt\/index.php?rest_route=%2Fwp%2Fv2%2Fproduct_cat&post=6345"},{"taxonomy":"product_tag","embeddable":true,"href":"https:\/\/mundo.seashell.pt\/index.php?rest_route=%2Fwp%2Fv2%2Fproduct_tag&post=6345"}],"curies":[{"name":"wp","href":"https:\/\/api.w.org\/{rel}","templated":true}]}}