{"id":6343,"date":"2022-02-23T11:57:59","date_gmt":"2022-02-23T11:57:59","guid":{"rendered":"https:\/\/mundo.seashell.pt\/?post_type=product&#038;p=6343"},"modified":"2022-02-23T11:58:02","modified_gmt":"2022-02-23T11:58:02","slug":"cif-limpa-vidros-power-shine-075l","status":"publish","type":"product","link":"https:\/\/mundo.seashell.pt\/?product=cif-limpa-vidros-power-shine-075l","title":{"rendered":"Cif Limpa Vidros Power &#038; Shine  750ml"},"content":{"rendered":"<p>Cif Power &#038; Shine vidros remove facilmente marcas de \u00e1gua e manchas das janelas e superf\u00edcies vidradas, assim como as torna repelentes \u00e0 \u00e1gua. Isto previne que as gotas de \u00e1gua adiram \u00e0s superf\u00edcies, para poder desfrutar as suas superf\u00edcies brilhantes por mais tempo.<\/p>\n<h3>Benef\u00edcios:<\/h3>\n<p>&#8211; Brilho sem manchas;<br \/>&#8211; Remove dedadas numa s\u00f3 passagem.<\/p>\n<h3>Conselhos de utiliza\u00e7\u00e3o:<\/h3>\n<p>Para alcancar zero dedadas e 100% de brilho, borrife a superf\u00edcie, deixe atuar por alguns segundos e limpe com um pano. Para sujidade mais entranhada, deixe atuar por alguns minutos antes de limpar.<\/p>\n","protected":false},"excerpt":{"rendered":"<p>Cif Power &#038; Shine vidros remove facilmente marcas de \u00e1gua e manchas das janelas e superf\u00edcies vidradas, assim como as torna repelentes \u00e0 \u00e1gua. Isto previne que as gotas de \u00e1gua adiram \u00e0s superf\u00edcies, para poder desfrutar as suas superf\u00edcies brilhantes por mais tempo.Benef\u00edcios:<br \/>\n&#8211; Brilho sem manchas;- Remove dedadas numa s\u00f3&#8230;<\/p>\n","protected":false},"featured_media":6344,"template":"","meta":{"spay_email":""},"product_cat":[15],"product_tag":[],"class_list":{"0":"post-6343","1":"product","2":"type-product","3":"status-publish","4":"has-post-thumbnail","6":"product_cat-sem-categoria","8":"first","9":"instock","10":"taxable","11":"shipping-taxable","12":"purchasable","13":"product-type-simple"},"acf":[],"jetpack-related-posts":[{"id":6365,"url":"https:\/\/mundo.seashell.pt\/?product=cif-spary-casa-de-banho-07l","url_meta":{"origin":6343,"position":0},"title":"Cif Spary Power &#038; Shine Casa de Banho 750ml","date":"Fevereiro 23, 2022","format":false,"excerpt":"Cif Power & Shine casa de banho \u00e9 a garantia de remo\u00e7\u00e3o total de restos de sab\u00e3o e calc\u00e1rio, com um brilho perfeito. Previne que a \u00e1gua, o sab\u00e3o e o calc\u00e1rio n\u00e3o adiram aos azulejos e \u00e0s superf\u00edcies, tornando-as resistentes \u00e0 sujidade. Benef\u00edcios: - 100% remo\u00e7\u00e3o de calc\u00e1rio e\u2026","rel":"","context":"Similar post","img":{"alt_text":"","src":"https:\/\/i0.wp.com\/mundo.seashell.pt\/wp-content\/uploads\/2022\/02\/CIF_SPRAY_CASA_DE_BANHO_-_750ml_8712561142373.png?resize=350%2C200&ssl=1","width":350,"height":200},"classes":[]},{"id":6405,"url":"https:\/\/mundo.seashell.pt\/?product=cif-spray-cozinhas-075l","url_meta":{"origin":6343,"position":1},"title":"CIF Spray Cozinhas 750ml","date":"Fevereiro 23, 2022","format":false,"excerpt":"Desde sempre que a preocupa\u00e7\u00e3o com o resultado final, tem sido a constante da marca Cif. Com conhecimento profundo da sujidade e das superf\u00edcies, desenvolve os melhores produtos de limpeza, para os consumidores mais exigentes. Dentro do universo dos detergentes, Cif apresenta uma gama bastante alargada e diversificada, capaz de\u2026","rel":"","context":"Similar post","img":{"alt_text":"","src":"https:\/\/i0.wp.com\/mundo.seashell.pt\/wp-content\/uploads\/2022\/02\/CIF_SPRAY_COZINHA_-_750ml_8712561142342.png?resize=350%2C200&ssl=1","width":350,"height":200},"classes":[]},{"id":6377,"url":"https:\/\/mundo.seashell.pt\/?product=cif-multiusos-com-lixivia-075l","url_meta":{"origin":6343,"position":2},"title":"Cif Multiusos com L\u00edx\u00edvia 750ml","date":"Fevereiro 23, 2022","format":false,"excerpt":"As poderosas mol\u00e9culas do Cif spray Power & Shine multiusos com lix\u00edvia limpam instant\u00e2nea e profundamente, eliminando os diferentes tipos de sujidade da casa. Deixa a sua casa brilhante e higienicamente limpa, sem manchas nem marcas de \u00e1gua. Remove at\u00e9 100% das manchas de bolor e gordura.Benef\u00edcios: - 100% remo\u00e7\u00e3o\u2026","rel":"","context":"Similar post","img":{"alt_text":"","src":"https:\/\/i0.wp.com\/mundo.seashell.pt\/wp-content\/uploads\/2022\/02\/CIF_SPRAY_MULTI_C__LIXI_VIA_-_750ml_8710908859502.png?resize=350%2C200&ssl=1","width":350,"height":200},"classes":[]},{"id":6413,"url":"https:\/\/mundo.seashell.pt\/?product=cif-spray-inox-043l","url_meta":{"origin":6343,"position":3},"title":"CIF Spray Inox 430ml","date":"Fevereiro 23, 2022","format":false,"excerpt":"Cif Perfect Finish inox foi desenvolvido cientificamente para remover manchas dif\u00edceis como dedadas, marcas de \u00e1gua e gordura. Garante 100% brilho sem manchas em superf\u00edcies de inox. Benef\u00edcios: - 100% de brilho sem manchas. Conselhos de utiliza\u00e7\u00e3o: Pressione o fecho de seguran\u00e7a enquanto gira o bocal do spray ...","rel":"","context":"Similar post","img":{"alt_text":"","src":"https:\/\/i0.wp.com\/mundo.seashell.pt\/wp-content\/uploads\/2022\/02\/CIF_SPRAY_INOX_-_435ml_8710447376324.png?resize=350%2C200&ssl=1","width":350,"height":200},"classes":[]},{"id":6062,"url":"https:\/\/mundo.seashell.pt\/?product=solim-vidros-5l","url_meta":{"origin":6343,"position":4},"title":"Solim Vidros 5L","date":"Fevereiro 23, 2022","format":false,"excerpt":"Detergente l\u00edquido pronto a usar, para limpeza de vidros e outras superf\u00edcies duras resistentes \u00e1guas.","rel":"","context":"Similar post","img":{"alt_text":"","src":"https:\/\/i0.wp.com\/mundo.seashell.pt\/wp-content\/uploads\/2022\/02\/Solim_Vidros_PhotoRoom_20210402_103238.jpg?resize=350%2C200&ssl=1","width":350,"height":200},"classes":[]},{"id":6083,"url":"https:\/\/mundo.seashell.pt\/?product=da-1lt","url_meta":{"origin":6343,"position":5},"title":"Detergente Multiuso D.A 1Lt","date":"Fevereiro 23, 2022","format":false,"excerpt":"Detergente concentrado com efeito brilhante e um \u00f3timo poder sequestrante.","rel":"","context":"Similar post","img":{"alt_text":"","src":"https:\/\/i0.wp.com\/mundo.seashell.pt\/wp-content\/uploads\/2022\/02\/d.a..jpg?resize=350%2C200&ssl=1","width":350,"height":200},"classes":[]}],"_links":{"self":[{"href":"https:\/\/mundo.seashell.pt\/index.php?rest_route=\/wp\/v2\/product\/6343","targetHints":{"allow":["GET"]}}],"collection":[{"href":"https:\/\/mundo.seashell.pt\/index.php?rest_route=\/wp\/v2\/product"}],"about":[{"href":"https:\/\/mundo.seashell.pt\/index.php?rest_route=\/wp\/v2\/types\/product"}],"wp:featuredmedia":[{"embeddable":true,"href":"https:\/\/mundo.seashell.pt\/index.php?rest_route=\/wp\/v2\/media\/6344"}],"wp:attachment":[{"href":"https:\/\/mundo.seashell.pt\/index.php?rest_route=%2Fwp%2Fv2%2Fmedia&parent=6343"}],"wp:term":[{"taxonomy":"product_cat","embeddable":true,"href":"https:\/\/mundo.seashell.pt\/index.php?rest_route=%2Fwp%2Fv2%2Fproduct_cat&post=6343"},{"taxonomy":"product_tag","embeddable":true,"href":"https:\/\/mundo.seashell.pt\/index.php?rest_route=%2Fwp%2Fv2%2Fproduct_tag&post=6343"}],"curies":[{"name":"wp","href":"https:\/\/api.w.org\/{rel}","templated":true}]}}