{"id":6341,"date":"2022-02-23T11:57:57","date_gmt":"2022-02-23T11:57:57","guid":{"rendered":"https:\/\/mundo.seashell.pt\/?post_type=product&#038;p=6341"},"modified":"2022-02-23T11:57:59","modified_gmt":"2022-02-23T11:57:59","slug":"cilit-bang-vidros-05l","status":"publish","type":"product","link":"https:\/\/mundo.seashell.pt\/?product=cilit-bang-vidros-05l","title":{"rendered":"Cilit Bang Vidros 500ml"},"content":{"rendered":"<h3>Benef\u00edcios:<\/h3>\n<p>&#8211; Limpa e protege;<br \/>&#8211; D\u00e1 brilho;<br \/>&#8211; Resultados duradouros.<\/p>\n<h3>Conselhos de utiliza\u00e7\u00e3o:<\/h3>\n<p>Pulverize a superf\u00edcie a limpar e passe com um pano limpo e seco.<\/p><\/p>\n","protected":false},"excerpt":{"rendered":"<p>Benef\u00edcios:<br \/>\n&#8211; Limpa e protege;- D\u00e1 brilho;- Resultados duradouros.<br \/>\nConselhos de utiliza\u00e7\u00e3o:<br \/>\nPulverize a superf\u00edcie a limpar e passe com um pano limpo e seco.<\/p>\n","protected":false},"featured_media":6342,"template":"","meta":{"spay_email":""},"product_cat":[15],"product_tag":[],"class_list":{"0":"post-6341","1":"product","2":"type-product","3":"status-publish","4":"has-post-thumbnail","6":"product_cat-sem-categoria","8":"first","9":"instock","10":"taxable","11":"shipping-taxable","12":"purchasable","13":"product-type-simple"},"acf":[],"jetpack-related-posts":[{"id":6345,"url":"https:\/\/mundo.seashell.pt\/?product=sonasol-vidros-05l","url_meta":{"origin":6341,"position":0},"title":"Sonasol Vidros 500ml","date":"Fevereiro 23, 2022","format":false,"excerpt":"Sonasol brilhante vidros elimina eficazmente a sujidades e deixa os seus vidros limpos e 100% brilhantes. Benef\u00edcios: - 100% mais brilho e prote\u00e7\u00e3o. Conselhos de utiliza\u00e7\u00e3o: Pulverize sobre a superf\u00edcie que pretende limpar e passe um pano enxuto.","rel":"","context":"Similar post","img":{"alt_text":"","src":"https:\/\/i0.wp.com\/mundo.seashell.pt\/wp-content\/uploads\/2022\/02\/SONASOL_BRILHANTE_VIDROS_SPRAY_0L500_8410436343497.png?resize=350%2C200&ssl=1","width":350,"height":200},"classes":[]},{"id":6419,"url":"https:\/\/mundo.seashell.pt\/?product=sonasol-desengordurante-05l","url_meta":{"origin":6341,"position":1},"title":"Sonasol Desengordurante 500ml","date":"Fevereiro 23, 2022","format":false,"excerpt":"Sonasol brilhante desengordurante elimina eficazmente as manchas de gordura mais profundas e deixa a sua cozinha limpa e 100% mais brilhante. Benef\u00edcios: - 100% mais brilho e prote\u00e7\u00e3o. Conselhos de utiliza\u00e7\u00e3o: Pulverize diretamente na superf\u00edcie a limpar e passe um pano ou esponja h\u00famidos para retirar o produto...","rel":"","context":"Similar post","img":{"alt_text":"","src":"https:\/\/i0.wp.com\/mundo.seashell.pt\/wp-content\/uploads\/2022\/02\/SONASOL_BRILHANTE_DESENGORDURANTE_SPRAY_0L500_8410436343435.png?resize=350%2C200&ssl=1","width":350,"height":200},"classes":[]},{"id":6301,"url":"https:\/\/mundo.seashell.pt\/?product=cif-liquido-com-lixivia-700ml","url_meta":{"origin":6341,"position":2},"title":"CIF L\u00edquido com Lix\u00edvia 700ml","date":"Fevereiro 23, 2022","format":false,"excerpt":"Cif L\u00edquido Com Lix\u00edvia Cl\u00e1ssico 700ml Pulverize a superf\u00edcie a limpar e passe com um pano limpo e seco.","rel":"","context":"Similar post","img":{"alt_text":"","src":"https:\/\/i0.wp.com\/mundo.seashell.pt\/wp-content\/uploads\/2022\/02\/CIF_LI_QUIDO_ATIVO_C__LIXI_VIA_-_700ml_8717163606858.png?resize=350%2C200&ssl=1","width":350,"height":200},"classes":[]},{"id":6361,"url":"https:\/\/mundo.seashell.pt\/?product=sonasol-spray-brilhante-anti-calcario-05l","url_meta":{"origin":6341,"position":3},"title":"Sonasol Spray Brilhante Anti-Calc\u00e1rio 500ml","date":"Fevereiro 23, 2022","format":false,"excerpt":"Sonasol brilhante anticalc\u00e1rio elimina eficazmente at\u00e9 as sujidades mais profundas de todas as superf\u00edcies de casa de banho, deixando-a 100% brilhante. Benef\u00edcios: - 100% mais brilho e prote\u00e7\u00e3o. Conselhos de utiliza\u00e7\u00e3o: Pulverize diretamente na superf\u00edcie a limpar e passe um pano ou esponja h\u00famidos para retirar...","rel":"","context":"Similar post","img":{"alt_text":"","src":"https:\/\/i0.wp.com\/mundo.seashell.pt\/wp-content\/uploads\/2022\/02\/SONASOL_BRILHANTE_BANHO_SPRAY_0L500_8410436343404.png?resize=350%2C200&ssl=1","width":350,"height":200},"classes":[]},{"id":6351,"url":"https:\/\/mundo.seashell.pt\/?product=ajax-limpa-vidros-crstal-05l","url_meta":{"origin":6341,"position":4},"title":"Ajax Limpa Vidros Crstal 500ml","date":"Fevereiro 23, 2022","format":false,"excerpt":"Descubra a efic\u00e1cia de Ajax limpa vidros! Para janelas 100% transparentes e sem riscos, Ajax Cristal limpa r\u00e1pida e facilmente toda a sujidade. Benef\u00edcios: - Janelas 100% transparentes;- Reduz o efeito de embaciamento;- Anti riscos. Conselhos de utiliza\u00e7\u00e3o: Pulverize a superf\u00edcie a limpar e passe com um...","rel":"","context":"Similar post","img":{"alt_text":"","src":"https:\/\/i0.wp.com\/mundo.seashell.pt\/wp-content\/uploads\/2022\/02\/Ajax_L.Vidros_Cristal_Rec._500_ml_8718951037878.png?resize=350%2C200&ssl=1","width":350,"height":200},"classes":[]},{"id":6349,"url":"https:\/\/mundo.seashell.pt\/?product=ajax-limpa-vidros-cristal-pistola-05l","url_meta":{"origin":6341,"position":5},"title":"Ajax Limpa Vidros Cristal (Pistola) 500ml","date":"Fevereiro 23, 2022","format":false,"excerpt":"Descubra a efic\u00e1cia de Ajax limpa vidros! Para janelas 100% transparentes e sem riscos, Ajax Cristal limpa r\u00e1pida e facilmente toda a sujidade. Benef\u00edcios: - Janelas 100% transparentes;- Reduz o efeito de embaciamento;- Anti riscos. Conselhos de utiliza\u00e7\u00e3o: Pulverize a superf\u00edcie a limpar e passe com um...","rel":"","context":"Similar post","img":{"alt_text":"","src":"https:\/\/i0.wp.com\/mundo.seashell.pt\/wp-content\/uploads\/2022\/02\/Ajax_L.Vidros_Cristal_Pistola_500_ml_8718951037939.png?resize=350%2C200&ssl=1","width":350,"height":200},"classes":[]}],"_links":{"self":[{"href":"https:\/\/mundo.seashell.pt\/index.php?rest_route=\/wp\/v2\/product\/6341","targetHints":{"allow":["GET"]}}],"collection":[{"href":"https:\/\/mundo.seashell.pt\/index.php?rest_route=\/wp\/v2\/product"}],"about":[{"href":"https:\/\/mundo.seashell.pt\/index.php?rest_route=\/wp\/v2\/types\/product"}],"wp:featuredmedia":[{"embeddable":true,"href":"https:\/\/mundo.seashell.pt\/index.php?rest_route=\/wp\/v2\/media\/6342"}],"wp:attachment":[{"href":"https:\/\/mundo.seashell.pt\/index.php?rest_route=%2Fwp%2Fv2%2Fmedia&parent=6341"}],"wp:term":[{"taxonomy":"product_cat","embeddable":true,"href":"https:\/\/mundo.seashell.pt\/index.php?rest_route=%2Fwp%2Fv2%2Fproduct_cat&post=6341"},{"taxonomy":"product_tag","embeddable":true,"href":"https:\/\/mundo.seashell.pt\/index.php?rest_route=%2Fwp%2Fv2%2Fproduct_tag&post=6341"}],"curies":[{"name":"wp","href":"https:\/\/api.w.org\/{rel}","templated":true}]}}