{"id":6339,"date":"2022-02-23T11:57:54","date_gmt":"2022-02-23T11:57:54","guid":{"rendered":"https:\/\/mundo.seashell.pt\/?post_type=product&#038;p=6339"},"modified":"2022-02-23T11:57:57","modified_gmt":"2022-02-23T11:57:57","slug":"ajax-lava-tudo-madeiras-1l","status":"publish","type":"product","link":"https:\/\/mundo.seashell.pt\/?product=ajax-lava-tudo-madeiras-1l","title":{"rendered":"Ajax Lava tudo Madeiras 1L"},"content":{"rendered":"<p>Ajax lava tudo multisuperf\u00edcies para uso dom\u00e9stico, com uma nova f\u00f3rmula mais eficaz e a pensar no nosso planeta. Mantenha a sua casa com as superf\u00edcies de madeira higienicamente limpas com Ajax am\u00eandoa multiusos.<\/p>\n<h3>Tipo de produto:<\/h3>\n<p>Cuidado do Ch\u00e3o<\/p>\n<p>Notas\/Frag\u00e2ncia:<\/p>\n<p>Am\u00eandoa<\/p>\n<h3>Benef\u00edcios:<\/h3>\n<p>&#8211; Embalagem de pl\u00e1stico 100% reciclado;<br \/>&#8211; Embalagem e tampa recicl\u00e1veis;<br \/>&#8211; F\u00f3rmula 92% biodegrad\u00e1vel;<br \/>&#8211; Vegan;<br \/>&#8211; Respeita o meio aqu\u00e1tico.<\/p>\n<h3>Conselhos de utiliza\u00e7\u00e3o:<\/h3>\n<p>Para grandes superf\u00edcies, dilua 2 tampas num balde com 6 litros de \u00e1gua. Para manchas dif\u00edceis, use puro, utilizando uma esponja ou um pano.<\/p>\n","protected":false},"excerpt":{"rendered":"<p>Ajax Lava tudo Madeiras 1L<br \/>\nAjax lava tudo multisuperf\u00edcies para uso dom\u00e9stico, com uma nova f\u00f3rmula mais eficaz e a pensar no nosso planeta. Mantenha a sua casa com as superf\u00edcies de madeira higienicamente limpas com Ajax am\u00eandoa multiusos.<br \/>\nTipo de produto:<br \/>\nCuidado do Ch\u00e3o<br \/>\nNotas\/Frag\u00e2ncia:<br \/>\nAm\u00eandoaB&#8230;<\/p>\n","protected":false},"featured_media":6340,"template":"","meta":{"spay_email":""},"product_cat":[15],"product_tag":[],"class_list":{"0":"post-6339","1":"product","2":"type-product","3":"status-publish","4":"has-post-thumbnail","6":"product_cat-sem-categoria","8":"first","9":"instock","10":"taxable","11":"shipping-taxable","12":"purchasable","13":"product-type-simple"},"acf":[],"jetpack-related-posts":[{"id":6299,"url":"https:\/\/mundo.seashell.pt\/?product=ajax-lava-tudo-festa-das-flores-1l","url_meta":{"origin":6339,"position":0},"title":"Ajax Lava-Tudo Festa das Flores 1l","date":"Fevereiro 23, 2022","format":false,"excerpt":"Ajax ajuda na limpeza da casa. Deixa as suas superf\u00edcies limpas e brilhantes facilmente! Ajax lava tudo multisuperf\u00edcies para uso dom\u00e9stico, com uma nova f\u00f3rmula mais eficaz e a pensar no nosso planeta. Adicione agrad\u00e1veis aromas florais a todas as superf\u00edcies brilhantes com o lava tudo multisuperf\u00edcies Ajax festa de\u2026","rel":"","context":"Similar post","img":{"alt_text":"","src":"https:\/\/i0.wp.com\/mundo.seashell.pt\/wp-content\/uploads\/2022\/02\/Ajax_Festa_Flores_Floral_1_litro_8718951337688.png?resize=350%2C200&ssl=1","width":350,"height":200},"classes":[]},{"id":6263,"url":"https:\/\/mundo.seashell.pt\/?product=ajax-lava-tudo-desinfetante-1l","url_meta":{"origin":6339,"position":1},"title":"Ajax Lava-Tudo Desinfetante 1l","date":"Fevereiro 23, 2022","format":false,"excerpt":"Ajax ajuda na limpeza da casa. Deixa as suas superf\u00edcies limpas e brilhantes facilmente!Benef\u00edcios: - Elimina 100% das bact\u00e9rias;- Limpeza imediata e profunda.","rel":"","context":"Similar post","img":{"alt_text":"","src":"https:\/\/i0.wp.com\/mundo.seashell.pt\/wp-content\/uploads\/2022\/02\/Ajax_Lava_Tudo_DESINFECTANTE_1lt_8718951381599.jpeg?resize=350%2C200&ssl=1","width":350,"height":200},"classes":[]},{"id":6381,"url":"https:\/\/mundo.seashell.pt\/?product=ajax-multiusos-spray-boost-vinagre-e-maca-05l","url_meta":{"origin":6339,"position":2},"title":"Ajax Multiusos Spray Boost Vinagre e Ma\u00e7\u00e3 500ml","date":"Fevereiro 23, 2022","format":false,"excerpt":"Ajax ajuda na limpeza da casa. Deixa as suas superf\u00edcies limpas e brilhantes facilmente! Com ingredientes naturais, Ajax Boost multiusos proporciona uma limpeza profunda deixando as superf\u00edcies brilhantes e com a agrad\u00e1vel fragr\u00e2ncia a ma\u00e7\u00e3 verde. Notas\/Frag\u00e2ncia: Vinagre e Ma\u00e7\u00e3Benef\u00edcios: - Elimina manc...","rel":"","context":"Similar post","img":{"alt_text":"","src":"https:\/\/i0.wp.com\/mundo.seashell.pt\/wp-content\/uploads\/2022\/02\/Ajax_BOOST_Spray_Multiusos_500ml_8718951189881.png?resize=350%2C200&ssl=1","width":350,"height":200},"classes":[]},{"id":6347,"url":"https:\/\/mundo.seashell.pt\/?product=ajax-limpa-vidros-squeeze-05l","url_meta":{"origin":6339,"position":3},"title":"Ajax Limpa Vidros Squeeze 500ml","date":"Fevereiro 23, 2022","format":false,"excerpt":"Gra\u00e7as ao poder utra-efic\u00e1z da am\u00f3nia, a nova f\u00f3rmula de Ajax Vidros dissolve r\u00e1pida e facilmente toda a sujidade, n\u00e3o deixando res\u00edduos, para janelas e superf\u00edcies lav\u00e1veis totalmente trasnparentes e 100% sem riscos.","rel":"","context":"Similar post","img":{"alt_text":"","src":"https:\/\/i0.wp.com\/mundo.seashell.pt\/wp-content\/uploads\/2022\/02\/Ajax_L.Vidros_500_ml__Squeeze__5601123903015.png?resize=350%2C200&ssl=1","width":350,"height":200},"classes":[]},{"id":6383,"url":"https:\/\/mundo.seashell.pt\/?product=ajax-multiusos-com-lixivia-05l","url_meta":{"origin":6339,"position":4},"title":"Ajax Multiusos com Lix\u00edvia 500ml","date":"Fevereiro 23, 2022","format":false,"excerpt":"Ajax ajuda na limpeza da casa. Deixa as suas superf\u00edcies limpas e brilhantes facilmente! Elimina 100% das bact\u00e9rias; Limpeza imediata e profunda.","rel":"","context":"Similar post","img":{"alt_text":"","src":"https:\/\/i0.wp.com\/mundo.seashell.pt\/wp-content\/uploads\/2022\/02\/Ajax_Multiusos_c__Lixi_via_SPRAY_500ml_8718951135529.png?resize=350%2C200&ssl=1","width":350,"height":200},"classes":[]},{"id":6259,"url":"https:\/\/mundo.seashell.pt\/?product=ajax-multiusos-desinfetante-500ml","url_meta":{"origin":6339,"position":5},"title":"Ajax Multiusos Desinfetante 500ml","date":"Fevereiro 23, 2022","format":false,"excerpt":"Ajax ajuda na limpeza da casa. Deixa as suas superf\u00edcies limpas e brilhantes facilmente!Benef\u00edcios: - Elimina 100% das bact\u00e9rias;- Limpeza imediata e profunda.","rel":"","context":"Similar post","img":{"alt_text":"","src":"https:\/\/i0.wp.com\/mundo.seashell.pt\/wp-content\/uploads\/2022\/02\/Ajax_DESINFECTANTE_SPRAY_500ml_8718951384514.jpeg?resize=350%2C200&ssl=1","width":350,"height":200},"classes":[]}],"_links":{"self":[{"href":"https:\/\/mundo.seashell.pt\/index.php?rest_route=\/wp\/v2\/product\/6339","targetHints":{"allow":["GET"]}}],"collection":[{"href":"https:\/\/mundo.seashell.pt\/index.php?rest_route=\/wp\/v2\/product"}],"about":[{"href":"https:\/\/mundo.seashell.pt\/index.php?rest_route=\/wp\/v2\/types\/product"}],"wp:featuredmedia":[{"embeddable":true,"href":"https:\/\/mundo.seashell.pt\/index.php?rest_route=\/wp\/v2\/media\/6340"}],"wp:attachment":[{"href":"https:\/\/mundo.seashell.pt\/index.php?rest_route=%2Fwp%2Fv2%2Fmedia&parent=6339"}],"wp:term":[{"taxonomy":"product_cat","embeddable":true,"href":"https:\/\/mundo.seashell.pt\/index.php?rest_route=%2Fwp%2Fv2%2Fproduct_cat&post=6339"},{"taxonomy":"product_tag","embeddable":true,"href":"https:\/\/mundo.seashell.pt\/index.php?rest_route=%2Fwp%2Fv2%2Fproduct_tag&post=6339"}],"curies":[{"name":"wp","href":"https:\/\/api.w.org\/{rel}","templated":true}]}}