{"id":6337,"date":"2022-02-23T11:57:51","date_gmt":"2022-02-23T11:57:51","guid":{"rendered":"https:\/\/mundo.seashell.pt\/?post_type=product&#038;p=6337"},"modified":"2022-02-23T11:57:54","modified_gmt":"2022-02-23T11:57:54","slug":"novycera-madeiras-05l","status":"publish","type":"product","link":"https:\/\/mundo.seashell.pt\/?product=novycera-madeiras-05l","title":{"rendered":"Novycera Madeiras 500ml"},"content":{"rendered":"<p>Novycera Madeiras 0,5L<\/p><\/p>\n","protected":false},"excerpt":{"rendered":"<p>Novycera Madeiras 0,5L<\/p>\n","protected":false},"featured_media":6338,"template":"","meta":{"spay_email":""},"product_cat":[15],"product_tag":[],"class_list":{"0":"post-6337","1":"product","2":"type-product","3":"status-publish","4":"has-post-thumbnail","6":"product_cat-sem-categoria","8":"first","9":"instock","10":"taxable","11":"shipping-taxable","12":"purchasable","13":"product-type-simple"},"acf":[],"jetpack-related-posts":[{"id":6463,"url":"https:\/\/mundo.seashell.pt\/?product=novycera-decapante-05l","url_meta":{"origin":6337,"position":0},"title":"Novycera Decapante 500ml","date":"Fevereiro 23, 2022","format":false,"excerpt":"Novycera Decapante 0,5L","rel":"","context":"Similar post","img":{"alt_text":"","src":"https:\/\/i0.wp.com\/mundo.seashell.pt\/wp-content\/uploads\/2022\/02\/NOVYCERA_DECAPANTE_500ml_Ret6.png?resize=350%2C200&ssl=1","width":350,"height":200},"classes":[]},{"id":7046,"url":"https:\/\/mundo.seashell.pt\/?product=novycera-restauradores-de-moveis-500ml","url_meta":{"origin":6337,"position":1},"title":"Novycera Restauradores de Ch\u00e3o 500ml","date":"Fevereiro 23, 2022","format":false,"excerpt":"O Restaurador de Ch\u00e3o de Madeira Envernizado Novycera Madeira \u00e9 muito eficaz a reduzir manchas riscos descolora\u00e7\u00f5es e imperfei\u00e7\u00f5es da madeira envernizada. Usado regularmente restitui a cor \u00e0 madeira e recupera o brilho original do verniz...Benef\u00edcios:- Limpa, cuida e protege a madeira.","rel":"","context":"Similar post","img":{"alt_text":"","src":"https:\/\/i0.wp.com\/mundo.seashell.pt\/wp-content\/uploads\/2022\/02\/chaoenvernaizado_medio.jpeg?resize=350%2C200&ssl=1","width":350,"height":200},"classes":[]},{"id":7048,"url":"https:\/\/mundo.seashell.pt\/?product=novycera-restauradores-de-moveis-170ml","url_meta":{"origin":6337,"position":2},"title":"Novycera Restauradores de M\u00f3veis 170ml","date":"Fevereiro 23, 2022","format":false,"excerpt":"Benef\u00edcios: - Limpa, cuida e protege a madeira.","rel":"","context":"Similar post","img":{"alt_text":"","src":"https:\/\/i0.wp.com\/mundo.seashell.pt\/wp-content\/uploads\/2022\/02\/transferir__1_.png?resize=350%2C200&ssl=1","width":350,"height":200},"classes":[]},{"id":6459,"url":"https:\/\/mundo.seashell.pt\/?product=novycera-ceramica-flores-05l","url_meta":{"origin":6337,"position":3},"title":"Novycera Cer\u00e2mica Flores 500ml","date":"Fevereiro 23, 2022","format":false,"excerpt":"Lava e Encera Frescura de Flores Novycera 500ml","rel":"","context":"Similar post","img":{"alt_text":"","src":"https:\/\/i0.wp.com\/mundo.seashell.pt\/wp-content\/uploads\/2022\/02\/NOVYCERA_LAVA_ENCERA_CERA_MICA_FLORES_500ml.png?resize=350%2C200&ssl=1","width":350,"height":200},"classes":[]},{"id":6461,"url":"https:\/\/mundo.seashell.pt\/?product=novycera-ceramica-alfazema-05l","url_meta":{"origin":6337,"position":4},"title":"Novycera Cer\u00e2mica Alfazema 500ml","date":"Fevereiro 23, 2022","format":false,"excerpt":"Novycera Cer\u00e2mica Alfazema","rel":"","context":"Similar post","img":{"alt_text":"","src":"https:\/\/i0.wp.com\/mundo.seashell.pt\/wp-content\/uploads\/2022\/02\/NOVYCERA_LAVA_ENCERA_CERA_MICAS_ALFAZEMA_500ml.png?resize=350%2C200&ssl=1","width":350,"height":200},"classes":[]},{"id":6453,"url":"https:\/\/mundo.seashell.pt\/?product=novycera-tijoleira-05l","url_meta":{"origin":6337,"position":5},"title":"Novycera Tijoleiras 500ml","date":"Fevereiro 23, 2022","format":false,"excerpt":"Cera l\u00edquida acr\u00edlica novycera encarnada 500 ml","rel":"","context":"Similar post","img":{"alt_text":"","src":"https:\/\/i0.wp.com\/mundo.seashell.pt\/wp-content\/uploads\/2022\/02\/NOVYCERA_CERA_ACRILICA_TIJOLEIRAS_500ml.png?resize=350%2C200&ssl=1","width":350,"height":200},"classes":[]}],"_links":{"self":[{"href":"https:\/\/mundo.seashell.pt\/index.php?rest_route=\/wp\/v2\/product\/6337","targetHints":{"allow":["GET"]}}],"collection":[{"href":"https:\/\/mundo.seashell.pt\/index.php?rest_route=\/wp\/v2\/product"}],"about":[{"href":"https:\/\/mundo.seashell.pt\/index.php?rest_route=\/wp\/v2\/types\/product"}],"wp:featuredmedia":[{"embeddable":true,"href":"https:\/\/mundo.seashell.pt\/index.php?rest_route=\/wp\/v2\/media\/6338"}],"wp:attachment":[{"href":"https:\/\/mundo.seashell.pt\/index.php?rest_route=%2Fwp%2Fv2%2Fmedia&parent=6337"}],"wp:term":[{"taxonomy":"product_cat","embeddable":true,"href":"https:\/\/mundo.seashell.pt\/index.php?rest_route=%2Fwp%2Fv2%2Fproduct_cat&post=6337"},{"taxonomy":"product_tag","embeddable":true,"href":"https:\/\/mundo.seashell.pt\/index.php?rest_route=%2Fwp%2Fv2%2Fproduct_tag&post=6337"}],"curies":[{"name":"wp","href":"https:\/\/api.w.org\/{rel}","templated":true}]}}