{"id":6333,"date":"2022-02-23T11:57:46","date_gmt":"2022-02-23T11:57:46","guid":{"rendered":"https:\/\/mundo.seashell.pt\/?post_type=product&#038;p=6333"},"modified":"2022-02-23T11:57:48","modified_gmt":"2022-02-23T11:57:48","slug":"cif-madeiras-14l","status":"publish","type":"product","link":"https:\/\/mundo.seashell.pt\/?product=cif-madeiras-14l","title":{"rendered":"Cif Madeiras 1.4L"},"content":{"rendered":"<p>Deixa os pisos brilhantes; ideal para pisos em madeira; combate a sujidade mais dif\u00edcil; com um aroma revigorante<\/p>\n<h3>Ideal para ch\u00e3o de Madeira.<\/h3>\n<p>Cif \u00e9 a certeza de uma limpeza perfeita e com muito brilho.<\/p>\n<h3>Benef\u00edcios:<\/h3>\n<p>&#8211; Limpeza profunda;<br \/>&#8211; N\u00e3o necessita de enxaguar;<br \/>&#8211; Fragr\u00e2ncia intensa.<\/p>\n<h3>Conselhos de utiliza\u00e7\u00e3o:<\/h3>\n<p>Dilua 60ml de produto em 5 litros de \u00e1gua. N\u00e3o necessita de enxaguar. Para usar puro, coloque numa esponja h\u00famida ou diretamente na superf\u00edcie. Enxag\u00fae, ap\u00f3s a utiliza\u00e7\u00e3o.<\/p>\n<p><\/p><\/p>\n","protected":false},"excerpt":{"rendered":"<p>Deixa os pisos brilhantes; ideal para pisos em madeira; combate a sujidade mais dif\u00edcil; com um aroma revigorante<\/p>\n","protected":false},"featured_media":6334,"template":"","meta":{"spay_email":""},"product_cat":[15],"product_tag":[],"class_list":{"0":"post-6333","1":"product","2":"type-product","3":"status-publish","4":"has-post-thumbnail","6":"product_cat-sem-categoria","8":"first","9":"instock","10":"taxable","11":"shipping-taxable","12":"purchasable","13":"product-type-simple"},"acf":[],"jetpack-related-posts":[{"id":6297,"url":"https:\/\/mundo.seashell.pt\/?product=cif-lava-tudo-14l","url_meta":{"origin":6333,"position":0},"title":"CIF Lava-Tudo 1,4l","date":"Fevereiro 23, 2022","format":false,"excerpt":"Cif \u00e9 a certeza de uma limpeza perfeita e com muito brilho. Cif lava tudo marinho n\u00e3o possui apenas uma f\u00f3rmula \u00fanica que combate a sujidade mais dif\u00edcil, mas oferece resultados brilhantes numa variedade de pisos, deixando um aroma revigorante e um brilho \u00fanico. Limpa profundamente pisos laminados, vinil, lin\u00f3leo,\u2026","rel":"","context":"Similar post","img":{"alt_text":"","src":"https:\/\/i0.wp.com\/mundo.seashell.pt\/wp-content\/uploads\/2022\/02\/CIF_LI_QUIDO_LIMA_O_VERDE_-_1_4L_8710908095467.png?resize=350%2C200&ssl=1","width":350,"height":200},"classes":[]},{"id":6373,"url":"https:\/\/mundo.seashell.pt\/?product=cif-creme-limao-05l","url_meta":{"origin":6333,"position":1},"title":"Cif Creme Lim\u00e3o 500ml","date":"Fevereiro 23, 2022","format":false,"excerpt":"Deixa as superf\u00edcies brilhantes, removendo a sujidade incrustada. Cif creme de lim\u00e3o com microcristais remove a sujidade a 100% e garante uma limpeza brilhante e um inconfund\u00edvel aroma a lim\u00e3o. Os milh\u00f5es de micropart\u00edculas contidas em cada gota limpam cozinhas, casas de banho e muito mais. Notas\/Frag\u00e2ncia: Lim\u00e3o","rel":"","context":"Similar post","img":{"alt_text":"","src":"https:\/\/i0.wp.com\/mundo.seashell.pt\/wp-content\/uploads\/2022\/02\/CIF_CREME_LIMA_O_-_500ml_8717163617618.png?resize=350%2C200&ssl=1","width":350,"height":200},"classes":[]},{"id":7038,"url":"https:\/\/mundo.seashell.pt\/?product=cif-spray-madeiras-435ml","url_meta":{"origin":6333,"position":2},"title":"Cif Spray Madeiras 435ml","date":"Fevereiro 23, 2022","format":false,"excerpt":"Cif Spray perfect finish madeiras foi desenvolvido cientificamente para limpar, cuidar e proteger a 100% as suas superf\u00edcies de madeira! Tipo de produto: Cuidado dos M\u00f3veisBenef\u00edcios: - 100% limpa, cuida e protege;- Com agentes de limpeza especiais;- Com \u00f3leo de cedro. Conselhos de utiliza\u00e7\u00e3o:","rel":"","context":"Similar post","img":{"alt_text":"","src":"https:\/\/i0.wp.com\/mundo.seashell.pt\/wp-content\/uploads\/2022\/02\/CIF_SPRAY_MADEIRAS_435ml_8717163831502.jpeg?resize=350%2C200&ssl=1","width":350,"height":200},"classes":[]},{"id":6375,"url":"https:\/\/mundo.seashell.pt\/?product=cif-creme-branco-05l","url_meta":{"origin":6333,"position":3},"title":"Cif Creme Branco 500ml","date":"Fevereiro 23, 2022","format":false,"excerpt":"Deixa as superf\u00edcies brilhantes, removendo a sujidade incrustada. Cif creme original com microcristais remove a sujidade a 100% e garante uma limpeza brilhante e um inconfund\u00edvel aroma a lim\u00e3o. Os milh\u00f5es de micropart\u00edculas contidas em cada gota limpam cozinhas, casas de banho e muito mais.Benef\u00edcios: - Remove restos de...","rel":"","context":"Similar post","img":{"alt_text":"","src":"https:\/\/i0.wp.com\/mundo.seashell.pt\/wp-content\/uploads\/2022\/02\/CIF_CREME_BRANCO_-_500ml_8717163617632.png?resize=350%2C200&ssl=1","width":350,"height":200},"classes":[]},{"id":6303,"url":"https:\/\/mundo.seashell.pt\/?product=cif-gel-com-lixivia-750ml","url_meta":{"origin":6333,"position":4},"title":"CIF Gel com Lix\u00edvia 750ml","date":"Fevereiro 23, 2022","format":false,"excerpt":"Cif \u00e9 a certeza de uma limpeza perfeita e com muito brilho. Cif gel ativo com lix\u00edvia desengordura, elimina sem esfor\u00e7o a sujidade dif\u00edcil e limpa em profundidade, fazendo brilhar todas as superf\u00edcies.Benef\u00edcios: - Limpeza profunda;- Remo\u00e7\u00e3o da sujidade mais dif\u00edcil. Conselhos de utiliza\u00e7\u00e3o: Uso dil...","rel":"","context":"Similar post","img":{"alt_text":"","src":"https:\/\/i0.wp.com\/mundo.seashell.pt\/wp-content\/uploads\/2022\/02\/CIF_GEL_ATIVO_C__LIXI_VIA_-_750ml_5601068014494.png?resize=350%2C200&ssl=1","width":350,"height":200},"classes":[]},{"id":6305,"url":"https:\/\/mundo.seashell.pt\/?product=cif-gel-com-lixivia-14l","url_meta":{"origin":6333,"position":5},"title":"CIF Gel com Lix\u00edvia 1,4l","date":"Fevereiro 23, 2022","format":false,"excerpt":"Cif \u00e9 a certeza de uma limpeza perfeita e com muito brilho. Cif gel ativo com lix\u00edvia desengordura, elimina sem esfor\u00e7o a sujidade dif\u00edcil e limpa em profundidade, fazendo brilhar todas as superf\u00edcies.Benef\u00edcios: - Limpeza profunda;- Remo\u00e7\u00e3o da sujidade mais dif\u00edcil. Conselhos de utiliza\u00e7\u00e3o: Uso ...","rel":"","context":"Similar post","img":{"alt_text":"","src":"https:\/\/i0.wp.com\/mundo.seashell.pt\/wp-content\/uploads\/2022\/02\/CIF_GEL_ATIVO_C__LIXI_VIA_-_1_4L_8710908095375.png?resize=350%2C200&ssl=1","width":350,"height":200},"classes":[]}],"_links":{"self":[{"href":"https:\/\/mundo.seashell.pt\/index.php?rest_route=\/wp\/v2\/product\/6333","targetHints":{"allow":["GET"]}}],"collection":[{"href":"https:\/\/mundo.seashell.pt\/index.php?rest_route=\/wp\/v2\/product"}],"about":[{"href":"https:\/\/mundo.seashell.pt\/index.php?rest_route=\/wp\/v2\/types\/product"}],"wp:featuredmedia":[{"embeddable":true,"href":"https:\/\/mundo.seashell.pt\/index.php?rest_route=\/wp\/v2\/media\/6334"}],"wp:attachment":[{"href":"https:\/\/mundo.seashell.pt\/index.php?rest_route=%2Fwp%2Fv2%2Fmedia&parent=6333"}],"wp:term":[{"taxonomy":"product_cat","embeddable":true,"href":"https:\/\/mundo.seashell.pt\/index.php?rest_route=%2Fwp%2Fv2%2Fproduct_cat&post=6333"},{"taxonomy":"product_tag","embeddable":true,"href":"https:\/\/mundo.seashell.pt\/index.php?rest_route=%2Fwp%2Fv2%2Fproduct_tag&post=6333"}],"curies":[{"name":"wp","href":"https:\/\/api.w.org\/{rel}","templated":true}]}}