{"id":6331,"date":"2022-02-23T11:57:42","date_gmt":"2022-02-23T11:57:42","guid":{"rendered":"https:\/\/mundo.seashell.pt\/?post_type=product&#038;p=6331"},"modified":"2022-02-23T11:57:45","modified_gmt":"2022-02-23T11:57:45","slug":"ratrom-3g-25-isco-fresco-rodenticida","status":"publish","type":"product","link":"https:\/\/mundo.seashell.pt\/?product=ratrom-3g-25-isco-fresco-rodenticida","title":{"rendered":"Ratrom 3G 25 Isco Fresco Rodenticida"},"content":{"rendered":"<p>Isco pronto a utilizar contendo como ingrediente ativo o anticoagulante Brodifacume, efetivo em ratos dom\u00e9sticos (mus musculus) e ratos castanhos (rattus norvegicus) mesmo ap\u00f3s uma \u00fanica ingest\u00e3o. A formula\u00e7\u00e3o consiste num isco em pasta \u201cfresca&#8221;, particularmente atrativa ao paladar de todas as esp\u00e9cies de roedores descritas. O produto n\u00e3o causa desconfian\u00e7a nos outros roedores. Cont\u00e9m um agente amargante destinado a prevenir a ingest\u00e3o acidental por crian\u00e7as. Pode ser usado no interior e em redor de edif\u00edcios, habita\u00e7\u00f5es, armaz\u00e9ns, garagens, arrecada\u00e7\u00f5es e jardins envolventes.<\/p>\n<h3>Aplica\u00e7\u00f5es e Modos de Utiliza\u00e7\u00e3o<\/h3>\n<h4> Interior de edif\u00edcios, para o controlo de rato dom\u00e9stico (mus musculus):<\/h4>\n<p> Usar 20-40g de RATROM 3G 25 BLOCO por esta\u00e7\u00e3o de isco, equivalente a 2-4 iscos de rodenticida prontos a utilizar de 10g cada. Se forem necess\u00e1rias v\u00e1rias esta\u00e7\u00f5es de isco, coloc\u00e1-las a uma dist\u00e2ncia de 10-15 metros; a dist\u00e2ncia m\u00ednima entre as esta\u00e7\u00f5es deve ser de 5 metros. As esta\u00e7\u00f5es de isco devem ser visitadas, pelo menos, a cada 2 ou 3 dias no in\u00edcio do tratamento e, posteriormente, pelo menos, uma vez por semana, a fim de verificar se o isco \u00e9 aceite, se as esta\u00e7\u00f5es de isco est\u00e3o intactas e para retirar corpos de roedores. Recarregar o isco quando necess\u00e1rio.<\/p>\n<h4> Interior e em redor de edif\u00edcios, para o controlo de rato castanho (rattus norvegicus):<\/h4>\n<p> Usar 100-200g de RATROM 3G 25 BLOCO por esta\u00e7\u00e3o de isco, equivalente a 10-20 iscos de rodenticida prontos a utilizar de 10g cada. Se forem necess\u00e1rias v\u00e1rias esta\u00e7\u00f5es de isco, coloc\u00e1-las a uma dist\u00e2ncia de 10-15 metros; a dist\u00e2ncia m\u00ednima entre as esta\u00e7\u00f5es deve ser de 5 metros. Colocar as esta\u00e7\u00f5es de isco em \u00e1reas n\u00e3o sujeitas a inunda\u00e7\u00f5es.<\/p>\n<p>Substituir o isco nas esta\u00e7\u00f5es em que este tenha sido danificado por \u00e1gua ou contaminado por sujidade. As esta\u00e7\u00f5es de isco devem ser visitadas 5 a 7 dias ap\u00f3s o in\u00edcio do tratamento e, posteriormente, pelo menos, uma vez por semana, a fim de verificar se o isco \u00e9 aceite, se as esta\u00e7\u00f5es de isco est\u00e3o intactas e para retirar corpos de roedores.<\/p>\n<p>Recarregar o isco quando necess\u00e1rio.<\/p>\n<h3>Conserva\u00e7\u00e3o e Armazenagem<\/h3>\n<p> Manter o produto na embalagem original bem fechada, em local fresco e ao abrigo da luz solar.<\/p>\n","protected":false},"excerpt":{"rendered":"<p>Isco pronto a utilizar contendo como ingrediente ativo o anticoagulante Brodifacume, efetivo em ratos dom\u00e9sticos (mus musculus) e ratos castanhos (rattus norvegicus) mesmo ap\u00f3s uma \u00fanica ingest\u00e3o. A formula\u00e7\u00e3o consiste num isco em pasta \u201cfresca&#8221;, particularmente atrativa ao paladar de todas as esp\u00e9cies de roedores descritas. O produto n\u00e3o cau&#8230;<\/p>\n","protected":false},"featured_media":6332,"template":"","meta":{"spay_email":""},"product_cat":[15],"product_tag":[],"class_list":{"0":"post-6331","1":"product","2":"type-product","3":"status-publish","4":"has-post-thumbnail","6":"product_cat-sem-categoria","8":"first","9":"instock","10":"taxable","11":"shipping-taxable","12":"purchasable","13":"product-type-simple"},"acf":[],"jetpack-related-posts":[{"id":6329,"url":"https:\/\/mundo.seashell.pt\/?product=caixa-de-isco-rodenticida","url_meta":{"origin":6331,"position":0},"title":"Caixa de Isco Rodenticida","date":"Fevereiro 23, 2022","format":false,"excerpt":"Porta-iscas de pl\u00e1stico especialmente indicado para ratos, para ser usado tanto em ambientes internos como externos, sendo muito resistente \u00e0s intemp\u00e9ries. Evita a dispers\u00e3o da isca e minimiza o risco de acidentes a animais e crian\u00e7as.","rel":"","context":"Similar post","img":{"alt_text":"","src":"https:\/\/i0.wp.com\/mundo.seashell.pt\/wp-content\/uploads\/2022\/02\/Caixa_de_Isco_Rodenticida.png?resize=350%2C200&ssl=1","width":350,"height":200},"classes":[]},{"id":7122,"url":"https:\/\/mundo.seashell.pt\/?product=raid-armadilha-paera-baratas-6-un","url_meta":{"origin":6331,"position":1},"title":"Raid Armadilha para Baratas 6 Un","date":"Fevereiro 23, 2022","format":false,"excerpt":"Proteja a sua fam\u00edlia. Aproveite cada momento.Descri\u00e7\u00e3o: Gra\u00e7as \u00e0 f\u00f3rmula exclusiva de Raid\u00ae Controller baratas basta colocar as armadilhas para que a sua efic\u00e1cia exterminadora comece a atuar de forma cont\u00ednua. A barata come o isco e quando volta ao ninho propaga o seu efeito contaminando e eliminando as outras\u2026","rel":"","context":"Similar post","img":{"alt_text":"","src":"https:\/\/i0.wp.com\/mundo.seashell.pt\/wp-content\/uploads\/2022\/02\/2778093-frente.jpeg?resize=350%2C200&ssl=1","width":350,"height":200},"classes":[]},{"id":7124,"url":"https:\/\/mundo.seashell.pt\/?product=sbm-armadilha-para-formigas-2-un","url_meta":{"origin":6331,"position":2},"title":"SBM Armadilha para Formigas 2 Un","date":"Fevereiro 23, 2022","format":false,"excerpt":"Antiarmadilha de formiga SBM Altamente eficaz para todas as esp\u00e9cies de formigas. Ativa\u00e7\u00e3o pressionando o centro da armadilha. Permanece ativo at\u00e9 90 dias. Inclui tiras adesivas para instala\u00e7\u00e3o nem na vertical. SBM formiga armadilha efetivamente controle de formigas e formiga gra\u00e7as a um gel ultra concentrado muito atraente. Pr\u00e1tico, \u00e9\u2026","rel":"","context":"Similar post","img":{"alt_text":"","src":"https:\/\/i0.wp.com\/mundo.seashell.pt\/wp-content\/uploads\/2022\/02\/transferir__21_.jpeg?resize=350%2C200&ssl=1","width":350,"height":200},"classes":[]},{"id":7072,"url":"https:\/\/mundo.seashell.pt\/?product=domestos-power-5-bloco-de-sanita","url_meta":{"origin":6331,"position":3},"title":"Domestos Power 5 Bloco de Sanita","date":"Fevereiro 23, 2022","format":false,"excerpt":"O bloco Domestos Power 5 deixa a sua sanita limpa e brilhante. Mant\u00ea-la fresca e com uma limpeza duradoura nunca foi t\u00e3o f\u00e1cil.Benef\u00edcios: - Preven\u00e7\u00e3o de calc\u00e1rio;- Fragr\u00e2ncia de longa dura\u00e7\u00e3o;- Espuma rica;- Brilho;- Higiene. Conselhos de utiliza\u00e7\u00e3o: Desdobre o gancho, ajuste a altura do gancho...","rel":"","context":"Similar post","img":{"alt_text":"","src":"https:\/\/i0.wp.com\/mundo.seashell.pt\/wp-content\/uploads\/2022\/02\/002240895.jpeg?resize=350%2C200&ssl=1","width":350,"height":200},"classes":[]},{"id":6489,"url":"https:\/\/mundo.seashell.pt\/?product=finish-deo-lima-limao-60-ciclos","url_meta":{"origin":6331,"position":4},"title":"Finish Deo Lima Lim\u00e3o 60 Ciclos","date":"Fevereiro 23, 2022","format":false,"excerpt":"Diga stop aos maus odores na sua m\u00e1quina. Finish Odor Stop tem uma f\u00f3rmula exclusiva de dupla a\u00e7\u00e3o: elimina os maus odores em vez de os mascarar e deixa uma brisa de ar fresco na sua m\u00e1quina da loi\u00e7a. A c\u00e2mara azul escura cont\u00e9m ingredientes ativos que eliminam os maus\u2026","rel":"","context":"Similar post","img":{"alt_text":"","src":"https:\/\/i0.wp.com\/mundo.seashell.pt\/wp-content\/uploads\/2022\/02\/Finish_Deo_Lima_Limao_x20_5601217130631.png?resize=350%2C200&ssl=1","width":350,"height":200},"classes":[]},{"id":6896,"url":"https:\/\/mundo.seashell.pt\/?product=colgate-escova-extra-clean-2un","url_meta":{"origin":6331,"position":5},"title":"Colgate Escova Extra Clean 2un","date":"Fevereiro 23, 2022","format":false,"excerpt":"Escova de Dentes Manual Conselhos de utiliza\u00e7\u00e3o: Fa\u00e7a uma escovagem cuidadosa seguindo os seguintes passos: 1. Escove as superf\u00edcies exteriores dos dentes de cima e depois dos dentes de baixo; 2. Escove as superf\u00edcies interiores dos dentes de cima e depois dos dentes de baixo; 3. Limpe as super...","rel":"","context":"Similar post","img":{"alt_text":"","src":"https:\/\/i0.wp.com\/mundo.seashell.pt\/wp-content\/uploads\/2022\/02\/Colgate_Escova_Extra_Clean_-_Twinpack_8714789162607.png?resize=350%2C200&ssl=1","width":350,"height":200},"classes":[]}],"_links":{"self":[{"href":"https:\/\/mundo.seashell.pt\/index.php?rest_route=\/wp\/v2\/product\/6331","targetHints":{"allow":["GET"]}}],"collection":[{"href":"https:\/\/mundo.seashell.pt\/index.php?rest_route=\/wp\/v2\/product"}],"about":[{"href":"https:\/\/mundo.seashell.pt\/index.php?rest_route=\/wp\/v2\/types\/product"}],"wp:featuredmedia":[{"embeddable":true,"href":"https:\/\/mundo.seashell.pt\/index.php?rest_route=\/wp\/v2\/media\/6332"}],"wp:attachment":[{"href":"https:\/\/mundo.seashell.pt\/index.php?rest_route=%2Fwp%2Fv2%2Fmedia&parent=6331"}],"wp:term":[{"taxonomy":"product_cat","embeddable":true,"href":"https:\/\/mundo.seashell.pt\/index.php?rest_route=%2Fwp%2Fv2%2Fproduct_cat&post=6331"},{"taxonomy":"product_tag","embeddable":true,"href":"https:\/\/mundo.seashell.pt\/index.php?rest_route=%2Fwp%2Fv2%2Fproduct_tag&post=6331"}],"curies":[{"name":"wp","href":"https:\/\/api.w.org\/{rel}","templated":true}]}}