{"id":6329,"date":"2022-02-23T11:57:26","date_gmt":"2022-02-23T11:57:26","guid":{"rendered":"https:\/\/mundo.seashell.pt\/?post_type=product&#038;p=6329"},"modified":"2022-02-23T11:57:28","modified_gmt":"2022-02-23T11:57:28","slug":"caixa-de-isco-rodenticida","status":"publish","type":"product","link":"https:\/\/mundo.seashell.pt\/?product=caixa-de-isco-rodenticida","title":{"rendered":"Caixa de Isco Rodenticida"},"content":{"rendered":"<p>Porta-iscas de pl\u00e1stico especialmente indicado para ratos, para ser usado tanto em ambientes internos como externos, sendo muito resistente \u00e0s intemp\u00e9ries. Evita a dispers\u00e3o da isca e minimiza o risco de acidentes a animais e crian\u00e7as.<\/p>\n","protected":false},"excerpt":{"rendered":"<p>Porta-iscas de pl\u00e1stico especialmente indicado para ratos, para ser usado tanto em ambientes internos como externos, sendo muito resistente \u00e0s intemp\u00e9ries. Evita a dispers\u00e3o da isca e minimiza o risco de acidentes a animais e crian\u00e7as.<\/p>\n","protected":false},"featured_media":6330,"template":"","meta":{"spay_email":""},"product_cat":[352],"product_tag":[],"class_list":{"0":"post-6329","1":"product","2":"type-product","3":"status-publish","4":"has-post-thumbnail","6":"product_cat-drogaria-diversos23-iva","8":"first","9":"instock","10":"taxable","11":"shipping-taxable","12":"purchasable","13":"product-type-simple"},"acf":[],"jetpack-related-posts":[{"id":7124,"url":"https:\/\/mundo.seashell.pt\/?product=sbm-armadilha-para-formigas-2-un","url_meta":{"origin":6329,"position":0},"title":"SBM Armadilha para Formigas 2 Un","date":"Fevereiro 23, 2022","format":false,"excerpt":"Antiarmadilha de formiga SBM Altamente eficaz para todas as esp\u00e9cies de formigas. Ativa\u00e7\u00e3o pressionando o centro da armadilha. Permanece ativo at\u00e9 90 dias. Inclui tiras adesivas para instala\u00e7\u00e3o nem na vertical. SBM formiga armadilha efetivamente controle de formigas e formiga gra\u00e7as a um gel ultra concentrado muito atraente. Pr\u00e1tico, \u00e9\u2026","rel":"","context":"Similar post","img":{"alt_text":"","src":"https:\/\/i0.wp.com\/mundo.seashell.pt\/wp-content\/uploads\/2022\/02\/transferir__21_.jpeg?resize=350%2C200&ssl=1","width":350,"height":200},"classes":[]},{"id":6331,"url":"https:\/\/mundo.seashell.pt\/?product=ratrom-3g-25-isco-fresco-rodenticida","url_meta":{"origin":6329,"position":1},"title":"Ratrom 3G 25 Isco Fresco Rodenticida","date":"Fevereiro 23, 2022","format":false,"excerpt":"Isco pronto a utilizar contendo como ingrediente ativo o anticoagulante Brodifacume, efetivo em ratos dom\u00e9sticos (mus musculus) e ratos castanhos (rattus norvegicus) mesmo ap\u00f3s uma \u00fanica ingest\u00e3o. A formula\u00e7\u00e3o consiste num isco em pasta \u201cfresca\", particularmente atrativa ao paladar de todas as esp\u00e9cies de roedores descritas. O produto n\u00e3o cau...","rel":"","context":"Similar post","img":{"alt_text":"","src":"https:\/\/i0.wp.com\/mundo.seashell.pt\/wp-content\/uploads\/2022\/02\/SOLIS_Ratrom_3G_25_Isco_Fresco_150gr.png?resize=350%2C200&ssl=1","width":350,"height":200},"classes":[]},{"id":6155,"url":"https:\/\/mundo.seashell.pt\/?product=luvas-superforte","url_meta":{"origin":6329,"position":2},"title":"Luvas Superforte","date":"Fevereiro 23, 2022","format":false,"excerpt":"Para as tarefas mais duras tanto mec\u00e2nicas como pelo uso de produto qu\u00edmico. Para ser usado em qualquer tarefa de limpeza, especialmente naquelas mais duros e mais dif\u00edceis que requerem maior resist\u00eancia qu\u00edmica e mec\u00e2nica.Luvas de l\u00e1tex revestidas com uma camada de neopreno. Uma prote\u00e7\u00e3o extra dupla para produtos qu\u00edmicos.\u2026","rel":"","context":"Similar post","img":{"alt_text":"","src":"https:\/\/i0.wp.com\/mundo.seashell.pt\/wp-content\/uploads\/2022\/02\/07-gloves-04-gloves-heavyweight-portrait_PhotoRoom_20210418_123117.jpg?resize=350%2C200&ssl=1","width":350,"height":200},"classes":[]},{"id":7148,"url":"https:\/\/mundo.seashell.pt\/?product=bayeco-papel-vegetal-8m","url_meta":{"origin":6329,"position":3},"title":"Bayeco Papel Vegetal &#8211; 8m","date":"Fevereiro 23, 2022","format":false,"excerpt":"Bayeco Papel Vegetal - 8m Antiaderente dos dois lados. Extremamente resistente a altas temperaturas.Descri\u00e7\u00e3o: O papel vegetal da Bayeco apresenta uma antiader\u00eancia em ambos os lados o que possibilita fazer cozinhardos menos gordurosos, \u00e9 extremamente resistente podendo ser utilizado at\u00e9 uma temperatura de 220\u00ba.Este...","rel":"","context":"Similar post","img":{"alt_text":"","src":"https:\/\/i0.wp.com\/mundo.seashell.pt\/wp-content\/uploads\/2022\/02\/bayeco-papel-horno-hojas-380-mm-20-hojas.jpeg?resize=350%2C200&ssl=1","width":350,"height":200},"classes":[]},{"id":6153,"url":"https:\/\/mundo.seashell.pt\/?product=luvas-ultrassensiveis","url_meta":{"origin":6329,"position":4},"title":"Luvas Ultrassens\u00edveis","date":"Fevereiro 23, 2022","format":false,"excerpt":"100% l\u00e1tex natural Projetado para ser usado em tarefas que necessitam da prote\u00e7\u00e3o das m\u00e3os e simultaneamente grande sensibilidade para a manipula\u00e7\u00e3o de objetos, ferramentas ou equipamentos. Luva de l\u00e1tex natural e neopreno com tratamento externo. N\u00e3o t\u00eam forro interno para oferecer um toque mais sens\u00edvel e pr\u00f3ximo ao da\u2026","rel":"","context":"Similar post","img":{"alt_text":"","src":"https:\/\/i0.wp.com\/mundo.seashell.pt\/wp-content\/uploads\/2022\/02\/07-gloves-06-gloves-lightweight-portrait_PhotoRoom_20210418_123257.jpg?resize=350%2C200&ssl=1","width":350,"height":200},"classes":[]},{"id":6179,"url":"https:\/\/mundo.seashell.pt\/?product=pano-microroll","url_meta":{"origin":6329,"position":5},"title":"Pano MicroRoll","date":"Fevereiro 23, 2022","format":false,"excerpt":"MicroRoll O poder 100% da microfibra Nada limpa t\u00e3o profundo quanto microfibras. Elimina graxa e impress\u00f5es digitais sem esfregar. Como? As microfibras ultrafinas literalmente retiram a sujeira da superf\u00edcie.Voc\u00ea economiza tempo e dinheiro, especialmente porque voc\u00ea pode fazer o trabalho com um m\u00ednimo de produtos qu\u00edmico...","rel":"","context":"Similar post","img":{"alt_text":"","src":"https:\/\/i0.wp.com\/mundo.seashell.pt\/wp-content\/uploads\/2022\/02\/01-wiping-01-microfibre-cloths-08-microroll-microroll-detail-580x435_PhotoRoom_20210418_123129.jpg?resize=350%2C200&ssl=1","width":350,"height":200},"classes":[]}],"_links":{"self":[{"href":"https:\/\/mundo.seashell.pt\/index.php?rest_route=\/wp\/v2\/product\/6329","targetHints":{"allow":["GET"]}}],"collection":[{"href":"https:\/\/mundo.seashell.pt\/index.php?rest_route=\/wp\/v2\/product"}],"about":[{"href":"https:\/\/mundo.seashell.pt\/index.php?rest_route=\/wp\/v2\/types\/product"}],"wp:featuredmedia":[{"embeddable":true,"href":"https:\/\/mundo.seashell.pt\/index.php?rest_route=\/wp\/v2\/media\/6330"}],"wp:attachment":[{"href":"https:\/\/mundo.seashell.pt\/index.php?rest_route=%2Fwp%2Fv2%2Fmedia&parent=6329"}],"wp:term":[{"taxonomy":"product_cat","embeddable":true,"href":"https:\/\/mundo.seashell.pt\/index.php?rest_route=%2Fwp%2Fv2%2Fproduct_cat&post=6329"},{"taxonomy":"product_tag","embeddable":true,"href":"https:\/\/mundo.seashell.pt\/index.php?rest_route=%2Fwp%2Fv2%2Fproduct_tag&post=6329"}],"curies":[{"name":"wp","href":"https:\/\/api.w.org\/{rel}","templated":true}]}}