{"id":6327,"date":"2022-02-23T11:57:23","date_gmt":"2022-02-23T11:57:23","guid":{"rendered":"https:\/\/mundo.seashell.pt\/?post_type=product&#038;p=6327"},"modified":"2022-02-23T11:57:26","modified_gmt":"2022-02-23T11:57:26","slug":"zas-acendalhas-multiusos","status":"publish","type":"product","link":"https:\/\/mundo.seashell.pt\/?product=zas-acendalhas-multiusos","title":{"rendered":"ZAS Acendalhas Multiusos"},"content":{"rendered":"<p><strong>ZAS<\/strong> \u00e9 a marca de refer\u00eancia em produtos para auxiliar a combust\u00e3o em churrascos e lareiras. Na gama de produtos, destacam-se as acendalhas ecol\u00f3gicas, produzidas exclusivamente a partir de mat\u00e9rias-primas de origem vegetal e n\u00e3o de derivados de petr\u00f3leo (sendo 100% CO2 neutro). Este produto n\u00e3o liberta odor, acende f\u00e1cil e rapidamente e tem uma grande durabilidade, apresentando uma excelente rela\u00e7\u00e3o Qualidade\/Pre\u00e7o.<\/p>\n","protected":false},"excerpt":{"rendered":"<p><strong>ZAS<\/strong> \u00e9 a marca de refer\u00eancia em produtos para auxiliar a combust\u00e3o em churrascos e lareiras. Na gama de produtos, destacam-se as acendalhas ecol\u00f3gicas, produzidas exclusivamente a partir de mat\u00e9rias-primas de origem vegetal e n\u00e3o de derivados de petr\u00f3leo (sendo 100% CO2 neutro). Este produto n\u00e3o liberta odor, acende f\u00e1cil e ra&#8230;<\/p>\n","protected":false},"featured_media":6328,"template":"","meta":{"spay_email":""},"product_cat":[352],"product_tag":[],"class_list":{"0":"post-6327","1":"product","2":"type-product","3":"status-publish","4":"has-post-thumbnail","6":"product_cat-drogaria-diversos23-iva","8":"first","9":"instock","10":"taxable","11":"shipping-taxable","12":"purchasable","13":"product-type-simple"},"acf":[],"jetpack-related-posts":[{"id":6325,"url":"https:\/\/mundo.seashell.pt\/?product=zas-tronco-para-lareira","url_meta":{"origin":6327,"position":0},"title":"ZAS Tronco para Lareira","date":"Fevereiro 23, 2022","format":false,"excerpt":"ZAS \u00e9 a marca de refer\u00eancia em produtos para auxiliar a combust\u00e3o em churrascos e lareiras. Na gama de produtos, destacam-se as acendalhas ecol\u00f3gicas, produzidas exclusivamente a partir de mat\u00e9rias-primas de origem vegetal e n\u00e3o de derivados de petr\u00f3leo (sendo 100% CO2 neutro). Este produto n\u00e3o liberta odor, acende f\u00e1cil\u2026","rel":"","context":"Similar post","img":{"alt_text":"","src":"https:\/\/i0.wp.com\/mundo.seashell.pt\/wp-content\/uploads\/2022\/02\/ZAS_TRONCO_-_FIRE_LOGS_.png?resize=350%2C200&ssl=1","width":350,"height":200},"classes":[]},{"id":6323,"url":"https:\/\/mundo.seashell.pt\/?product=zas-acendalhas-ecologicas","url_meta":{"origin":6327,"position":1},"title":"ZAS Acendalhas Ecol\u00f3gicas","date":"Fevereiro 23, 2022","format":false,"excerpt":"ZAS \u00e9 a marca de refer\u00eancia em produtos para auxiliar a combust\u00e3o em churrascos e lareiras. Na gama de produtos, destacam-se as acendalhas ecol\u00f3gicas, produzidas exclusivamente a partir de mat\u00e9rias-primas de origem vegetal e n\u00e3o de derivados de petr\u00f3leo (sendo 100% CO2 neutro). Este produto n\u00e3o liberta odor, acende f\u00e1cil\u2026","rel":"","context":"Similar post","img":{"alt_text":"","src":"https:\/\/i0.wp.com\/mundo.seashell.pt\/wp-content\/uploads\/2022\/02\/ZAS_ECOLOGICA_28.png?resize=350%2C200&ssl=1","width":350,"height":200},"classes":[]},{"id":7206,"url":"https:\/\/mundo.seashell.pt\/?product=zas-acendalhas-ecologicas-72-acendalhas","url_meta":{"origin":6327,"position":2},"title":"Zas Acendalhas Ecol\u00f3gicas 72 Acendalhas","date":"Fevereiro 23, 2022","format":false,"excerpt":"ZAS \u00e9 a marca de refer\u00eancia em produtos para auxiliar a combust\u00e3o em churrascos e lareiras. Na gama de produtos, destacam-se as acendalhas ecol\u00f3gicas, produzidas exclusivamente a partir de mat\u00e9rias-primas de origem vegetal e n\u00e3o de derivados de petr\u00f3leo (sendo 100% CO2 neutro). Este produto n\u00e3o liberta odor, acende f\u00e1cil\u2026","rel":"","context":"Similar post","img":{"alt_text":"","src":"https:\/\/i0.wp.com\/mundo.seashell.pt\/wp-content\/uploads\/2022\/02\/transferir__2_-1.jpeg?resize=350%2C200&ssl=1","width":350,"height":200},"classes":[]},{"id":5649,"url":"https:\/\/mundo.seashell.pt\/?product=lotion-cream-800ml","url_meta":{"origin":6327,"position":3},"title":"Sab\u00e3o de M\u00e3os Lotion Cream","date":"Fevereiro 23, 2022","format":false,"excerpt":"Sab\u00e3o de m\u00e3os natural em creme perfumado","rel":"","context":"Similar post","img":{"alt_text":"","src":"https:\/\/i0.wp.com\/mundo.seashell.pt\/wp-content\/uploads\/2022\/02\/lotion_cream.jpg?resize=350%2C200&ssl=1","width":350,"height":200},"classes":[]},{"id":5651,"url":"https:\/\/mundo.seashell.pt\/?product=lotion-foam-800ml","url_meta":{"origin":6327,"position":4},"title":"Sab\u00e3o de m\u00e3os Lotion Foam 800Ml","date":"Fevereiro 23, 2022","format":false,"excerpt":"Sab\u00e3o de m\u00e3os natural em espuma perfumado.","rel":"","context":"Similar post","img":{"alt_text":"","src":"https:\/\/i0.wp.com\/mundo.seashell.pt\/wp-content\/uploads\/2022\/02\/lotion_foam_4.jpg?resize=350%2C200&ssl=1","width":350,"height":200},"classes":[]},{"id":6101,"url":"https:\/\/mundo.seashell.pt\/?product=pom-wc-750ml","url_meta":{"origin":6327,"position":5},"title":"Desincrustante Pom WC 750Ml","date":"Fevereiro 23, 2022","format":false,"excerpt":"Detergente desincrustante \u00e0 base de \u00e1cidos org\u00e2nicos de origem natural (\u00e1cido c\u00edtrico e \u00e1cido l\u00e1ctico) com elevada a\u00e7\u00e3o desodorizante para a limpeza di\u00e1ria da sanita","rel":"","context":"Similar post","img":{"alt_text":"","src":"https:\/\/i0.wp.com\/mundo.seashell.pt\/wp-content\/uploads\/2022\/02\/PhotoRoom_20210325_092139.jpg?resize=350%2C200&ssl=1","width":350,"height":200},"classes":[]}],"_links":{"self":[{"href":"https:\/\/mundo.seashell.pt\/index.php?rest_route=\/wp\/v2\/product\/6327","targetHints":{"allow":["GET"]}}],"collection":[{"href":"https:\/\/mundo.seashell.pt\/index.php?rest_route=\/wp\/v2\/product"}],"about":[{"href":"https:\/\/mundo.seashell.pt\/index.php?rest_route=\/wp\/v2\/types\/product"}],"wp:featuredmedia":[{"embeddable":true,"href":"https:\/\/mundo.seashell.pt\/index.php?rest_route=\/wp\/v2\/media\/6328"}],"wp:attachment":[{"href":"https:\/\/mundo.seashell.pt\/index.php?rest_route=%2Fwp%2Fv2%2Fmedia&parent=6327"}],"wp:term":[{"taxonomy":"product_cat","embeddable":true,"href":"https:\/\/mundo.seashell.pt\/index.php?rest_route=%2Fwp%2Fv2%2Fproduct_cat&post=6327"},{"taxonomy":"product_tag","embeddable":true,"href":"https:\/\/mundo.seashell.pt\/index.php?rest_route=%2Fwp%2Fv2%2Fproduct_tag&post=6327"}],"curies":[{"name":"wp","href":"https:\/\/api.w.org\/{rel}","templated":true}]}}