{"id":6321,"date":"2022-02-23T11:57:15","date_gmt":"2022-02-23T11:57:15","guid":{"rendered":"https:\/\/mundo.seashell.pt\/?post_type=product&#038;p=6321"},"modified":"2022-02-23T11:57:18","modified_gmt":"2022-02-23T11:57:18","slug":"javisol-tradicional-2500ml-300ml-gratis-2800ml","status":"publish","type":"product","link":"https:\/\/mundo.seashell.pt\/?product=javisol-tradicional-2500ml-300ml-gratis-2800ml","title":{"rendered":"Javisol Tradicional (2500ml+ 300ml GRATIS) 2800ml"},"content":{"rendered":"<p>Presente no segmento de lix\u00edvia tradicional, Javisol est\u00e1 dispon\u00edvel em 3 tipos de embalagem e pode ser usada na limpeza e desinfe\u00e7\u00e3o da casa, assim como na lavagem \u00e0 m\u00e1quina e manual de roupa branca.<\/p>\n<p>Gra\u00e7as \u00e0 sua f\u00f3rmula melhorada 3 em 1, Javisol permite uma limpeza poderosa de toda a casa, devido ao seu forte poder higienizante, garante a brancura total da roupa, protegendo os tecidos atrav\u00e9s dos seus agentes protetores e elimina os alerg\u00e9nios do p\u00f3len e da poeira.<\/p>\n","protected":false},"excerpt":{"rendered":"<p>Presente no segmento de lix\u00edvia tradicional, Javisol est\u00e1 dispon\u00edvel em 3 tipos de embalagem e pode ser usada na limpeza e desinfe\u00e7\u00e3o da casa, assim como na lavagem \u00e0 m\u00e1quina e manual de roupa branca.<br \/>\nGra\u00e7as \u00e0 sua f\u00f3rmula melhorada 3 em 1, Javisol permite uma limpeza poderosa de toda a casa, devido ao seu forte poder higienizante, gara&#8230;<\/p>\n","protected":false},"featured_media":6322,"template":"","meta":{"spay_email":""},"product_cat":[15],"product_tag":[],"class_list":{"0":"post-6321","1":"product","2":"type-product","3":"status-publish","4":"has-post-thumbnail","6":"product_cat-sem-categoria","8":"first","9":"instock","10":"taxable","11":"shipping-taxable","12":"purchasable","13":"product-type-simple"},"acf":[],"jetpack-related-posts":[{"id":6309,"url":"https:\/\/mundo.seashell.pt\/?product=neoblanc-lixivia-regular","url_meta":{"origin":6321,"position":0},"title":"Neoblanc Lix\u00edvia Regular","date":"Fevereiro 23, 2022","format":false,"excerpt":"Neoblanc, a lix\u00edvia que garante prote\u00e7\u00e3o da sua casa e da sua roupa. Gra\u00e7as \u00e0 tecnologia exclusiva protege fibra, envolve as fibras e protege-as durante a lavagem, ajudando a manter as pe\u00e7as como novas! Al\u00e9m disso, higieniza e remove mais de 90% dos alerg\u00e9nios de p\u00f3len, poeira, \u00e1caros e animais\u2026","rel":"","context":"Similar post","img":{"alt_text":"","src":"https:\/\/i0.wp.com\/mundo.seashell.pt\/wp-content\/uploads\/2022\/02\/NEOBLANC_REGULAR_4L___________________8001480020535.png?resize=350%2C200&ssl=1","width":350,"height":200},"classes":[]},{"id":6317,"url":"https:\/\/mundo.seashell.pt\/?product=domestos-lixivia-classica-2l","url_meta":{"origin":6321,"position":1},"title":"Domestos Lix\u00edvia Cl\u00e1ssica 2L","date":"Fevereiro 23, 2022","format":false,"excerpt":"'Domestos lix\u00edvia cl\u00e1ssica foi desenvolvida para garantir a seguran\u00e7a e prote\u00e7\u00e3o do seu lar, atrav\u00e9s de uma tripla a\u00e7\u00e3o: desinfe\u00e7\u00e3o, limpeza e frescura. Tipo de produto: Lix\u00edvia Gel Benef\u00edcios: - Desinfeta, branqueia e mata todos os germes conhecidos;- Limpa, desengordura e elimina a sujidade de todas a...","rel":"","context":"Similar post","img":{"alt_text":"","src":"https:\/\/i0.wp.com\/mundo.seashell.pt\/wp-content\/uploads\/2022\/02\/DOMESTOS_LIXI_VIA_CLA_SSICA_-_2L_5601068015774.png?resize=350%2C200&ssl=1","width":350,"height":200},"classes":[]},{"id":6271,"url":"https:\/\/mundo.seashell.pt\/?product=sanytol-desinfetante-de-roupa-500ml","url_meta":{"origin":6321,"position":2},"title":"Sanytol Desinfetante de Roupa 500ml","date":"Fevereiro 23, 2022","format":false,"excerpt":"Desinfetante De Roupa \u2013 Flores Brancas DESCRI\u00c7\u00c3O A roupa lavada a baixa temperatura n\u00e3o est\u00e1 totalmente livre de micr\u00f3bios e pode ser a origem de maus odores e doen\u00e7as de pele ou irrita\u00e7\u00f5es. Apenas as lavagens a 90\u00b0C eliminam 100% dos micr\u00f3bios da roupa. O desinfetante de roupa SANYTOL elimina\u2026","rel":"","context":"Similar post","img":{"alt_text":"","src":"https:\/\/i0.wp.com\/mundo.seashell.pt\/wp-content\/uploads\/2022\/02\/SANYTOL_DESINFECTANTE_DE_ROUPA_500ml_3045200760009.png?resize=350%2C200&ssl=1","width":350,"height":200},"classes":[]},{"id":6710,"url":"https:\/\/mundo.seashell.pt\/?product=xau-limpa-maquinas-025l","url_meta":{"origin":6321,"position":3},"title":"Xau Limpa M\u00e1quinas 250ml","date":"Fevereiro 23, 2022","format":false,"excerpt":"Se a sua m\u00e1quina da roupa tem a gaveta suja, maus odores e borracha suja, utilize Xau limpa m\u00e1quinas. Este produto cont\u00e9m uma f\u00f3rmula \u00fanica que limpa e remove os res\u00edduos de sujidade e detergente do interior da m\u00e1quina da roupa. Mant\u00e9m o interior da sua m\u00e1quina limpa, garantindo um\u2026","rel":"","context":"Similar post","img":{"alt_text":"","src":"https:\/\/i0.wp.com\/mundo.seashell.pt\/wp-content\/uploads\/2022\/02\/Xau_Limpa_Ma_quinas_250mlx12_8410104033026.png?resize=350%2C200&ssl=1","width":350,"height":200},"classes":[]},{"id":6657,"url":"https:\/\/mundo.seashell.pt\/?product=vanish-oxi-action-em-po-420gr","url_meta":{"origin":6321,"position":4},"title":"Vanish Oxi Action em P\u00f3 420Gr","date":"Fevereiro 23, 2022","format":false,"excerpt":"Depois de lavar a roupa, continua com maus odores e n\u00f3doas? Vanish oxi action p\u00f3 elimina odores \u00e9 um tira-n\u00f3doas poderoso sem lix\u00edvia que, para al\u00e9m de remover todo o tipo de n\u00f3doas, cont\u00e9m uma tecnologia de neutraliza\u00e7\u00e3o de odores. Pode ser utilizado em pr\u00e9-tratamento, de molho ou diretamente na\u2026","rel":"","context":"Similar post","img":{"alt_text":"","src":"https:\/\/i0.wp.com\/mundo.seashell.pt\/wp-content\/uploads\/2022\/02\/Vanish_Oxi_Action_Po__White_420G_4_P_x6_5601217134332.png?resize=350%2C200&ssl=1","width":350,"height":200},"classes":[]},{"id":5746,"url":"https:\/\/mundo.seashell.pt\/?product=solim-clorosan-10kg-lavandaria-manual","url_meta":{"origin":6321,"position":5},"title":"Branqueador Solim Clorosan 10Kg &#8211; Lavandaria Manual","date":"Fevereiro 23, 2022","format":false,"excerpt":"Branqueador e higienizante para a roupa \u2013 base cloro","rel":"","context":"Similar post","img":{"alt_text":"","src":"https:\/\/i0.wp.com\/mundo.seashell.pt\/wp-content\/uploads\/2022\/02\/SOLIM_CLOROSAN_PhotoRoom_20210402_103014.jpg?resize=350%2C200&ssl=1","width":350,"height":200},"classes":[]}],"_links":{"self":[{"href":"https:\/\/mundo.seashell.pt\/index.php?rest_route=\/wp\/v2\/product\/6321","targetHints":{"allow":["GET"]}}],"collection":[{"href":"https:\/\/mundo.seashell.pt\/index.php?rest_route=\/wp\/v2\/product"}],"about":[{"href":"https:\/\/mundo.seashell.pt\/index.php?rest_route=\/wp\/v2\/types\/product"}],"wp:featuredmedia":[{"embeddable":true,"href":"https:\/\/mundo.seashell.pt\/index.php?rest_route=\/wp\/v2\/media\/6322"}],"wp:attachment":[{"href":"https:\/\/mundo.seashell.pt\/index.php?rest_route=%2Fwp%2Fv2%2Fmedia&parent=6321"}],"wp:term":[{"taxonomy":"product_cat","embeddable":true,"href":"https:\/\/mundo.seashell.pt\/index.php?rest_route=%2Fwp%2Fv2%2Fproduct_cat&post=6321"},{"taxonomy":"product_tag","embeddable":true,"href":"https:\/\/mundo.seashell.pt\/index.php?rest_route=%2Fwp%2Fv2%2Fproduct_tag&post=6321"}],"curies":[{"name":"wp","href":"https:\/\/api.w.org\/{rel}","templated":true}]}}