{"id":6317,"date":"2022-02-23T11:57:11","date_gmt":"2022-02-23T11:57:11","guid":{"rendered":"https:\/\/mundo.seashell.pt\/?post_type=product&#038;p=6317"},"modified":"2022-02-23T11:57:13","modified_gmt":"2022-02-23T11:57:13","slug":"domestos-lixivia-classica-2l","status":"publish","type":"product","link":"https:\/\/mundo.seashell.pt\/?product=domestos-lixivia-classica-2l","title":{"rendered":"Domestos Lix\u00edvia Cl\u00e1ssica 2L"},"content":{"rendered":"<p>&#8216;Domestos lix\u00edvia cl\u00e1ssica foi desenvolvida para garantir a seguran\u00e7a e prote\u00e7\u00e3o do seu lar, atrav\u00e9s de uma tripla a\u00e7\u00e3o: desinfe\u00e7\u00e3o, limpeza e frescura.<\/p>\n<h3>Tipo de produto:<\/h3>\n<p>Lix\u00edvia Gel<\/p>\n<h3>Benef\u00edcios:<\/h3>\n<p>&#8211; Desinfeta, branqueia e mata todos os germes conhecidos;<br \/>&#8211; Limpa, desengordura e elimina a sujidade de todas as superf\u00edcies;<br \/>&#8211; D\u00e1 frescura e deixa toda a casa com uma agrad\u00e1vel fragr\u00e2ncia.<\/p>\n<h3>Conselhos de utiliza\u00e7\u00e3o:<\/h3>\n<p>Para branquear a roupa, adicione 100ml em 5 litros de \u00e1gua. Para roupa branca, adicione 100ml em 10 litros de \u00e1gua e deixe atuar durante 15 a 20 minutos. Para remo\u00e7\u00e3o de n\u00f3doas, adicione 200ml em 5 litros de \u00e1gua e deixe atuar durante 10 minutos. N\u00e3o utilizar Domestos lix\u00edvia com detergente em l\u00e3s, sedas, fibras sint\u00e9ticas, pele ou tecidos coloridos.<\/p>\n<p>Para limpeza de superf\u00edcies, use pura, para desinfetar a sua sanita, ralo de casa de banho ou cozinha. Use dilu\u00edda, diluindo 300ml em 4,7 litros de \u00e1gua para desinfetar azulejos, lavat\u00f3rio, superf\u00edcies de esmalte, m\u00e1rmores e mosaicos. Para remo\u00e7\u00e3o de bolores, deixe aturar durante 30 minutos. Para superf\u00edcies com muita sujidade, limpe antes de desinfetar.<\/p>\n<p><\/p>\n","protected":false},"excerpt":{"rendered":"<p>&#8216;Domestos lix\u00edvia cl\u00e1ssica foi desenvolvida para garantir a seguran\u00e7a e prote\u00e7\u00e3o do seu lar, atrav\u00e9s de uma tripla a\u00e7\u00e3o: desinfe\u00e7\u00e3o, limpeza e frescura.<br \/>\nTipo de produto:<br \/>\nLix\u00edvia Gel<br \/>\nBenef\u00edcios:<br \/>\n&#8211; Desinfeta, branqueia e mata todos os germes conhecidos;- Limpa, desengordura e elimina a sujidade de todas a&#8230;<\/p>\n","protected":false},"featured_media":6318,"template":"","meta":{"spay_email":""},"product_cat":[15],"product_tag":[],"class_list":{"0":"post-6317","1":"product","2":"type-product","3":"status-publish","4":"has-post-thumbnail","6":"product_cat-sem-categoria","8":"first","9":"instock","10":"taxable","11":"shipping-taxable","12":"purchasable","13":"product-type-simple"},"acf":[],"jetpack-related-posts":[{"id":6319,"url":"https:\/\/mundo.seashell.pt\/?product=domestos-lixivia-espessa-075l","url_meta":{"origin":6317,"position":0},"title":"Domestos Lix\u00edvia Espessa 750ml","date":"Fevereiro 23, 2022","format":false,"excerpt":"Domestos lix\u00edvia espessa foi desenvolvida para garantir um prote\u00e7\u00e3o mais duradoura contra os germes, juntamente com um a\u00e7\u00e3o de limpeza profunda. Tipo de produto: Lix\u00edvia Gel Benef\u00edcios: - Desinfecta, limpa e d\u00e1 frescura;- Prote\u00e7\u00e3o e elimina\u00e7\u00e3o mais duradoura de germes;- Remo\u00e7\u00e3o de manchas. Conse...","rel":"","context":"Similar post","img":{"alt_text":"","src":"https:\/\/i0.wp.com\/mundo.seashell.pt\/wp-content\/uploads\/2022\/02\/DOMESTOS_LIXI_VIA_ESPESSA_-_750ml_8410437001082.png?resize=350%2C200&ssl=1","width":350,"height":200},"classes":[]},{"id":6313,"url":"https:\/\/mundo.seashell.pt\/?product=neoblanc-frescura-do-campo-1l","url_meta":{"origin":6317,"position":1},"title":"Neoblanc Frescura do Campo 1L","date":"Fevereiro 23, 2022","format":false,"excerpt":"Neoblanc perfume do campo para al\u00e9m de garantir prote\u00e7\u00e3o para a sua casa e para a sua roupa, confere um perfume floral tr\u00eas vezes mais intenso. Tipo de produto: Lix\u00edvia Perfumada Benef\u00edcios: - Envolve e protege as fibras durante a lavagem;- Ajuda a manter as pe\u00e7as como novas;- Higieniza e\u2026","rel":"","context":"Similar post","img":{"alt_text":"","src":"https:\/\/i0.wp.com\/mundo.seashell.pt\/wp-content\/uploads\/2022\/02\/NEOBLANC_FRESCURA_DO_CAMPO_1L_8001480020542.png?resize=350%2C200&ssl=1","width":350,"height":200},"classes":[]},{"id":6309,"url":"https:\/\/mundo.seashell.pt\/?product=neoblanc-lixivia-regular","url_meta":{"origin":6317,"position":2},"title":"Neoblanc Lix\u00edvia Regular","date":"Fevereiro 23, 2022","format":false,"excerpt":"Neoblanc, a lix\u00edvia que garante prote\u00e7\u00e3o da sua casa e da sua roupa. Gra\u00e7as \u00e0 tecnologia exclusiva protege fibra, envolve as fibras e protege-as durante a lavagem, ajudando a manter as pe\u00e7as como novas! Al\u00e9m disso, higieniza e remove mais de 90% dos alerg\u00e9nios de p\u00f3len, poeira, \u00e1caros e animais\u2026","rel":"","context":"Similar post","img":{"alt_text":"","src":"https:\/\/i0.wp.com\/mundo.seashell.pt\/wp-content\/uploads\/2022\/02\/NEOBLANC_REGULAR_4L___________________8001480020535.png?resize=350%2C200&ssl=1","width":350,"height":200},"classes":[]},{"id":6311,"url":"https:\/\/mundo.seashell.pt\/?product=neoblanc-gentil-lixivia-delicada","url_meta":{"origin":6317,"position":3},"title":"Neoblanc Gentil Lix\u00edvia Delicada 1L","date":"Fevereiro 23, 2022","format":false,"excerpt":"Neoblanc Gentil \u00e9 uma lix\u00edvia delicada, segura sobre todas as cores e tecidos, sint\u00e9ticos ou delicados, como l\u00e3 e seda. Adicionada em cada lavagem, tira-n\u00f3doas, higieniza e elimina os cheiros. Tipo de produto: Lix\u00edvia DelicadaBenef\u00edcios: - Remo\u00e7\u00e3o de manchas de toda a roupa;- Elimina\u00e7\u00e3o do mau cheiro;- ...","rel":"","context":"Similar post","img":{"alt_text":"","src":"https:\/\/i0.wp.com\/mundo.seashell.pt\/wp-content\/uploads\/2022\/02\/NEOBLANC_GENTIL_1L_8001480020740.png?resize=350%2C200&ssl=1","width":350,"height":200},"classes":[]},{"id":6239,"url":"https:\/\/mundo.seashell.pt\/?product=lysol-multiusos-500ml","url_meta":{"origin":6317,"position":4},"title":"Lysol Multiusos 500ml","date":"Fevereiro 23, 2022","format":false,"excerpt":"Lysol Desinfetante Multiusos Frescura Elimina a sujidade e as manchas deixando as superf\u00edcies desinfetadas e com uma agrad\u00e1vel fragr\u00e2ncia a Ma\u00e7\u00e3....","rel":"","context":"Similar post","img":{"alt_text":"","src":"https:\/\/i0.wp.com\/mundo.seashell.pt\/wp-content\/uploads\/2022\/02\/Lysol_Desinfetante_Multiusos_Pistola_500ML_x12_5601217134806.jpeg?resize=350%2C200&ssl=1","width":350,"height":200},"classes":[]},{"id":6251,"url":"https:\/\/mundo.seashell.pt\/?product=sanytol-multiusos-750ml-1","url_meta":{"origin":6317,"position":5},"title":"Sanytol Multiusos 750ml","date":"Fevereiro 23, 2022","format":false,"excerpt":"Limpador Desinfetante Multiusos \u2013 Eucalipto Mantenha a sua casa saud\u00e1vel com o Desinfetante Multiusos. Pr\u00e1tico e sem lix\u00edvia, limpa todas as superf\u00edcies da casa. Ideal para remover a sujidade do dia a dia e desinfetar tudo numa s\u00f3 passagem. CARACTER\u00cdSTICAS Elimina 99,9% de bact\u00e9rias, fungos, v\u00edru...","rel":"","context":"Similar post","img":{"alt_text":"","src":"https:\/\/i0.wp.com\/mundo.seashell.pt\/wp-content\/uploads\/2022\/02\/SANYTOL_DESINFETANTE_MULTIUSOS_750_ML_8411660670236.png?resize=350%2C200&ssl=1","width":350,"height":200},"classes":[]}],"_links":{"self":[{"href":"https:\/\/mundo.seashell.pt\/index.php?rest_route=\/wp\/v2\/product\/6317","targetHints":{"allow":["GET"]}}],"collection":[{"href":"https:\/\/mundo.seashell.pt\/index.php?rest_route=\/wp\/v2\/product"}],"about":[{"href":"https:\/\/mundo.seashell.pt\/index.php?rest_route=\/wp\/v2\/types\/product"}],"wp:featuredmedia":[{"embeddable":true,"href":"https:\/\/mundo.seashell.pt\/index.php?rest_route=\/wp\/v2\/media\/6318"}],"wp:attachment":[{"href":"https:\/\/mundo.seashell.pt\/index.php?rest_route=%2Fwp%2Fv2%2Fmedia&parent=6317"}],"wp:term":[{"taxonomy":"product_cat","embeddable":true,"href":"https:\/\/mundo.seashell.pt\/index.php?rest_route=%2Fwp%2Fv2%2Fproduct_cat&post=6317"},{"taxonomy":"product_tag","embeddable":true,"href":"https:\/\/mundo.seashell.pt\/index.php?rest_route=%2Fwp%2Fv2%2Fproduct_tag&post=6317"}],"curies":[{"name":"wp","href":"https:\/\/api.w.org\/{rel}","templated":true}]}}