{"id":6313,"date":"2022-02-23T11:57:06","date_gmt":"2022-02-23T11:57:06","guid":{"rendered":"https:\/\/mundo.seashell.pt\/?post_type=product&#038;p=6313"},"modified":"2022-02-23T11:57:08","modified_gmt":"2022-02-23T11:57:08","slug":"neoblanc-frescura-do-campo-1l","status":"publish","type":"product","link":"https:\/\/mundo.seashell.pt\/?product=neoblanc-frescura-do-campo-1l","title":{"rendered":"Neoblanc Frescura do Campo 1L"},"content":{"rendered":"<p>Neoblanc perfume do campo para al\u00e9m de garantir prote\u00e7\u00e3o para a sua casa e para a sua roupa, confere um perfume floral tr\u00eas vezes mais intenso.<\/p>\n<h3>Tipo de produto:<\/h3>\n<p>Lix\u00edvia Perfumada<\/p>\n<p>Benef\u00edcios:<\/p>\n<p>&#8211; Envolve e protege as fibras durante a lavagem;<br \/>&#8211; Ajuda a manter as pe\u00e7as como novas;<br \/>&#8211; Higieniza e remove mais de 90% dos alerg\u00e9nios de p\u00f3len, poeira, \u00e1caros e animais dom\u00e9sticos.<\/p>\n<p>Conselhos de utiliza\u00e7\u00e3o:<\/p>\n<\/p>\n<p><strong>Grandes Superf\u00edcies:<\/strong> deite um copo de Neoblanc em 5 litros de \u00e1gua e limpe sem enxaguar. No caso de sujidade persistente, aplique diretamente sobre a sujidade e depois enxague, ou deite dois copos de Neoblanc em 5 litros de \u00e1gua e limpe sem enxaguar.<\/p>\n<p><strong>Na m\u00e1quina de lavar roupa:<\/strong> deite o detergente no doseador e coloque-o no tambor sobre a roupa, ou deite-o no compartimento espec\u00edfico da m\u00e1quina de lavar. Depois adicione Neoblanc no compartimento espec\u00edfico da lix\u00edvia at\u00e9 o n\u00edvel indicado. Se n\u00e3o houver o compartimento indicado e n\u00e3o for utilizar outros aditivos, deite Neoblanc no compartimento dos aditivos at\u00e9 ao n\u00edvel indicado. Como alternativa, acione a pr\u00e9-lavagem e, enquanto a \u00e1gua escorre, deite um copo e meio de Neoblanc no compartimento da pr\u00e9-lavagem. Por fim, inicie a lavagem. Para resultados excelentes, n\u00e3o deite a lix\u00edvia no compartimento do detergente.<\/p>\n<p><strong>Tratamento pr\u00e9vio:<\/strong> no caso de manchas dif\u00edceis, deite Neoblanc diretamente sobre a mancha at\u00e9 cobrir completamente, deixe atuar no m\u00e1ximo 3 minutos e lave imediatamente. Teste o produto sobre uma parte escondida antes do uso. N\u00e3o deite puro sobre poss\u00edveis partes met\u00e1licas.<\/p>\n<p><strong>\u00c0 m\u00e3o:<\/strong> deite um copo em 10 litros de \u00e1gua e deixe de molho durante 20-30 minutos sem adicionar o detergente. Em seguida, enxague a roupa e lave-a como de costume.<\/p>\n<\/p>\n<p><\/p>\n<p><\/p>\n","protected":false},"excerpt":{"rendered":"<p>Neoblanc perfume do campo para al\u00e9m de garantir prote\u00e7\u00e3o para a sua casa e para a sua roupa, confere um perfume floral tr\u00eas vezes mais intenso.<\/p>\n<h3>Tipo de produto:<\/h3>\n<p>Lix\u00edvia Perfumada<\/p>\n<p>Benef\u00edcios:<\/p>\n<p>&#8211; Envolve e protege as fibras durante a lavagem;<br \/>&#8211; Ajuda a manter as pe\u00e7as como novas;<br \/>&#8211; Higieniza e remove mais de 9&#8230;<\/p>\n","protected":false},"featured_media":6314,"template":"","meta":{"spay_email":""},"product_cat":[15],"product_tag":[],"class_list":{"0":"post-6313","1":"product","2":"type-product","3":"status-publish","4":"has-post-thumbnail","6":"product_cat-sem-categoria","8":"first","9":"instock","10":"taxable","11":"shipping-taxable","12":"purchasable","13":"product-type-simple"},"acf":[],"jetpack-related-posts":[{"id":6309,"url":"https:\/\/mundo.seashell.pt\/?product=neoblanc-lixivia-regular","url_meta":{"origin":6313,"position":0},"title":"Neoblanc Lix\u00edvia Regular","date":"Fevereiro 23, 2022","format":false,"excerpt":"Neoblanc, a lix\u00edvia que garante prote\u00e7\u00e3o da sua casa e da sua roupa. Gra\u00e7as \u00e0 tecnologia exclusiva protege fibra, envolve as fibras e protege-as durante a lavagem, ajudando a manter as pe\u00e7as como novas! Al\u00e9m disso, higieniza e remove mais de 90% dos alerg\u00e9nios de p\u00f3len, poeira, \u00e1caros e animais\u2026","rel":"","context":"Similar post","img":{"alt_text":"","src":"https:\/\/i0.wp.com\/mundo.seashell.pt\/wp-content\/uploads\/2022\/02\/NEOBLANC_REGULAR_4L___________________8001480020535.png?resize=350%2C200&ssl=1","width":350,"height":200},"classes":[]},{"id":6311,"url":"https:\/\/mundo.seashell.pt\/?product=neoblanc-gentil-lixivia-delicada","url_meta":{"origin":6313,"position":1},"title":"Neoblanc Gentil Lix\u00edvia Delicada 1L","date":"Fevereiro 23, 2022","format":false,"excerpt":"Neoblanc Gentil \u00e9 uma lix\u00edvia delicada, segura sobre todas as cores e tecidos, sint\u00e9ticos ou delicados, como l\u00e3 e seda. Adicionada em cada lavagem, tira-n\u00f3doas, higieniza e elimina os cheiros. Tipo de produto: Lix\u00edvia DelicadaBenef\u00edcios: - Remo\u00e7\u00e3o de manchas de toda a roupa;- Elimina\u00e7\u00e3o do mau cheiro;- ...","rel":"","context":"Similar post","img":{"alt_text":"","src":"https:\/\/i0.wp.com\/mundo.seashell.pt\/wp-content\/uploads\/2022\/02\/NEOBLANC_GENTIL_1L_8001480020740.png?resize=350%2C200&ssl=1","width":350,"height":200},"classes":[]},{"id":6389,"url":"https:\/\/mundo.seashell.pt\/?product=neoblanc-spray-mousse-07l","url_meta":{"origin":6313,"position":2},"title":"Neoblanc Spray Mousse 700ml","date":"Fevereiro 23, 2022","format":false,"excerpt":"Neoblanc, a lix\u00edvia que garante prote\u00e7\u00e3o da sua casa e da sua roupa. Gra\u00e7as \u00e0 sua f\u00f3rmula especial, higieniza todas as superf\u00edcies da sua casa e desengordura as bancadas da sua cozinha. Remove at\u00e9 as n\u00f3doas mais dif\u00edceis da sua roupa branca. Tipo de produto: Lix\u00edvia GelBenef\u00edcios: - Remo\u00e7\u00e3o da\u2026","rel":"","context":"Similar post","img":{"alt_text":"","src":"https:\/\/i0.wp.com\/mundo.seashell.pt\/wp-content\/uploads\/2022\/02\/NEOBLANC_SPRAY_MOUSSE_700MLx10_8001480021440.png?resize=350%2C200&ssl=1","width":350,"height":200},"classes":[]},{"id":6391,"url":"https:\/\/mundo.seashell.pt\/?product=neoblanc-spray-universal-05l","url_meta":{"origin":6313,"position":3},"title":"Neoblanc Spray Universal 500ml","date":"Fevereiro 23, 2022","format":false,"excerpt":"Gra\u00e7as \u00e0 sua f\u00f3rmula desengordurante sem lix\u00edvia 100% eficaz na gordura incrustada, desengordura e limpa a fundo as superf\u00edcies da cozinha, \u00e9 f\u00e1cil de enxaguar e n\u00e3o deixa marcas. Al\u00e9m disso, espalha um perfume fresco e agrad\u00e1vel de lim\u00e3o e bergamota. Pulverize o produto na superf\u00edcie, enxag\u00fae com um pano\u2026","rel":"","context":"Similar post","img":{"alt_text":"","src":"https:\/\/i0.wp.com\/mundo.seashell.pt\/wp-content\/uploads\/2022\/02\/NEOBLANC_SPRAY_UNIVERSAL_500ml_8001480703193.png?resize=350%2C200&ssl=1","width":350,"height":200},"classes":[]},{"id":6387,"url":"https:\/\/mundo.seashell.pt\/?product=neoblanc-spray-mousse-floral-07l","url_meta":{"origin":6313,"position":4},"title":"Neoblanc Spray Mousse Floral 500ml","date":"Fevereiro 23, 2022","format":false,"excerpt":"Neoblanc, a lix\u00edvia que garante prote\u00e7\u00e3o da sua casa e da sua roupa. Gra\u00e7as \u00e0 sua f\u00f3rmula especial, higieniza todas as superf\u00edcies da sua casa e desengordura as bancadas da sua cozinha. Remove at\u00e9 as n\u00f3doas mais dif\u00edceis da sua roupa branca. Tipo de produto: Lix\u00edvia Gel Notas\/Frag\u00e2ncia: Floral Ben...","rel":"","context":"Similar post","img":{"alt_text":"","src":"https:\/\/i0.wp.com\/mundo.seashell.pt\/wp-content\/uploads\/2022\/02\/NEOBLANC_SPRAY_MOUSSE_FLORAL_10X700ML_8001480023277.png?resize=350%2C200&ssl=1","width":350,"height":200},"classes":[]},{"id":6621,"url":"https:\/\/mundo.seashell.pt\/?product=neoblanc-gerntil-tira-nodoas-07l","url_meta":{"origin":6313,"position":5},"title":"Neoblanc Gerntil Tira N\u00f3doas 700ml","date":"Fevereiro 23, 2022","format":false,"excerpt":"Um \u00fanico spray para roupa, cozinha e quarto de banho. Gra\u00e7as \u00e0 sua f\u00f3rmula especial, combinando desengordurante e Neoblanc Gentil, Neoblanc Spray multiusos higieniza limpando a fundo as superf\u00edcies da casa. Desengordura a sujidade mais incrustada e \u00e9 eficaz na remo\u00e7\u00e3o do calc\u00e1rio. Para al\u00e9m disso, tamb\u00e9m remove as manchas\u2026","rel":"","context":"Similar post","img":{"alt_text":"","src":"https:\/\/i0.wp.com\/mundo.seashell.pt\/wp-content\/uploads\/2022\/02\/NEOBLANC_GENTIL_SPRAY_TIRA-NODOAS_700ML_8001480703001.png?resize=350%2C200&ssl=1","width":350,"height":200},"classes":[]}],"_links":{"self":[{"href":"https:\/\/mundo.seashell.pt\/index.php?rest_route=\/wp\/v2\/product\/6313","targetHints":{"allow":["GET"]}}],"collection":[{"href":"https:\/\/mundo.seashell.pt\/index.php?rest_route=\/wp\/v2\/product"}],"about":[{"href":"https:\/\/mundo.seashell.pt\/index.php?rest_route=\/wp\/v2\/types\/product"}],"wp:featuredmedia":[{"embeddable":true,"href":"https:\/\/mundo.seashell.pt\/index.php?rest_route=\/wp\/v2\/media\/6314"}],"wp:attachment":[{"href":"https:\/\/mundo.seashell.pt\/index.php?rest_route=%2Fwp%2Fv2%2Fmedia&parent=6313"}],"wp:term":[{"taxonomy":"product_cat","embeddable":true,"href":"https:\/\/mundo.seashell.pt\/index.php?rest_route=%2Fwp%2Fv2%2Fproduct_cat&post=6313"},{"taxonomy":"product_tag","embeddable":true,"href":"https:\/\/mundo.seashell.pt\/index.php?rest_route=%2Fwp%2Fv2%2Fproduct_tag&post=6313"}],"curies":[{"name":"wp","href":"https:\/\/api.w.org\/{rel}","templated":true}]}}