{"id":6311,"date":"2022-02-23T11:56:50","date_gmt":"2022-02-23T11:56:50","guid":{"rendered":"https:\/\/mundo.seashell.pt\/?post_type=product&#038;p=6311"},"modified":"2022-02-23T11:56:52","modified_gmt":"2022-02-23T11:56:52","slug":"neoblanc-gentil-lixivia-delicada","status":"publish","type":"product","link":"https:\/\/mundo.seashell.pt\/?product=neoblanc-gentil-lixivia-delicada","title":{"rendered":"Neoblanc Gentil Lix\u00edvia Delicada 1L"},"content":{"rendered":"<p>Neoblanc Gentil \u00e9 uma lix\u00edvia delicada, segura sobre todas as cores e tecidos, sint\u00e9ticos ou delicados, como l\u00e3 e seda. Adicionada em cada lavagem, tira-n\u00f3doas, higieniza e elimina os cheiros.<\/p>\n<h3>Tipo de produto:<\/h3>\n<p>Lix\u00edvia Delicada<\/p>\n<h3>Benef\u00edcios:<\/h3>\n<p>&#8211; Remo\u00e7\u00e3o de manchas de toda a roupa;<br \/>&#8211; Elimina\u00e7\u00e3o do mau cheiro;<br \/>&#8211; Higiene.<\/p>\n<h3>Conselhos de utiliza\u00e7\u00e3o:<\/h3>\n<p><strong>Grandes Superf\u00edcies:<\/strong> Produto dilu\u00eddo: deite Neoblanc Gentil em 5 litros de \u00e1gua. Produto puro: deite Neoblanc Gentil diretamente sobre a superf\u00edcie e lave da forma habitual. Pura: aplique nas superf\u00edcies e deixe enxaguar. Dilu\u00edda: n\u00e3o precisa de enxaguar.<\/p>\n<p><strong>Na m\u00e1quina de lavar roupa:<\/strong><\/p>\n<p>Adicione o detergente como habitualmente. Encha a tampa doseadora com 100ml de lix\u00edvia e coloque o produto diretamente no tambor, por cima da roupa, para uma limpeza absoluta. Para uma carga de 7kg, utilize 150ml de produto. Se n\u00e3o pretende iniciar de imediato o ciclo de lavagem, coloque Neoblan Gentil no tambor, por cima da roupa, numa bola doseadora.<\/p>\n<p><strong>Tratamento pr\u00e9vio:<\/strong> Para manchas dif\u00edceis, ou cheiros persistentes, pr\u00e9-trate com Neoblanc Gentil. Aplique o produto diretamente na n\u00f3doa at\u00e9 esta estar completamente coberta. Deixe atuar por alguns minutos e enxague logo. Em caso de d\u00favida sobre a resist\u00eancia das cores, experimente o produto numa parte oculta do tecido. N\u00e3o pr\u00e9-trate partes met\u00e1licas ou manchas de ferrugem.<\/p>\n<p><strong>\u00c0 m\u00e3o:<\/strong> Adicione 100ml de Neoblanc Gentil ao detergente habitual. Coloque a roupa e deixe de molho durante 1 hora. Enxague abundantemente.<\/p>\n<p>Imprima as instru\u00e7\u00f5es para mant\u00ea-las sempre ao seu alcance.<\/p>\n<\/p>\n<p><\/p>\n","protected":false},"excerpt":{"rendered":"<p>Neoblanc Gentil \u00e9 uma lix\u00edvia delicada, segura sobre todas as cores e tecidos, sint\u00e9ticos ou delicados, como l\u00e3 e seda. Adicionada em cada lavagem, tira-n\u00f3doas, higieniza e elimina os cheiros.<br \/>\nTipo de produto:<br \/>\nLix\u00edvia DelicadaBenef\u00edcios:<br \/>\n&#8211; Remo\u00e7\u00e3o de manchas de toda a roupa;- Elimina\u00e7\u00e3o do mau cheiro;- &#8230;<\/p>\n","protected":false},"featured_media":6312,"template":"","meta":{"spay_email":""},"product_cat":[15],"product_tag":[],"class_list":{"0":"post-6311","1":"product","2":"type-product","3":"status-publish","4":"has-post-thumbnail","6":"product_cat-sem-categoria","8":"first","9":"instock","10":"taxable","11":"shipping-taxable","12":"purchasable","13":"product-type-simple"},"acf":[],"jetpack-related-posts":[{"id":6309,"url":"https:\/\/mundo.seashell.pt\/?product=neoblanc-lixivia-regular","url_meta":{"origin":6311,"position":0},"title":"Neoblanc Lix\u00edvia Regular","date":"Fevereiro 23, 2022","format":false,"excerpt":"Neoblanc, a lix\u00edvia que garante prote\u00e7\u00e3o da sua casa e da sua roupa. Gra\u00e7as \u00e0 tecnologia exclusiva protege fibra, envolve as fibras e protege-as durante a lavagem, ajudando a manter as pe\u00e7as como novas! Al\u00e9m disso, higieniza e remove mais de 90% dos alerg\u00e9nios de p\u00f3len, poeira, \u00e1caros e animais\u2026","rel":"","context":"Similar post","img":{"alt_text":"","src":"https:\/\/i0.wp.com\/mundo.seashell.pt\/wp-content\/uploads\/2022\/02\/NEOBLANC_REGULAR_4L___________________8001480020535.png?resize=350%2C200&ssl=1","width":350,"height":200},"classes":[]},{"id":6313,"url":"https:\/\/mundo.seashell.pt\/?product=neoblanc-frescura-do-campo-1l","url_meta":{"origin":6311,"position":1},"title":"Neoblanc Frescura do Campo 1L","date":"Fevereiro 23, 2022","format":false,"excerpt":"Neoblanc perfume do campo para al\u00e9m de garantir prote\u00e7\u00e3o para a sua casa e para a sua roupa, confere um perfume floral tr\u00eas vezes mais intenso. Tipo de produto: Lix\u00edvia Perfumada Benef\u00edcios: - Envolve e protege as fibras durante a lavagem;- Ajuda a manter as pe\u00e7as como novas;- Higieniza e\u2026","rel":"","context":"Similar post","img":{"alt_text":"","src":"https:\/\/i0.wp.com\/mundo.seashell.pt\/wp-content\/uploads\/2022\/02\/NEOBLANC_FRESCURA_DO_CAMPO_1L_8001480020542.png?resize=350%2C200&ssl=1","width":350,"height":200},"classes":[]},{"id":6387,"url":"https:\/\/mundo.seashell.pt\/?product=neoblanc-spray-mousse-floral-07l","url_meta":{"origin":6311,"position":2},"title":"Neoblanc Spray Mousse Floral 500ml","date":"Fevereiro 23, 2022","format":false,"excerpt":"Neoblanc, a lix\u00edvia que garante prote\u00e7\u00e3o da sua casa e da sua roupa. Gra\u00e7as \u00e0 sua f\u00f3rmula especial, higieniza todas as superf\u00edcies da sua casa e desengordura as bancadas da sua cozinha. Remove at\u00e9 as n\u00f3doas mais dif\u00edceis da sua roupa branca. Tipo de produto: Lix\u00edvia Gel Notas\/Frag\u00e2ncia: Floral Ben...","rel":"","context":"Similar post","img":{"alt_text":"","src":"https:\/\/i0.wp.com\/mundo.seashell.pt\/wp-content\/uploads\/2022\/02\/NEOBLANC_SPRAY_MOUSSE_FLORAL_10X700ML_8001480023277.png?resize=350%2C200&ssl=1","width":350,"height":200},"classes":[]},{"id":6389,"url":"https:\/\/mundo.seashell.pt\/?product=neoblanc-spray-mousse-07l","url_meta":{"origin":6311,"position":3},"title":"Neoblanc Spray Mousse 700ml","date":"Fevereiro 23, 2022","format":false,"excerpt":"Neoblanc, a lix\u00edvia que garante prote\u00e7\u00e3o da sua casa e da sua roupa. Gra\u00e7as \u00e0 sua f\u00f3rmula especial, higieniza todas as superf\u00edcies da sua casa e desengordura as bancadas da sua cozinha. Remove at\u00e9 as n\u00f3doas mais dif\u00edceis da sua roupa branca. Tipo de produto: Lix\u00edvia GelBenef\u00edcios: - Remo\u00e7\u00e3o da\u2026","rel":"","context":"Similar post","img":{"alt_text":"","src":"https:\/\/i0.wp.com\/mundo.seashell.pt\/wp-content\/uploads\/2022\/02\/NEOBLANC_SPRAY_MOUSSE_700MLx10_8001480021440.png?resize=350%2C200&ssl=1","width":350,"height":200},"classes":[]},{"id":6621,"url":"https:\/\/mundo.seashell.pt\/?product=neoblanc-gerntil-tira-nodoas-07l","url_meta":{"origin":6311,"position":4},"title":"Neoblanc Gerntil Tira N\u00f3doas 700ml","date":"Fevereiro 23, 2022","format":false,"excerpt":"Um \u00fanico spray para roupa, cozinha e quarto de banho. Gra\u00e7as \u00e0 sua f\u00f3rmula especial, combinando desengordurante e Neoblanc Gentil, Neoblanc Spray multiusos higieniza limpando a fundo as superf\u00edcies da casa. Desengordura a sujidade mais incrustada e \u00e9 eficaz na remo\u00e7\u00e3o do calc\u00e1rio. Para al\u00e9m disso, tamb\u00e9m remove as manchas\u2026","rel":"","context":"Similar post","img":{"alt_text":"","src":"https:\/\/i0.wp.com\/mundo.seashell.pt\/wp-content\/uploads\/2022\/02\/NEOBLANC_GENTIL_SPRAY_TIRA-NODOAS_700ML_8001480703001.png?resize=350%2C200&ssl=1","width":350,"height":200},"classes":[]},{"id":6303,"url":"https:\/\/mundo.seashell.pt\/?product=cif-gel-com-lixivia-750ml","url_meta":{"origin":6311,"position":5},"title":"CIF Gel com Lix\u00edvia 750ml","date":"Fevereiro 23, 2022","format":false,"excerpt":"Cif \u00e9 a certeza de uma limpeza perfeita e com muito brilho. Cif gel ativo com lix\u00edvia desengordura, elimina sem esfor\u00e7o a sujidade dif\u00edcil e limpa em profundidade, fazendo brilhar todas as superf\u00edcies.Benef\u00edcios: - Limpeza profunda;- Remo\u00e7\u00e3o da sujidade mais dif\u00edcil. Conselhos de utiliza\u00e7\u00e3o: Uso dil...","rel":"","context":"Similar post","img":{"alt_text":"","src":"https:\/\/i0.wp.com\/mundo.seashell.pt\/wp-content\/uploads\/2022\/02\/CIF_GEL_ATIVO_C__LIXI_VIA_-_750ml_5601068014494.png?resize=350%2C200&ssl=1","width":350,"height":200},"classes":[]}],"_links":{"self":[{"href":"https:\/\/mundo.seashell.pt\/index.php?rest_route=\/wp\/v2\/product\/6311","targetHints":{"allow":["GET"]}}],"collection":[{"href":"https:\/\/mundo.seashell.pt\/index.php?rest_route=\/wp\/v2\/product"}],"about":[{"href":"https:\/\/mundo.seashell.pt\/index.php?rest_route=\/wp\/v2\/types\/product"}],"wp:featuredmedia":[{"embeddable":true,"href":"https:\/\/mundo.seashell.pt\/index.php?rest_route=\/wp\/v2\/media\/6312"}],"wp:attachment":[{"href":"https:\/\/mundo.seashell.pt\/index.php?rest_route=%2Fwp%2Fv2%2Fmedia&parent=6311"}],"wp:term":[{"taxonomy":"product_cat","embeddable":true,"href":"https:\/\/mundo.seashell.pt\/index.php?rest_route=%2Fwp%2Fv2%2Fproduct_cat&post=6311"},{"taxonomy":"product_tag","embeddable":true,"href":"https:\/\/mundo.seashell.pt\/index.php?rest_route=%2Fwp%2Fv2%2Fproduct_tag&post=6311"}],"curies":[{"name":"wp","href":"https:\/\/api.w.org\/{rel}","templated":true}]}}