{"id":6297,"date":"2022-02-23T11:56:32","date_gmt":"2022-02-23T11:56:32","guid":{"rendered":"https:\/\/mundo.seashell.pt\/?post_type=product&#038;p=6297"},"modified":"2022-02-23T11:56:34","modified_gmt":"2022-02-23T11:56:34","slug":"cif-lava-tudo-14l","status":"publish","type":"product","link":"https:\/\/mundo.seashell.pt\/?product=cif-lava-tudo-14l","title":{"rendered":"CIF Lava-Tudo 1,4l"},"content":{"rendered":"<p>Cif \u00e9 a certeza de uma limpeza perfeita e com muito brilho.<\/p>\n<p>Cif lava tudo marinho n\u00e3o possui apenas uma f\u00f3rmula \u00fanica que combate a sujidade mais dif\u00edcil, mas oferece resultados brilhantes numa variedade de pisos, deixando um aroma revigorante e um brilho \u00fanico. Limpa profundamente pisos laminados, vinil, lin\u00f3leo, cer\u00e2mica e madeira lav\u00e1vel ou envernizada.<\/p>\n<h3>Benef\u00edcios:<\/h3>\n<p>&#8211; Limpeza profunda;<br \/>&#8211; N\u00e3o necessita de enxaguar;<br \/>&#8211; Fragr\u00e2ncia intensa.<\/p>\n<h3>Conselhos de utiliza\u00e7\u00e3o:<\/h3>\n<p>Dilua 60ml de produto em 5 litros de \u00e1gua. N\u00e3o necessita de enxaguar. Para usar puro, coloque numa esponja h\u00famida ou diretamente na superf\u00edcie. Enxag\u00fae, ap\u00f3s a utiliza\u00e7\u00e3o.<\/p>\n","protected":false},"excerpt":{"rendered":"<p>Cif \u00e9 a certeza de uma limpeza perfeita e com muito brilho.<\/p>\n<p>Cif lava tudo marinho n\u00e3o possui apenas uma f\u00f3rmula \u00fanica que combate a sujidade mais dif\u00edcil, mas oferece resultados brilhantes numa variedade de pisos, deixando um aroma revigorante e um brilho \u00fanico. Limpa profundamente pisos laminados, vinil, lin\u00f3leo, cer\u00e2mica e madeira la&#8230;<\/p>\n","protected":false},"featured_media":6298,"template":"","meta":{"spay_email":""},"product_cat":[15],"product_tag":[],"class_list":{"0":"post-6297","1":"product","2":"type-product","3":"status-publish","4":"has-post-thumbnail","6":"product_cat-sem-categoria","8":"first","9":"instock","10":"taxable","11":"shipping-taxable","12":"purchasable","13":"product-type-simple"},"acf":[],"jetpack-related-posts":[{"id":6333,"url":"https:\/\/mundo.seashell.pt\/?product=cif-madeiras-14l","url_meta":{"origin":6297,"position":0},"title":"Cif Madeiras 1.4L","date":"Fevereiro 23, 2022","format":false,"excerpt":"Deixa os pisos brilhantes; ideal para pisos em madeira; combate a sujidade mais dif\u00edcil; com um aroma revigorante","rel":"","context":"Similar post","img":{"alt_text":"","src":"https:\/\/i0.wp.com\/mundo.seashell.pt\/wp-content\/uploads\/2022\/02\/CIF_LI_QUIDO_MADEIRAS_-_1_4L_8710908100116.png?resize=350%2C200&ssl=1","width":350,"height":200},"classes":[]},{"id":6303,"url":"https:\/\/mundo.seashell.pt\/?product=cif-gel-com-lixivia-750ml","url_meta":{"origin":6297,"position":1},"title":"CIF Gel com Lix\u00edvia 750ml","date":"Fevereiro 23, 2022","format":false,"excerpt":"Cif \u00e9 a certeza de uma limpeza perfeita e com muito brilho. Cif gel ativo com lix\u00edvia desengordura, elimina sem esfor\u00e7o a sujidade dif\u00edcil e limpa em profundidade, fazendo brilhar todas as superf\u00edcies.Benef\u00edcios: - Limpeza profunda;- Remo\u00e7\u00e3o da sujidade mais dif\u00edcil. Conselhos de utiliza\u00e7\u00e3o: Uso dil...","rel":"","context":"Similar post","img":{"alt_text":"","src":"https:\/\/i0.wp.com\/mundo.seashell.pt\/wp-content\/uploads\/2022\/02\/CIF_GEL_ATIVO_C__LIXI_VIA_-_750ml_5601068014494.png?resize=350%2C200&ssl=1","width":350,"height":200},"classes":[]},{"id":6305,"url":"https:\/\/mundo.seashell.pt\/?product=cif-gel-com-lixivia-14l","url_meta":{"origin":6297,"position":2},"title":"CIF Gel com Lix\u00edvia 1,4l","date":"Fevereiro 23, 2022","format":false,"excerpt":"Cif \u00e9 a certeza de uma limpeza perfeita e com muito brilho. Cif gel ativo com lix\u00edvia desengordura, elimina sem esfor\u00e7o a sujidade dif\u00edcil e limpa em profundidade, fazendo brilhar todas as superf\u00edcies.Benef\u00edcios: - Limpeza profunda;- Remo\u00e7\u00e3o da sujidade mais dif\u00edcil. Conselhos de utiliza\u00e7\u00e3o: Uso ...","rel":"","context":"Similar post","img":{"alt_text":"","src":"https:\/\/i0.wp.com\/mundo.seashell.pt\/wp-content\/uploads\/2022\/02\/CIF_GEL_ATIVO_C__LIXI_VIA_-_1_4L_8710908095375.png?resize=350%2C200&ssl=1","width":350,"height":200},"classes":[]},{"id":6269,"url":"https:\/\/mundo.seashell.pt\/?product=cif-lava-tudo-desinfetante-11l","url_meta":{"origin":6297,"position":3},"title":"CIF Lava-Tudo Desinfetante 1,1l","date":"Fevereiro 23, 2022","format":false,"excerpt":"Cif lava tudo desinfetante extra remo\u00e7\u00e3o de res\u00edduos. \u00c9 ideal para remover a gordura e a sujidade, dando um brilho \u00fanico \u00e0s superf\u00edcies.Benef\u00edcios: - Extra higiene;- Secagem r\u00e1pida;- Sem enxaguar. Conselhos de utiliza\u00e7\u00e3o: Coloque uma tampa em 5 litros de \u00e1gua. N\u00e3o necessita de enxaguar. Para usar puro, ...","rel":"","context":"Similar post","img":{"alt_text":"","src":"https:\/\/i0.wp.com\/mundo.seashell.pt\/wp-content\/uploads\/2022\/02\/CIF_LI_QUIDO_DESINFETANTE_-_1_1L_8000630739259.jpeg?resize=350%2C200&ssl=1","width":350,"height":200},"classes":[]},{"id":6301,"url":"https:\/\/mundo.seashell.pt\/?product=cif-liquido-com-lixivia-700ml","url_meta":{"origin":6297,"position":4},"title":"CIF L\u00edquido com Lix\u00edvia 700ml","date":"Fevereiro 23, 2022","format":false,"excerpt":"Cif L\u00edquido Com Lix\u00edvia Cl\u00e1ssico 700ml Pulverize a superf\u00edcie a limpar e passe com um pano limpo e seco.","rel":"","context":"Similar post","img":{"alt_text":"","src":"https:\/\/i0.wp.com\/mundo.seashell.pt\/wp-content\/uploads\/2022\/02\/CIF_LI_QUIDO_ATIVO_C__LIXI_VIA_-_700ml_8717163606858.png?resize=350%2C200&ssl=1","width":350,"height":200},"classes":[]},{"id":6369,"url":"https:\/\/mundo.seashell.pt\/?product=cif-gel-casa-de-banho-075l","url_meta":{"origin":6297,"position":5},"title":"Cif Gel Casa de Banho 750ml","date":"Fevereiro 23, 2022","format":false,"excerpt":"Cif lava tudo em gel para a casa de banho \u00e9 a certeza de uma limpeza brilhante em toda a casa de banho, atrav\u00e9s da sua a\u00e7\u00e3o anti-calc\u00e1rio. Benef\u00edcios: - Limpeza e prote\u00e7\u00e3o. Conselhos de utiliza\u00e7\u00e3o: Deite duas tampas de produto em meio balde de \u00e1gua. N\u00e3o necessita enxaguar. Para\u2026","rel":"","context":"Similar post","img":{"alt_text":"","src":"https:\/\/i0.wp.com\/mundo.seashell.pt\/wp-content\/uploads\/2022\/02\/CIF_GEL_CASA_DE_BANHO_-_750ml_8410437531008.png?resize=350%2C200&ssl=1","width":350,"height":200},"classes":[]}],"_links":{"self":[{"href":"https:\/\/mundo.seashell.pt\/index.php?rest_route=\/wp\/v2\/product\/6297","targetHints":{"allow":["GET"]}}],"collection":[{"href":"https:\/\/mundo.seashell.pt\/index.php?rest_route=\/wp\/v2\/product"}],"about":[{"href":"https:\/\/mundo.seashell.pt\/index.php?rest_route=\/wp\/v2\/types\/product"}],"wp:featuredmedia":[{"embeddable":true,"href":"https:\/\/mundo.seashell.pt\/index.php?rest_route=\/wp\/v2\/media\/6298"}],"wp:attachment":[{"href":"https:\/\/mundo.seashell.pt\/index.php?rest_route=%2Fwp%2Fv2%2Fmedia&parent=6297"}],"wp:term":[{"taxonomy":"product_cat","embeddable":true,"href":"https:\/\/mundo.seashell.pt\/index.php?rest_route=%2Fwp%2Fv2%2Fproduct_cat&post=6297"},{"taxonomy":"product_tag","embeddable":true,"href":"https:\/\/mundo.seashell.pt\/index.php?rest_route=%2Fwp%2Fv2%2Fproduct_tag&post=6297"}],"curies":[{"name":"wp","href":"https:\/\/api.w.org\/{rel}","templated":true}]}}