{"id":6293,"date":"2022-02-23T11:56:22","date_gmt":"2022-02-23T11:56:22","guid":{"rendered":"https:\/\/mundo.seashell.pt\/?post_type=product&#038;p=6293"},"modified":"2022-02-23T11:56:24","modified_gmt":"2022-02-23T11:56:24","slug":"sonasol-brilhante-multisuperficies-11l","status":"publish","type":"product","link":"https:\/\/mundo.seashell.pt\/?product=sonasol-brilhante-multisuperficies-11l","title":{"rendered":"Sonasol Brilhante Multisuperficies 1,1l"},"content":{"rendered":"<p>Consiga 100% mais brilho instant\u00e2neo desde a primeira passagem, com Sonasol.<\/p>\n<p>Sonasol brilhante universal \u00e9 o lava tudo ideal para a limpeza de todas as superf\u00edcies lav\u00e1veis, como azulejos ou m\u00e1rmores. Garante uma secagem ultra r\u00e1pida para uma limpeza brilhante numa s\u00f3 passagem. Gra\u00e7as \u00e0 sua f\u00f3rmula inovadora, proporciona uma limpeza perfeita e repara gradualmente as fissuras e o desgaste respons\u00e1veis pela perda de brilho nas superf\u00edcies.<\/p>\n<h3>Benef\u00edcios:<\/h3>\n<p>&#8211; 100% mais brilho duradouro.<\/p>\n<h3>Conselhos de utiliza\u00e7\u00e3o:<\/h3>\n<p>Dilua 2 tampas de produto num balde de \u00e1gua. Para usar puro, aplique o produto num pano e limpe a superf\u00edcie desejada.<\/p>\n","protected":false},"excerpt":{"rendered":"<p>Consiga 100% mais brilho instant\u00e2neo desde a primeira passagem, com Sonasol.<\/p>\n<p>Sonasol brilhante universal \u00e9 o lava tudo ideal para a limpeza de todas as superf\u00edcies lav\u00e1veis, como azulejos ou m\u00e1rmores. Garante uma secagem ultra r\u00e1pida para uma limpeza brilhante numa s\u00f3 passagem. Gra\u00e7as \u00e0 sua f\u00f3rmula inovadora, proporciona uma limpeza pe&#8230;<\/p>\n","protected":false},"featured_media":6294,"template":"","meta":{"spay_email":""},"product_cat":[15],"product_tag":[],"class_list":{"0":"post-6293","1":"product","2":"type-product","3":"status-publish","4":"has-post-thumbnail","6":"product_cat-sem-categoria","8":"first","9":"instock","10":"taxable","11":"shipping-taxable","12":"purchasable","13":"product-type-simple"},"acf":[],"jetpack-related-posts":[{"id":6335,"url":"https:\/\/mundo.seashell.pt\/?product=sonasol-madeiras-11l","url_meta":{"origin":6293,"position":0},"title":"Sonasol Madeiras 1,1L","date":"Fevereiro 23, 2022","format":false,"excerpt":"Sonasol brilhante madeiras \u00e9 o lava tudo ideal para a limpeza de todas as superf\u00edcies de madeira ou paquet. Garante uma secagem ultra r\u00e1pida para uma limpeza brilhante numa s\u00f3 passagem. Gra\u00e7as \u00e0 sua f\u00f3rmula inovadora, proporciona uma limpeza perfeita e repara gradualmente as fissuras e o desgaste, que s\u00e3o\u2026","rel":"","context":"Similar post","img":{"alt_text":"","src":"https:\/\/i0.wp.com\/mundo.seashell.pt\/wp-content\/uploads\/2022\/02\/SONASOL_BRILHANTE_MADEIRA_1L10_8410436242264.png?resize=350%2C200&ssl=1","width":350,"height":200},"classes":[]},{"id":6291,"url":"https:\/\/mundo.seashell.pt\/?product=sonasol-lava-tudo-magic-13l","url_meta":{"origin":6293,"position":1},"title":"Sonasol Lava-Tudo Magic 1,3l","date":"Fevereiro 23, 2022","format":false,"excerpt":"Para toda a casa, Sonasol assegura uma limpeza imediata e um novo brilho desde a primeira passagem. Sonasol Magic \u00e9 o detergente ideal para a limpeza de toda a casa. Gra\u00e7as \u00e0 sua f\u00f3rmula com efeito reparador, as fissuras e o desgaste das superf\u00edcies s\u00e3o gradualmente reparados, assegurando um novo\u2026","rel":"","context":"Similar post","img":{"alt_text":"","src":"https:\/\/i0.wp.com\/mundo.seashell.pt\/wp-content\/uploads\/2022\/02\/SONASOL_MAGIC_ALOE__VERA_1L3_8410436297660.png?resize=350%2C200&ssl=1","width":350,"height":200},"classes":[]},{"id":6307,"url":"https:\/\/mundo.seashell.pt\/?product=sonasol-lava-tudo-gel-com-lixivia","url_meta":{"origin":6293,"position":2},"title":"Sonasol Lava-Tudo Gel com Lix\u00edvia","date":"Fevereiro 23, 2022","format":false,"excerpt":"Limpeza, a\u00e7\u00e3o desengordurante e higiene imediatas, desde a primeira passagem, com Sonasol. Sonasol gel lix\u00edvia \u00e9 o detergente ideal para a limpeza di\u00e1ria do fog\u00e3o, exaustor, forno, arm\u00e1rios, f\u00f3rmicas, lava-loi\u00e7as, banheiras e, at\u00e9 mesmo, superf\u00edcies esmaltadas e qualquer tipo de ch\u00e3o cer\u00e2mico. Gra\u00e7as \u00e0 sua poderosa f\u00f3rmula em gel, \u00e9\u2026","rel":"","context":"Similar post","img":{"alt_text":"","src":"https:\/\/i0.wp.com\/mundo.seashell.pt\/wp-content\/uploads\/2022\/02\/SONASOL_GEL_LIXIVIA_0L600_8410436339582.png?resize=350%2C200&ssl=1","width":350,"height":200},"classes":[]},{"id":6295,"url":"https:\/\/mundo.seashell.pt\/?product=sonasol-amoniacal","url_meta":{"origin":6293,"position":3},"title":"Sonasol Amoniacal","date":"Fevereiro 23, 2022","format":false,"excerpt":"Para toda a casa, Sonasol assegura uma limpeza imediata e um novo brilho desde a primeira passagem. Gra\u00e7as \u00e0 sua poderosa f\u00f3rmula, Sonasol amoniacal assegura-lhe uma limpeza profunda e higiene em toda a casa, quando em uso direto. Sonasol amoniacal \u00e9 ideal para a limpeza di\u00e1ria de toda a casa,\u2026","rel":"","context":"Similar post","img":{"alt_text":"","src":"https:\/\/i0.wp.com\/mundo.seashell.pt\/wp-content\/uploads\/2022\/02\/SONASOL_AMONIACAL_0L650_8410436264037.png?resize=350%2C200&ssl=1","width":350,"height":200},"classes":[]},{"id":6361,"url":"https:\/\/mundo.seashell.pt\/?product=sonasol-spray-brilhante-anti-calcario-05l","url_meta":{"origin":6293,"position":4},"title":"Sonasol Spray Brilhante Anti-Calc\u00e1rio 500ml","date":"Fevereiro 23, 2022","format":false,"excerpt":"Sonasol brilhante anticalc\u00e1rio elimina eficazmente at\u00e9 as sujidades mais profundas de todas as superf\u00edcies de casa de banho, deixando-a 100% brilhante. Benef\u00edcios: - 100% mais brilho e prote\u00e7\u00e3o. Conselhos de utiliza\u00e7\u00e3o: Pulverize diretamente na superf\u00edcie a limpar e passe um pano ou esponja h\u00famidos para retirar...","rel":"","context":"Similar post","img":{"alt_text":"","src":"https:\/\/i0.wp.com\/mundo.seashell.pt\/wp-content\/uploads\/2022\/02\/SONASOL_BRILHANTE_BANHO_SPRAY_0L500_8410436343404.png?resize=350%2C200&ssl=1","width":350,"height":200},"classes":[]},{"id":6363,"url":"https:\/\/mundo.seashell.pt\/?product=sonasol-gel-casa-de-banho-125l","url_meta":{"origin":6293,"position":5},"title":"Sonasol Gel Casa de Banho 1,25L","date":"Fevereiro 23, 2022","format":false,"excerpt":"sol gel para casa de banho assegura-lhe uma limpeza perfeita, poder anticalc\u00e1rio e mais brilho nas superf\u00edcies de casa de banho, pois adere eficazmente \u00e0s paredes dos lavat\u00f3rios, banheira ou qualquer outra superf\u00edcie que possa ter calc\u00e1rio, garantindo higiene desde a primeria passagem.Benef\u00edcios: - Detergente para limpeza ...","rel":"","context":"Similar post","img":{"alt_text":"","src":"https:\/\/i0.wp.com\/mundo.seashell.pt\/wp-content\/uploads\/2022\/02\/SONASOL_CASA_DE_BANHO_1L250_8410436339551.png?resize=350%2C200&ssl=1","width":350,"height":200},"classes":[]}],"_links":{"self":[{"href":"https:\/\/mundo.seashell.pt\/index.php?rest_route=\/wp\/v2\/product\/6293","targetHints":{"allow":["GET"]}}],"collection":[{"href":"https:\/\/mundo.seashell.pt\/index.php?rest_route=\/wp\/v2\/product"}],"about":[{"href":"https:\/\/mundo.seashell.pt\/index.php?rest_route=\/wp\/v2\/types\/product"}],"wp:featuredmedia":[{"embeddable":true,"href":"https:\/\/mundo.seashell.pt\/index.php?rest_route=\/wp\/v2\/media\/6294"}],"wp:attachment":[{"href":"https:\/\/mundo.seashell.pt\/index.php?rest_route=%2Fwp%2Fv2%2Fmedia&parent=6293"}],"wp:term":[{"taxonomy":"product_cat","embeddable":true,"href":"https:\/\/mundo.seashell.pt\/index.php?rest_route=%2Fwp%2Fv2%2Fproduct_cat&post=6293"},{"taxonomy":"product_tag","embeddable":true,"href":"https:\/\/mundo.seashell.pt\/index.php?rest_route=%2Fwp%2Fv2%2Fproduct_tag&post=6293"}],"curies":[{"name":"wp","href":"https:\/\/api.w.org\/{rel}","templated":true}]}}