{"id":6285,"date":"2022-02-23T11:55:57","date_gmt":"2022-02-23T11:55:57","guid":{"rendered":"https:\/\/mundo.seashell.pt\/?post_type=product&#038;p=6285"},"modified":"2022-02-23T11:55:59","modified_gmt":"2022-02-23T11:55:59","slug":"sanytol-gel-de-maos-desinfetante-75ml","status":"publish","type":"product","link":"https:\/\/mundo.seashell.pt\/?product=sanytol-gel-de-maos-desinfetante-75ml","title":{"rendered":"Sanytol Gel de M\u00e3os Desinfetante 75ml"},"content":{"rendered":"<p>Mini Gel de M\u00e3os Higi\u00e9nico e Desinfetante que limpa eficazmente as m\u00e3os e elimina os maus odores sem necessidade de \u00e1gua.<\/p>\n<p>Cont\u00e9m ch\u00e1 verde natural, que hidrata e deixa as m\u00e3os suaves. Elaborado para minimizar o risco de alergias.<\/p>\n<p>Proteja as suas m\u00e3os das transmiss\u00f5es limpando-as imediatamente e neutralizando os cheiros.<\/p>\n<p>N\u00e3o cont\u00e9m parabenos. Com pH neutro.<\/p>\n<h3>Instru\u00e7\u00f5es de Uso:<\/h3>\n<p>&#8211; Aplique o gel nas m\u00e3os.<\/p>\n<p>&#8211; Esfregue o mesmo at\u00e9 que se evapore completamente.&nbsp;<\/p>\n<p>&#8211; N\u00e3o precisa de \u00e1gua, nem de enxaguar.<\/p>\n","protected":false},"excerpt":{"rendered":"<p>Mini Gel de M\u00e3os Higi\u00e9nico e Desinfetante que limpa eficazmente as m\u00e3os e elimina os maus odores sem necessidade de \u00e1gua.<br \/>\nCont\u00e9m ch\u00e1 verde natural, que hidrata e deixa as m\u00e3os suaves. Elaborado para minimizar o risco de alergias.<br \/>\nProteja as suas m\u00e3os das transmiss\u00f5es limpando-as imediatamente e neutralizando os cheiros.<br \/>\nN&#8230;<\/p>\n","protected":false},"featured_media":6286,"template":"","meta":{"spay_email":""},"product_cat":[15],"product_tag":[],"class_list":{"0":"post-6285","1":"product","2":"type-product","3":"status-publish","4":"has-post-thumbnail","6":"product_cat-sem-categoria","8":"first","9":"instock","10":"taxable","11":"shipping-taxable","12":"purchasable","13":"product-type-simple"},"acf":[],"jetpack-related-posts":[{"id":6287,"url":"https:\/\/mundo.seashell.pt\/?product=sanytol-gel-de-maos-desinfetante-250ml","url_meta":{"origin":6285,"position":0},"title":"Sanytol Gel de M\u00e3os Desinfetante 250ml","date":"Fevereiro 23, 2022","format":false,"excerpt":"Gel de M\u00e3os Higi\u00e9nico e Desinfetante que limpa eficazmente as m\u00e3os e elimina os maus odores sem necessidade de \u00e1gua. Cont\u00e9m ch\u00e1 verde natural, que hidrata e deixa as m\u00e3os suaves. Elaborado para minimizar o risco de alergias. Proteja as suas m\u00e3os das transmiss\u00f5es limpando-as imediatamente e neutralizando os cheiros.\u2026","rel":"","context":"Similar post","img":{"alt_text":"","src":"https:\/\/i0.wp.com\/mundo.seashell.pt\/wp-content\/uploads\/2022\/02\/SANYTOL_DESINFETANTE_MA_OS_250_ML_3045206503006.png?resize=350%2C200&ssl=1","width":350,"height":200},"classes":[]},{"id":6834,"url":"https:\/\/mundo.seashell.pt\/?product=sanytol-sabonete-liquido-250ml","url_meta":{"origin":6285,"position":1},"title":"Sanytol Sabonete L\u00edquido 250ml","date":"Fevereiro 23, 2022","format":false,"excerpt":"Sab\u00e3o L\u00edquido Desinfetante Hidratante \u00e9 elaborado com alo\u00e9 vera e ch\u00e1 verde, conferindo-lhe assim propriedades hidratantes. Hipoalerg\u00e9nico, comprovado dermatologicamente e clinicamente. A maioria das infe\u00e7\u00f5es \u00e9 transmitida pelas m\u00e3os, por isso lavar as m\u00e3os regularmente \u00e9 a maneira mais f\u00e1cil de prevenir infe\u00e7\u00f5es. O Sabonete Desinfetan...","rel":"","context":"Similar post","img":{"alt_text":"","src":"https:\/\/i0.wp.com\/mundo.seashell.pt\/wp-content\/uploads\/2022\/02\/SANYTOL_SABA_O_LIQUIDO_DESINFETANTE_HIDRATANTE_250_ML_3045206501200.png?resize=350%2C200&ssl=1","width":350,"height":200},"classes":[]},{"id":5630,"url":"https:\/\/mundo.seashell.pt\/?product=dermagel-plus-500ml","url_meta":{"origin":6285,"position":2},"title":"Gel Desinfetante Derma Gel Plus","date":"Fevereiro 23, 2022","format":false,"excerpt":"Gel Desinfetante para m\u00e3os sem enxaguar","rel":"","context":"Similar post","img":{"alt_text":"","src":"https:\/\/i0.wp.com\/mundo.seashell.pt\/wp-content\/uploads\/2022\/02\/derma_gel_plus.jpg?resize=350%2C200&ssl=1","width":350,"height":200},"classes":[]},{"id":6273,"url":"https:\/\/mundo.seashell.pt\/?product=lysol-desinfetante-de-roupa-720ml","url_meta":{"origin":6285,"position":3},"title":"Lysol Desinfetante de Roupa 720ml","date":"Fevereiro 23, 2022","format":false,"excerpt":"Lysol Desinfetante T\u00eaxtil de Flor de Algod\u00e3o","rel":"","context":"Similar post","img":{"alt_text":"","src":"https:\/\/i0.wp.com\/mundo.seashell.pt\/wp-content\/uploads\/2022\/02\/Lysol_Desinfetante_de_Roupa_Li_quido_720ML_x12_5601217134455.png?resize=350%2C200&ssl=1","width":350,"height":200},"classes":[]},{"id":5628,"url":"https:\/\/mundo.seashell.pt\/?product=dermagel-008ml","url_meta":{"origin":6285,"position":4},"title":"Dermagel 0.08ML","date":"Fevereiro 23, 2022","format":false,"excerpt":"Dermagel \u00e9 um gel projetado para limpar profundamente a pele das m\u00e3os.","rel":"","context":"Similar post","img":{"alt_text":"","src":"https:\/\/i0.wp.com\/mundo.seashell.pt\/wp-content\/uploads\/2022\/02\/derma_gel_pequeno.jpg?resize=350%2C200&ssl=1","width":350,"height":200},"classes":[]},{"id":6790,"url":"https:\/\/mundo.seashell.pt\/?product=dove-gel-de-banho-masculino","url_meta":{"origin":6285,"position":5},"title":"Dove Gel de Banho Masculino","date":"Fevereiro 23, 2022","format":false,"excerpt":"O Gel de Duche Dove Men+Care tem \u00bc de creme hidratante para limpar cuidadosamente a sua pele e ajudar a mante-la hidratada. Esta f\u00f3rmula eficaz \u00e9 f\u00e1cil de enxaguar e d\u00e1 um total conforto e frescura \u00e0 sua pele.Este Gel de Duche usa a tecnologia MicroMoisture que ajuda a manter\u2026","rel":"","context":"Similar post","img":{"alt_text":"","src":"https:\/\/i0.wp.com\/mundo.seashell.pt\/wp-content\/uploads\/2022\/02\/DOVE_MEN_GEL_BANHO_CLEAN_COMFORT_400ML.png?resize=350%2C200&ssl=1","width":350,"height":200},"classes":[]}],"_links":{"self":[{"href":"https:\/\/mundo.seashell.pt\/index.php?rest_route=\/wp\/v2\/product\/6285","targetHints":{"allow":["GET"]}}],"collection":[{"href":"https:\/\/mundo.seashell.pt\/index.php?rest_route=\/wp\/v2\/product"}],"about":[{"href":"https:\/\/mundo.seashell.pt\/index.php?rest_route=\/wp\/v2\/types\/product"}],"wp:featuredmedia":[{"embeddable":true,"href":"https:\/\/mundo.seashell.pt\/index.php?rest_route=\/wp\/v2\/media\/6286"}],"wp:attachment":[{"href":"https:\/\/mundo.seashell.pt\/index.php?rest_route=%2Fwp%2Fv2%2Fmedia&parent=6285"}],"wp:term":[{"taxonomy":"product_cat","embeddable":true,"href":"https:\/\/mundo.seashell.pt\/index.php?rest_route=%2Fwp%2Fv2%2Fproduct_cat&post=6285"},{"taxonomy":"product_tag","embeddable":true,"href":"https:\/\/mundo.seashell.pt\/index.php?rest_route=%2Fwp%2Fv2%2Fproduct_tag&post=6285"}],"curies":[{"name":"wp","href":"https:\/\/api.w.org\/{rel}","templated":true}]}}