{"id":6283,"date":"2022-02-23T11:55:53","date_gmt":"2022-02-23T11:55:53","guid":{"rendered":"https:\/\/mundo.seashell.pt\/?post_type=product&#038;p=6283"},"modified":"2022-02-23T11:55:57","modified_gmt":"2022-02-23T11:55:57","slug":"neoblanc-toalhitas-multiusos-desengordurantes-40-unidades","status":"publish","type":"product","link":"https:\/\/mundo.seashell.pt\/?product=neoblanc-toalhitas-multiusos-desengordurantes-40-unidades","title":{"rendered":"Neoblanc Toalhitas Multiusos Desengordurantes &#8211; 40 unidades"},"content":{"rendered":"<p>Gra\u00e7as \u00e0 sua composi\u00e7\u00e3o, as toalhitas eliminam sujidade e removem mecanicamente germes e bact\u00e9rias das superf\u00edcies, em casa e no exterior, sem necessidade de enxaguar. Adicionalmente, deixam um perfume agrad\u00e1vel e fresco.<\/p>\n<\/p>\n<ul><\/ul>\n<h3>INSTRU\u00c7\u00d5ES DE USO<\/h3>\n<p>1. Levante o fecho e extraia o pano<\/p>\n<p>2. Feche cuidadosamente ap\u00f3s cada utiliza\u00e7\u00e3o para manter os len\u00e7os humedecidos<\/p>\n<p>3. Limpe a superf\u00edcie. Deixe secar ao ar. N\u00e3o \u00e9 necess\u00e1rio enxaguar.<\/p>\n","protected":false},"excerpt":{"rendered":"<p>Gra\u00e7as \u00e0 sua composi\u00e7\u00e3o, as toalhitas eliminam sujidade e removem mecanicamente germes e bact\u00e9rias das superf\u00edcies, em casa e no exterior, sem necessidade de enxaguar. Adicionalmente, deixam um perfume agrad\u00e1vel e fresco.<\/p>\n<\/p>\n<ul><\/ul>\n<h3>INSTRU\u00c7\u00d5ES DE USO<\/h3>\n<p>1. Levante o fecho e extraia o pano<\/p>\n<p>2. Feche cuidadosamente ap\u00f3&#8230;<\/p>\n","protected":false},"featured_media":6284,"template":"","meta":{"spay_email":""},"product_cat":[15],"product_tag":[],"class_list":{"0":"post-6283","1":"product","2":"type-product","3":"status-publish","4":"has-post-thumbnail","6":"product_cat-sem-categoria","8":"first","9":"instock","10":"taxable","11":"shipping-taxable","12":"purchasable","13":"product-type-simple"},"acf":[],"jetpack-related-posts":[{"id":6281,"url":"https:\/\/mundo.seashell.pt\/?product=neoblanc-toalhitas-multiusos-com-alcool-40-unidades","url_meta":{"origin":6283,"position":0},"title":"Neoblanc Toalhitas Multiusos com Alcool &#8211; 40 unidades","date":"Fevereiro 23, 2022","format":false,"excerpt":"Gra\u00e7as \u00e0 sua composi\u00e7\u00e3o, as toalhitas eliminam sujidade e removem mecanicamente germes e bact\u00e9rias das superf\u00edcies, em casa e no exterior, sem necessidade de enxaguar. Adicionalmente, deixam um perfume agrad\u00e1vel e fresco. INSTRU\u00c7\u00d5ES DE USO 1. Levante o fecho e extraia o pano 2. Feche cuidadosamente ap\u00f3...","rel":"","context":"Similar post","img":{"alt_text":"","src":"https:\/\/i0.wp.com\/mundo.seashell.pt\/wp-content\/uploads\/2022\/02\/NEOBLANC_TOALHITA_HIGIENIZAC_A_O_COM_ALCOOL_SEM_LIXI_VIA_8001480708358.png?resize=350%2C200&ssl=1","width":350,"height":200},"classes":[]},{"id":6433,"url":"https:\/\/mundo.seashell.pt\/?product=mistolin-tira-gorduras-desinfetante-05l","url_meta":{"origin":6283,"position":1},"title":"Mistolin Tira gorduras Desinfetante 500ml","date":"Fevereiro 23, 2022","format":false,"excerpt":"Mistolin \u00e9 uma marca portuguesa, pensada para simplificar e ajudar nas tarefas dif\u00edceis de limpeza da casa. A sua f\u00f3rmula \u00e9 \u00fanica e imbat\u00edvel na limpeza de gorduras e sujidades mais dif\u00edceis. Indicado para a limpeza de todo o tipo de pe\u00e7as e superf\u00edcies gordurosas, manchas dif\u00edceis, sujidades incrustadas e\u2026","rel":"","context":"Similar post","img":{"alt_text":"","src":"https:\/\/i0.wp.com\/mundo.seashell.pt\/wp-content\/uploads\/2022\/02\/MISTOLIN_Tira_Gorduras_Desinfetante_545ml__5600258596628.png?resize=350%2C200&ssl=1","width":350,"height":200},"classes":[]},{"id":6391,"url":"https:\/\/mundo.seashell.pt\/?product=neoblanc-spray-universal-05l","url_meta":{"origin":6283,"position":2},"title":"Neoblanc Spray Universal 500ml","date":"Fevereiro 23, 2022","format":false,"excerpt":"Gra\u00e7as \u00e0 sua f\u00f3rmula desengordurante sem lix\u00edvia 100% eficaz na gordura incrustada, desengordura e limpa a fundo as superf\u00edcies da cozinha, \u00e9 f\u00e1cil de enxaguar e n\u00e3o deixa marcas. Al\u00e9m disso, espalha um perfume fresco e agrad\u00e1vel de lim\u00e3o e bergamota. Pulverize o produto na superf\u00edcie, enxag\u00fae com um pano\u2026","rel":"","context":"Similar post","img":{"alt_text":"","src":"https:\/\/i0.wp.com\/mundo.seashell.pt\/wp-content\/uploads\/2022\/02\/NEOBLANC_SPRAY_UNIVERSAL_500ml_8001480703193.png?resize=350%2C200&ssl=1","width":350,"height":200},"classes":[]},{"id":6277,"url":"https:\/\/mundo.seashell.pt\/?product=sanytol-toalhitas-multiusos-36-unidades","url_meta":{"origin":6283,"position":3},"title":"Sanytol Toalhitas Multiusos &#8211; 36 unidades","date":"Fevereiro 23, 2022","format":false,"excerpt":"Toalhitas Desinfetantes Multiusos \u2013 Eucalipto Pr\u00e1ticas e eficazes, as toalhitas desinfetantes multiusos SANYTOL limpam e desinfetam todas as superf\u00edcies numa s\u00f3 passagem! Ideais para a limpeza di\u00e1ria, deixar\u00e3o a sua casa com um cheiro a limpeza. CARACTER\u00cdSTICAS Elimina 99,9% de bact\u00e9rias, fungos, v\u00edrus H1N1 ...","rel":"","context":"Similar post","img":{"alt_text":"","src":"https:\/\/i0.wp.com\/mundo.seashell.pt\/wp-content\/uploads\/2022\/02\/SANYTOL_TOALHITAS_DESINFECTANTES_MULTIUSOS_36u_8411660000224.png?resize=350%2C200&ssl=1","width":350,"height":200},"classes":[]},{"id":5716,"url":"https:\/\/mundo.seashell.pt\/?product=onda-rtu-500ml","url_meta":{"origin":6283,"position":4},"title":"Desinfectante Desodorizante Onda RTU 500Ml","date":"Fevereiro 23, 2022","format":false,"excerpt":"Detergente desinfectante desodorizante perfumado para superf\u00edcies.","rel":"","context":"Similar post","img":{"alt_text":"","src":"https:\/\/i0.wp.com\/mundo.seashell.pt\/wp-content\/uploads\/2022\/02\/onda_rtu.jpg?resize=350%2C200&ssl=1","width":350,"height":200},"classes":[]},{"id":6209,"url":"https:\/\/mundo.seashell.pt\/?product=pano-micronsolo-vileda-100-panos","url_meta":{"origin":6283,"position":5},"title":"Pano MicronSolo &#8211; Vileda (100 panos)","date":"Fevereiro 23, 2022","format":false,"excerpt":"MicronSolo Alta absor\u00e7\u00e3o e rendimento de limpeza O MicronSolo \u00e9 o nosso pano de microfibra descart\u00e1vel com um rendimento de limpeza superior e uma excelente capacidade de absor\u00e7\u00e3o. Comparado com os panos descart\u00e1veis comuns, a limpeza com o pano MicronSolo \u00e9 mais f\u00e1cil e evita infe\u00e7\u00f5es em zonas higienicament...","rel":"","context":"Similar post","img":{"alt_text":"","src":"https:\/\/i0.wp.com\/mundo.seashell.pt\/wp-content\/uploads\/2022\/02\/Micron-Solo-Main-ClonedDuringMediaCleanUp012-carouselImage_PhotoRoom_20210418_122813.jpg?resize=350%2C200&ssl=1","width":350,"height":200},"classes":[]}],"_links":{"self":[{"href":"https:\/\/mundo.seashell.pt\/index.php?rest_route=\/wp\/v2\/product\/6283","targetHints":{"allow":["GET"]}}],"collection":[{"href":"https:\/\/mundo.seashell.pt\/index.php?rest_route=\/wp\/v2\/product"}],"about":[{"href":"https:\/\/mundo.seashell.pt\/index.php?rest_route=\/wp\/v2\/types\/product"}],"wp:featuredmedia":[{"embeddable":true,"href":"https:\/\/mundo.seashell.pt\/index.php?rest_route=\/wp\/v2\/media\/6284"}],"wp:attachment":[{"href":"https:\/\/mundo.seashell.pt\/index.php?rest_route=%2Fwp%2Fv2%2Fmedia&parent=6283"}],"wp:term":[{"taxonomy":"product_cat","embeddable":true,"href":"https:\/\/mundo.seashell.pt\/index.php?rest_route=%2Fwp%2Fv2%2Fproduct_cat&post=6283"},{"taxonomy":"product_tag","embeddable":true,"href":"https:\/\/mundo.seashell.pt\/index.php?rest_route=%2Fwp%2Fv2%2Fproduct_tag&post=6283"}],"curies":[{"name":"wp","href":"https:\/\/api.w.org\/{rel}","templated":true}]}}