{"id":6279,"date":"2022-02-23T11:55:48","date_gmt":"2022-02-23T11:55:48","guid":{"rendered":"https:\/\/mundo.seashell.pt\/?post_type=product&#038;p=6279"},"modified":"2022-02-23T11:55:50","modified_gmt":"2022-02-23T11:55:50","slug":"cif-toalhitas-multiusos-36-unidades","status":"publish","type":"product","link":"https:\/\/mundo.seashell.pt\/?product=cif-toalhitas-multiusos-36-unidades","title":{"rendered":"CIF Toalhitas Multiusos &#8211; 36 unidades"},"content":{"rendered":"<p>Cif toalhitas limpam e desengorduram numa s\u00f3 passagem. S\u00e3o adequadas para v\u00e1rios tipos de superf\u00edcies, tais como lava-loi\u00e7a, fog\u00e3o, chuveiro, frigor\u00edfico, caixas, casa de banho e cozinha.<\/p>\n<h3>Benef\u00edcios:<\/h3>\n<p>&#8211; Toalhitas 100% biodegrad\u00e1veis;<br \/>&#8211; Limpeza numa s\u00f3 passagem;<br \/>&#8211; Efic\u00e1cia e conveni\u00eancia.<\/p>\n<h3>Conselhos de utiliza\u00e7\u00e3o:<\/h3>\n<p>Abra o autocolante de pl\u00e1stico transparente at\u00e9 metade da embalagem e retire uma toalhita. Limpe a superf\u00edcie para remover a sujidade. N\u00e3o necessita de enxaguar ou secar. Certifique-se que o autocolante est\u00e1 devidamente selado de forma a evitar a secagem das restantes toalhitas.<\/p>\n","protected":false},"excerpt":{"rendered":"<p>Cif toalhitas limpam e desengorduram numa s\u00f3 passagem. S\u00e3o adequadas para v\u00e1rios tipos de superf\u00edcies, tais como lava-loi\u00e7a, fog\u00e3o, chuveiro, frigor\u00edfico, caixas, casa de banho e cozinha.<\/p>\n<h3>Benef\u00edcios:<\/h3>\n<p>&#8211; Toalhitas 100% biodegrad\u00e1veis;<br \/>&#8211; Limpeza numa s\u00f3 passagem;<br \/>&#8211; Efic\u00e1cia e conveni\u00eancia.<\/p>\n<h3>Conselhos de utiliza\u00e7\u00e3o:<\/h...\n<\/p>\n","protected":false},"featured_media":6280,"template":"","meta":{"spay_email":""},"product_cat":[15],"product_tag":[],"class_list":{"0":"post-6279","1":"product","2":"type-product","3":"status-publish","4":"has-post-thumbnail","6":"product_cat-sem-categoria","8":"first","9":"instock","10":"taxable","11":"shipping-taxable","12":"purchasable","13":"product-type-simple"},"acf":[],"jetpack-related-posts":[{"id":6277,"url":"https:\/\/mundo.seashell.pt\/?product=sanytol-toalhitas-multiusos-36-unidades","url_meta":{"origin":6279,"position":0},"title":"Sanytol Toalhitas Multiusos &#8211; 36 unidades","date":"Fevereiro 23, 2022","format":false,"excerpt":"Toalhitas Desinfetantes Multiusos \u2013 Eucalipto Pr\u00e1ticas e eficazes, as toalhitas desinfetantes multiusos SANYTOL limpam e desinfetam todas as superf\u00edcies numa s\u00f3 passagem! Ideais para a limpeza di\u00e1ria, deixar\u00e3o a sua casa com um cheiro a limpeza. CARACTER\u00cdSTICAS Elimina 99,9% de bact\u00e9rias, fungos, v\u00edrus H1N1 ...","rel":"","context":"Similar post","img":{"alt_text":"","src":"https:\/\/i0.wp.com\/mundo.seashell.pt\/wp-content\/uploads\/2022\/02\/SANYTOL_TOALHITAS_DESINFECTANTES_MULTIUSOS_36u_8411660000224.png?resize=350%2C200&ssl=1","width":350,"height":200},"classes":[]},{"id":6942,"url":"https:\/\/mundo.seashell.pt\/?product=dodot-maos-limpas-40-toalhitas","url_meta":{"origin":6279,"position":1},"title":"Dodot M\u00e3os Limpas 40 Toalhitas","date":"Fevereiro 23, 2022","format":false,"excerpt":"Limpa e hidrata a cada passagem !Descri\u00e7\u00e3o: As toalhitas Dodot limpam e hidratam em cada passagem, gra\u00e7as \u00e0 exclusiva textura com ondas deslizantes. A sua lo\u00e7\u00e3o exclusiva oferece a hidrata\u00e7\u00e3o adequada para a pele do beb\u00e9 e ajuda a recuperar o pH natural da pele de forma instant\u00e2nea. Para al\u00e9m\u2026","rel":"","context":"Similar post","img":{"alt_text":"","src":"https:\/\/i0.wp.com\/mundo.seashell.pt\/wp-content\/uploads\/2022\/02\/DODOT_TOALHITAS_MA_OS_LIMPAS_40Unid_8006540222287.png?resize=350%2C200&ssl=1","width":350,"height":200},"classes":[]},{"id":6940,"url":"https:\/\/mundo.seashell.pt\/?product=dodot-tampa-azul-64-toalhitas","url_meta":{"origin":6279,"position":2},"title":"Dodot Tampa Azul 64 Toalhitas","date":"Fevereiro 23, 2022","format":false,"excerpt":"Descri\u00e7\u00e3o: As toalhitas Dodot limpam e hidratam em cada passagem, gra\u00e7as \u00e0 exclusiva textura com ondas deslizantes. A sua lo\u00e7\u00e3o exclusiva oferece a hidrata\u00e7\u00e3o adequada para a pele do beb\u00e9 e ajuda a recuperar o pH natural da pele de forma instant\u00e2nea. Para al\u00e9m disso, a sua fresca fragr\u00e2ncia far\u00e1\u2026","rel":"","context":"Similar post","img":{"alt_text":"","src":"https:\/\/i0.wp.com\/mundo.seashell.pt\/wp-content\/uploads\/2022\/02\/DODOT_TOALHITA_AZUL_1x64_C_TAMPA_8001090134226.png?resize=350%2C200&ssl=1","width":350,"height":200},"classes":[]},{"id":6251,"url":"https:\/\/mundo.seashell.pt\/?product=sanytol-multiusos-750ml-1","url_meta":{"origin":6279,"position":3},"title":"Sanytol Multiusos 750ml","date":"Fevereiro 23, 2022","format":false,"excerpt":"Limpador Desinfetante Multiusos \u2013 Eucalipto Mantenha a sua casa saud\u00e1vel com o Desinfetante Multiusos. Pr\u00e1tico e sem lix\u00edvia, limpa todas as superf\u00edcies da casa. Ideal para remover a sujidade do dia a dia e desinfetar tudo numa s\u00f3 passagem. CARACTER\u00cdSTICAS Elimina 99,9% de bact\u00e9rias, fungos, v\u00edru...","rel":"","context":"Similar post","img":{"alt_text":"","src":"https:\/\/i0.wp.com\/mundo.seashell.pt\/wp-content\/uploads\/2022\/02\/SANYTOL_DESINFETANTE_MULTIUSOS_750_ML_8411660670236.png?resize=350%2C200&ssl=1","width":350,"height":200},"classes":[]},{"id":6700,"url":"https:\/\/mundo.seashell.pt\/?product=toalhitas-suaves-50-unidades","url_meta":{"origin":6279,"position":4},"title":"Toalhitas Suaves &#8211; 50 unidades","date":"Fevereiro 23, 2022","format":false,"excerpt":"NIVEA Toalhitas de Limpeza Suaves 3 em 1 Removem a maquilhagem e a m\u00e1scara waterproof, e limpam delicadamente. Tecido derivado de plantas e f\u00f3rmula sem micropl\u00e1sticos F\u00f3rmula de cuidado enriquecida com \u00d3leo de Am\u00eandoa Natural e feita com ingredientes de origem natural para uma utiliza\u00e7\u00e3o di\u00e1ria. Hidrata...","rel":"","context":"Similar post","img":{"alt_text":"","src":"https:\/\/i0.wp.com\/mundo.seashell.pt\/wp-content\/uploads\/2022\/02\/82316-06600-08_Toalhitas_de_Limpeza_Suaves_Pele_SS_L2P1_4005900450074.png?resize=350%2C200&ssl=1","width":350,"height":200},"classes":[]},{"id":6249,"url":"https:\/\/mundo.seashell.pt\/?product=sanytol-multiusos-toranja-750ml","url_meta":{"origin":6279,"position":5},"title":"Sanytol Multiusos Toranja 750ml","date":"Fevereiro 23, 2022","format":false,"excerpt":"Limpador Desinfetante Multiusos \u2013 Eucalipto Mantenha a sua casa saud\u00e1vel com o Desinfetante Multiusos. Pr\u00e1tico e sem lix\u00edvia, limpa todas as superf\u00edcies da casa. Ideal para remover a sujidade do dia a dia e desinfetar tudo numa s\u00f3 passagem. CARACTER\u00cdSTICAS Elimina 99,9% de bact\u00e9rias, fungos, v\u00edru...","rel":"","context":"Similar post","img":{"alt_text":"","src":"https:\/\/i0.wp.com\/mundo.seashell.pt\/wp-content\/uploads\/2022\/02\/SANYTOL_DESINFETANTE_MULTIUSOS_TORANJA_750_ML_8411660000217.png?resize=350%2C200&ssl=1","width":350,"height":200},"classes":[]}],"_links":{"self":[{"href":"https:\/\/mundo.seashell.pt\/index.php?rest_route=\/wp\/v2\/product\/6279","targetHints":{"allow":["GET"]}}],"collection":[{"href":"https:\/\/mundo.seashell.pt\/index.php?rest_route=\/wp\/v2\/product"}],"about":[{"href":"https:\/\/mundo.seashell.pt\/index.php?rest_route=\/wp\/v2\/types\/product"}],"wp:featuredmedia":[{"embeddable":true,"href":"https:\/\/mundo.seashell.pt\/index.php?rest_route=\/wp\/v2\/media\/6280"}],"wp:attachment":[{"href":"https:\/\/mundo.seashell.pt\/index.php?rest_route=%2Fwp%2Fv2%2Fmedia&parent=6279"}],"wp:term":[{"taxonomy":"product_cat","embeddable":true,"href":"https:\/\/mundo.seashell.pt\/index.php?rest_route=%2Fwp%2Fv2%2Fproduct_cat&post=6279"},{"taxonomy":"product_tag","embeddable":true,"href":"https:\/\/mundo.seashell.pt\/index.php?rest_route=%2Fwp%2Fv2%2Fproduct_tag&post=6279"}],"curies":[{"name":"wp","href":"https:\/\/api.w.org\/{rel}","templated":true}]}}