{"id":6277,"date":"2022-02-23T11:55:45","date_gmt":"2022-02-23T11:55:45","guid":{"rendered":"https:\/\/mundo.seashell.pt\/?post_type=product&#038;p=6277"},"modified":"2022-02-23T11:55:48","modified_gmt":"2022-02-23T11:55:48","slug":"sanytol-toalhitas-multiusos-36-unidades","status":"publish","type":"product","link":"https:\/\/mundo.seashell.pt\/?product=sanytol-toalhitas-multiusos-36-unidades","title":{"rendered":"Sanytol Toalhitas Multiusos &#8211; 36 unidades"},"content":{"rendered":"<h1>Toalhitas Desinfetantes Multiusos \u2013 Eucalipto<\/h1>\n<p>Pr\u00e1ticas e eficazes, as toalhitas desinfetantes multiusos SANYTOL limpam e desinfetam todas as superf\u00edcies numa s\u00f3 passagem! Ideais para a limpeza di\u00e1ria, deixar\u00e3o a sua casa com um cheiro a limpeza.<\/p>\n<h2>CARACTER\u00cdSTICAS<\/h2>\n<ul>\n<li>Elimina 99,9% de bact\u00e9rias, fungos, v\u00edrus H1N1 (gripe) e coronav\u00edrus humano 229E<\/li>\n<li>Limpa e Desinfeta<\/li>\n<li>Sem lix\u00edvia<\/li>\n<li>100% fibras naturais biodegrad\u00e1veis<\/li>\n<li>Dermatologicamente Testado<\/li>\n<\/ul>\n<h2>ADEQUADO PARA<\/h2>\n<ul>\n<li>Tampas de sanita, lavat\u00f3rios, banheiras, duches<\/li>\n<li>Frigor\u00edficos, bancadas, lava-loi\u00e7a, microondas, mesas, superf\u00edcies de azulejos<\/li>\n<li>Ma\u00e7anetas de portas, telefones fixos, teclados de computador, comandos remotos<\/li>\n<li>Universo do beb\u00e9, brinquedos de pl\u00e1stico, cadeiras da papa, trocadores<\/li>\n<\/ul>\n<h2>CONSELHOS DE UTILIZA\u00c7\u00c3O<\/h2>\n<p>1- Levante a aba e retire uma toalhita.<br \/>2- Limpe a superf\u00edcie e deixe secar. Para superf\u00edcies em contacto com alimentos, brinquedos e tamb\u00e9m superf\u00edcies em contacto regular com beb\u00e9s ou animais, deixe atuar 15 minutos e enx\u00e1gue.<br \/>3- Feche a aba. Pressione toda a superf\u00edcie da etiqueta para uma boa veda\u00e7\u00e3o.<br \/>4- Coloque a toalhita no lixo.<\/p>\n<p><\/p>\n","protected":false},"excerpt":{"rendered":"<h1>Toalhitas Desinfetantes Multiusos \u2013 Eucalipto<\/h1>\n<p>Pr\u00e1ticas e eficazes, as toalhitas desinfetantes multiusos SANYTOL limpam e desinfetam todas as superf\u00edcies numa s\u00f3 passagem! Ideais para a limpeza di\u00e1ria, deixar\u00e3o a sua casa com um cheiro a limpeza.<\/p>\n<h2>CARACTER\u00cdSTICAS<\/h2>\n<ul>\n<li>Elimina 99,9% de bact\u00e9rias, fungos, v\u00edrus H1N1 &#8230;<br \/>\n","protected":false},"featured_media":6278,"template":"","meta":{"spay_email":""},"product_cat":[15],"product_tag":[],"class_list":{"0":"post-6277","1":"product","2":"type-product","3":"status-publish","4":"has-post-thumbnail","6":"product_cat-sem-categoria","8":"first","9":"instock","10":"taxable","11":"shipping-taxable","12":"purchasable","13":"product-type-simple"},"acf":[],"jetpack-related-posts":[{"id":6279,"url":"https:\/\/mundo.seashell.pt\/?product=cif-toalhitas-multiusos-36-unidades","url_meta":{"origin":6277,"position":0},"title":"CIF Toalhitas Multiusos &#8211; 36 unidades","date":"Fevereiro 23, 2022","format":false,"excerpt":"Cif toalhitas limpam e desengorduram numa s\u00f3 passagem. S\u00e3o adequadas para v\u00e1rios tipos de superf\u00edcies, tais como lava-loi\u00e7a, fog\u00e3o, chuveiro, frigor\u00edfico, caixas, casa de banho e cozinha.Benef\u00edcios: - Toalhitas 100% biodegrad\u00e1veis;- Limpeza numa s\u00f3 passagem;- Efic\u00e1cia e conveni\u00eancia. Conselhos de utiliza\u00e7\u00e3o:","rel":"","context":"Similar post","img":{"alt_text":"","src":"https:\/\/i0.wp.com\/mundo.seashell.pt\/wp-content\/uploads\/2022\/02\/CIF_Toalhitas_Desinfetantes_36_Pcs_8710522939734.png?resize=350%2C200&ssl=1","width":350,"height":200},"classes":[]},{"id":6281,"url":"https:\/\/mundo.seashell.pt\/?product=neoblanc-toalhitas-multiusos-com-alcool-40-unidades","url_meta":{"origin":6277,"position":1},"title":"Neoblanc Toalhitas Multiusos com Alcool &#8211; 40 unidades","date":"Fevereiro 23, 2022","format":false,"excerpt":"Gra\u00e7as \u00e0 sua composi\u00e7\u00e3o, as toalhitas eliminam sujidade e removem mecanicamente germes e bact\u00e9rias das superf\u00edcies, em casa e no exterior, sem necessidade de enxaguar. Adicionalmente, deixam um perfume agrad\u00e1vel e fresco. INSTRU\u00c7\u00d5ES DE USO 1. Levante o fecho e extraia o pano 2. Feche cuidadosamente ap\u00f3...","rel":"","context":"Similar post","img":{"alt_text":"","src":"https:\/\/i0.wp.com\/mundo.seashell.pt\/wp-content\/uploads\/2022\/02\/NEOBLANC_TOALHITA_HIGIENIZAC_A_O_COM_ALCOOL_SEM_LIXI_VIA_8001480708358.png?resize=350%2C200&ssl=1","width":350,"height":200},"classes":[]},{"id":6283,"url":"https:\/\/mundo.seashell.pt\/?product=neoblanc-toalhitas-multiusos-desengordurantes-40-unidades","url_meta":{"origin":6277,"position":2},"title":"Neoblanc Toalhitas Multiusos Desengordurantes &#8211; 40 unidades","date":"Fevereiro 23, 2022","format":false,"excerpt":"Gra\u00e7as \u00e0 sua composi\u00e7\u00e3o, as toalhitas eliminam sujidade e removem mecanicamente germes e bact\u00e9rias das superf\u00edcies, em casa e no exterior, sem necessidade de enxaguar. Adicionalmente, deixam um perfume agrad\u00e1vel e fresco. INSTRU\u00c7\u00d5ES DE USO 1. Levante o fecho e extraia o pano 2. Feche cuidadosamente ap\u00f3...","rel":"","context":"Similar post","img":{"alt_text":"","src":"https:\/\/i0.wp.com\/mundo.seashell.pt\/wp-content\/uploads\/2022\/02\/NEOBLANC_TOALHITA_HIGIENIZAC_A_O_AC_A_O_DESENGORDURANTE_SEM_LIXI_VIA_8001480708365.png?resize=350%2C200&ssl=1","width":350,"height":200},"classes":[]},{"id":6251,"url":"https:\/\/mundo.seashell.pt\/?product=sanytol-multiusos-750ml-1","url_meta":{"origin":6277,"position":3},"title":"Sanytol Multiusos 750ml","date":"Fevereiro 23, 2022","format":false,"excerpt":"Limpador Desinfetante Multiusos \u2013 Eucalipto Mantenha a sua casa saud\u00e1vel com o Desinfetante Multiusos. Pr\u00e1tico e sem lix\u00edvia, limpa todas as superf\u00edcies da casa. Ideal para remover a sujidade do dia a dia e desinfetar tudo numa s\u00f3 passagem. CARACTER\u00cdSTICAS Elimina 99,9% de bact\u00e9rias, fungos, v\u00edru...","rel":"","context":"Similar post","img":{"alt_text":"","src":"https:\/\/i0.wp.com\/mundo.seashell.pt\/wp-content\/uploads\/2022\/02\/SANYTOL_DESINFETANTE_MULTIUSOS_750_ML_8411660670236.png?resize=350%2C200&ssl=1","width":350,"height":200},"classes":[]},{"id":6249,"url":"https:\/\/mundo.seashell.pt\/?product=sanytol-multiusos-toranja-750ml","url_meta":{"origin":6277,"position":4},"title":"Sanytol Multiusos Toranja 750ml","date":"Fevereiro 23, 2022","format":false,"excerpt":"Limpador Desinfetante Multiusos \u2013 Eucalipto Mantenha a sua casa saud\u00e1vel com o Desinfetante Multiusos. Pr\u00e1tico e sem lix\u00edvia, limpa todas as superf\u00edcies da casa. Ideal para remover a sujidade do dia a dia e desinfetar tudo numa s\u00f3 passagem. CARACTER\u00cdSTICAS Elimina 99,9% de bact\u00e9rias, fungos, v\u00edru...","rel":"","context":"Similar post","img":{"alt_text":"","src":"https:\/\/i0.wp.com\/mundo.seashell.pt\/wp-content\/uploads\/2022\/02\/SANYTOL_DESINFETANTE_MULTIUSOS_TORANJA_750_ML_8411660000217.png?resize=350%2C200&ssl=1","width":350,"height":200},"classes":[]},{"id":6259,"url":"https:\/\/mundo.seashell.pt\/?product=ajax-multiusos-desinfetante-500ml","url_meta":{"origin":6277,"position":5},"title":"Ajax Multiusos Desinfetante 500ml","date":"Fevereiro 23, 2022","format":false,"excerpt":"Ajax ajuda na limpeza da casa. Deixa as suas superf\u00edcies limpas e brilhantes facilmente!Benef\u00edcios: - Elimina 100% das bact\u00e9rias;- Limpeza imediata e profunda.","rel":"","context":"Similar post","img":{"alt_text":"","src":"https:\/\/i0.wp.com\/mundo.seashell.pt\/wp-content\/uploads\/2022\/02\/Ajax_DESINFECTANTE_SPRAY_500ml_8718951384514.jpeg?resize=350%2C200&ssl=1","width":350,"height":200},"classes":[]}],"_links":{"self":[{"href":"https:\/\/mundo.seashell.pt\/index.php?rest_route=\/wp\/v2\/product\/6277","targetHints":{"allow":["GET"]}}],"collection":[{"href":"https:\/\/mundo.seashell.pt\/index.php?rest_route=\/wp\/v2\/product"}],"about":[{"href":"https:\/\/mundo.seashell.pt\/index.php?rest_route=\/wp\/v2\/types\/product"}],"wp:featuredmedia":[{"embeddable":true,"href":"https:\/\/mundo.seashell.pt\/index.php?rest_route=\/wp\/v2\/media\/6278"}],"wp:attachment":[{"href":"https:\/\/mundo.seashell.pt\/index.php?rest_route=%2Fwp%2Fv2%2Fmedia&parent=6277"}],"wp:term":[{"taxonomy":"product_cat","embeddable":true,"href":"https:\/\/mundo.seashell.pt\/index.php?rest_route=%2Fwp%2Fv2%2Fproduct_cat&post=6277"},{"taxonomy":"product_tag","embeddable":true,"href":"https:\/\/mundo.seashell.pt\/index.php?rest_route=%2Fwp%2Fv2%2Fproduct_tag&post=6277"}],"curies":[{"name":"wp","href":"https:\/\/api.w.org\/{rel}","templated":true}]}}