{"id":6275,"date":"2022-02-23T11:55:43","date_gmt":"2022-02-23T11:55:43","guid":{"rendered":"https:\/\/mundo.seashell.pt\/?post_type=product&#038;p=6275"},"modified":"2022-02-23T11:55:45","modified_gmt":"2022-02-23T11:55:45","slug":"skip-desinfetante-de-roupa-12l","status":"publish","type":"product","link":"https:\/\/mundo.seashell.pt\/?product=skip-desinfetante-de-roupa-12l","title":{"rendered":"Skip Desinfetante de Roupa 1,2l"},"content":{"rendered":"<p>Desinfeta a sua roupa, eliminando bact\u00e9rias.<\/p>\n<h3>Caracteristicas:<\/h3>\n<ul>\n<li>Elimina 99,9% dos v\u00edrus e bact\u00e9rias<\/li>\n<li>Remove os maus odores<\/li>\n<li>Preserva as cores e as fibras dos tecidos<\/li>\n<li>Eficaz em ciclos curtos e baixas temperaturas<\/li>\n<\/ul>\n","protected":false},"excerpt":{"rendered":"<p>Desinfeta a sua roupa, eliminando bact\u00e9rias.<\/p>\n<h3>Caracteristicas:<\/h3>\n<ul>\n<li>Elimina 99,9% dos v\u00edrus e bact\u00e9rias<\/li>\n<li>Remove os maus odores<\/li>\n<li>Preserva as cores e as fibras dos tecidos<\/li>\n<li>Eficaz em ciclos curtos e baixas temperaturas<\/li>\n<\/ul>\n","protected":false},"featured_media":6276,"template":"","meta":{"spay_email":""},"product_cat":[15],"product_tag":[],"class_list":{"0":"post-6275","1":"product","2":"type-product","3":"status-publish","4":"has-post-thumbnail","6":"product_cat-sem-categoria","8":"first","9":"instock","10":"taxable","11":"shipping-taxable","12":"purchasable","13":"product-type-simple"},"acf":[],"jetpack-related-posts":[{"id":6649,"url":"https:\/\/mundo.seashell.pt\/?product=sanytol-tira-nodoas-em-po-450gr","url_meta":{"origin":6275,"position":0},"title":"Sanytol Tira N\u00f3doas em P\u00f3 450gr","date":"Fevereiro 23, 2022","format":false,"excerpt":"Tira-N\u00f3doas Desinfetante em p\u00f3 que destr\u00f3i 99,9% dos micr\u00f3bios e que elimina eficazmente as manchas mais persistentes mesmo a baixas temperaturas. A sua f\u00f3rmula \u00fanica \u00e0 base de enzimas e oxig\u00e9nio ativo penetra no cora\u00e7\u00e3o das fibras t\u00eaxteis para remover as n\u00f3doas, eliminar o tom amarelado e reavivar o branco\u2026","rel":"","context":"Similar post","img":{"alt_text":"","src":"https:\/\/i0.wp.com\/mundo.seashell.pt\/wp-content\/uploads\/2022\/02\/SANYTOL_TIRA_NO_DOAS_BRANQUEADOR_450g_3045206382601.png?resize=350%2C200&ssl=1","width":350,"height":200},"classes":[]},{"id":6271,"url":"https:\/\/mundo.seashell.pt\/?product=sanytol-desinfetante-de-roupa-500ml","url_meta":{"origin":6275,"position":1},"title":"Sanytol Desinfetante de Roupa 500ml","date":"Fevereiro 23, 2022","format":false,"excerpt":"Desinfetante De Roupa \u2013 Flores Brancas DESCRI\u00c7\u00c3O A roupa lavada a baixa temperatura n\u00e3o est\u00e1 totalmente livre de micr\u00f3bios e pode ser a origem de maus odores e doen\u00e7as de pele ou irrita\u00e7\u00f5es. Apenas as lavagens a 90\u00b0C eliminam 100% dos micr\u00f3bios da roupa. O desinfetante de roupa SANYTOL elimina\u2026","rel":"","context":"Similar post","img":{"alt_text":"","src":"https:\/\/i0.wp.com\/mundo.seashell.pt\/wp-content\/uploads\/2022\/02\/SANYTOL_DESINFECTANTE_DE_ROUPA_500ml_3045200760009.png?resize=350%2C200&ssl=1","width":350,"height":200},"classes":[]},{"id":6273,"url":"https:\/\/mundo.seashell.pt\/?product=lysol-desinfetante-de-roupa-720ml","url_meta":{"origin":6275,"position":2},"title":"Lysol Desinfetante de Roupa 720ml","date":"Fevereiro 23, 2022","format":false,"excerpt":"Lysol Desinfetante T\u00eaxtil de Flor de Algod\u00e3o","rel":"","context":"Similar post","img":{"alt_text":"","src":"https:\/\/i0.wp.com\/mundo.seashell.pt\/wp-content\/uploads\/2022\/02\/Lysol_Desinfetante_de_Roupa_Li_quido_720ML_x12_5601217134455.png?resize=350%2C200&ssl=1","width":350,"height":200},"classes":[]},{"id":6277,"url":"https:\/\/mundo.seashell.pt\/?product=sanytol-toalhitas-multiusos-36-unidades","url_meta":{"origin":6275,"position":3},"title":"Sanytol Toalhitas Multiusos &#8211; 36 unidades","date":"Fevereiro 23, 2022","format":false,"excerpt":"Toalhitas Desinfetantes Multiusos \u2013 Eucalipto Pr\u00e1ticas e eficazes, as toalhitas desinfetantes multiusos SANYTOL limpam e desinfetam todas as superf\u00edcies numa s\u00f3 passagem! Ideais para a limpeza di\u00e1ria, deixar\u00e3o a sua casa com um cheiro a limpeza. CARACTER\u00cdSTICAS Elimina 99,9% de bact\u00e9rias, fungos, v\u00edrus H1N1 ...","rel":"","context":"Similar post","img":{"alt_text":"","src":"https:\/\/i0.wp.com\/mundo.seashell.pt\/wp-content\/uploads\/2022\/02\/SANYTOL_TOALHITAS_DESINFECTANTES_MULTIUSOS_36u_8411660000224.png?resize=350%2C200&ssl=1","width":350,"height":200},"classes":[]},{"id":6684,"url":"https:\/\/mundo.seashell.pt\/?product=sanytol-limpa-e-desinfeta-025l","url_meta":{"origin":6275,"position":4},"title":"Sanytol Limpa e Desinfeta 250ml","date":"Fevereiro 23, 2022","format":false,"excerpt":"Todos os ciclos de lavagem deixam res\u00edduos, sujidade e calc\u00e1rio que podem danificar a m\u00e1quina de lavar. Sanytol Limpa M\u00e1quinas \u00e9 um limpador desinfetante para a m\u00e1quina de lavar roupa que elimina 99.9% das bact\u00e9rias. Tipo de produto: Limpeza e Tratamento da M\u00e1quinaBenef\u00edcios: - Lava, desinfeta e previne todos o...","rel":"","context":"Similar post","img":{"alt_text":"","src":"https:\/\/i0.wp.com\/mundo.seashell.pt\/wp-content\/uploads\/2022\/02\/SANYTOL_LIMPA_MA_QUINAS_DESINFETANTE_250_ML_8411135665019.png?resize=350%2C200&ssl=1","width":350,"height":200},"classes":[]},{"id":6653,"url":"https:\/\/mundo.seashell.pt\/?product=lysol-higiene-450gr","url_meta":{"origin":6275,"position":5},"title":"Lysol Higiene 450Gr","date":"Fevereiro 23, 2022","format":false,"excerpt":"Remover as n\u00f3doas pode parecer um verdadeiro desafio, mas com Lysol higi\u00e9nico tira-n\u00f3doas em p\u00f3 vai perceber que \u00e9 simples manter a roupa limpa, sem precisar de esfregar. Garanta uma higiene e frescura prolongada da sua roupa. A marca Lysol existe h\u00e1 mais de 100 anos e \u00e9 uma marca\u2026","rel":"","context":"Similar post","img":{"alt_text":"","src":"https:\/\/i0.wp.com\/mundo.seashell.pt\/wp-content\/uploads\/2022\/02\/Lysol_Higie_nico_Tira_No_doas_Roupa_Po__450G_x6_5601217134462.png?resize=350%2C200&ssl=1","width":350,"height":200},"classes":[]}],"_links":{"self":[{"href":"https:\/\/mundo.seashell.pt\/index.php?rest_route=\/wp\/v2\/product\/6275","targetHints":{"allow":["GET"]}}],"collection":[{"href":"https:\/\/mundo.seashell.pt\/index.php?rest_route=\/wp\/v2\/product"}],"about":[{"href":"https:\/\/mundo.seashell.pt\/index.php?rest_route=\/wp\/v2\/types\/product"}],"wp:featuredmedia":[{"embeddable":true,"href":"https:\/\/mundo.seashell.pt\/index.php?rest_route=\/wp\/v2\/media\/6276"}],"wp:attachment":[{"href":"https:\/\/mundo.seashell.pt\/index.php?rest_route=%2Fwp%2Fv2%2Fmedia&parent=6275"}],"wp:term":[{"taxonomy":"product_cat","embeddable":true,"href":"https:\/\/mundo.seashell.pt\/index.php?rest_route=%2Fwp%2Fv2%2Fproduct_cat&post=6275"},{"taxonomy":"product_tag","embeddable":true,"href":"https:\/\/mundo.seashell.pt\/index.php?rest_route=%2Fwp%2Fv2%2Fproduct_tag&post=6275"}],"curies":[{"name":"wp","href":"https:\/\/api.w.org\/{rel}","templated":true}]}}