{"id":6273,"date":"2022-02-23T11:55:40","date_gmt":"2022-02-23T11:55:40","guid":{"rendered":"https:\/\/mundo.seashell.pt\/?post_type=product&#038;p=6273"},"modified":"2022-02-23T11:55:42","modified_gmt":"2022-02-23T11:55:42","slug":"lysol-desinfetante-de-roupa-720ml","status":"publish","type":"product","link":"https:\/\/mundo.seashell.pt\/?product=lysol-desinfetante-de-roupa-720ml","title":{"rendered":"Lysol Desinfetante de Roupa 720ml"},"content":{"rendered":"<h3>Lysol Desinfetante T\u00eaxtil de Flor de Algod\u00e3o<\/h3>\n<figure style=\"max-width: 187px; float: right; width: 187px; margin-left: 10px; margin-right: 10px;\"><img loading=\"lazy\" decoding=\"async\" src=\"https:\/\/www.lysol.pt\/content\/dam\/lysol\/portugal\/textil-de-flor-de-algodao.jpg.transform\/w320\/img.png\" alt=\"textil-de-flor-de-algodao.jpg\" data-image=\"lpqay0cqog5b\" width=\"187\" height=\"187\" style=\"width: 187px; max-width: 187px; height: 187px;\"><\/figure>\n<p>Limpa e desinfeta a roupa at\u00e9 em \u00e1gua fria.<\/p>\n<p>&gt; Elimina 99,9% de bact\u00e9rias, fungos e virus* (em conformidade com as normas ASTM 2274, EN1276, EN1650 e EN14476).<br \/>&gt; Atua eficazmente at\u00e9 em \u00e1gua fria<br \/>&gt; Elimina os maus odores da roupa mantendo a roupa fresca e livre de cheiros at\u00e9 12 horas<br \/>&gt; N\u00e3o danifica a roupa (inclui brancos e coloridos)<br \/>&gt; Sem Lix\u00edvia, Corantes nem fosfatos<br \/>&gt; Testado Dermatologicamente<br \/>&gt; Marca N\u00ba1 em Desinfetantes na maioria dos pa\u00edses do mundo \u2013 Austr\u00e1lia, Brasil, Canad\u00e1, Alemanha, M\u00e9xico e EUA. Fonte: Nielsen Scan Track, Market Track e Retail Index Services a fecho de Dezembro 2019);<br \/>&gt; Siga as Instru\u00e7\u00f5es de utiliza\u00e7\u00e3o indicadas no r\u00f3tulo e antes de usar, teste sempre o produto numa \u00e1rea pouco vis\u00edvel para verificar a compatibilidade do produto com os materiais.<\/p>\n<p>Elimina o v\u00edrus SARS-CoV-2 que causa COVID-19.<br \/>*SARS-CoV-2, Transmissible gastroenteritis (Coronavirus), Human respiratory syncytial, Human Herpes Simplexs Tipo 1.<\/p>\n<\/p>\n<h4>Instru\u00e7\u00f5es de uso:<\/h4>\n<\/p>\n<p><u>Para Eliminar bact\u00e9rias: <\/u><\/p>\n<p>&gt; M\u00e1quina da Roupa: Adicione 2 doses (120ml) ao amaciador, na m\u00e1quina de lavar roupa (programa de lavagem m\u00ednimo: 15 minutos a 20\u00baC).<\/p>\n<p>&gt; De Molho: adicione 1 dose (60 ml) a 2.5L de \u00e1gua a 20\u00b0C e deixe atuar durante 10 minutos. <\/p>\n<p><u>Para Eliminar v\u00edrus* e fungos: <\/u><\/p>\n<p>De Molho: adicione 1 dose (60 ml) a 2.5L de \u00e1gua e deixe atuar durante 15 minutos a 20\u00baC (21\u00baC para eliminar o v\u00edrus SARS-CoV-2). N\u00e3o coloque o produto no mesmo compartimento que o detergente para a roupa. Coloque o produto no in\u00edcio do ciclo de lavagem. <\/p>\n<p>N\u00e3o usar em seda, l\u00e3 ou em materiais que n\u00e3o possam ir \u00e0 m\u00e1quina da roupa.<\/p>\n","protected":false},"excerpt":{"rendered":"<h3>Lysol Desinfetante T\u00eaxtil de Flor de Algod\u00e3o<\/h3>\n<figure style=\"max-width: 187px; float: right; width: 187px; margin-left: 10px; margin-right: 10px;\"><img decoding=\"async\" src=\"https:\/\/www.lysol.pt\/content\/dam\/lysol\/portugal\/textil-de-flor-de-algodao.jpg.transform\/w320\/img.png\" alt=\"textil-de-flor-de-algodao.jpg\" data-image=\"lpqay0cqog5b\" width=\"187\" height...\n<\/p>\n","protected":false},"featured_media":6274,"template":"","meta":{"spay_email":""},"product_cat":[15],"product_tag":[],"class_list":{"0":"post-6273","1":"product","2":"type-product","3":"status-publish","4":"has-post-thumbnail","6":"product_cat-sem-categoria","8":"first","9":"instock","10":"taxable","11":"shipping-taxable","12":"purchasable","13":"product-type-simple"},"acf":[],"jetpack-related-posts":[{"id":6653,"url":"https:\/\/mundo.seashell.pt\/?product=lysol-higiene-450gr","url_meta":{"origin":6273,"position":0},"title":"Lysol Higiene 450Gr","date":"Fevereiro 23, 2022","format":false,"excerpt":"Remover as n\u00f3doas pode parecer um verdadeiro desafio, mas com Lysol higi\u00e9nico tira-n\u00f3doas em p\u00f3 vai perceber que \u00e9 simples manter a roupa limpa, sem precisar de esfregar. Garanta uma higiene e frescura prolongada da sua roupa. A marca Lysol existe h\u00e1 mais de 100 anos e \u00e9 uma marca\u2026","rel":"","context":"Similar post","img":{"alt_text":"","src":"https:\/\/i0.wp.com\/mundo.seashell.pt\/wp-content\/uploads\/2022\/02\/Lysol_Higie_nico_Tira_No_doas_Roupa_Po__450G_x6_5601217134462.png?resize=350%2C200&ssl=1","width":350,"height":200},"classes":[]},{"id":6243,"url":"https:\/\/mundo.seashell.pt\/?product=lysol-cozinha-500ml","url_meta":{"origin":6273,"position":1},"title":"Lysol Cozinha 500ml","date":"Fevereiro 23, 2022","format":false,"excerpt":"Lysol Desinfetante Cozinha Lim\u00e3o","rel":"","context":"Similar post","img":{"alt_text":"","src":"https:\/\/i0.wp.com\/mundo.seashell.pt\/wp-content\/uploads\/2022\/02\/Lysol_Desinfetante_Cozinha_Pistola_500ML_x12_5601217134424.jpeg?resize=350%2C200&ssl=1","width":350,"height":200},"classes":[]},{"id":6239,"url":"https:\/\/mundo.seashell.pt\/?product=lysol-multiusos-500ml","url_meta":{"origin":6273,"position":2},"title":"Lysol Multiusos 500ml","date":"Fevereiro 23, 2022","format":false,"excerpt":"Lysol Desinfetante Multiusos Frescura Elimina a sujidade e as manchas deixando as superf\u00edcies desinfetadas e com uma agrad\u00e1vel fragr\u00e2ncia a Ma\u00e7\u00e3....","rel":"","context":"Similar post","img":{"alt_text":"","src":"https:\/\/i0.wp.com\/mundo.seashell.pt\/wp-content\/uploads\/2022\/02\/Lysol_Desinfetante_Multiusos_Pistola_500ML_x12_5601217134806.jpeg?resize=350%2C200&ssl=1","width":350,"height":200},"classes":[]},{"id":6241,"url":"https:\/\/mundo.seashell.pt\/?product=lysol-banhos-500ml","url_meta":{"origin":6273,"position":3},"title":"Lysol Banhos 500ml","date":"Fevereiro 23, 2022","format":false,"excerpt":"Lysol Desinfetante Casa de Banho Marinho","rel":"","context":"Similar post","img":{"alt_text":"","src":"https:\/\/i0.wp.com\/mundo.seashell.pt\/wp-content\/uploads\/2022\/02\/Lysol_Desinfetante_Casa_de_Banho_Pistola_500ML_x12_5601217134400.jpeg?resize=350%2C200&ssl=1","width":350,"height":200},"classes":[]},{"id":6245,"url":"https:\/\/mundo.seashell.pt\/?product=lysol-spray-400ml","url_meta":{"origin":6273,"position":4},"title":"Lysol Spray 400ml","date":"Fevereiro 23, 2022","format":false,"excerpt":"Lysol Spray Desinfetante Frescura Suave","rel":"","context":"Similar post","img":{"alt_text":"","src":"https:\/\/i0.wp.com\/mundo.seashell.pt\/wp-content\/uploads\/2022\/02\/Lysol_Desinfetante_Spray_Superf_400mL_x6_5601217134530.jpeg?resize=350%2C200&ssl=1","width":350,"height":200},"classes":[]},{"id":6708,"url":"https:\/\/mundo.seashell.pt\/?product=lysol-desinfetante-025l","url_meta":{"origin":6273,"position":5},"title":"Lysol Desinfetante 0,25L","date":"Fevereiro 23, 2022","format":false,"excerpt":"Limpeza e Tratamento da M\u00e1quina - Limpa e desinfeta a m\u00e1quina - Ilimina bact\u00e9rias que causam maus odores; - Elimina calc\u00e1rio, sujidade e res\u00edduos de detergente.","rel":"","context":"Similar post","img":{"alt_text":"","src":"https:\/\/i0.wp.com\/mundo.seashell.pt\/wp-content\/uploads\/2022\/02\/Lysol_Desinfetante_Limpa_Ma_quinas_Roupa_1D_x12_5601217134479.png?resize=350%2C200&ssl=1","width":350,"height":200},"classes":[]}],"_links":{"self":[{"href":"https:\/\/mundo.seashell.pt\/index.php?rest_route=\/wp\/v2\/product\/6273","targetHints":{"allow":["GET"]}}],"collection":[{"href":"https:\/\/mundo.seashell.pt\/index.php?rest_route=\/wp\/v2\/product"}],"about":[{"href":"https:\/\/mundo.seashell.pt\/index.php?rest_route=\/wp\/v2\/types\/product"}],"wp:featuredmedia":[{"embeddable":true,"href":"https:\/\/mundo.seashell.pt\/index.php?rest_route=\/wp\/v2\/media\/6274"}],"wp:attachment":[{"href":"https:\/\/mundo.seashell.pt\/index.php?rest_route=%2Fwp%2Fv2%2Fmedia&parent=6273"}],"wp:term":[{"taxonomy":"product_cat","embeddable":true,"href":"https:\/\/mundo.seashell.pt\/index.php?rest_route=%2Fwp%2Fv2%2Fproduct_cat&post=6273"},{"taxonomy":"product_tag","embeddable":true,"href":"https:\/\/mundo.seashell.pt\/index.php?rest_route=%2Fwp%2Fv2%2Fproduct_tag&post=6273"}],"curies":[{"name":"wp","href":"https:\/\/api.w.org\/{rel}","templated":true}]}}