{"id":6271,"date":"2022-02-23T11:55:38","date_gmt":"2022-02-23T11:55:38","guid":{"rendered":"https:\/\/mundo.seashell.pt\/?post_type=product&#038;p=6271"},"modified":"2022-02-23T11:55:40","modified_gmt":"2022-02-23T11:55:40","slug":"sanytol-desinfetante-de-roupa-500ml","status":"publish","type":"product","link":"https:\/\/mundo.seashell.pt\/?product=sanytol-desinfetante-de-roupa-500ml","title":{"rendered":"Sanytol Desinfetante de Roupa 500ml"},"content":{"rendered":"<h1>Desinfetante De Roupa \u2013 Flores Brancas<\/h1>\n<h2>DESCRI\u00c7\u00c3O<\/h2>\n<p>A roupa lavada a baixa temperatura n\u00e3o est\u00e1 totalmente livre de micr\u00f3bios e pode ser a origem de maus odores e doen\u00e7as de pele ou irrita\u00e7\u00f5es. Apenas as lavagens a 90\u00b0C eliminam 100% dos micr\u00f3bios da roupa.<\/p>\n<p>O desinfetante de roupa SANYTOL elimina bact\u00e9rias, Candida albicans, Coronav\u00edrus Humano 229E e v\u00edrus H1N1 mesmo a baixas temperaturas. A sua f\u00f3rmula \u00fanica destr\u00f3i eficazmente os odores persistentes, respeitando as fibras de roupa branca e de cor. O seu aroma fresco proporciona uma agrad\u00e1vel sensa\u00e7\u00e3o de limpeza.<\/p>\n<h2>CARACTER\u00cdSTICAS<\/h2>\n<ul>\n<li>Elimina 99,9% de bact\u00e9rias, candida albicans, Coronav\u00edrus humano 229 E e v\u00edrus H1N1 (gripe)<\/li>\n<li>Sem lix\u00edvia<\/li>\n<li>Eficaz acima de 20\u00b0C<\/li>\n<li>Elimina os micr\u00f3bios respons\u00e1veis pelos maus odores<\/li>\n<\/ul>\n<h2>ADEQUADO PARA<\/h2>\n<ul>\n<li>Roupa interior (lingerie, meias, cuecas, pijamas, etc.)<\/li>\n<li>Roupas de desporto (cal\u00e7as de corrida, jerseys, etc.)<\/li>\n<li>Roupa de beb\u00e9 e crian\u00e7a (bodies, babetes, cal\u00e7\u00f5es, etc.)<\/li>\n<li>Roupa de casa (toalhas, panos de cozinha, len\u00e7\u00f3is, tapetes de banho, mopas, etc.)<\/li>\n<li>Roupa em contacto com pessoas doentes<\/li>\n<li>Roupa delicada que n\u00e3o resiste a lavagens a alta temperatura<\/li>\n<li>T\u00eaxteis em contacto com animais<\/li>\n<\/ul>\n<h2>CONSELHOS DE UTILIZA\u00c7\u00c3O<\/h2>\n<p>Instru\u00e7\u00f5es para lavagem na m\u00e1quina de lavar:<br \/>Pode ser utilizado com todo o tipo de detergentes.<br \/>1- Coloque 45 ml na gaveta do amaciador. N\u00e3o coloque amaciador.<br \/>2 \u2013 Programe a lavagem normal.<\/p>\n<p>Instru\u00e7\u00f5es para lavagem \u00e0 m\u00e3o:<br \/>1- Coloque 20 ml (1\/2 tampa) em 3,5 litros de \u00e1gua (\u00e1gua do \u00faltimo enxaguamento).<br \/>2- Deixe atuar 15 minutos.<br \/>3- Enxaguar abundantemente.<\/p>\n<p>Em caso de contacto acidental com tecido, enxague abundantemente com \u00e1gua.<\/p>\n","protected":false},"excerpt":{"rendered":"<h1>Desinfetante De Roupa \u2013 Flores Brancas<\/h1>\n<h2>DESCRI\u00c7\u00c3O<\/h2>\n<p>A roupa lavada a baixa temperatura n\u00e3o est\u00e1 totalmente livre de micr\u00f3bios e pode ser a origem de maus odores e doen\u00e7as de pele ou irrita\u00e7\u00f5es. Apenas as lavagens a 90\u00b0C eliminam 100% dos micr\u00f3bios da roupa.<\/p>\n<p>O desinfetante de roupa SANYTOL elimina bact\u00e9rias, Candida albic&#8230;<\/p>\n","protected":false},"featured_media":6272,"template":"","meta":{"spay_email":""},"product_cat":[15],"product_tag":[],"class_list":{"0":"post-6271","1":"product","2":"type-product","3":"status-publish","4":"has-post-thumbnail","6":"product_cat-sem-categoria","8":"first","9":"instock","10":"taxable","11":"shipping-taxable","12":"purchasable","13":"product-type-simple"},"acf":[],"jetpack-related-posts":[{"id":6649,"url":"https:\/\/mundo.seashell.pt\/?product=sanytol-tira-nodoas-em-po-450gr","url_meta":{"origin":6271,"position":0},"title":"Sanytol Tira N\u00f3doas em P\u00f3 450gr","date":"Fevereiro 23, 2022","format":false,"excerpt":"Tira-N\u00f3doas Desinfetante em p\u00f3 que destr\u00f3i 99,9% dos micr\u00f3bios e que elimina eficazmente as manchas mais persistentes mesmo a baixas temperaturas. A sua f\u00f3rmula \u00fanica \u00e0 base de enzimas e oxig\u00e9nio ativo penetra no cora\u00e7\u00e3o das fibras t\u00eaxteis para remover as n\u00f3doas, eliminar o tom amarelado e reavivar o branco\u2026","rel":"","context":"Similar post","img":{"alt_text":"","src":"https:\/\/i0.wp.com\/mundo.seashell.pt\/wp-content\/uploads\/2022\/02\/SANYTOL_TIRA_NO_DOAS_BRANQUEADOR_450g_3045206382601.png?resize=350%2C200&ssl=1","width":350,"height":200},"classes":[]},{"id":7056,"url":"https:\/\/mundo.seashell.pt\/?product=sanytol-desinfetante-150ml","url_meta":{"origin":6271,"position":1},"title":"Sanytol Desinfetante 150ml","date":"Fevereiro 23, 2022","format":false,"excerpt":"Higiene e frescura para todo o tipo de cal\u00e7ado.Descri\u00e7\u00e3o: As bact\u00e9rias, o mofo e os fungos que existem nos sapatos s\u00e3o respons\u00e1veis pelos maus odores e podem provocar doen\u00e7as ou irrita\u00e7\u00f5es na pele. Desinfete e desodorize o cal\u00e7ado, eliminando os micr\u00f3bios respons\u00e1veis pelos maus odores, prevenindo assim o aparecimento de\u2026","rel":"","context":"Similar post","img":{"alt_text":"","src":"https:\/\/i0.wp.com\/mundo.seashell.pt\/wp-content\/uploads\/2022\/02\/transferir__15_.jpeg?resize=350%2C200&ssl=1","width":350,"height":200},"classes":[]},{"id":6275,"url":"https:\/\/mundo.seashell.pt\/?product=skip-desinfetante-de-roupa-12l","url_meta":{"origin":6271,"position":2},"title":"Skip Desinfetante de Roupa 1,2l","date":"Fevereiro 23, 2022","format":false,"excerpt":"Desinfeta a sua roupa, eliminando bact\u00e9rias.Caracteristicas:Elimina 99,9% dos v\u00edrus e bact\u00e9riasRemove os maus odoresPreserva as cores e as fibras dos tecidosEficaz em ciclos curtos e baixas temperaturas","rel":"","context":"Similar post","img":{"alt_text":"","src":"https:\/\/i0.wp.com\/mundo.seashell.pt\/wp-content\/uploads\/2022\/02\/SKIP_Desinfetante_Roupa_1.2_Lts_8720181116162.png?resize=350%2C200&ssl=1","width":350,"height":200},"classes":[]},{"id":6253,"url":"https:\/\/mundo.seashell.pt\/?product=sanytol-cozinhas-750ml","url_meta":{"origin":6271,"position":3},"title":"Sanytol Cozinhas 750ml","date":"Fevereiro 23, 2022","format":false,"excerpt":"Limpador Desinfetante Cozinhas Sanytol desinfetante cozinhas com a\u00e7\u00e3o desengordurante. A cozinha \u00e9 um local favor\u00e1vel ao desenvolvimento de bact\u00e9rias. O uso de um limpador desinfetante \u00e9 a \u00fanica forma de prevenir eficazmente a prolifera\u00e7\u00e3o de micr\u00f3bios. Com a sua f\u00f3rmula de tripla a\u00e7\u00e3o sem lix\u00edvia, elimina 99,9% dos microrganismos. R...","rel":"","context":"Similar post","img":{"alt_text":"","src":"https:\/\/i0.wp.com\/mundo.seashell.pt\/wp-content\/uploads\/2022\/02\/SANYTOL_DESINFETANTE_COZINHAS_750_ML_8411660670212.png?resize=350%2C200&ssl=1","width":350,"height":200},"classes":[]},{"id":6273,"url":"https:\/\/mundo.seashell.pt\/?product=lysol-desinfetante-de-roupa-720ml","url_meta":{"origin":6271,"position":4},"title":"Lysol Desinfetante de Roupa 720ml","date":"Fevereiro 23, 2022","format":false,"excerpt":"Lysol Desinfetante T\u00eaxtil de Flor de Algod\u00e3o","rel":"","context":"Similar post","img":{"alt_text":"","src":"https:\/\/i0.wp.com\/mundo.seashell.pt\/wp-content\/uploads\/2022\/02\/Lysol_Desinfetante_de_Roupa_Li_quido_720ML_x12_5601217134455.png?resize=350%2C200&ssl=1","width":350,"height":200},"classes":[]},{"id":6684,"url":"https:\/\/mundo.seashell.pt\/?product=sanytol-limpa-e-desinfeta-025l","url_meta":{"origin":6271,"position":5},"title":"Sanytol Limpa e Desinfeta 250ml","date":"Fevereiro 23, 2022","format":false,"excerpt":"Todos os ciclos de lavagem deixam res\u00edduos, sujidade e calc\u00e1rio que podem danificar a m\u00e1quina de lavar. Sanytol Limpa M\u00e1quinas \u00e9 um limpador desinfetante para a m\u00e1quina de lavar roupa que elimina 99.9% das bact\u00e9rias. Tipo de produto: Limpeza e Tratamento da M\u00e1quinaBenef\u00edcios: - Lava, desinfeta e previne todos o...","rel":"","context":"Similar post","img":{"alt_text":"","src":"https:\/\/i0.wp.com\/mundo.seashell.pt\/wp-content\/uploads\/2022\/02\/SANYTOL_LIMPA_MA_QUINAS_DESINFETANTE_250_ML_8411135665019.png?resize=350%2C200&ssl=1","width":350,"height":200},"classes":[]}],"_links":{"self":[{"href":"https:\/\/mundo.seashell.pt\/index.php?rest_route=\/wp\/v2\/product\/6271","targetHints":{"allow":["GET"]}}],"collection":[{"href":"https:\/\/mundo.seashell.pt\/index.php?rest_route=\/wp\/v2\/product"}],"about":[{"href":"https:\/\/mundo.seashell.pt\/index.php?rest_route=\/wp\/v2\/types\/product"}],"wp:featuredmedia":[{"embeddable":true,"href":"https:\/\/mundo.seashell.pt\/index.php?rest_route=\/wp\/v2\/media\/6272"}],"wp:attachment":[{"href":"https:\/\/mundo.seashell.pt\/index.php?rest_route=%2Fwp%2Fv2%2Fmedia&parent=6271"}],"wp:term":[{"taxonomy":"product_cat","embeddable":true,"href":"https:\/\/mundo.seashell.pt\/index.php?rest_route=%2Fwp%2Fv2%2Fproduct_cat&post=6271"},{"taxonomy":"product_tag","embeddable":true,"href":"https:\/\/mundo.seashell.pt\/index.php?rest_route=%2Fwp%2Fv2%2Fproduct_tag&post=6271"}],"curies":[{"name":"wp","href":"https:\/\/api.w.org\/{rel}","templated":true}]}}