{"id":6269,"date":"2022-02-23T11:55:21","date_gmt":"2022-02-23T11:55:21","guid":{"rendered":"https:\/\/mundo.seashell.pt\/?post_type=product&#038;p=6269"},"modified":"2022-02-23T11:55:23","modified_gmt":"2022-02-23T11:55:23","slug":"cif-lava-tudo-desinfetante-11l","status":"publish","type":"product","link":"https:\/\/mundo.seashell.pt\/?product=cif-lava-tudo-desinfetante-11l","title":{"rendered":"CIF Lava-Tudo Desinfetante 1,1l"},"content":{"rendered":"<p>Cif lava tudo desinfetante extra remo\u00e7\u00e3o de res\u00edduos. \u00c9 ideal para remover a gordura e a sujidade, dando um brilho \u00fanico \u00e0s superf\u00edcies.<\/p>\n<h3>Benef\u00edcios:<\/h3>\n<p>&#8211; Extra higiene;<br \/>&#8211; Secagem r\u00e1pida;<br \/>&#8211; Sem enxaguar.<\/p>\n<h3>Conselhos de utiliza\u00e7\u00e3o:<\/h3>\n<p>Coloque uma tampa em 5 litros de \u00e1gua. N\u00e3o necessita de enxaguar. Para usar puro, aplique o produto num pano e passe na superf\u00edcie desejada.<\/p>\n","protected":false},"excerpt":{"rendered":"<p>Cif lava tudo desinfetante extra remo\u00e7\u00e3o de res\u00edduos. \u00c9 ideal para remover a gordura e a sujidade, dando um brilho \u00fanico \u00e0s superf\u00edcies.Benef\u00edcios:<br \/>\n&#8211; Extra higiene;- Secagem r\u00e1pida;- Sem enxaguar.<br \/>\nConselhos de utiliza\u00e7\u00e3o:<br \/>\nColoque uma tampa em 5 litros de \u00e1gua. N\u00e3o necessita de enxaguar. Para usar puro, &#8230;<\/p>\n","protected":false},"featured_media":6270,"template":"","meta":{"spay_email":""},"product_cat":[15],"product_tag":[],"class_list":{"0":"post-6269","1":"product","2":"type-product","3":"status-publish","4":"has-post-thumbnail","6":"product_cat-sem-categoria","8":"first","9":"instock","10":"taxable","11":"shipping-taxable","12":"purchasable","13":"product-type-simple"},"acf":[],"jetpack-related-posts":[{"id":6297,"url":"https:\/\/mundo.seashell.pt\/?product=cif-lava-tudo-14l","url_meta":{"origin":6269,"position":0},"title":"CIF Lava-Tudo 1,4l","date":"Fevereiro 23, 2022","format":false,"excerpt":"Cif \u00e9 a certeza de uma limpeza perfeita e com muito brilho. Cif lava tudo marinho n\u00e3o possui apenas uma f\u00f3rmula \u00fanica que combate a sujidade mais dif\u00edcil, mas oferece resultados brilhantes numa variedade de pisos, deixando um aroma revigorante e um brilho \u00fanico. Limpa profundamente pisos laminados, vinil, lin\u00f3leo,\u2026","rel":"","context":"Similar post","img":{"alt_text":"","src":"https:\/\/i0.wp.com\/mundo.seashell.pt\/wp-content\/uploads\/2022\/02\/CIF_LI_QUIDO_LIMA_O_VERDE_-_1_4L_8710908095467.png?resize=350%2C200&ssl=1","width":350,"height":200},"classes":[]},{"id":6333,"url":"https:\/\/mundo.seashell.pt\/?product=cif-madeiras-14l","url_meta":{"origin":6269,"position":1},"title":"Cif Madeiras 1.4L","date":"Fevereiro 23, 2022","format":false,"excerpt":"Deixa os pisos brilhantes; ideal para pisos em madeira; combate a sujidade mais dif\u00edcil; com um aroma revigorante","rel":"","context":"Similar post","img":{"alt_text":"","src":"https:\/\/i0.wp.com\/mundo.seashell.pt\/wp-content\/uploads\/2022\/02\/CIF_LI_QUIDO_MADEIRAS_-_1_4L_8710908100116.png?resize=350%2C200&ssl=1","width":350,"height":200},"classes":[]},{"id":6303,"url":"https:\/\/mundo.seashell.pt\/?product=cif-gel-com-lixivia-750ml","url_meta":{"origin":6269,"position":2},"title":"CIF Gel com Lix\u00edvia 750ml","date":"Fevereiro 23, 2022","format":false,"excerpt":"Cif \u00e9 a certeza de uma limpeza perfeita e com muito brilho. Cif gel ativo com lix\u00edvia desengordura, elimina sem esfor\u00e7o a sujidade dif\u00edcil e limpa em profundidade, fazendo brilhar todas as superf\u00edcies.Benef\u00edcios: - Limpeza profunda;- Remo\u00e7\u00e3o da sujidade mais dif\u00edcil. Conselhos de utiliza\u00e7\u00e3o: Uso dil...","rel":"","context":"Similar post","img":{"alt_text":"","src":"https:\/\/i0.wp.com\/mundo.seashell.pt\/wp-content\/uploads\/2022\/02\/CIF_GEL_ATIVO_C__LIXI_VIA_-_750ml_5601068014494.png?resize=350%2C200&ssl=1","width":350,"height":200},"classes":[]},{"id":6305,"url":"https:\/\/mundo.seashell.pt\/?product=cif-gel-com-lixivia-14l","url_meta":{"origin":6269,"position":3},"title":"CIF Gel com Lix\u00edvia 1,4l","date":"Fevereiro 23, 2022","format":false,"excerpt":"Cif \u00e9 a certeza de uma limpeza perfeita e com muito brilho. Cif gel ativo com lix\u00edvia desengordura, elimina sem esfor\u00e7o a sujidade dif\u00edcil e limpa em profundidade, fazendo brilhar todas as superf\u00edcies.Benef\u00edcios: - Limpeza profunda;- Remo\u00e7\u00e3o da sujidade mais dif\u00edcil. Conselhos de utiliza\u00e7\u00e3o: Uso ...","rel":"","context":"Similar post","img":{"alt_text":"","src":"https:\/\/i0.wp.com\/mundo.seashell.pt\/wp-content\/uploads\/2022\/02\/CIF_GEL_ATIVO_C__LIXI_VIA_-_1_4L_8710908095375.png?resize=350%2C200&ssl=1","width":350,"height":200},"classes":[]},{"id":6369,"url":"https:\/\/mundo.seashell.pt\/?product=cif-gel-casa-de-banho-075l","url_meta":{"origin":6269,"position":4},"title":"Cif Gel Casa de Banho 750ml","date":"Fevereiro 23, 2022","format":false,"excerpt":"Cif lava tudo em gel para a casa de banho \u00e9 a certeza de uma limpeza brilhante em toda a casa de banho, atrav\u00e9s da sua a\u00e7\u00e3o anti-calc\u00e1rio. Benef\u00edcios: - Limpeza e prote\u00e7\u00e3o. Conselhos de utiliza\u00e7\u00e3o: Deite duas tampas de produto em meio balde de \u00e1gua. N\u00e3o necessita enxaguar. Para\u2026","rel":"","context":"Similar post","img":{"alt_text":"","src":"https:\/\/i0.wp.com\/mundo.seashell.pt\/wp-content\/uploads\/2022\/02\/CIF_GEL_CASA_DE_BANHO_-_750ml_8410437531008.png?resize=350%2C200&ssl=1","width":350,"height":200},"classes":[]},{"id":6301,"url":"https:\/\/mundo.seashell.pt\/?product=cif-liquido-com-lixivia-700ml","url_meta":{"origin":6269,"position":5},"title":"CIF L\u00edquido com Lix\u00edvia 700ml","date":"Fevereiro 23, 2022","format":false,"excerpt":"Cif L\u00edquido Com Lix\u00edvia Cl\u00e1ssico 700ml Pulverize a superf\u00edcie a limpar e passe com um pano limpo e seco.","rel":"","context":"Similar post","img":{"alt_text":"","src":"https:\/\/i0.wp.com\/mundo.seashell.pt\/wp-content\/uploads\/2022\/02\/CIF_LI_QUIDO_ATIVO_C__LIXI_VIA_-_700ml_8717163606858.png?resize=350%2C200&ssl=1","width":350,"height":200},"classes":[]}],"_links":{"self":[{"href":"https:\/\/mundo.seashell.pt\/index.php?rest_route=\/wp\/v2\/product\/6269","targetHints":{"allow":["GET"]}}],"collection":[{"href":"https:\/\/mundo.seashell.pt\/index.php?rest_route=\/wp\/v2\/product"}],"about":[{"href":"https:\/\/mundo.seashell.pt\/index.php?rest_route=\/wp\/v2\/types\/product"}],"wp:featuredmedia":[{"embeddable":true,"href":"https:\/\/mundo.seashell.pt\/index.php?rest_route=\/wp\/v2\/media\/6270"}],"wp:attachment":[{"href":"https:\/\/mundo.seashell.pt\/index.php?rest_route=%2Fwp%2Fv2%2Fmedia&parent=6269"}],"wp:term":[{"taxonomy":"product_cat","embeddable":true,"href":"https:\/\/mundo.seashell.pt\/index.php?rest_route=%2Fwp%2Fv2%2Fproduct_cat&post=6269"},{"taxonomy":"product_tag","embeddable":true,"href":"https:\/\/mundo.seashell.pt\/index.php?rest_route=%2Fwp%2Fv2%2Fproduct_tag&post=6269"}],"curies":[{"name":"wp","href":"https:\/\/api.w.org\/{rel}","templated":true}]}}