{"id":6267,"date":"2022-02-23T11:55:19","date_gmt":"2022-02-23T11:55:19","guid":{"rendered":"https:\/\/mundo.seashell.pt\/?post_type=product&#038;p=6267"},"modified":"2022-02-23T11:55:21","modified_gmt":"2022-02-23T11:55:21","slug":"sanytol-superficies-12l","status":"publish","type":"product","link":"https:\/\/mundo.seashell.pt\/?product=sanytol-superficies-12l","title":{"rendered":"Sanytol Superf\u00edcies 1,2l"},"content":{"rendered":"<h1>Limpador Desinfetante Pavimentos &#038; Superf\u00edcies \u2013 Eucalipto<\/h1>\n<h2>DESCRI\u00c7\u00c3O<\/h2>\n<p>Mantenha sua casa saud\u00e1vel com o SANYTOL limpador desinfetante para pavimentos e superf\u00edcies! Elimina a sujidade e desinfeta completamente sem esfor\u00e7o.<\/p>\n<p>Quando dilu\u00eddo, \u00e9 ideal para a limpeza de pavimentos e \u00e1reas grandes, como portas ou ladrilhos. Em uso direto, desinfeta e elimina a sujidade mais persistente.<\/p>\n<h2>CARACTER\u00cdSTICAS<\/h2>\n<ul>\n<li>Elimina 99,9% de bact\u00e9rias, fungos, v\u00edrus H1N1 (gripe) e coronav\u00edrus humano 229E<\/li>\n<li>Limpa, desengordura, abrilhanta<\/li>\n<li>Sem lix\u00edvia<\/li>\n<li>Dermatologicamente Testado<\/li>\n<\/ul>\n<h2>ADEQUADO PARA<\/h2>\n<ul>\n<li>Pavimentos vitrificados<\/li>\n<li>Pavimentos laminados<\/li>\n<li>Lin\u00f3leo<\/li>\n<li>PVC &#038; Pavimentos Vin\u00edlicos<\/li>\n<li>Tijoleira n\u00e3o porosa<\/li>\n<li>M\u00e1rmore<\/li>\n<li>Granito<\/li>\n<\/ul>\n<h2>CONSELHOS DE UTILIZA\u00c7\u00c3O<\/h2>\n<p>Uso dilu\u00eddo: Para limpar pavimentos, coloque 2 tampas (70ml) de produto em 5L de \u00e1gua quente. Para limpar completamente e desinfetar, coloque 250ml ou 7 tampas de produto em 1L de \u00e1gua.<br \/>Uso direto: Para limpar e desinfetar superf\u00edcies, coloque o produto sobre uma esponja h\u00famida ou diretamente sobre as superf\u00edcies. Para superf\u00edcies em contacto com alimentos, brinquedos ou em contacto regular com beb\u00e9s ou animais, deixe atuar 15 minutos e enxague com \u00e1gua pot\u00e1vel.<\/p>\n<p>Tempo de contacto: 5 a 15 minutos dependendo do efeito desejado.<\/p>\n","protected":false},"excerpt":{"rendered":"<h1>Limpador Desinfetante Pavimentos &#038; Superf\u00edcies \u2013 Eucalipto<\/h1>\n<h2>DESCRI\u00c7\u00c3O<\/h2>\n<p>Mantenha sua casa saud\u00e1vel com o SANYTOL limpador desinfetante para pavimentos e superf\u00edcies! Elimina a sujidade e desinfeta completamente sem esfor\u00e7o.<\/p>\n<p>Quando dilu\u00eddo, \u00e9 ideal para a limpeza de pavimentos e \u00e1reas grandes, como portas ou ladrilhos. Em&#8230;<\/p>\n","protected":false},"featured_media":6268,"template":"","meta":{"spay_email":""},"product_cat":[15],"product_tag":[],"class_list":{"0":"post-6267","1":"product","2":"type-product","3":"status-publish","4":"has-post-thumbnail","6":"product_cat-sem-categoria","8":"first","9":"instock","10":"taxable","11":"shipping-taxable","12":"purchasable","13":"product-type-simple"},"acf":[],"jetpack-related-posts":[{"id":6251,"url":"https:\/\/mundo.seashell.pt\/?product=sanytol-multiusos-750ml-1","url_meta":{"origin":6267,"position":0},"title":"Sanytol Multiusos 750ml","date":"Fevereiro 23, 2022","format":false,"excerpt":"Limpador Desinfetante Multiusos \u2013 Eucalipto Mantenha a sua casa saud\u00e1vel com o Desinfetante Multiusos. Pr\u00e1tico e sem lix\u00edvia, limpa todas as superf\u00edcies da casa. Ideal para remover a sujidade do dia a dia e desinfetar tudo numa s\u00f3 passagem. CARACTER\u00cdSTICAS Elimina 99,9% de bact\u00e9rias, fungos, v\u00edru...","rel":"","context":"Similar post","img":{"alt_text":"","src":"https:\/\/i0.wp.com\/mundo.seashell.pt\/wp-content\/uploads\/2022\/02\/SANYTOL_DESINFETANTE_MULTIUSOS_750_ML_8411660670236.png?resize=350%2C200&ssl=1","width":350,"height":200},"classes":[]},{"id":6249,"url":"https:\/\/mundo.seashell.pt\/?product=sanytol-multiusos-toranja-750ml","url_meta":{"origin":6267,"position":1},"title":"Sanytol Multiusos Toranja 750ml","date":"Fevereiro 23, 2022","format":false,"excerpt":"Limpador Desinfetante Multiusos \u2013 Eucalipto Mantenha a sua casa saud\u00e1vel com o Desinfetante Multiusos. Pr\u00e1tico e sem lix\u00edvia, limpa todas as superf\u00edcies da casa. Ideal para remover a sujidade do dia a dia e desinfetar tudo numa s\u00f3 passagem. CARACTER\u00cdSTICAS Elimina 99,9% de bact\u00e9rias, fungos, v\u00edru...","rel":"","context":"Similar post","img":{"alt_text":"","src":"https:\/\/i0.wp.com\/mundo.seashell.pt\/wp-content\/uploads\/2022\/02\/SANYTOL_DESINFETANTE_MULTIUSOS_TORANJA_750_ML_8411660000217.png?resize=350%2C200&ssl=1","width":350,"height":200},"classes":[]},{"id":6684,"url":"https:\/\/mundo.seashell.pt\/?product=sanytol-limpa-e-desinfeta-025l","url_meta":{"origin":6267,"position":2},"title":"Sanytol Limpa e Desinfeta 250ml","date":"Fevereiro 23, 2022","format":false,"excerpt":"Todos os ciclos de lavagem deixam res\u00edduos, sujidade e calc\u00e1rio que podem danificar a m\u00e1quina de lavar. Sanytol Limpa M\u00e1quinas \u00e9 um limpador desinfetante para a m\u00e1quina de lavar roupa que elimina 99.9% das bact\u00e9rias. Tipo de produto: Limpeza e Tratamento da M\u00e1quinaBenef\u00edcios: - Lava, desinfeta e previne todos o...","rel":"","context":"Similar post","img":{"alt_text":"","src":"https:\/\/i0.wp.com\/mundo.seashell.pt\/wp-content\/uploads\/2022\/02\/SANYTOL_LIMPA_MA_QUINAS_DESINFETANTE_250_ML_8411135665019.png?resize=350%2C200&ssl=1","width":350,"height":200},"classes":[]},{"id":6253,"url":"https:\/\/mundo.seashell.pt\/?product=sanytol-cozinhas-750ml","url_meta":{"origin":6267,"position":3},"title":"Sanytol Cozinhas 750ml","date":"Fevereiro 23, 2022","format":false,"excerpt":"Limpador Desinfetante Cozinhas Sanytol desinfetante cozinhas com a\u00e7\u00e3o desengordurante. A cozinha \u00e9 um local favor\u00e1vel ao desenvolvimento de bact\u00e9rias. O uso de um limpador desinfetante \u00e9 a \u00fanica forma de prevenir eficazmente a prolifera\u00e7\u00e3o de micr\u00f3bios. Com a sua f\u00f3rmula de tripla a\u00e7\u00e3o sem lix\u00edvia, elimina 99,9% dos microrganismos. R...","rel":"","context":"Similar post","img":{"alt_text":"","src":"https:\/\/i0.wp.com\/mundo.seashell.pt\/wp-content\/uploads\/2022\/02\/SANYTOL_DESINFETANTE_COZINHAS_750_ML_8411660670212.png?resize=350%2C200&ssl=1","width":350,"height":200},"classes":[]},{"id":6247,"url":"https:\/\/mundo.seashell.pt\/?product=sanytol-spray-400ml","url_meta":{"origin":6267,"position":4},"title":"Sanytol Spray 400ml","date":"Fevereiro 23, 2022","format":false,"excerpt":"Sanytol Aerossol Multifun\u00e7\u00f5es Desinfetante limpador multifun\u00e7\u00f5es, limpa e desinfeta todas as superficies da casa numa s\u00f3 passagem. A sua f\u00f3rmula proporciona uma secagem r\u00e1pida. Pode ser usado como desinfetante, sem necessidade de passar o pano.\u00a0 Beneficios","rel":"","context":"Similar post","img":{"alt_text":"","src":"https:\/\/i0.wp.com\/mundo.seashell.pt\/wp-content\/uploads\/2022\/02\/SANYTOL_DESINFECTANTE_MULTIUSOS_AEROSSOL_400ml_3045206312127.jpeg?resize=350%2C200&ssl=1","width":350,"height":200},"classes":[]},{"id":6277,"url":"https:\/\/mundo.seashell.pt\/?product=sanytol-toalhitas-multiusos-36-unidades","url_meta":{"origin":6267,"position":5},"title":"Sanytol Toalhitas Multiusos &#8211; 36 unidades","date":"Fevereiro 23, 2022","format":false,"excerpt":"Toalhitas Desinfetantes Multiusos \u2013 Eucalipto Pr\u00e1ticas e eficazes, as toalhitas desinfetantes multiusos SANYTOL limpam e desinfetam todas as superf\u00edcies numa s\u00f3 passagem! Ideais para a limpeza di\u00e1ria, deixar\u00e3o a sua casa com um cheiro a limpeza. CARACTER\u00cdSTICAS Elimina 99,9% de bact\u00e9rias, fungos, v\u00edrus H1N1 ...","rel":"","context":"Similar post","img":{"alt_text":"","src":"https:\/\/i0.wp.com\/mundo.seashell.pt\/wp-content\/uploads\/2022\/02\/SANYTOL_TOALHITAS_DESINFECTANTES_MULTIUSOS_36u_8411660000224.png?resize=350%2C200&ssl=1","width":350,"height":200},"classes":[]}],"_links":{"self":[{"href":"https:\/\/mundo.seashell.pt\/index.php?rest_route=\/wp\/v2\/product\/6267","targetHints":{"allow":["GET"]}}],"collection":[{"href":"https:\/\/mundo.seashell.pt\/index.php?rest_route=\/wp\/v2\/product"}],"about":[{"href":"https:\/\/mundo.seashell.pt\/index.php?rest_route=\/wp\/v2\/types\/product"}],"wp:featuredmedia":[{"embeddable":true,"href":"https:\/\/mundo.seashell.pt\/index.php?rest_route=\/wp\/v2\/media\/6268"}],"wp:attachment":[{"href":"https:\/\/mundo.seashell.pt\/index.php?rest_route=%2Fwp%2Fv2%2Fmedia&parent=6267"}],"wp:term":[{"taxonomy":"product_cat","embeddable":true,"href":"https:\/\/mundo.seashell.pt\/index.php?rest_route=%2Fwp%2Fv2%2Fproduct_cat&post=6267"},{"taxonomy":"product_tag","embeddable":true,"href":"https:\/\/mundo.seashell.pt\/index.php?rest_route=%2Fwp%2Fv2%2Fproduct_tag&post=6267"}],"curies":[{"name":"wp","href":"https:\/\/api.w.org\/{rel}","templated":true}]}}