{"id":6261,"date":"2022-02-23T11:55:15","date_gmt":"2022-02-23T11:55:15","guid":{"rendered":"https:\/\/mundo.seashell.pt\/?post_type=product&#038;p=6261"},"modified":"2022-02-23T11:55:17","modified_gmt":"2022-02-23T11:55:17","slug":"sonasol-desinfetante-spray-500ml","status":"publish","type":"product","link":"https:\/\/mundo.seashell.pt\/?product=sonasol-desinfetante-spray-500ml","title":{"rendered":"Sonasol Desinfetante Spray 500ml"},"content":{"rendered":"<p>Sonasol desinfetante elimina eficazmente a sujidade e o calc\u00e1rio das superf\u00edcies, garantindo a sua limpeza e desinfe\u00e7\u00e3o.<\/p>\n<h3>Benef\u00edcios:<\/h3>\n<p>&#8211; Elimina 99,9% das bat\u00e9rias das superf\u00edcies.<\/p>\n<h3>Conselhos de utiliza\u00e7\u00e3o:<\/h3>\n<p>Pulverize sempre o produto num pano e limpe a superf\u00edcie desejada. Nunca deixe o produto atuar mais do que 5 minutos.<\/p>\n","protected":false},"excerpt":{"rendered":"<p>Sonasol desinfetante elimina eficazmente a sujidade e o calc\u00e1rio das superf\u00edcies, garantindo a sua limpeza e desinfe\u00e7\u00e3o.<\/p>\n<h3>Benef\u00edcios:<\/h3>\n<p>&#8211; Elimina 99,9% das bat\u00e9rias das superf\u00edcies.<\/p>\n<h3>Conselhos de utiliza\u00e7\u00e3o:<\/h3>\n<p>Pulverize sempre o produto num pano e limpe a superf\u00edcie desejada. Nunca deixe o produto atuar mais do que 5 &#8230;<\/p>\n","protected":false},"featured_media":6262,"template":"","meta":{"spay_email":""},"product_cat":[15],"product_tag":[],"class_list":{"0":"post-6261","1":"product","2":"type-product","3":"status-publish","4":"has-post-thumbnail","6":"product_cat-sem-categoria","8":"first","9":"instock","10":"taxable","11":"shipping-taxable","12":"purchasable","13":"product-type-simple"},"acf":[],"jetpack-related-posts":[{"id":6361,"url":"https:\/\/mundo.seashell.pt\/?product=sonasol-spray-brilhante-anti-calcario-05l","url_meta":{"origin":6261,"position":0},"title":"Sonasol Spray Brilhante Anti-Calc\u00e1rio 500ml","date":"Fevereiro 23, 2022","format":false,"excerpt":"Sonasol brilhante anticalc\u00e1rio elimina eficazmente at\u00e9 as sujidades mais profundas de todas as superf\u00edcies de casa de banho, deixando-a 100% brilhante. Benef\u00edcios: - 100% mais brilho e prote\u00e7\u00e3o. Conselhos de utiliza\u00e7\u00e3o: Pulverize diretamente na superf\u00edcie a limpar e passe um pano ou esponja h\u00famidos para retirar...","rel":"","context":"Similar post","img":{"alt_text":"","src":"https:\/\/i0.wp.com\/mundo.seashell.pt\/wp-content\/uploads\/2022\/02\/SONASOL_BRILHANTE_BANHO_SPRAY_0L500_8410436343404.png?resize=350%2C200&ssl=1","width":350,"height":200},"classes":[]},{"id":6265,"url":"https:\/\/mundo.seashell.pt\/?product=sonasol-lava-tudo-desinfetante-11l","url_meta":{"origin":6261,"position":1},"title":"Sonasol Lava-Tudo Desinfetante 1,1l","date":"Fevereiro 23, 2022","format":false,"excerpt":"Sonasol desinfetante \u00e9 um lava tudo desinfetante multiuso, que garante m\u00e1xima limpeza e desinfe\u00e7\u00e3o sem lix\u00edvia nem amon\u00edaco. Pode ser utilizado em todas as superf\u00edcies, mesmo as mais delicadas.Benef\u00edcios: - Elimina 99,9% das bat\u00e9rias das superf\u00edcies. Conselhos de utiliza\u00e7\u00e3o: Dilua 2 tampas de produto num balde ...","rel":"","context":"Similar post","img":{"alt_text":"","src":"https:\/\/i0.wp.com\/mundo.seashell.pt\/wp-content\/uploads\/2022\/02\/SONASOL_DESINFETANTE_1L10_8410436343527.jpeg?resize=350%2C200&ssl=1","width":350,"height":200},"classes":[]},{"id":6241,"url":"https:\/\/mundo.seashell.pt\/?product=lysol-banhos-500ml","url_meta":{"origin":6261,"position":2},"title":"Lysol Banhos 500ml","date":"Fevereiro 23, 2022","format":false,"excerpt":"Lysol Desinfetante Casa de Banho Marinho","rel":"","context":"Similar post","img":{"alt_text":"","src":"https:\/\/i0.wp.com\/mundo.seashell.pt\/wp-content\/uploads\/2022\/02\/Lysol_Desinfetante_Casa_de_Banho_Pistola_500ML_x12_5601217134400.jpeg?resize=350%2C200&ssl=1","width":350,"height":200},"classes":[]},{"id":6239,"url":"https:\/\/mundo.seashell.pt\/?product=lysol-multiusos-500ml","url_meta":{"origin":6261,"position":3},"title":"Lysol Multiusos 500ml","date":"Fevereiro 23, 2022","format":false,"excerpt":"Lysol Desinfetante Multiusos Frescura Elimina a sujidade e as manchas deixando as superf\u00edcies desinfetadas e com uma agrad\u00e1vel fragr\u00e2ncia a Ma\u00e7\u00e3....","rel":"","context":"Similar post","img":{"alt_text":"","src":"https:\/\/i0.wp.com\/mundo.seashell.pt\/wp-content\/uploads\/2022\/02\/Lysol_Desinfetante_Multiusos_Pistola_500ML_x12_5601217134806.jpeg?resize=350%2C200&ssl=1","width":350,"height":200},"classes":[]},{"id":6253,"url":"https:\/\/mundo.seashell.pt\/?product=sanytol-cozinhas-750ml","url_meta":{"origin":6261,"position":4},"title":"Sanytol Cozinhas 750ml","date":"Fevereiro 23, 2022","format":false,"excerpt":"Limpador Desinfetante Cozinhas Sanytol desinfetante cozinhas com a\u00e7\u00e3o desengordurante. A cozinha \u00e9 um local favor\u00e1vel ao desenvolvimento de bact\u00e9rias. O uso de um limpador desinfetante \u00e9 a \u00fanica forma de prevenir eficazmente a prolifera\u00e7\u00e3o de micr\u00f3bios. Com a sua f\u00f3rmula de tripla a\u00e7\u00e3o sem lix\u00edvia, elimina 99,9% dos microrganismos. R...","rel":"","context":"Similar post","img":{"alt_text":"","src":"https:\/\/i0.wp.com\/mundo.seashell.pt\/wp-content\/uploads\/2022\/02\/SANYTOL_DESINFETANTE_COZINHAS_750_ML_8411660670212.png?resize=350%2C200&ssl=1","width":350,"height":200},"classes":[]},{"id":6419,"url":"https:\/\/mundo.seashell.pt\/?product=sonasol-desengordurante-05l","url_meta":{"origin":6261,"position":5},"title":"Sonasol Desengordurante 500ml","date":"Fevereiro 23, 2022","format":false,"excerpt":"Sonasol brilhante desengordurante elimina eficazmente as manchas de gordura mais profundas e deixa a sua cozinha limpa e 100% mais brilhante. Benef\u00edcios: - 100% mais brilho e prote\u00e7\u00e3o. Conselhos de utiliza\u00e7\u00e3o: Pulverize diretamente na superf\u00edcie a limpar e passe um pano ou esponja h\u00famidos para retirar o produto...","rel":"","context":"Similar post","img":{"alt_text":"","src":"https:\/\/i0.wp.com\/mundo.seashell.pt\/wp-content\/uploads\/2022\/02\/SONASOL_BRILHANTE_DESENGORDURANTE_SPRAY_0L500_8410436343435.png?resize=350%2C200&ssl=1","width":350,"height":200},"classes":[]}],"_links":{"self":[{"href":"https:\/\/mundo.seashell.pt\/index.php?rest_route=\/wp\/v2\/product\/6261","targetHints":{"allow":["GET"]}}],"collection":[{"href":"https:\/\/mundo.seashell.pt\/index.php?rest_route=\/wp\/v2\/product"}],"about":[{"href":"https:\/\/mundo.seashell.pt\/index.php?rest_route=\/wp\/v2\/types\/product"}],"wp:featuredmedia":[{"embeddable":true,"href":"https:\/\/mundo.seashell.pt\/index.php?rest_route=\/wp\/v2\/media\/6262"}],"wp:attachment":[{"href":"https:\/\/mundo.seashell.pt\/index.php?rest_route=%2Fwp%2Fv2%2Fmedia&parent=6261"}],"wp:term":[{"taxonomy":"product_cat","embeddable":true,"href":"https:\/\/mundo.seashell.pt\/index.php?rest_route=%2Fwp%2Fv2%2Fproduct_cat&post=6261"},{"taxonomy":"product_tag","embeddable":true,"href":"https:\/\/mundo.seashell.pt\/index.php?rest_route=%2Fwp%2Fv2%2Fproduct_tag&post=6261"}],"curies":[{"name":"wp","href":"https:\/\/api.w.org\/{rel}","templated":true}]}}