{"id":6259,"date":"2022-02-23T11:55:14","date_gmt":"2022-02-23T11:55:14","guid":{"rendered":"https:\/\/mundo.seashell.pt\/?post_type=product&#038;p=6259"},"modified":"2022-02-23T11:55:15","modified_gmt":"2022-02-23T11:55:15","slug":"ajax-multiusos-desinfetante-500ml","status":"publish","type":"product","link":"https:\/\/mundo.seashell.pt\/?product=ajax-multiusos-desinfetante-500ml","title":{"rendered":"Ajax Multiusos Desinfetante 500ml"},"content":{"rendered":"<p>Ajax ajuda na limpeza da casa. Deixa as suas superf\u00edcies limpas e brilhantes facilmente!<\/p>\n<h3>Benef\u00edcios:<\/h3>\n<p>&#8211; Elimina 100% das bact\u00e9rias;<br \/>&#8211; Limpeza imediata e profunda.<\/p>\n","protected":false},"excerpt":{"rendered":"<p>Ajax ajuda na limpeza da casa. Deixa as suas superf\u00edcies limpas e brilhantes facilmente!<\/p>\n<h3>Benef\u00edcios:<\/h3>\n<p>&#8211; Elimina 100% das bact\u00e9rias;<br \/>&#8211; Limpeza imediata e profunda.<\/p>\n","protected":false},"featured_media":6260,"template":"","meta":{"spay_email":""},"product_cat":[15],"product_tag":[],"class_list":{"0":"post-6259","1":"product","2":"type-product","3":"status-publish","4":"has-post-thumbnail","6":"product_cat-sem-categoria","8":"first","9":"instock","10":"taxable","11":"shipping-taxable","12":"purchasable","13":"product-type-simple"},"acf":[],"jetpack-related-posts":[{"id":6263,"url":"https:\/\/mundo.seashell.pt\/?product=ajax-lava-tudo-desinfetante-1l","url_meta":{"origin":6259,"position":0},"title":"Ajax Lava-Tudo Desinfetante 1l","date":"Fevereiro 23, 2022","format":false,"excerpt":"Ajax ajuda na limpeza da casa. Deixa as suas superf\u00edcies limpas e brilhantes facilmente!Benef\u00edcios: - Elimina 100% das bact\u00e9rias;- Limpeza imediata e profunda.","rel":"","context":"Similar post","img":{"alt_text":"","src":"https:\/\/i0.wp.com\/mundo.seashell.pt\/wp-content\/uploads\/2022\/02\/Ajax_Lava_Tudo_DESINFECTANTE_1lt_8718951381599.jpeg?resize=350%2C200&ssl=1","width":350,"height":200},"classes":[]},{"id":6383,"url":"https:\/\/mundo.seashell.pt\/?product=ajax-multiusos-com-lixivia-05l","url_meta":{"origin":6259,"position":1},"title":"Ajax Multiusos com Lix\u00edvia 500ml","date":"Fevereiro 23, 2022","format":false,"excerpt":"Ajax ajuda na limpeza da casa. Deixa as suas superf\u00edcies limpas e brilhantes facilmente! Elimina 100% das bact\u00e9rias; Limpeza imediata e profunda.","rel":"","context":"Similar post","img":{"alt_text":"","src":"https:\/\/i0.wp.com\/mundo.seashell.pt\/wp-content\/uploads\/2022\/02\/Ajax_Multiusos_c__Lixi_via_SPRAY_500ml_8718951135529.png?resize=350%2C200&ssl=1","width":350,"height":200},"classes":[]},{"id":6381,"url":"https:\/\/mundo.seashell.pt\/?product=ajax-multiusos-spray-boost-vinagre-e-maca-05l","url_meta":{"origin":6259,"position":2},"title":"Ajax Multiusos Spray Boost Vinagre e Ma\u00e7\u00e3 500ml","date":"Fevereiro 23, 2022","format":false,"excerpt":"Ajax ajuda na limpeza da casa. Deixa as suas superf\u00edcies limpas e brilhantes facilmente! Com ingredientes naturais, Ajax Boost multiusos proporciona uma limpeza profunda deixando as superf\u00edcies brilhantes e com a agrad\u00e1vel fragr\u00e2ncia a ma\u00e7\u00e3 verde. Notas\/Frag\u00e2ncia: Vinagre e Ma\u00e7\u00e3Benef\u00edcios: - Elimina manc...","rel":"","context":"Similar post","img":{"alt_text":"","src":"https:\/\/i0.wp.com\/mundo.seashell.pt\/wp-content\/uploads\/2022\/02\/Ajax_BOOST_Spray_Multiusos_500ml_8718951189881.png?resize=350%2C200&ssl=1","width":350,"height":200},"classes":[]},{"id":6299,"url":"https:\/\/mundo.seashell.pt\/?product=ajax-lava-tudo-festa-das-flores-1l","url_meta":{"origin":6259,"position":3},"title":"Ajax Lava-Tudo Festa das Flores 1l","date":"Fevereiro 23, 2022","format":false,"excerpt":"Ajax ajuda na limpeza da casa. Deixa as suas superf\u00edcies limpas e brilhantes facilmente! Ajax lava tudo multisuperf\u00edcies para uso dom\u00e9stico, com uma nova f\u00f3rmula mais eficaz e a pensar no nosso planeta. Adicione agrad\u00e1veis aromas florais a todas as superf\u00edcies brilhantes com o lava tudo multisuperf\u00edcies Ajax festa de\u2026","rel":"","context":"Similar post","img":{"alt_text":"","src":"https:\/\/i0.wp.com\/mundo.seashell.pt\/wp-content\/uploads\/2022\/02\/Ajax_Festa_Flores_Floral_1_litro_8718951337688.png?resize=350%2C200&ssl=1","width":350,"height":200},"classes":[]},{"id":6385,"url":"https:\/\/mundo.seashell.pt\/?product=ajax-casa-de-banho-anticalcario-05l","url_meta":{"origin":6259,"position":4},"title":"Ajax Casa de Banho Anticalc\u00e1rio 500ml","date":"Fevereiro 23, 2022","format":false,"excerpt":"Garante uma limpeza poderosa que remove a 100% o calc\u00e1rio incrustrado nas torneiras, duche, lavat\u00f3rios, azulejos e outras \u00e1reas.Benef\u00edcios:","rel":"","context":"Similar post","img":{"alt_text":"","src":"https:\/\/i0.wp.com\/mundo.seashell.pt\/wp-content\/uploads\/2022\/02\/Ajax_WC_Anti_Calca_rio_SPRAY_500ml_8718951282728.png?resize=350%2C200&ssl=1","width":350,"height":200},"classes":[]},{"id":6361,"url":"https:\/\/mundo.seashell.pt\/?product=sonasol-spray-brilhante-anti-calcario-05l","url_meta":{"origin":6259,"position":5},"title":"Sonasol Spray Brilhante Anti-Calc\u00e1rio 500ml","date":"Fevereiro 23, 2022","format":false,"excerpt":"Sonasol brilhante anticalc\u00e1rio elimina eficazmente at\u00e9 as sujidades mais profundas de todas as superf\u00edcies de casa de banho, deixando-a 100% brilhante. Benef\u00edcios: - 100% mais brilho e prote\u00e7\u00e3o. Conselhos de utiliza\u00e7\u00e3o: Pulverize diretamente na superf\u00edcie a limpar e passe um pano ou esponja h\u00famidos para retirar...","rel":"","context":"Similar post","img":{"alt_text":"","src":"https:\/\/i0.wp.com\/mundo.seashell.pt\/wp-content\/uploads\/2022\/02\/SONASOL_BRILHANTE_BANHO_SPRAY_0L500_8410436343404.png?resize=350%2C200&ssl=1","width":350,"height":200},"classes":[]}],"_links":{"self":[{"href":"https:\/\/mundo.seashell.pt\/index.php?rest_route=\/wp\/v2\/product\/6259","targetHints":{"allow":["GET"]}}],"collection":[{"href":"https:\/\/mundo.seashell.pt\/index.php?rest_route=\/wp\/v2\/product"}],"about":[{"href":"https:\/\/mundo.seashell.pt\/index.php?rest_route=\/wp\/v2\/types\/product"}],"wp:featuredmedia":[{"embeddable":true,"href":"https:\/\/mundo.seashell.pt\/index.php?rest_route=\/wp\/v2\/media\/6260"}],"wp:attachment":[{"href":"https:\/\/mundo.seashell.pt\/index.php?rest_route=%2Fwp%2Fv2%2Fmedia&parent=6259"}],"wp:term":[{"taxonomy":"product_cat","embeddable":true,"href":"https:\/\/mundo.seashell.pt\/index.php?rest_route=%2Fwp%2Fv2%2Fproduct_cat&post=6259"},{"taxonomy":"product_tag","embeddable":true,"href":"https:\/\/mundo.seashell.pt\/index.php?rest_route=%2Fwp%2Fv2%2Fproduct_tag&post=6259"}],"curies":[{"name":"wp","href":"https:\/\/api.w.org\/{rel}","templated":true}]}}