{"id":6257,"date":"2022-02-23T11:55:14","date_gmt":"2022-02-23T11:55:14","guid":{"rendered":"https:\/\/mundo.seashell.pt\/?post_type=product&#038;p=6257"},"modified":"2022-02-23T11:55:14","modified_gmt":"2022-02-23T11:55:14","slug":"cillit-bang-lixivia-e-higiene-500ml","status":"publish","type":"product","link":"https:\/\/mundo.seashell.pt\/?product=cillit-bang-lixivia-e-higiene-500ml","title":{"rendered":"Cillit Bang Lix\u00edvia e Higiene 500ml"},"content":{"rendered":"<p>Cillit Bang spray limpeza lix\u00edvia e higiene tem uma poderosa f\u00f3rmula que combina hipoclorito de s\u00f3dio com agentes de limpeza para obter resultados imbat\u00edveis. Higieniza todas as superf\u00edcies enquanto os agentes de limpeza removem as manchas mais incrustadas, para obter uma casa limpa e saud\u00e1vel todos os dias. <strong>Limpa 10x melhor que a lix\u00edvia pura.&nbsp;<\/strong><\/p>\n<p>Uso recomendado em juntas de paredes na casa de banho, banheiras e lavat\u00f3rios, cortinas de chuveiros, bancadas, portas de frigor\u00edficos, caixotes do lixo.<\/p>\n<h3>Benef\u00edcios:<\/h3>\n<p>&#8211; Lix\u00edvia e higiene;<br \/>&#8211; Limpa 10x melhor que a lix\u00edvia pura;<br \/>&#8211; Higieniza e limpa em profundidade;<br \/>&#8211; Remove as manchas mais incrustadas.<\/p>\n<h3>Conselhos de utiliza\u00e7\u00e3o:<\/h3>\n<p>Rode a ponta do pulverizador para a posi\u00e7\u00e3o &#8220;ON&#8221;. Mantenha a garrafa na vertical e a 20cm da superf\u00edcie a limpar e pulverize. Para higienizar bem as superf\u00edcies, deixe atuar no m\u00e1ximo 5 minutos. Enxag\u00fae completamente com \u00e1gua.<\/p>\n","protected":false},"excerpt":{"rendered":"<p>Cillit Bang spray limpeza lix\u00edvia e higiene tem uma poderosa f\u00f3rmula que combina hipoclorito de s\u00f3dio com agentes de limpeza para obter resultados imbat\u00edveis. Higieniza todas as superf\u00edcies enquanto os agentes de limpeza removem as manchas mais incrustadas, para obter uma casa limpa e saud\u00e1vel todos os dias. Limpa 10x melhor que a lix&#8230;<\/p>\n","protected":false},"featured_media":6258,"template":"","meta":{"spay_email":""},"product_cat":[15],"product_tag":[],"class_list":{"0":"post-6257","1":"product","2":"type-product","3":"status-publish","4":"has-post-thumbnail","6":"product_cat-sem-categoria","8":"first","9":"instock","10":"taxable","11":"shipping-taxable","12":"purchasable","13":"product-type-simple"},"acf":[],"jetpack-related-posts":[{"id":7086,"url":"https:\/\/mundo.seashell.pt\/?product=cillit-bang-multisuperficies-spray-lixivia-e-higiene-750ml","url_meta":{"origin":6257,"position":0},"title":"Cillit Bang Multisuperf\u00edcies Spray Lix\u00edvia e Higiene 750ml","date":"Fevereiro 23, 2022","format":false,"excerpt":"Cillit Bang, uma solu\u00e7\u00e3o eficaz para todo o tipo de sujidade!Descri\u00e7\u00e3o: Cillit Bang spray limpeza lix\u00edvia e higiene tem uma poderosa f\u00f3rmula que combina hipoclorito de s\u00f3dio com agentes de limpeza para obter resultados imbat\u00edveis. Higieniza todas as superf\u00edcies enquanto os agentes de limpeza removem as manchas mais incrust...","rel":"","context":"Similar post","img":{"alt_text":"","src":"https:\/\/i0.wp.com\/mundo.seashell.pt\/wp-content\/uploads\/2022\/02\/6984295-frente.jpeg?resize=350%2C200&ssl=1","width":350,"height":200},"classes":[]},{"id":6387,"url":"https:\/\/mundo.seashell.pt\/?product=neoblanc-spray-mousse-floral-07l","url_meta":{"origin":6257,"position":1},"title":"Neoblanc Spray Mousse Floral 500ml","date":"Fevereiro 23, 2022","format":false,"excerpt":"Neoblanc, a lix\u00edvia que garante prote\u00e7\u00e3o da sua casa e da sua roupa. Gra\u00e7as \u00e0 sua f\u00f3rmula especial, higieniza todas as superf\u00edcies da sua casa e desengordura as bancadas da sua cozinha. Remove at\u00e9 as n\u00f3doas mais dif\u00edceis da sua roupa branca. Tipo de produto: Lix\u00edvia Gel Notas\/Frag\u00e2ncia: Floral Ben...","rel":"","context":"Similar post","img":{"alt_text":"","src":"https:\/\/i0.wp.com\/mundo.seashell.pt\/wp-content\/uploads\/2022\/02\/NEOBLANC_SPRAY_MOUSSE_FLORAL_10X700ML_8001480023277.png?resize=350%2C200&ssl=1","width":350,"height":200},"classes":[]},{"id":6389,"url":"https:\/\/mundo.seashell.pt\/?product=neoblanc-spray-mousse-07l","url_meta":{"origin":6257,"position":2},"title":"Neoblanc Spray Mousse 700ml","date":"Fevereiro 23, 2022","format":false,"excerpt":"Neoblanc, a lix\u00edvia que garante prote\u00e7\u00e3o da sua casa e da sua roupa. Gra\u00e7as \u00e0 sua f\u00f3rmula especial, higieniza todas as superf\u00edcies da sua casa e desengordura as bancadas da sua cozinha. Remove at\u00e9 as n\u00f3doas mais dif\u00edceis da sua roupa branca. Tipo de produto: Lix\u00edvia GelBenef\u00edcios: - Remo\u00e7\u00e3o da\u2026","rel":"","context":"Similar post","img":{"alt_text":"","src":"https:\/\/i0.wp.com\/mundo.seashell.pt\/wp-content\/uploads\/2022\/02\/NEOBLANC_SPRAY_MOUSSE_700MLx10_8001480021440.png?resize=350%2C200&ssl=1","width":350,"height":200},"classes":[]},{"id":6309,"url":"https:\/\/mundo.seashell.pt\/?product=neoblanc-lixivia-regular","url_meta":{"origin":6257,"position":3},"title":"Neoblanc Lix\u00edvia Regular","date":"Fevereiro 23, 2022","format":false,"excerpt":"Neoblanc, a lix\u00edvia que garante prote\u00e7\u00e3o da sua casa e da sua roupa. Gra\u00e7as \u00e0 tecnologia exclusiva protege fibra, envolve as fibras e protege-as durante a lavagem, ajudando a manter as pe\u00e7as como novas! Al\u00e9m disso, higieniza e remove mais de 90% dos alerg\u00e9nios de p\u00f3len, poeira, \u00e1caros e animais\u2026","rel":"","context":"Similar post","img":{"alt_text":"","src":"https:\/\/i0.wp.com\/mundo.seashell.pt\/wp-content\/uploads\/2022\/02\/NEOBLANC_REGULAR_4L___________________8001480020535.png?resize=350%2C200&ssl=1","width":350,"height":200},"classes":[]},{"id":6311,"url":"https:\/\/mundo.seashell.pt\/?product=neoblanc-gentil-lixivia-delicada","url_meta":{"origin":6257,"position":4},"title":"Neoblanc Gentil Lix\u00edvia Delicada 1L","date":"Fevereiro 23, 2022","format":false,"excerpt":"Neoblanc Gentil \u00e9 uma lix\u00edvia delicada, segura sobre todas as cores e tecidos, sint\u00e9ticos ou delicados, como l\u00e3 e seda. Adicionada em cada lavagem, tira-n\u00f3doas, higieniza e elimina os cheiros. Tipo de produto: Lix\u00edvia DelicadaBenef\u00edcios: - Remo\u00e7\u00e3o de manchas de toda a roupa;- Elimina\u00e7\u00e3o do mau cheiro;- ...","rel":"","context":"Similar post","img":{"alt_text":"","src":"https:\/\/i0.wp.com\/mundo.seashell.pt\/wp-content\/uploads\/2022\/02\/NEOBLANC_GENTIL_1L_8001480020740.png?resize=350%2C200&ssl=1","width":350,"height":200},"classes":[]},{"id":6307,"url":"https:\/\/mundo.seashell.pt\/?product=sonasol-lava-tudo-gel-com-lixivia","url_meta":{"origin":6257,"position":5},"title":"Sonasol Lava-Tudo Gel com Lix\u00edvia","date":"Fevereiro 23, 2022","format":false,"excerpt":"Limpeza, a\u00e7\u00e3o desengordurante e higiene imediatas, desde a primeira passagem, com Sonasol. Sonasol gel lix\u00edvia \u00e9 o detergente ideal para a limpeza di\u00e1ria do fog\u00e3o, exaustor, forno, arm\u00e1rios, f\u00f3rmicas, lava-loi\u00e7as, banheiras e, at\u00e9 mesmo, superf\u00edcies esmaltadas e qualquer tipo de ch\u00e3o cer\u00e2mico. Gra\u00e7as \u00e0 sua poderosa f\u00f3rmula em gel, \u00e9\u2026","rel":"","context":"Similar post","img":{"alt_text":"","src":"https:\/\/i0.wp.com\/mundo.seashell.pt\/wp-content\/uploads\/2022\/02\/SONASOL_GEL_LIXIVIA_0L600_8410436339582.png?resize=350%2C200&ssl=1","width":350,"height":200},"classes":[]}],"_links":{"self":[{"href":"https:\/\/mundo.seashell.pt\/index.php?rest_route=\/wp\/v2\/product\/6257","targetHints":{"allow":["GET"]}}],"collection":[{"href":"https:\/\/mundo.seashell.pt\/index.php?rest_route=\/wp\/v2\/product"}],"about":[{"href":"https:\/\/mundo.seashell.pt\/index.php?rest_route=\/wp\/v2\/types\/product"}],"wp:featuredmedia":[{"embeddable":true,"href":"https:\/\/mundo.seashell.pt\/index.php?rest_route=\/wp\/v2\/media\/6258"}],"wp:attachment":[{"href":"https:\/\/mundo.seashell.pt\/index.php?rest_route=%2Fwp%2Fv2%2Fmedia&parent=6257"}],"wp:term":[{"taxonomy":"product_cat","embeddable":true,"href":"https:\/\/mundo.seashell.pt\/index.php?rest_route=%2Fwp%2Fv2%2Fproduct_cat&post=6257"},{"taxonomy":"product_tag","embeddable":true,"href":"https:\/\/mundo.seashell.pt\/index.php?rest_route=%2Fwp%2Fv2%2Fproduct_tag&post=6257"}],"curies":[{"name":"wp","href":"https:\/\/api.w.org\/{rel}","templated":true}]}}