{"id":6255,"date":"2022-02-23T11:55:11","date_gmt":"2022-02-23T11:55:11","guid":{"rendered":"https:\/\/mundo.seashell.pt\/?post_type=product&#038;p=6255"},"modified":"2022-02-23T11:55:13","modified_gmt":"2022-02-23T11:55:13","slug":"sanytol-banhos-750ml","status":"publish","type":"product","link":"https:\/\/mundo.seashell.pt\/?product=sanytol-banhos-750ml","title":{"rendered":"Sanytol Banhos 750ml"},"content":{"rendered":"<h1>Limpador Desinfetante Banhos<\/h1>\n<p>A humidade promove o desenvolvimento de bact\u00e9rias, fungos e v\u00edrus. O uso de um desinfetante associado a um poderoso anti-calc\u00e1rio \u00e9 a \u00fanica forma de prevenir eficazmente a prolifera\u00e7\u00e3o de microrganismos indesej\u00e1veis, a forma\u00e7\u00e3o de mofo e calc\u00e1rio.<\/p>\n<p>Sanytol Desinfetante Banhos, sem lix\u00edvia, garante uma higiene perfeita e destr\u00f3i 99,9% dos microorganismos. A sua f\u00f3rmula ultra poderosa remove sem esfor\u00e7o o calc\u00e1rio e os vest\u00edgios de sabonete incrustados.<\/p>\n<h2>CARACTER\u00cdSTICAS<\/h2>\n<ul>\n<li>Elimina 99,9% de bact\u00e9rias, fungos e v\u00edrus H1N1 (gripe)<\/li>\n<li>Remove o calc\u00e1rio e abrilhanta<\/li>\n<li>Previne o aparecimento de mofo<\/li>\n<li>Sem res\u00edduos agressivos<\/li>\n<li>Sem lix\u00edvia<\/li>\n<\/ul>\n<h2>ADEQUADO PARA<\/h2>\n<ul>\n<li>Lavat\u00f3rios, torneiras, resguardos de chuveiro, banheiras, sanit\u00e1rios<\/li>\n<li>Ladrilhos, superf\u00edcies de a\u00e7o inoxid\u00e1vel, cer\u00e2mico<\/li>\n<\/ul>\n<h2>CONSELHOS DE UTILIZA\u00c7\u00c3O<\/h2>\n<p>Pulverize o produto nas superf\u00edcies a limpar. Deixar atuar e enxague posteriormente. Para res\u00edduos persistentes, deixe atuar mais tempo e repita a opera\u00e7\u00e3o se necess\u00e1rio. Para uma a\u00e7\u00e3o de desinfe\u00e7\u00e3o profunda, deixe atuar 15 min.<\/p>\n","protected":false},"excerpt":{"rendered":"<p>Limpador Desinfetante Banhos<br \/>\nA humidade promove o desenvolvimento de bact\u00e9rias, fungos e v\u00edrus. O uso de um desinfetante associado a um poderoso anti-calc\u00e1rio \u00e9 a \u00fanica forma de prevenir eficazmente a prolifera\u00e7\u00e3o de microrganismos indesej\u00e1veis, a forma\u00e7\u00e3o de mofo e calc\u00e1rio.<br \/>\nSanytol Desinfetante Banhos, sem lix\u00edvia, garante u&#8230;<\/p>\n","protected":false},"featured_media":6256,"template":"","meta":{"spay_email":""},"product_cat":[15],"product_tag":[],"class_list":{"0":"post-6255","1":"product","2":"type-product","3":"status-publish","4":"has-post-thumbnail","6":"product_cat-sem-categoria","8":"first","9":"instock","10":"taxable","11":"shipping-taxable","12":"purchasable","13":"product-type-simple"},"acf":[],"jetpack-related-posts":[{"id":6253,"url":"https:\/\/mundo.seashell.pt\/?product=sanytol-cozinhas-750ml","url_meta":{"origin":6255,"position":0},"title":"Sanytol Cozinhas 750ml","date":"Fevereiro 23, 2022","format":false,"excerpt":"Limpador Desinfetante Cozinhas Sanytol desinfetante cozinhas com a\u00e7\u00e3o desengordurante. A cozinha \u00e9 um local favor\u00e1vel ao desenvolvimento de bact\u00e9rias. O uso de um limpador desinfetante \u00e9 a \u00fanica forma de prevenir eficazmente a prolifera\u00e7\u00e3o de micr\u00f3bios. Com a sua f\u00f3rmula de tripla a\u00e7\u00e3o sem lix\u00edvia, elimina 99,9% dos microrganismos. R...","rel":"","context":"Similar post","img":{"alt_text":"","src":"https:\/\/i0.wp.com\/mundo.seashell.pt\/wp-content\/uploads\/2022\/02\/SANYTOL_DESINFETANTE_COZINHAS_750_ML_8411660670212.png?resize=350%2C200&ssl=1","width":350,"height":200},"classes":[]},{"id":6241,"url":"https:\/\/mundo.seashell.pt\/?product=lysol-banhos-500ml","url_meta":{"origin":6255,"position":1},"title":"Lysol Banhos 500ml","date":"Fevereiro 23, 2022","format":false,"excerpt":"Lysol Desinfetante Casa de Banho Marinho","rel":"","context":"Similar post","img":{"alt_text":"","src":"https:\/\/i0.wp.com\/mundo.seashell.pt\/wp-content\/uploads\/2022\/02\/Lysol_Desinfetante_Casa_de_Banho_Pistola_500ML_x12_5601217134400.jpeg?resize=350%2C200&ssl=1","width":350,"height":200},"classes":[]},{"id":6251,"url":"https:\/\/mundo.seashell.pt\/?product=sanytol-multiusos-750ml-1","url_meta":{"origin":6255,"position":2},"title":"Sanytol Multiusos 750ml","date":"Fevereiro 23, 2022","format":false,"excerpt":"Limpador Desinfetante Multiusos \u2013 Eucalipto Mantenha a sua casa saud\u00e1vel com o Desinfetante Multiusos. Pr\u00e1tico e sem lix\u00edvia, limpa todas as superf\u00edcies da casa. Ideal para remover a sujidade do dia a dia e desinfetar tudo numa s\u00f3 passagem. CARACTER\u00cdSTICAS Elimina 99,9% de bact\u00e9rias, fungos, v\u00edru...","rel":"","context":"Similar post","img":{"alt_text":"","src":"https:\/\/i0.wp.com\/mundo.seashell.pt\/wp-content\/uploads\/2022\/02\/SANYTOL_DESINFETANTE_MULTIUSOS_750_ML_8411660670236.png?resize=350%2C200&ssl=1","width":350,"height":200},"classes":[]},{"id":6249,"url":"https:\/\/mundo.seashell.pt\/?product=sanytol-multiusos-toranja-750ml","url_meta":{"origin":6255,"position":3},"title":"Sanytol Multiusos Toranja 750ml","date":"Fevereiro 23, 2022","format":false,"excerpt":"Limpador Desinfetante Multiusos \u2013 Eucalipto Mantenha a sua casa saud\u00e1vel com o Desinfetante Multiusos. Pr\u00e1tico e sem lix\u00edvia, limpa todas as superf\u00edcies da casa. Ideal para remover a sujidade do dia a dia e desinfetar tudo numa s\u00f3 passagem. CARACTER\u00cdSTICAS Elimina 99,9% de bact\u00e9rias, fungos, v\u00edru...","rel":"","context":"Similar post","img":{"alt_text":"","src":"https:\/\/i0.wp.com\/mundo.seashell.pt\/wp-content\/uploads\/2022\/02\/SANYTOL_DESINFETANTE_MULTIUSOS_TORANJA_750_ML_8411660000217.png?resize=350%2C200&ssl=1","width":350,"height":200},"classes":[]},{"id":6277,"url":"https:\/\/mundo.seashell.pt\/?product=sanytol-toalhitas-multiusos-36-unidades","url_meta":{"origin":6255,"position":4},"title":"Sanytol Toalhitas Multiusos &#8211; 36 unidades","date":"Fevereiro 23, 2022","format":false,"excerpt":"Toalhitas Desinfetantes Multiusos \u2013 Eucalipto Pr\u00e1ticas e eficazes, as toalhitas desinfetantes multiusos SANYTOL limpam e desinfetam todas as superf\u00edcies numa s\u00f3 passagem! Ideais para a limpeza di\u00e1ria, deixar\u00e3o a sua casa com um cheiro a limpeza. CARACTER\u00cdSTICAS Elimina 99,9% de bact\u00e9rias, fungos, v\u00edrus H1N1 ...","rel":"","context":"Similar post","img":{"alt_text":"","src":"https:\/\/i0.wp.com\/mundo.seashell.pt\/wp-content\/uploads\/2022\/02\/SANYTOL_TOALHITAS_DESINFECTANTES_MULTIUSOS_36u_8411660000224.png?resize=350%2C200&ssl=1","width":350,"height":200},"classes":[]},{"id":6267,"url":"https:\/\/mundo.seashell.pt\/?product=sanytol-superficies-12l","url_meta":{"origin":6255,"position":5},"title":"Sanytol Superf\u00edcies 1,2l","date":"Fevereiro 23, 2022","format":false,"excerpt":"Limpador Desinfetante Pavimentos & Superf\u00edcies \u2013 Eucalipto DESCRI\u00c7\u00c3O Mantenha sua casa saud\u00e1vel com o SANYTOL limpador desinfetante para pavimentos e superf\u00edcies! Elimina a sujidade e desinfeta completamente sem esfor\u00e7o. Quando dilu\u00eddo, \u00e9 ideal para a limpeza de pavimentos e \u00e1reas grandes, como portas ou ladrilhos. Em...","rel":"","context":"Similar post","img":{"alt_text":"","src":"https:\/\/i0.wp.com\/mundo.seashell.pt\/wp-content\/uploads\/2022\/02\/SANYTOL_DESINFECTANTE_PAVIMENTOS_E_SUPERFI_CIES_1_2l_8411135670198.png?resize=350%2C200&ssl=1","width":350,"height":200},"classes":[]}],"_links":{"self":[{"href":"https:\/\/mundo.seashell.pt\/index.php?rest_route=\/wp\/v2\/product\/6255","targetHints":{"allow":["GET"]}}],"collection":[{"href":"https:\/\/mundo.seashell.pt\/index.php?rest_route=\/wp\/v2\/product"}],"about":[{"href":"https:\/\/mundo.seashell.pt\/index.php?rest_route=\/wp\/v2\/types\/product"}],"wp:featuredmedia":[{"embeddable":true,"href":"https:\/\/mundo.seashell.pt\/index.php?rest_route=\/wp\/v2\/media\/6256"}],"wp:attachment":[{"href":"https:\/\/mundo.seashell.pt\/index.php?rest_route=%2Fwp%2Fv2%2Fmedia&parent=6255"}],"wp:term":[{"taxonomy":"product_cat","embeddable":true,"href":"https:\/\/mundo.seashell.pt\/index.php?rest_route=%2Fwp%2Fv2%2Fproduct_cat&post=6255"},{"taxonomy":"product_tag","embeddable":true,"href":"https:\/\/mundo.seashell.pt\/index.php?rest_route=%2Fwp%2Fv2%2Fproduct_tag&post=6255"}],"curies":[{"name":"wp","href":"https:\/\/api.w.org\/{rel}","templated":true}]}}