{"id":6249,"date":"2022-02-23T11:54:44","date_gmt":"2022-02-23T11:54:44","guid":{"rendered":"https:\/\/mundo.seashell.pt\/?post_type=product&#038;p=6249"},"modified":"2022-02-23T11:54:46","modified_gmt":"2022-02-23T11:54:46","slug":"sanytol-multiusos-toranja-750ml","status":"publish","type":"product","link":"https:\/\/mundo.seashell.pt\/?product=sanytol-multiusos-toranja-750ml","title":{"rendered":"Sanytol Multiusos Toranja 750ml"},"content":{"rendered":"<h1>Limpador Desinfetante Multiusos \u2013 Toranja<\/h1>\n<p>Mantenha a sua casa saud\u00e1vel com o Desinfetante Multiusos. Pr\u00e1tico e sem lix\u00edvia, limpa todas as superf\u00edcies da casa. Ideal para remover a sujidade do dia a dia e desinfetar tudo numa s\u00f3 passagem.<\/p>\n<h2><\/h2>\n<h2>CARACTER\u00cdSTICAS<\/h2>\n<ul>\n<li>Elimina 99,9% de bact\u00e9rias, fungos, v\u00edrus H1N1 (gripe) e coronav\u00edrus humano 229E<\/li>\n<li>Limpa e Desinfeta<\/li>\n<li>Sem lix\u00edvia<\/li>\n<li>Dermatologicamente Testado<\/li>\n<\/ul>\n<h2><\/h2>\n<h2>ADEQUADO PARA<\/h2>\n<ul>\n<li>Bancadas, lava-loi\u00e7a, baldes de lixo, microondas, mesas, frigor\u00edficos<\/li>\n<li>Sanit\u00e1rios, lavat\u00f3rios, chuveiros, banheiras, sif\u00f5es, ma\u00e7anetas<\/li>\n<li>Universo do beb\u00e9, brinquedos de pl\u00e1stico, cadeiras da papa, trocadores<\/li>\n<li>Acess\u00f3rios para animais de estima\u00e7\u00e3o, caixas de areia<\/li>\n<\/ul>\n<h2><\/h2>\n<h2>CONSELHOS DE UTILIZA\u00c7\u00c3O<\/h2>\n<p>Pulverize o produto e deixe atuar durante 5 minutos. Para uma desinfec\u00e7\u00e3o completa, deixe atuar durante 15 minutos. Passe uma esponja limpa e h\u00famida. Para superf\u00edcies em contacto com alimentos, brinquedos ou em contacto regular com beb\u00e9s ou animais, deixe atuar durante 15 minutos e enxague com \u00e1gua pot\u00e1vel.<\/p>\n<p><\/p>\n","protected":false},"excerpt":{"rendered":"<p>Limpador Desinfetante Multiusos \u2013 Eucalipto<br \/>\nMantenha a sua casa saud\u00e1vel com o Desinfetante Multiusos. Pr\u00e1tico e sem lix\u00edvia, limpa todas as superf\u00edcies da casa. Ideal para remover a sujidade do dia a dia e desinfetar tudo numa s\u00f3 passagem.<br \/>\nCARACTER\u00cdSTICAS<\/p>\n<p>Elimina 99,9% de bact\u00e9rias, fungos, v\u00edru&#8230;<\/p>\n","protected":false},"featured_media":6250,"template":"","meta":{"spay_email":""},"product_cat":[15],"product_tag":[],"class_list":{"0":"post-6249","1":"product","2":"type-product","3":"status-publish","4":"has-post-thumbnail","6":"product_cat-sem-categoria","8":"first","9":"instock","10":"taxable","11":"shipping-taxable","12":"purchasable","13":"product-type-simple"},"acf":[],"jetpack-related-posts":[{"id":6251,"url":"https:\/\/mundo.seashell.pt\/?product=sanytol-multiusos-750ml-1","url_meta":{"origin":6249,"position":0},"title":"Sanytol Multiusos 750ml","date":"Fevereiro 23, 2022","format":false,"excerpt":"Limpador Desinfetante Multiusos \u2013 Eucalipto Mantenha a sua casa saud\u00e1vel com o Desinfetante Multiusos. Pr\u00e1tico e sem lix\u00edvia, limpa todas as superf\u00edcies da casa. Ideal para remover a sujidade do dia a dia e desinfetar tudo numa s\u00f3 passagem. CARACTER\u00cdSTICAS Elimina 99,9% de bact\u00e9rias, fungos, v\u00edru...","rel":"","context":"Similar post","img":{"alt_text":"","src":"https:\/\/i0.wp.com\/mundo.seashell.pt\/wp-content\/uploads\/2022\/02\/SANYTOL_DESINFETANTE_MULTIUSOS_750_ML_8411660670236.png?resize=350%2C200&ssl=1","width":350,"height":200},"classes":[]},{"id":6277,"url":"https:\/\/mundo.seashell.pt\/?product=sanytol-toalhitas-multiusos-36-unidades","url_meta":{"origin":6249,"position":1},"title":"Sanytol Toalhitas Multiusos &#8211; 36 unidades","date":"Fevereiro 23, 2022","format":false,"excerpt":"Toalhitas Desinfetantes Multiusos \u2013 Eucalipto Pr\u00e1ticas e eficazes, as toalhitas desinfetantes multiusos SANYTOL limpam e desinfetam todas as superf\u00edcies numa s\u00f3 passagem! Ideais para a limpeza di\u00e1ria, deixar\u00e3o a sua casa com um cheiro a limpeza. CARACTER\u00cdSTICAS Elimina 99,9% de bact\u00e9rias, fungos, v\u00edrus H1N1 ...","rel":"","context":"Similar post","img":{"alt_text":"","src":"https:\/\/i0.wp.com\/mundo.seashell.pt\/wp-content\/uploads\/2022\/02\/SANYTOL_TOALHITAS_DESINFECTANTES_MULTIUSOS_36u_8411660000224.png?resize=350%2C200&ssl=1","width":350,"height":200},"classes":[]},{"id":6239,"url":"https:\/\/mundo.seashell.pt\/?product=lysol-multiusos-500ml","url_meta":{"origin":6249,"position":2},"title":"Lysol Multiusos 500ml","date":"Fevereiro 23, 2022","format":false,"excerpt":"Lysol Desinfetante Multiusos Frescura Elimina a sujidade e as manchas deixando as superf\u00edcies desinfetadas e com uma agrad\u00e1vel fragr\u00e2ncia a Ma\u00e7\u00e3....","rel":"","context":"Similar post","img":{"alt_text":"","src":"https:\/\/i0.wp.com\/mundo.seashell.pt\/wp-content\/uploads\/2022\/02\/Lysol_Desinfetante_Multiusos_Pistola_500ML_x12_5601217134806.jpeg?resize=350%2C200&ssl=1","width":350,"height":200},"classes":[]},{"id":6259,"url":"https:\/\/mundo.seashell.pt\/?product=ajax-multiusos-desinfetante-500ml","url_meta":{"origin":6249,"position":3},"title":"Ajax Multiusos Desinfetante 500ml","date":"Fevereiro 23, 2022","format":false,"excerpt":"Ajax ajuda na limpeza da casa. Deixa as suas superf\u00edcies limpas e brilhantes facilmente!Benef\u00edcios: - Elimina 100% das bact\u00e9rias;- Limpeza imediata e profunda.","rel":"","context":"Similar post","img":{"alt_text":"","src":"https:\/\/i0.wp.com\/mundo.seashell.pt\/wp-content\/uploads\/2022\/02\/Ajax_DESINFECTANTE_SPRAY_500ml_8718951384514.jpeg?resize=350%2C200&ssl=1","width":350,"height":200},"classes":[]},{"id":6056,"url":"https:\/\/mundo.seashell.pt\/?product=lactic-500ml","url_meta":{"origin":6249,"position":4},"title":"Desinfetante Lactic 500Ml","date":"Fevereiro 23, 2022","format":false,"excerpt":"Desinfetante multiusos pronto para usar para todas as superf\u00edcies duras lav\u00e1veis: pavimentos, mobili\u00e1rio, bancadas de trabalho, instala\u00e7\u00f5es sanit\u00e1rias e caixotes do lixo","rel":"","context":"Similar post","img":{"alt_text":"","src":"https:\/\/i0.wp.com\/mundo.seashell.pt\/wp-content\/uploads\/2022\/02\/lactic.jpg?resize=350%2C200&ssl=1","width":350,"height":200},"classes":[]},{"id":6265,"url":"https:\/\/mundo.seashell.pt\/?product=sonasol-lava-tudo-desinfetante-11l","url_meta":{"origin":6249,"position":5},"title":"Sonasol Lava-Tudo Desinfetante 1,1l","date":"Fevereiro 23, 2022","format":false,"excerpt":"Sonasol desinfetante \u00e9 um lava tudo desinfetante multiuso, que garante m\u00e1xima limpeza e desinfe\u00e7\u00e3o sem lix\u00edvia nem amon\u00edaco. Pode ser utilizado em todas as superf\u00edcies, mesmo as mais delicadas.Benef\u00edcios: - Elimina 99,9% das bat\u00e9rias das superf\u00edcies. Conselhos de utiliza\u00e7\u00e3o: Dilua 2 tampas de produto num balde ...","rel":"","context":"Similar post","img":{"alt_text":"","src":"https:\/\/i0.wp.com\/mundo.seashell.pt\/wp-content\/uploads\/2022\/02\/SONASOL_DESINFETANTE_1L10_8410436343527.jpeg?resize=350%2C200&ssl=1","width":350,"height":200},"classes":[]}],"_links":{"self":[{"href":"https:\/\/mundo.seashell.pt\/index.php?rest_route=\/wp\/v2\/product\/6249","targetHints":{"allow":["GET"]}}],"collection":[{"href":"https:\/\/mundo.seashell.pt\/index.php?rest_route=\/wp\/v2\/product"}],"about":[{"href":"https:\/\/mundo.seashell.pt\/index.php?rest_route=\/wp\/v2\/types\/product"}],"wp:featuredmedia":[{"embeddable":true,"href":"https:\/\/mundo.seashell.pt\/index.php?rest_route=\/wp\/v2\/media\/6250"}],"wp:attachment":[{"href":"https:\/\/mundo.seashell.pt\/index.php?rest_route=%2Fwp%2Fv2%2Fmedia&parent=6249"}],"wp:term":[{"taxonomy":"product_cat","embeddable":true,"href":"https:\/\/mundo.seashell.pt\/index.php?rest_route=%2Fwp%2Fv2%2Fproduct_cat&post=6249"},{"taxonomy":"product_tag","embeddable":true,"href":"https:\/\/mundo.seashell.pt\/index.php?rest_route=%2Fwp%2Fv2%2Fproduct_tag&post=6249"}],"curies":[{"name":"wp","href":"https:\/\/api.w.org\/{rel}","templated":true}]}}