{"id":6247,"date":"2022-02-23T11:54:43","date_gmt":"2022-02-23T11:54:43","guid":{"rendered":"https:\/\/mundo.seashell.pt\/?post_type=product&#038;p=6247"},"modified":"2022-02-23T11:54:44","modified_gmt":"2022-02-23T11:54:44","slug":"sanytol-spray-400ml","status":"publish","type":"product","link":"https:\/\/mundo.seashell.pt\/?product=sanytol-spray-400ml","title":{"rendered":"Sanytol Spray 400ml"},"content":{"rendered":"<h1>Sanytol Aerossol Multifun\u00e7\u00f5es<\/h1>\n<p>Desinfetante limpador multifun\u00e7\u00f5es, limpa e desinfeta todas as superficies da casa numa s\u00f3 passagem. A sua f\u00f3rmula proporciona uma secagem r\u00e1pida. Pode ser usado como desinfetante, sem necessidade de passar o pano.&nbsp;<\/p>\n<h2><\/h2>\n<h2>Beneficios<\/h2>\n<p>Este produto tem tripla a\u00e7\u00e3o desinfetante:<br \/>1. Bactericida de acordo com as normas EN13697 (5 minutos)<br \/>2. Fungicida de acordo com as normas EN13697 (15 minutos)&nbsp;<br \/>3. V\u00edrucida de acordo com as normas EN14476 (30 minutos)<br \/>Elimina 99.9% dos v\u00edrus, fungos e bact\u00e9rias, incluindo&nbsp;229E coronav\u00edrus humano e SARS-COV2.&nbsp;<\/p>\n<\/p>\n<h2>Usos<\/h2>\n<p>Casa (Cozinha, casa de banho, sala de estar&#8230;), Objetos quotidianos (telefone, balde do lixo, ma\u00e7anetas, etc&#8230;)<\/p>\n<p><\/p>\n<ul><\/ul>\n<h2>Como usar<\/h2>\n<p>Agitar antes de usar.&nbsp;<\/p>\n<p>Para limpar e desinfetar: borrife a superf\u00edcie a ser tratada e passe um pano seco.&nbsp;<\/p>\n<p>Para desinfe\u00e7\u00e3o: borrife a cerca de 25cm de dist\u00e2ncia da superf\u00edcie previamente limpa e deixe secar. N\u00e3o necessita enxaguamento.&nbsp;<\/p>\n<p><\/p>\n<p><\/p><\/p>\n","protected":false},"excerpt":{"rendered":"<p>Sanytol Aerossol Multifun\u00e7\u00f5es<br \/>\nDesinfetante limpador multifun\u00e7\u00f5es, limpa e desinfeta todas as superficies da casa numa s\u00f3 passagem. A sua f\u00f3rmula proporciona uma secagem r\u00e1pida. Pode ser usado como desinfetante, sem necessidade de passar o pano.\u00a0<br \/>\nBeneficios<\/p>\n","protected":false},"featured_media":6248,"template":"","meta":{"spay_email":""},"product_cat":[15],"product_tag":[],"class_list":{"0":"post-6247","1":"product","2":"type-product","3":"status-publish","4":"has-post-thumbnail","6":"product_cat-sem-categoria","8":"first","9":"instock","10":"taxable","11":"shipping-taxable","12":"purchasable","13":"product-type-simple"},"acf":[],"jetpack-related-posts":[{"id":6277,"url":"https:\/\/mundo.seashell.pt\/?product=sanytol-toalhitas-multiusos-36-unidades","url_meta":{"origin":6247,"position":0},"title":"Sanytol Toalhitas Multiusos &#8211; 36 unidades","date":"Fevereiro 23, 2022","format":false,"excerpt":"Toalhitas Desinfetantes Multiusos \u2013 Eucalipto Pr\u00e1ticas e eficazes, as toalhitas desinfetantes multiusos SANYTOL limpam e desinfetam todas as superf\u00edcies numa s\u00f3 passagem! Ideais para a limpeza di\u00e1ria, deixar\u00e3o a sua casa com um cheiro a limpeza. CARACTER\u00cdSTICAS Elimina 99,9% de bact\u00e9rias, fungos, v\u00edrus H1N1 ...","rel":"","context":"Similar post","img":{"alt_text":"","src":"https:\/\/i0.wp.com\/mundo.seashell.pt\/wp-content\/uploads\/2022\/02\/SANYTOL_TOALHITAS_DESINFECTANTES_MULTIUSOS_36u_8411660000224.png?resize=350%2C200&ssl=1","width":350,"height":200},"classes":[]},{"id":6267,"url":"https:\/\/mundo.seashell.pt\/?product=sanytol-superficies-12l","url_meta":{"origin":6247,"position":1},"title":"Sanytol Superf\u00edcies 1,2l","date":"Fevereiro 23, 2022","format":false,"excerpt":"Limpador Desinfetante Pavimentos & Superf\u00edcies \u2013 Eucalipto DESCRI\u00c7\u00c3O Mantenha sua casa saud\u00e1vel com o SANYTOL limpador desinfetante para pavimentos e superf\u00edcies! Elimina a sujidade e desinfeta completamente sem esfor\u00e7o. Quando dilu\u00eddo, \u00e9 ideal para a limpeza de pavimentos e \u00e1reas grandes, como portas ou ladrilhos. Em...","rel":"","context":"Similar post","img":{"alt_text":"","src":"https:\/\/i0.wp.com\/mundo.seashell.pt\/wp-content\/uploads\/2022\/02\/SANYTOL_DESINFECTANTE_PAVIMENTOS_E_SUPERFI_CIES_1_2l_8411135670198.png?resize=350%2C200&ssl=1","width":350,"height":200},"classes":[]},{"id":6241,"url":"https:\/\/mundo.seashell.pt\/?product=lysol-banhos-500ml","url_meta":{"origin":6247,"position":2},"title":"Lysol Banhos 500ml","date":"Fevereiro 23, 2022","format":false,"excerpt":"Lysol Desinfetante Casa de Banho Marinho","rel":"","context":"Similar post","img":{"alt_text":"","src":"https:\/\/i0.wp.com\/mundo.seashell.pt\/wp-content\/uploads\/2022\/02\/Lysol_Desinfetante_Casa_de_Banho_Pistola_500ML_x12_5601217134400.jpeg?resize=350%2C200&ssl=1","width":350,"height":200},"classes":[]},{"id":6251,"url":"https:\/\/mundo.seashell.pt\/?product=sanytol-multiusos-750ml-1","url_meta":{"origin":6247,"position":3},"title":"Sanytol Multiusos 750ml","date":"Fevereiro 23, 2022","format":false,"excerpt":"Limpador Desinfetante Multiusos \u2013 Eucalipto Mantenha a sua casa saud\u00e1vel com o Desinfetante Multiusos. Pr\u00e1tico e sem lix\u00edvia, limpa todas as superf\u00edcies da casa. Ideal para remover a sujidade do dia a dia e desinfetar tudo numa s\u00f3 passagem. CARACTER\u00cdSTICAS Elimina 99,9% de bact\u00e9rias, fungos, v\u00edru...","rel":"","context":"Similar post","img":{"alt_text":"","src":"https:\/\/i0.wp.com\/mundo.seashell.pt\/wp-content\/uploads\/2022\/02\/SANYTOL_DESINFETANTE_MULTIUSOS_750_ML_8411660670236.png?resize=350%2C200&ssl=1","width":350,"height":200},"classes":[]},{"id":6239,"url":"https:\/\/mundo.seashell.pt\/?product=lysol-multiusos-500ml","url_meta":{"origin":6247,"position":4},"title":"Lysol Multiusos 500ml","date":"Fevereiro 23, 2022","format":false,"excerpt":"Lysol Desinfetante Multiusos Frescura Elimina a sujidade e as manchas deixando as superf\u00edcies desinfetadas e com uma agrad\u00e1vel fragr\u00e2ncia a Ma\u00e7\u00e3....","rel":"","context":"Similar post","img":{"alt_text":"","src":"https:\/\/i0.wp.com\/mundo.seashell.pt\/wp-content\/uploads\/2022\/02\/Lysol_Desinfetante_Multiusos_Pistola_500ML_x12_5601217134806.jpeg?resize=350%2C200&ssl=1","width":350,"height":200},"classes":[]},{"id":6249,"url":"https:\/\/mundo.seashell.pt\/?product=sanytol-multiusos-toranja-750ml","url_meta":{"origin":6247,"position":5},"title":"Sanytol Multiusos Toranja 750ml","date":"Fevereiro 23, 2022","format":false,"excerpt":"Limpador Desinfetante Multiusos \u2013 Eucalipto Mantenha a sua casa saud\u00e1vel com o Desinfetante Multiusos. Pr\u00e1tico e sem lix\u00edvia, limpa todas as superf\u00edcies da casa. Ideal para remover a sujidade do dia a dia e desinfetar tudo numa s\u00f3 passagem. CARACTER\u00cdSTICAS Elimina 99,9% de bact\u00e9rias, fungos, v\u00edru...","rel":"","context":"Similar post","img":{"alt_text":"","src":"https:\/\/i0.wp.com\/mundo.seashell.pt\/wp-content\/uploads\/2022\/02\/SANYTOL_DESINFETANTE_MULTIUSOS_TORANJA_750_ML_8411660000217.png?resize=350%2C200&ssl=1","width":350,"height":200},"classes":[]}],"_links":{"self":[{"href":"https:\/\/mundo.seashell.pt\/index.php?rest_route=\/wp\/v2\/product\/6247","targetHints":{"allow":["GET"]}}],"collection":[{"href":"https:\/\/mundo.seashell.pt\/index.php?rest_route=\/wp\/v2\/product"}],"about":[{"href":"https:\/\/mundo.seashell.pt\/index.php?rest_route=\/wp\/v2\/types\/product"}],"wp:featuredmedia":[{"embeddable":true,"href":"https:\/\/mundo.seashell.pt\/index.php?rest_route=\/wp\/v2\/media\/6248"}],"wp:attachment":[{"href":"https:\/\/mundo.seashell.pt\/index.php?rest_route=%2Fwp%2Fv2%2Fmedia&parent=6247"}],"wp:term":[{"taxonomy":"product_cat","embeddable":true,"href":"https:\/\/mundo.seashell.pt\/index.php?rest_route=%2Fwp%2Fv2%2Fproduct_cat&post=6247"},{"taxonomy":"product_tag","embeddable":true,"href":"https:\/\/mundo.seashell.pt\/index.php?rest_route=%2Fwp%2Fv2%2Fproduct_tag&post=6247"}],"curies":[{"name":"wp","href":"https:\/\/api.w.org\/{rel}","templated":true}]}}