{"id":6245,"date":"2022-02-23T11:54:42","date_gmt":"2022-02-23T11:54:42","guid":{"rendered":"https:\/\/mundo.seashell.pt\/?post_type=product&#038;p=6245"},"modified":"2022-02-23T11:54:42","modified_gmt":"2022-02-23T11:54:42","slug":"lysol-spray-400ml","status":"publish","type":"product","link":"https:\/\/mundo.seashell.pt\/?product=lysol-spray-400ml","title":{"rendered":"Lysol Spray 400ml"},"content":{"rendered":"<h3>Lysol Spray Desinfetante Frescura Suave<\/h3>\n<figure style=\"max-width: 253px; float: right; width: 253px; margin-left: 10px; margin-right: 10px;\"><img loading=\"lazy\" decoding=\"async\" src=\"https:\/\/www.lysol.pt\/content\/dam\/lysol\/portugal\/Aerossol%20selo.jpg.transform\/w320\/img.png\" alt=\"Aerossol selo.jpg\" data-image=\"29lakf8yjtkt\" width=\"253\" height=\"253\" style=\"width: 253px; max-width: 253px; height: 253px;\"><\/figure>\n<p>Aerosol Desinfetante simples de utilizar e muito vers\u00e1til. Adequado para a maioria das superf\u00edcies &#8211; casas de banho, caixotes do lixo, ma\u00e7anetas, telefones, interruptores, banheiras, torneiras, sanitas, sof\u00e1s, cadeiras, colch\u00f5es, almofadas, estofos, sapatos, palmilhas, entre outros.<\/p>\n<p>&gt; Elimina 99,9% de bact\u00e9rias, fungos e v\u00edrus em conformidade com as normas EN 13697:2015 e EN 14476:2013.<\/p>\n<p>&gt; Elimina o v\u00edrus SARS-CoV-2 que causa COVID-19.<\/p>\n<p>&gt; Sem Lix\u00edvia.<\/p>\n<p>&gt; N\u00e3o deixa res\u00edduos qu\u00edmicos abrasivos nas superf\u00edcies<\/p>\n<p>&gt; Adequado para superf\u00edcies duras e superf\u00edcies macias\/t\u00eaxteis (ver o r\u00f3tulo).<\/p>\n<p>&gt; Elimina bact\u00e9rias como Staphylococcus Aureus, Escherichia Coli, Pseudomonas aeruginosa, Enterococcus hirae (tempo de contato: 5 min).<\/p>\n<p>&gt; Elimina o v\u00edrus SARS-CoV-2 (tempo de contato: 1 min), Poliovirus Tipo1, Adenovirus Tipo5, Norovirus Murino (tempo de contato: 15 min).<\/p>\n<p>&gt; Elimina fungos com Candida Albicans, Aspergilius brasiliensis (tempo de contato: 5 min).<\/p>\n<p>&gt; Marca N\u00ba1 em Desinfetantes na maioria dos pa\u00edses do mundo \u2013 Austr\u00e1lia, Brasil, Canad\u00e1, Alemanha, M\u00e9xico e EUA. Fonte: Nielsen Scan Track, Market Track e Retail Index Services a fecho de Dezembro 2019);<\/p>\n<p>&gt; Siga as Instru\u00e7\u00f5es de utiliza\u00e7\u00e3o indicadas no r\u00f3tulo e antes de usar, teste sempre o produto numa \u00e1rea pouco vis\u00edvel para verificar a compatibilidade do produto com os materiais\/superf\u00edcies.<\/p>\n<\/p>\n<h4>Instru\u00e7\u00f5es de uso:<\/h4>\n<\/p>\n<p>Agite bem a lata, segure a uma dist\u00e2ncia de 15-20 cm da superf\u00edcie e pulverize at\u00e9 estar totalmente coberto. Quando utilizado em tecidos tenha aten\u00e7\u00e3o para n\u00e3o ensopar os mesmos. Deixe secar ao ar. N\u00e3o necessita de passar um pano ap\u00f3s a sua aplica\u00e7\u00e3o. Teste sempre o produto numa pequena zona da superf\u00edcie para garantir a compatibilidade com o produto.&nbsp;<\/p>\n","protected":false},"excerpt":{"rendered":"<h3>Lysol Spray Desinfetante Frescura Suave<\/h3>\n<figure style=\"max-width: 253px; float: right; width: 253px; margin-left: 10px; margin-right: 10px;\"><img loading=\"lazy\" decoding=\"async\" src=\"https:\/\/www.lysol.pt\/content\/dam\/lysol\/portugal\/Aerossol%20selo.jpg.transform\/w320\/img.png\" alt=\"Aerossol selo.jpg\" data-image=\"29lakf8yjtkt\" width=\"253\" height=\"253\" style=\"width: 253px;...\n<\/p>\n","protected":false},"featured_media":6246,"template":"","meta":{"spay_email":""},"product_cat":[15],"product_tag":[],"class_list":{"0":"post-6245","1":"product","2":"type-product","3":"status-publish","4":"has-post-thumbnail","6":"product_cat-sem-categoria","8":"first","9":"instock","10":"taxable","11":"shipping-taxable","12":"purchasable","13":"product-type-simple"},"acf":[],"jetpack-related-posts":[{"id":6239,"url":"https:\/\/mundo.seashell.pt\/?product=lysol-multiusos-500ml","url_meta":{"origin":6245,"position":0},"title":"Lysol Multiusos 500ml","date":"Fevereiro 23, 2022","format":false,"excerpt":"Lysol Desinfetante Multiusos Frescura Elimina a sujidade e as manchas deixando as superf\u00edcies desinfetadas e com uma agrad\u00e1vel fragr\u00e2ncia a Ma\u00e7\u00e3....","rel":"","context":"Similar post","img":{"alt_text":"","src":"https:\/\/i0.wp.com\/mundo.seashell.pt\/wp-content\/uploads\/2022\/02\/Lysol_Desinfetante_Multiusos_Pistola_500ML_x12_5601217134806.jpeg?resize=350%2C200&ssl=1","width":350,"height":200},"classes":[]},{"id":6243,"url":"https:\/\/mundo.seashell.pt\/?product=lysol-cozinha-500ml","url_meta":{"origin":6245,"position":1},"title":"Lysol Cozinha 500ml","date":"Fevereiro 23, 2022","format":false,"excerpt":"Lysol Desinfetante Cozinha Lim\u00e3o","rel":"","context":"Similar post","img":{"alt_text":"","src":"https:\/\/i0.wp.com\/mundo.seashell.pt\/wp-content\/uploads\/2022\/02\/Lysol_Desinfetante_Cozinha_Pistola_500ML_x12_5601217134424.jpeg?resize=350%2C200&ssl=1","width":350,"height":200},"classes":[]},{"id":6241,"url":"https:\/\/mundo.seashell.pt\/?product=lysol-banhos-500ml","url_meta":{"origin":6245,"position":2},"title":"Lysol Banhos 500ml","date":"Fevereiro 23, 2022","format":false,"excerpt":"Lysol Desinfetante Casa de Banho Marinho","rel":"","context":"Similar post","img":{"alt_text":"","src":"https:\/\/i0.wp.com\/mundo.seashell.pt\/wp-content\/uploads\/2022\/02\/Lysol_Desinfetante_Casa_de_Banho_Pistola_500ML_x12_5601217134400.jpeg?resize=350%2C200&ssl=1","width":350,"height":200},"classes":[]},{"id":6653,"url":"https:\/\/mundo.seashell.pt\/?product=lysol-higiene-450gr","url_meta":{"origin":6245,"position":3},"title":"Lysol Higiene 450Gr","date":"Fevereiro 23, 2022","format":false,"excerpt":"Remover as n\u00f3doas pode parecer um verdadeiro desafio, mas com Lysol higi\u00e9nico tira-n\u00f3doas em p\u00f3 vai perceber que \u00e9 simples manter a roupa limpa, sem precisar de esfregar. Garanta uma higiene e frescura prolongada da sua roupa. A marca Lysol existe h\u00e1 mais de 100 anos e \u00e9 uma marca\u2026","rel":"","context":"Similar post","img":{"alt_text":"","src":"https:\/\/i0.wp.com\/mundo.seashell.pt\/wp-content\/uploads\/2022\/02\/Lysol_Higie_nico_Tira_No_doas_Roupa_Po__450G_x6_5601217134462.png?resize=350%2C200&ssl=1","width":350,"height":200},"classes":[]},{"id":6273,"url":"https:\/\/mundo.seashell.pt\/?product=lysol-desinfetante-de-roupa-720ml","url_meta":{"origin":6245,"position":4},"title":"Lysol Desinfetante de Roupa 720ml","date":"Fevereiro 23, 2022","format":false,"excerpt":"Lysol Desinfetante T\u00eaxtil de Flor de Algod\u00e3o","rel":"","context":"Similar post","img":{"alt_text":"","src":"https:\/\/i0.wp.com\/mundo.seashell.pt\/wp-content\/uploads\/2022\/02\/Lysol_Desinfetante_de_Roupa_Li_quido_720ML_x12_5601217134455.png?resize=350%2C200&ssl=1","width":350,"height":200},"classes":[]},{"id":6247,"url":"https:\/\/mundo.seashell.pt\/?product=sanytol-spray-400ml","url_meta":{"origin":6245,"position":5},"title":"Sanytol Spray 400ml","date":"Fevereiro 23, 2022","format":false,"excerpt":"Sanytol Aerossol Multifun\u00e7\u00f5es Desinfetante limpador multifun\u00e7\u00f5es, limpa e desinfeta todas as superficies da casa numa s\u00f3 passagem. A sua f\u00f3rmula proporciona uma secagem r\u00e1pida. Pode ser usado como desinfetante, sem necessidade de passar o pano.\u00a0 Beneficios","rel":"","context":"Similar post","img":{"alt_text":"","src":"https:\/\/i0.wp.com\/mundo.seashell.pt\/wp-content\/uploads\/2022\/02\/SANYTOL_DESINFECTANTE_MULTIUSOS_AEROSSOL_400ml_3045206312127.jpeg?resize=350%2C200&ssl=1","width":350,"height":200},"classes":[]}],"_links":{"self":[{"href":"https:\/\/mundo.seashell.pt\/index.php?rest_route=\/wp\/v2\/product\/6245","targetHints":{"allow":["GET"]}}],"collection":[{"href":"https:\/\/mundo.seashell.pt\/index.php?rest_route=\/wp\/v2\/product"}],"about":[{"href":"https:\/\/mundo.seashell.pt\/index.php?rest_route=\/wp\/v2\/types\/product"}],"wp:featuredmedia":[{"embeddable":true,"href":"https:\/\/mundo.seashell.pt\/index.php?rest_route=\/wp\/v2\/media\/6246"}],"wp:attachment":[{"href":"https:\/\/mundo.seashell.pt\/index.php?rest_route=%2Fwp%2Fv2%2Fmedia&parent=6245"}],"wp:term":[{"taxonomy":"product_cat","embeddable":true,"href":"https:\/\/mundo.seashell.pt\/index.php?rest_route=%2Fwp%2Fv2%2Fproduct_cat&post=6245"},{"taxonomy":"product_tag","embeddable":true,"href":"https:\/\/mundo.seashell.pt\/index.php?rest_route=%2Fwp%2Fv2%2Fproduct_tag&post=6245"}],"curies":[{"name":"wp","href":"https:\/\/api.w.org\/{rel}","templated":true}]}}