{"id":6243,"date":"2022-02-23T11:54:41","date_gmt":"2022-02-23T11:54:41","guid":{"rendered":"https:\/\/mundo.seashell.pt\/?post_type=product&#038;p=6243"},"modified":"2022-02-23T11:54:42","modified_gmt":"2022-02-23T11:54:42","slug":"lysol-cozinha-500ml","status":"publish","type":"product","link":"https:\/\/mundo.seashell.pt\/?product=lysol-cozinha-500ml","title":{"rendered":"Lysol Cozinha 500ml"},"content":{"rendered":"<h3>Lysol Desinfetante Cozinha Lim\u00e3o<\/h3>\n<figure style=\"max-width: 241px; float: right; width: 241px; margin-left: 10px; margin-right: 10px;\"><img loading=\"lazy\" decoding=\"async\" src=\"https:\/\/www.lysol.pt\/content\/dam\/lysol\/portugal\/Lysol%20Desinfetante%20Cozinha%20Lim%C3%A3o.jpg.transform\/w320\/img.png\" alt=\"Lysol Desinfetante Cozinha Lim\u00e3o.jpg\" data-image=\"xbzad72wfqx9\" width=\"241\" height=\"241\" style=\"width: 241px; max-width: 241px; height: 241px;\"><\/figure>\n<p>Elimina a sujidade e as manchas de gordura deixando as superf\u00edcies desinfetadas e com uma agrad\u00e1vel fragr\u00e2ncia a Lim\u00e3o. <\/p>\n<p>&gt; Elimina bact\u00e9rias e v\u00edrus* (em conformidade com as normas EN 13697:2015 e EN 14476:2013);<br \/>&gt; Sem Lix\u00edvia, Corantes nem fosfatos;<br \/>&gt; Ingrediente ativo (\u00e1cido l\u00e1ctico) derivado de plantas<br \/>&gt; N\u00e3o deixa res\u00edduos qu\u00edmicos abrasivos nas superf\u00edcies<br \/>&gt; Marca N\u00ba1 em Desinfetantes na maioria dos pa\u00edses do mundo \u2013 Austr\u00e1lia, Brasil, Canad\u00e1, Alemanha, M\u00e9xico e EUA. Fonte: Nielsen Scan Track, Market Track e Retail Index Services a fecho de Dezembro 2019);<br \/>&gt; Siga as Instru\u00e7\u00f5es de utiliza\u00e7\u00e3o indicadas no r\u00f3tulo e antes de usar, teste sempre o produto numa \u00e1rea pouco vis\u00edvel para verificar a compatibilidade do produto com os materiais\/superf\u00edcies.<\/p>\n<p>*Rhinovirus tipo 37, Avian Influenza A (H3N2), Influenza A (H1N1).<\/p>\n<\/p>\n<h4>Instru\u00e7\u00f5es de uso:<\/h4>\n<\/p>\n<p>Coloque o pulverizador na posi\u00e7\u00e3o &#8220;ON&#8221;.  Mantendo a garrafa na vertical, aplique o produto a 20-25 cm de dist\u00e2ncia da superf\u00edcie a limpar. Quando terminar rode a ponta do pulverizador para a posi\u00e7\u00e3o \u201dOFF\u201d. Na primeira utiliza\u00e7\u00e3o pode ser necess\u00e1rio apertar o pulverizador v\u00e1rias vezes, at\u00e9 sair o produto. <\/p>\n<p>Para uma limpeza geral: Deixe atuar o tempo necess\u00e1rio, passe um pano e limpe a \u00e1rea. <\/p>\n<p>Para desinfetar: Limpe a superf\u00edcie antes de aplicar o produto. Pulverize 2-3 vezes e espalhe o produto cobrindo uma superf\u00edcie de 20&#215;20 cm. Deixe o produto atuar pelo menos 5 minutos para eliminar bact\u00e9rias e v\u00edrus*, limpe e enxague com \u00e1gua pot\u00e1vel.Para superf\u00edcies em contato com alimentos, brinquedos ou itens infantis, lave abundantemente com \u00e1gua ap\u00f3s o uso. <\/p>\n<p><\/p>\n","protected":false},"excerpt":{"rendered":"<p>Lysol Desinfetante Cozinha Lim\u00e3o<\/p>\n","protected":false},"featured_media":6244,"template":"","meta":{"spay_email":""},"product_cat":[15],"product_tag":[],"class_list":{"0":"post-6243","1":"product","2":"type-product","3":"status-publish","4":"has-post-thumbnail","6":"product_cat-sem-categoria","8":"first","9":"instock","10":"taxable","11":"shipping-taxable","12":"purchasable","13":"product-type-simple"},"acf":[],"jetpack-related-posts":[{"id":6239,"url":"https:\/\/mundo.seashell.pt\/?product=lysol-multiusos-500ml","url_meta":{"origin":6243,"position":0},"title":"Lysol Multiusos 500ml","date":"Fevereiro 23, 2022","format":false,"excerpt":"Lysol Desinfetante Multiusos Frescura Elimina a sujidade e as manchas deixando as superf\u00edcies desinfetadas e com uma agrad\u00e1vel fragr\u00e2ncia a Ma\u00e7\u00e3....","rel":"","context":"Similar post","img":{"alt_text":"","src":"https:\/\/i0.wp.com\/mundo.seashell.pt\/wp-content\/uploads\/2022\/02\/Lysol_Desinfetante_Multiusos_Pistola_500ML_x12_5601217134806.jpeg?resize=350%2C200&ssl=1","width":350,"height":200},"classes":[]},{"id":6245,"url":"https:\/\/mundo.seashell.pt\/?product=lysol-spray-400ml","url_meta":{"origin":6243,"position":1},"title":"Lysol Spray 400ml","date":"Fevereiro 23, 2022","format":false,"excerpt":"Lysol Spray Desinfetante Frescura Suave","rel":"","context":"Similar post","img":{"alt_text":"","src":"https:\/\/i0.wp.com\/mundo.seashell.pt\/wp-content\/uploads\/2022\/02\/Lysol_Desinfetante_Spray_Superf_400mL_x6_5601217134530.jpeg?resize=350%2C200&ssl=1","width":350,"height":200},"classes":[]},{"id":6241,"url":"https:\/\/mundo.seashell.pt\/?product=lysol-banhos-500ml","url_meta":{"origin":6243,"position":2},"title":"Lysol Banhos 500ml","date":"Fevereiro 23, 2022","format":false,"excerpt":"Lysol Desinfetante Casa de Banho Marinho","rel":"","context":"Similar post","img":{"alt_text":"","src":"https:\/\/i0.wp.com\/mundo.seashell.pt\/wp-content\/uploads\/2022\/02\/Lysol_Desinfetante_Casa_de_Banho_Pistola_500ML_x12_5601217134400.jpeg?resize=350%2C200&ssl=1","width":350,"height":200},"classes":[]},{"id":6273,"url":"https:\/\/mundo.seashell.pt\/?product=lysol-desinfetante-de-roupa-720ml","url_meta":{"origin":6243,"position":3},"title":"Lysol Desinfetante de Roupa 720ml","date":"Fevereiro 23, 2022","format":false,"excerpt":"Lysol Desinfetante T\u00eaxtil de Flor de Algod\u00e3o","rel":"","context":"Similar post","img":{"alt_text":"","src":"https:\/\/i0.wp.com\/mundo.seashell.pt\/wp-content\/uploads\/2022\/02\/Lysol_Desinfetante_de_Roupa_Li_quido_720ML_x12_5601217134455.png?resize=350%2C200&ssl=1","width":350,"height":200},"classes":[]},{"id":6708,"url":"https:\/\/mundo.seashell.pt\/?product=lysol-desinfetante-025l","url_meta":{"origin":6243,"position":4},"title":"Lysol Desinfetante 0,25L","date":"Fevereiro 23, 2022","format":false,"excerpt":"Limpeza e Tratamento da M\u00e1quina - Limpa e desinfeta a m\u00e1quina - Ilimina bact\u00e9rias que causam maus odores; - Elimina calc\u00e1rio, sujidade e res\u00edduos de detergente.","rel":"","context":"Similar post","img":{"alt_text":"","src":"https:\/\/i0.wp.com\/mundo.seashell.pt\/wp-content\/uploads\/2022\/02\/Lysol_Desinfetante_Limpa_Ma_quinas_Roupa_1D_x12_5601217134479.png?resize=350%2C200&ssl=1","width":350,"height":200},"classes":[]},{"id":6653,"url":"https:\/\/mundo.seashell.pt\/?product=lysol-higiene-450gr","url_meta":{"origin":6243,"position":5},"title":"Lysol Higiene 450Gr","date":"Fevereiro 23, 2022","format":false,"excerpt":"Remover as n\u00f3doas pode parecer um verdadeiro desafio, mas com Lysol higi\u00e9nico tira-n\u00f3doas em p\u00f3 vai perceber que \u00e9 simples manter a roupa limpa, sem precisar de esfregar. Garanta uma higiene e frescura prolongada da sua roupa. A marca Lysol existe h\u00e1 mais de 100 anos e \u00e9 uma marca\u2026","rel":"","context":"Similar post","img":{"alt_text":"","src":"https:\/\/i0.wp.com\/mundo.seashell.pt\/wp-content\/uploads\/2022\/02\/Lysol_Higie_nico_Tira_No_doas_Roupa_Po__450G_x6_5601217134462.png?resize=350%2C200&ssl=1","width":350,"height":200},"classes":[]}],"_links":{"self":[{"href":"https:\/\/mundo.seashell.pt\/index.php?rest_route=\/wp\/v2\/product\/6243","targetHints":{"allow":["GET"]}}],"collection":[{"href":"https:\/\/mundo.seashell.pt\/index.php?rest_route=\/wp\/v2\/product"}],"about":[{"href":"https:\/\/mundo.seashell.pt\/index.php?rest_route=\/wp\/v2\/types\/product"}],"wp:featuredmedia":[{"embeddable":true,"href":"https:\/\/mundo.seashell.pt\/index.php?rest_route=\/wp\/v2\/media\/6244"}],"wp:attachment":[{"href":"https:\/\/mundo.seashell.pt\/index.php?rest_route=%2Fwp%2Fv2%2Fmedia&parent=6243"}],"wp:term":[{"taxonomy":"product_cat","embeddable":true,"href":"https:\/\/mundo.seashell.pt\/index.php?rest_route=%2Fwp%2Fv2%2Fproduct_cat&post=6243"},{"taxonomy":"product_tag","embeddable":true,"href":"https:\/\/mundo.seashell.pt\/index.php?rest_route=%2Fwp%2Fv2%2Fproduct_tag&post=6243"}],"curies":[{"name":"wp","href":"https:\/\/api.w.org\/{rel}","templated":true}]}}