{"id":6237,"date":"2022-02-23T11:54:38","date_gmt":"2022-02-23T11:54:38","guid":{"rendered":"https:\/\/mundo.seashell.pt\/?post_type=product&#038;p=6237"},"modified":"2022-02-23T11:54:40","modified_gmt":"2022-02-23T11:54:40","slug":"esfregao-de-inox","status":"publish","type":"product","link":"https:\/\/mundo.seashell.pt\/?product=esfregao-de-inox","title":{"rendered":"Esfreg\u00e3o de Inox"},"content":{"rendered":"<p>Esfreg\u00e3o de A\u00e7o Inox&nbsp;<\/p>\n<p>Especial para Limpezas Dif\u00edceis.&nbsp;<\/p>\n","protected":false},"excerpt":{"rendered":"<p>Esfreg\u00e3o de A\u00e7o Inox&nbsp;<\/p>\n<p>Especial para Limpezas Dif\u00edceis.&nbsp;<\/p>\n","protected":false},"featured_media":6238,"template":"","meta":{"spay_email":""},"product_cat":[15],"product_tag":[],"class_list":{"0":"post-6237","1":"product","2":"type-product","3":"status-publish","4":"has-post-thumbnail","6":"product_cat-sem-categoria","8":"first","9":"instock","10":"taxable","11":"shipping-taxable","12":"purchasable","13":"product-type-simple"},"acf":[],"jetpack-related-posts":[{"id":6229,"url":"https:\/\/mundo.seashell.pt\/?product=esfregao-inox-vileda-10-unidades","url_meta":{"origin":6237,"position":0},"title":"Esfreg\u00e3o Inox &#8211; Vileda (10 unidades)","date":"Fevereiro 23, 2022","format":false,"excerpt":"Inox A espiral que limpa Esfreg\u00e3o muito resistente e dur\u00e1vel com alto desempenho de limpeza.Uso recomendado em todos os tipos de tarefas de limpeza hospitalar superintensiva e molhada em superf\u00edcies excepcionalmente sujas. 100% de a\u00e7o inoxid\u00e1vel \u00e9 ideal para lavagem intensiva e remo\u00e7\u00e3o de sujeira persistente. ...","rel":"","context":"Similar post","img":{"alt_text":"","src":"https:\/\/i0.wp.com\/mundo.seashell.pt\/wp-content\/uploads\/2022\/02\/02-scouring-07-inox-portrait_PhotoRoom_20210418_123604.jpg?resize=350%2C200&ssl=1","width":350,"height":200},"classes":[]},{"id":5446,"url":"https:\/\/mundo.seashell.pt\/?product=esfregao-preto-em-rolo-6mx13cm","url_meta":{"origin":6237,"position":1},"title":"Esfreg\u00e3o Preto em Rolo 6m x 13cm","date":"Fevereiro 23, 2022","format":false,"excerpt":"Rolo de esfreg\u00e3o preto\ufeff para uma limpeza mais agressiva contra gorduras carbonizadas ou outras incrusta\u00e7\u00f5es.","rel":"","context":"Similar post","img":{"alt_text":"","src":"https:\/\/i0.wp.com\/mundo.seashell.pt\/wp-content\/uploads\/2022\/02\/Captura_de_ecra__2021-03-06__a_s_11.18.40_PhotoRoom_20210408_113703.jpg?resize=350%2C200&ssl=1","width":350,"height":200},"classes":[]},{"id":5726,"url":"https:\/\/mundo.seashell.pt\/?product=stark-inox-500ml","url_meta":{"origin":6237,"position":2},"title":"Abrilhantador Stark Inox 500Ml","date":"Fevereiro 23, 2022","format":false,"excerpt":"O STARK\u00ae INOX \u00e9 um produto especialmente formulado para polir superf\u00edcies em a\u00e7o inoxid\u00e1vel. A sua f\u00f3rmula permite uma limpeza profunda, protegendo e abrilhantando as superf\u00edcies.","rel":"","context":"Similar post","img":{"alt_text":"","src":"https:\/\/i0.wp.com\/mundo.seashell.pt\/wp-content\/uploads\/2022\/02\/STARK_INOX_2_PhotoRoom_20210402_103625.jpg?resize=350%2C200&ssl=1","width":350,"height":200},"classes":[]},{"id":6227,"url":"https:\/\/mundo.seashell.pt\/?product=esfregao-powerinox-vileda-4-unidades","url_meta":{"origin":6237,"position":3},"title":"Esfreg\u00e3o PowerInox &#8211; Vileda (4 unidades)","date":"Fevereiro 23, 2022","format":false,"excerpt":"PowerInox Pack4 Esfreg\u00e3o higi\u00e9nico para a sujidade mais dif\u00edcil na cozinha Almofada de a\u00e7o inoxid\u00e1vel de longa dura\u00e7\u00e3o para eliminar sujidades incrustadas na cozinha. Absorvente e f\u00e1cil de escorrer. Ideal para cozinhas de hot\u00e9is, restaurantes e cantinas, que necessitam de um alto grau de higiene, alto rendimento e dur...","rel":"","context":"Similar post","img":{"alt_text":"","src":"https:\/\/i0.wp.com\/mundo.seashell.pt\/wp-content\/uploads\/2022\/02\/powerinox-6_PhotoRoom_20210418_123543.jpg?resize=350%2C200&ssl=1","width":350,"height":200},"classes":[]},{"id":6231,"url":"https:\/\/mundo.seashell.pt\/?product=esfregao-miraclean-vileda","url_meta":{"origin":6237,"position":4},"title":"Esfreg\u00e3o Miraclean &#8211; Vileda","date":"Fevereiro 23, 2022","format":false,"excerpt":"MiraClean A solu\u00e7\u00e3o de problemas na elimina\u00e7\u00e3o de manchas Cansado de ver marcas de marcadores permanentes, pisos arranhados, restos de calc\u00e1rio nas casas de banho, quadros sujos, pias gordurosas, paredes de impress\u00f5es digitais e pisos em geral? Miraclean \u00e9 a solu\u00e7\u00e3o para tudo isso. Com um m\u00ednimo de esfor\u00e7o e\u2026","rel":"","context":"Similar post","img":{"alt_text":"","src":"https:\/\/i0.wp.com\/mundo.seashell.pt\/wp-content\/uploads\/2022\/02\/02-scouring-06-miraclean-01-miraclean-miraclean-set-01-580x550_PhotoRoom_20210418_123004.jpg?resize=350%2C200&ssl=1","width":350,"height":200},"classes":[]},{"id":5448,"url":"https:\/\/mundo.seashell.pt\/?product=esfregao-verde-em-rolo-6mx13cm","url_meta":{"origin":6237,"position":5},"title":"Esfreg\u00e3o Verde em Rolo 6m x 13cm","date":"Fevereiro 23, 2022","format":false,"excerpt":"Rolo de esfreg\u00e3o verde para uma limpeza di\u00e1ria da maioria dos utens\u00edlios de cozinha e equipamentos.","rel":"","context":"Similar post","img":{"alt_text":"","src":"https:\/\/i0.wp.com\/mundo.seashell.pt\/wp-content\/uploads\/2022\/02\/Captura_de_ecra__2021-03-06__a_s_11.18.47_PhotoRoom_20210408_113731.jpg?resize=350%2C200&ssl=1","width":350,"height":200},"classes":[]}],"_links":{"self":[{"href":"https:\/\/mundo.seashell.pt\/index.php?rest_route=\/wp\/v2\/product\/6237","targetHints":{"allow":["GET"]}}],"collection":[{"href":"https:\/\/mundo.seashell.pt\/index.php?rest_route=\/wp\/v2\/product"}],"about":[{"href":"https:\/\/mundo.seashell.pt\/index.php?rest_route=\/wp\/v2\/types\/product"}],"wp:featuredmedia":[{"embeddable":true,"href":"https:\/\/mundo.seashell.pt\/index.php?rest_route=\/wp\/v2\/media\/6238"}],"wp:attachment":[{"href":"https:\/\/mundo.seashell.pt\/index.php?rest_route=%2Fwp%2Fv2%2Fmedia&parent=6237"}],"wp:term":[{"taxonomy":"product_cat","embeddable":true,"href":"https:\/\/mundo.seashell.pt\/index.php?rest_route=%2Fwp%2Fv2%2Fproduct_cat&post=6237"},{"taxonomy":"product_tag","embeddable":true,"href":"https:\/\/mundo.seashell.pt\/index.php?rest_route=%2Fwp%2Fv2%2Fproduct_tag&post=6237"}],"curies":[{"name":"wp","href":"https:\/\/api.w.org\/{rel}","templated":true}]}}